{"id":140059,"date":"2023-09-26T13:06:02","date_gmt":"2023-09-26T11:06:02","guid":{"rendered":"https:\/\/secureus.se\/elslutbleck-step-28e-vanster-rattvand-12v-12mm-regel\/"},"modified":"2026-04-08T16:36:29","modified_gmt":"2026-04-08T14:36:29","slug":"elslutbleck-step-28e-vanster-rattvand-12v-12mm-regel","status":"publish","type":"product","link":"https:\/\/secureus.se\/fi\/elslutbleck-step-28e-vanster-rattvand-12v-12mm-regel\/","title":{"rendered":"S\u00e4hk\u00f6inen p\u00e4\u00e4tylevy STEP 28E Vasen Oikea 12V 12mm s\u00e4\u00e4nt\u00f6"},"content":{"rendered":"<h1>S\u00e4hk\u00f6inen p\u00e4\u00e4tylevy STEP 28E Vasen Oikea 12V 12mm s\u00e4\u00e4nt\u00f6<\/h1>\n<p>STEP 28E Secure on palohyv\u00e4ksytty s\u00e4hk\u00f6isku, jolla on korkea tunkeutumiskest\u00e4vyys ja joka on sertifioitu palonkest\u00e4vyyteen E\/EI 60 asti. Mukana 5 metrin kaapeli, t\u00e4ydellinen oviin, joissa on korkeat turvallisuus- ja evakuointivaatimukset.<\/p>\n<p class=\"\" data-start=\"400\" data-end=\"747\">STEP 28E Secure tarjoaa yhdistelm\u00e4n turvallisuutta, palovaatimuksia ja evakuointia pieness\u00e4 ja kest\u00e4v\u00e4ss\u00e4 s\u00e4hk\u00f6iskussa.<\/p>\n<p class=\"\" data-start=\"400\" data-end=\"747\">Modul-sarjan 12 mm:n pulttilukkojen kanssa k\u00e4ytett\u00e4v\u00e4ksi suunniteltu s\u00e4hk\u00f6isku on t\u00e4ydellinen oviin, joissa on tarpeen varmistaa sek\u00e4 tunkeutumisen esto ett\u00e4 sujuva oven kiinnitystoiminto.<\/p>\n<p class=\"\" data-start=\"749\" data-end=\"1161\">Se on ihanteellinen sovelluksiin, joissa oviautomaatio tai vetokahvat yhdistet\u00e4\u00e4n palovaatimuksiin, ja sit\u00e4 k\u00e4ytet\u00e4\u00e4n usein asennettaessa h\u00e4t\u00e4poistumislukkoja standardin SS-EN 179 mukaisesti.<\/p>\n<p class=\"\" data-start=\"749\" data-end=\"1161\">E\/EI 60 asti paloturvallinen ja yli 1500 kg painava s\u00e4hk\u00f6isku varmistaa, ett\u00e4 ovi pysyy turvallisena my\u00f6s korkeassa paineessa.<\/p>\n<p class=\"\" data-start=\"749\" data-end=\"1161\">Sis\u00e4lt\u00e4\u00e4 5 metrin halogeenittoman liit\u00e4nt\u00e4kaapelin, joten se on sek\u00e4 kest\u00e4v\u00e4 ett\u00e4 helppo asentaa.<\/p>\n<p class=\"\" data-start=\"1163\" data-end=\"1180\"><strong data-start=\"1163\" data-end=\"1177\">Ominaisuudet<\/strong>:<\/p>\n<ul data-start=\"1181\" data-end=\"1687\">\n<li class=\"\" data-start=\"1181\" data-end=\"1226\">\n<p class=\"\" data-start=\"1183\" data-end=\"1226\">Modul-sarjan ohjauslukkoon 12 mm m\u00e4nn\u00e4ll\u00e4<\/p>\n<\/li>\n<li class=\"\" data-start=\"1227\" data-end=\"1272\">\n<p class=\"\" data-start=\"1229\" data-end=\"1272\">Oikealle suunnattu toiminto (lukittu j\u00e4nnitteett\u00f6m\u00e4ss\u00e4 tilassa)<\/p>\n<\/li>\n<li class=\"\" data-start=\"1273\" data-end=\"1301\">\n<p class=\"\" data-start=\"1275\" data-end=\"1301\">Vasen saranoiduille oville<\/p>\n<\/li>\n<li class=\"\" data-start=\"1302\" data-end=\"1354\">\n<p class=\"\" data-start=\"1304\" data-end=\"1354\">Palohyv\u00e4ksytty palotekniseen luokkaan E\/EI 60 asti<\/p>\n<\/li>\n<li class=\"\" data-start=\"1355\" data-end=\"1408\">\n<p class=\"\" data-start=\"1357\" data-end=\"1408\">Mikrokytkin yksinapainen vuorotteleva, max. 30 V DC, 1 A<\/p>\n<\/li>\n<li class=\"\" data-start=\"1409\" data-end=\"1487\">\n<p class=\"\" data-start=\"1411\" data-end=\"1487\">Sis\u00e4\u00e4nrakennettu ilmaisin, joka tunnistaa, ett\u00e4 ovi on kiinni\/auki ja lukittu\/avattu<\/p>\n<\/li>\n<li class=\"\" data-start=\"1488\" data-end=\"1531\">\n<p class=\"\" data-start=\"1490\" data-end=\"1531\">Murtolujuus yli 15 kN (n. 1500 kg)<\/p>\n<\/li>\n<li class=\"\" data-start=\"1532\" data-end=\"1621\">\n<p class=\"\" data-start=\"1534\" data-end=\"1621\">Takaa avautumisen 5 kN (n. 500 kg) nauhapaineesta huolimatta eteen- ja taaksep\u00e4in-toiminnoissa<\/p>\n<\/li>\n<li class=\"\" data-start=\"1622\" data-end=\"1637\">\n<p class=\"\" data-start=\"1624\" data-end=\"1637\">Nakutuksenesto<\/p>\n<\/li>\n<li class=\"\" data-start=\"1638\" data-end=\"1687\">\n<p class=\"\" data-start=\"1640\" data-end=\"1687\">Sis\u00e4lt\u00e4\u00e4 5 metrin halogeenittoman liit\u00e4nt\u00e4kaapelin<\/p>\n<\/li>\n<\/ul>\n<p class=\"\" data-start=\"1689\" data-end=\"1720\"><strong data-start=\"1689\" data-end=\"1717\">Tekniset tiedot<\/strong>:<\/p>\n<ul data-start=\"1721\" data-end=\"2331\">\n<li class=\"\" data-start=\"1721\" data-end=\"1757\">\n<p class=\"\" data-start=\"1723\" data-end=\"1757\"><strong data-start=\"1723\" data-end=\"1746\">Murtolujuus max<\/strong>paino: 1500 kg<\/p>\n<\/li>\n<li class=\"\" data-start=\"1758\" data-end=\"1787\">\n<p class=\"\" data-start=\"1760\" data-end=\"1787\"><strong data-start=\"1760\" data-end=\"1776\">Ovi roikkuu<\/strong>: Vasen<\/p>\n<\/li>\n<li class=\"\" data-start=\"1788\" data-end=\"1811\">\n<p class=\"\" data-start=\"1790\" data-end=\"1811\"><strong data-start=\"1790\" data-end=\"1805\">Kaapeli mukana<\/strong>: Kyll\u00e4<\/p>\n<\/li>\n<li class=\"\" data-start=\"1812\" data-end=\"1837\">\n<p class=\"\" data-start=\"1814\" data-end=\"1837\"><strong data-start=\"1814\" data-end=\"1827\">Listan tulostus<\/strong>paino: 500 kg<\/p>\n<\/li>\n<li class=\"\" data-start=\"1838\" data-end=\"1875\">\n<p class=\"\" data-start=\"1840\" data-end=\"1875\"><strong data-start=\"1840\" data-end=\"1850\">Lukon tyyppi<\/strong>: Koukkusalvan lukko, Salvan lukko<\/p>\n<\/li>\n<li class=\"\" data-start=\"1876\" data-end=\"1904\">\n<p class=\"\" data-start=\"1878\" data-end=\"1904\"><strong data-start=\"1878\" data-end=\"1895\">Leve\u00e4 tuote<\/strong>: 35mm<\/p>\n<\/li>\n<li class=\"\" data-start=\"1905\" data-end=\"1931\">\n<p class=\"\" data-start=\"1907\" data-end=\"1931\"><strong data-start=\"1907\" data-end=\"1925\">Rakennusmateriaalit arvioitu<\/strong>: Kyll\u00e4<\/p>\n<\/li>\n<li class=\"\" data-start=\"1932\" data-end=\"1959\">\n<p class=\"\" data-start=\"1934\" data-end=\"1959\"><strong data-start=\"1934\" data-end=\"1950\">Syv\u00e4 tuote<\/strong>: 40mm<\/p>\n<\/li>\n<li class=\"\" data-start=\"1960\" data-end=\"1994\">\n<p class=\"\" data-start=\"1962\" data-end=\"1994\"><strong data-start=\"1962\" data-end=\"1987\">K\u00e4ytt\u00f6j\u00e4nnite 12V\/24V<\/strong>: 12V<\/p>\n<\/li>\n<li class=\"\" data-start=\"1995\" data-end=\"2022\">\n<p class=\"\" data-start=\"1997\" data-end=\"2022\"><strong data-start=\"1997\" data-end=\"2016\">Kaksinkertainen kierrekotelo<\/strong>: Kyll\u00e4<\/p>\n<\/li>\n<li class=\"\" data-start=\"2023\" data-end=\"2050\">\n<p class=\"\" data-start=\"2025\" data-end=\"2050\"><strong data-start=\"2025\" data-end=\"2043\">EPD-varmennettu<\/strong>: Ei<\/p>\n<\/li>\n<li class=\"\" data-start=\"2051\" data-end=\"2069\">\n<p class=\"\" data-start=\"2053\" data-end=\"2069\"><strong data-start=\"2053\" data-end=\"2062\">HYV\u00c4 TIETO<\/strong>: Ei<\/p>\n<\/li>\n<li class=\"\" data-start=\"2070\" data-end=\"2104\">\n<p class=\"\" data-start=\"2072\" data-end=\"2104\"><strong data-start=\"2072\" data-end=\"2093\">V\u00e4ri\/pintak\u00e4sittely<\/strong>: Ruostumaton ter\u00e4s<\/p>\n<\/li>\n<li class=\"\" data-start=\"2105\" data-end=\"2133\">\n<p class=\"\" data-start=\"2107\" data-end=\"2133\"><strong data-start=\"2107\" data-end=\"2123\">Korotettu tuote<\/strong>: 230mm<\/p>\n<\/li>\n<li class=\"\" data-start=\"2134\" data-end=\"2161\">\n<p class=\"\" data-start=\"2136\" data-end=\"2161\"><strong data-start=\"2136\" data-end=\"2150\">Kaapelin pituus<\/strong>: 5 metri\u00e4<\/p>\n<\/li>\n<li class=\"\" data-start=\"2162\" data-end=\"2185\">\n<p class=\"\" data-start=\"2164\" data-end=\"2185\"><strong data-start=\"2164\" data-end=\"2179\">M\u00e4nn\u00e4n liitin<\/strong>: Kyll\u00e4<\/p>\n<\/li>\n<li class=\"\" data-start=\"2186\" data-end=\"2219\">\n<p class=\"\" data-start=\"2188\" data-end=\"2219\"><strong data-start=\"2188\" data-end=\"2207\">Oikea\/taakse<\/strong>: Oikealle p\u00e4in<\/p>\n<\/li>\n<li class=\"\" data-start=\"2220\" data-end=\"2246\">\n<p class=\"\" data-start=\"2222\" data-end=\"2246\"><strong data-start=\"2222\" data-end=\"2240\">J\u00e4nnite AC\/DC<\/strong>: DC<\/p>\n<\/li>\n<li class=\"\" data-start=\"2247\" data-end=\"2275\">\n<p class=\"\" data-start=\"2249\" data-end=\"2275\"><strong data-start=\"2249\" data-end=\"2265\">J\u00e4nnite max<\/strong>: 13,8V<\/p>\n<\/li>\n<li class=\"\" data-start=\"2276\" data-end=\"2304\">\n<p class=\"\" data-start=\"2278\" data-end=\"2304\"><strong data-start=\"2278\" data-end=\"2294\">J\u00e4nnite min<\/strong>: 10,8V<\/p>\n<\/li>\n<li class=\"\" data-start=\"2305\" data-end=\"2331\">\n<p class=\"\" data-start=\"2307\" data-end=\"2331\"><strong data-start=\"2307\" data-end=\"2325\">SundaHouse arvioitu<\/strong>: Kyll\u00e4<\/p>\n<\/li>\n<\/ul>\n<div>\n<p>&nbsp;<\/p>\n<\/div>","protected":false},"excerpt":{"rendered":"<p>T\u00e4\u00e4lt\u00e4 n\u00e4et, mitk\u00e4 pylv\u00e4\u00e4t ja mallit sopivat yhteen STEP-sarjan s\u00e4hk\u00f6isist\u00e4 oven pys\u00e4yttimist\u00e4.<\/p>\n<h5><strong><a href=\"https:\/\/steplock.com\/sv\/stolpguide\/#!?lang=sv&amp;blog_id=1&amp;paged=1&amp;number=50\" target=\"_blank\" rel=\"noopener\">STEP Viestiopas\u00a0<\/a><\/strong><\/h5>\n<h5><strong><a href=\"https:\/\/steplock.com\/sv\/projekteringsguide\/#!?lang=sv&amp;blog_id=1&amp;paged=1&amp;number=999\" target=\"_blank\" rel=\"noopener\">STEP-suunnitteluopas<\/a><\/strong><\/h5>","protected":false},"featured_media":140057,"template":"","meta":{"_acf_changed":false},"product_brand":[],"product_cat":[3355],"product_tag":[4198,4200],"class_list":{"0":"post-140059","1":"product","2":"type-product","3":"status-publish","4":"has-post-thumbnail","6":"product_cat-elslutbleck","7":"product_tag-12v","8":"product_tag-rattvand","9":"product_shipping_class-tunga-paket","10":"pa_brands-step","11":"tm-no-options","13":"first","14":"onbackorder","15":"sale","16":"taxable","17":"shipping-taxable","18":"purchasable","19":"product-type-simple"},"acf":[],"_links":{"self":[{"href":"https:\/\/secureus.se\/fi\/wp-json\/wp\/v2\/product\/140059","targetHints":{"allow":["GET"]}}],"collection":[{"href":"https:\/\/secureus.se\/fi\/wp-json\/wp\/v2\/product"}],"about":[{"href":"https:\/\/secureus.se\/fi\/wp-json\/wp\/v2\/types\/product"}],"wp:featuredmedia":[{"embeddable":true,"href":"https:\/\/secureus.se\/fi\/wp-json\/wp\/v2\/media\/140057"}],"wp:attachment":[{"href":"https:\/\/secureus.se\/fi\/wp-json\/wp\/v2\/media?parent=140059"}],"wp:term":[{"taxonomy":"product_brand","embeddable":true,"href":"https:\/\/secureus.se\/fi\/wp-json\/wp\/v2\/product_brand?post=140059"},{"taxonomy":"product_cat","embeddable":true,"href":"https:\/\/secureus.se\/fi\/wp-json\/wp\/v2\/product_cat?post=140059"},{"taxonomy":"product_tag","embeddable":true,"href":"https:\/\/secureus.se\/fi\/wp-json\/wp\/v2\/product_tag?post=140059"}],"curies":[{"name":"wp","href":"https:\/\/api.w.org\/{rel}","templated":true}]}}