{"id":140082,"date":"2023-09-26T13:08:03","date_gmt":"2023-09-26T11:08:03","guid":{"rendered":"https:\/\/secureus.se\/elslutbleck-step-48-omstallbar-24v\/"},"modified":"2026-04-23T12:32:47","modified_gmt":"2026-04-23T10:32:47","slug":"elslutbleck-step-48-omstallbar-24v","status":"publish","type":"product","link":"https:\/\/secureus.se\/fi\/elslutbleck-step-48-omstallbar-24v\/","title":{"rendered":"S\u00e4hk\u00f6inen p\u00e4\u00e4televy STEP 48 Kytkett\u00e4v\u00e4 24V"},"content":{"rendered":"<h1>S\u00e4hk\u00f6inen p\u00e4\u00e4televy STEP 48 Kytkett\u00e4v\u00e4 24V<\/h1>\n<p>S\u00e4hk\u00f6isku STEP 48 Esij\u00e4nnitys s\u00e4\u00e4dett\u00e4v\u00e4ll\u00e4 toiminnolla mahdollistaa joustavan asennuksen sek\u00e4 eteen- ett\u00e4 taaksep\u00e4in.<\/p>\n<p>Kompakti, luotettava ja valmis jatkuvaan k\u00e4ytt\u00f6\u00f6n.<\/p>\n<p class=\"\" data-start=\"237\" data-end=\"641\">STEP 48 Preload Electric Strike on monipuolinen s\u00e4hk\u00f6isku, jossa yhdistyv\u00e4t toimintavarmuus ja joustavuus kompaktissa rakenteessa.<\/p>\n<p class=\"\" data-start=\"237\" data-end=\"641\">K\u00e4\u00e4nnett\u00e4v\u00e4n ominaisuutensa ansiosta tuote voidaan konfiguroida joko menosuuntaan (lukittu ilman virtaa) tai taaksep\u00e4in (lukittamaton ilman virtaa), mik\u00e4 tekee siit\u00e4 ihanteellisen monenlaisiin oviymp\u00e4rist\u00f6ihin \u2013 toimistoista julkisiin tiloihin, joissa on sopeutumisvaatimuksia.<\/p>\n<p class=\"\" data-start=\"643\" data-end=\"893\">Pelti on varustettu STEPin patentoidulla nauhapainetekniikalla, joka varmistaa, ett\u00e4 ovi voidaan avata jopa 40 kg:n nauhapaineella.<\/p>\n<p class=\"\" data-start=\"643\" data-end=\"893\">T\u00e4m\u00e4 tekee STEP 48 -esikuormituksesta erityisen sopivan oviin, joissa on tiivistenauhat tai joissa voi esiinty\u00e4 paineita.<\/p>\n<p class=\"\" data-start=\"895\" data-end=\"1222\">STEP 48:n murtolujuus on 9 kN (noin 900 kg), joten se tarjoaa luotettavan suojan. Peukaloinnin est\u00e4v\u00e4 rakenne, sis\u00e4\u00e4nrakennettu suojadiodi ja yhteensopivuus koukun tai suorien nastojen kanssa tekev\u00e4t tuotteesta turvallisen ja helpon asentaa.<\/p>\n<p class=\"\" data-start=\"895\" data-end=\"1222\">Se on my\u00f6s k\u00e4\u00e4nnett\u00e4v\u00e4 oikealle tai vasemmalle ripustetuille oville, ja se pystyy k\u00e4sittelem\u00e4\u00e4n sek\u00e4 yksi- ett\u00e4 kaksoislukkoja.<\/p>\n<p class=\"\" data-start=\"1224\" data-end=\"1252\"><strong data-start=\"1224\" data-end=\"1250\">Ominaisuudet ja edut:<\/strong><\/p>\n<ul data-start=\"1253\" data-end=\"1544\">\n<li class=\"\" data-start=\"1253\" data-end=\"1303\">\n<p class=\"\" data-start=\"1255\" data-end=\"1303\">Vaihdettavissa eteen- ja taaksep\u00e4in-toiminnon v\u00e4lill\u00e4<\/p>\n<\/li>\n<li class=\"\" data-start=\"1304\" data-end=\"1362\">\n<p class=\"\" data-start=\"1306\" data-end=\"1362\">Patentoitu nauhapainotekniikka (kest\u00e4\u00e4 jopa 40 kg painetta)<\/p>\n<\/li>\n<li class=\"\" data-start=\"1363\" data-end=\"1417\">\n<p class=\"\" data-start=\"1365\" data-end=\"1417\">Suojadiodi ja nakutussuoja parantavat toimintavarmuutta<\/p>\n<\/li>\n<li class=\"\" data-start=\"1418\" data-end=\"1460\">\n<p class=\"\" data-start=\"1420\" data-end=\"1460\">K\u00e4\u00e4nnett\u00e4v\u00e4 oikealle\/vasemmalle ripustetuille oville<\/p>\n<\/li>\n<li class=\"\" data-start=\"1461\" data-end=\"1494\">\n<p class=\"\" data-start=\"1463\" data-end=\"1494\">Kahvat koukku ja suora s\u00e4\u00e4nt\u00f6<\/p>\n<\/li>\n<li class=\"\" data-start=\"1495\" data-end=\"1544\">\n<p class=\"\" data-start=\"1497\" data-end=\"1544\">Yhteensopiva s\u00e4\u00e4nt\u00f6merkinn\u00e4n ST4880 kanssa (valinnainen)<\/p>\n<\/li>\n<\/ul>\n<p class=\"\" data-start=\"1546\" data-end=\"1701\"><strong data-start=\"1546\" data-end=\"1569\">K\u00e4ytt\u00f6alueet:<\/strong><br data-start=\"1569\" data-end=\"1572\" \/>T\u00e4ydellinen toimiston oviin, sis\u00e4\u00e4nk\u00e4yntiin, teknisiin tiloihin ja muihin oviymp\u00e4rist\u00f6ihin, joissa tarvitaan joustavaa lukituslogiikkaa ja korkeaa avautumistiheytt\u00e4.<\/p>\n<p class=\"\" data-start=\"1703\" data-end=\"2059\"><strong data-start=\"1703\" data-end=\"1732\">Tekniset tiedot:<\/strong><br data-start=\"1732\" data-end=\"1735\" \/>K\u00e4ytt\u00f6j\u00e4nnite: 24 V DC (21,6-27,6 V)<br data-start=\"1771\" data-end=\"1774\" \/>Virrankulutus: 110 mAh \/ max 300 mA<br data-start=\"1812\" data-end=\"1815\" \/>Murtolujuus: 900 kg<br data-start=\"1838\" data-end=\"1841\" \/>Listan paine: 40 kg<br data-start=\"1857\" data-end=\"1860\" \/>Oven sarana: Oikea\/vasen<br data-start=\"1887\" data-end=\"1890\" \/>Mukana kaapeli: Ei<br data-start=\"1906\" data-end=\"1909\" \/>Lukon tyyppi: yksisalpalukko, kaksoissalpalukko<br data-start=\"1942\" data-end=\"1945\" \/>Mitat (LxSxK): 25 x 35 x 90 mm<br data-start=\"1974\" data-end=\"1977\" \/>Pintak\u00e4sittely: ruostumaton ter\u00e4s<br data-start=\"1998\" data-end=\"2001\" \/>Arvioidut rakennusmateriaalit: Kyll\u00e4<br data-start=\"2019\" data-end=\"2022\" \/>SundaHouse arvioitu: Kyll\u00e4<br data-start=\"2040\" data-end=\"2043\" \/>M\u00e4nn\u00e4n kosketin: Ei<\/p>","protected":false},"excerpt":{"rendered":"<p>T\u00e4\u00e4lt\u00e4 n\u00e4et, mitk\u00e4 pylv\u00e4\u00e4t ja mallit sopivat yhteen STEP-sarjan s\u00e4hk\u00f6isist\u00e4 oven pys\u00e4yttimist\u00e4.<\/p>\n<h5><strong><a href=\"https:\/\/steplock.com\/sv\/stolpguide\/#!?lang=sv&amp;blog_id=1&amp;paged=1&amp;number=50\" target=\"_blank\" rel=\"noopener\">STEP Viestiopas\u00a0<\/a><\/strong><\/h5>\n<h5><strong><a href=\"https:\/\/steplock.com\/sv\/projekteringsguide\/#!?lang=sv&amp;blog_id=1&amp;paged=1&amp;number=999\" target=\"_blank\" rel=\"noopener\">STEP-suunnitteluopas<\/a><\/strong><\/h5>","protected":false},"featured_media":140080,"template":"","meta":{"_acf_changed":false},"product_brand":[],"product_cat":[3355],"product_tag":[4197,4202],"class_list":{"0":"post-140082","1":"product","2":"type-product","3":"status-publish","4":"has-post-thumbnail","6":"product_cat-elslutbleck","7":"product_tag-24v","8":"product_tag-omstallbar-rattvand-omvand","9":"product_shipping_class-tunga-paket","10":"pa_brands-step","11":"tm-no-options","13":"first","14":"onbackorder","15":"sale","16":"taxable","17":"shipping-taxable","18":"purchasable","19":"product-type-simple"},"acf":[],"_links":{"self":[{"href":"https:\/\/secureus.se\/fi\/wp-json\/wp\/v2\/product\/140082","targetHints":{"allow":["GET"]}}],"collection":[{"href":"https:\/\/secureus.se\/fi\/wp-json\/wp\/v2\/product"}],"about":[{"href":"https:\/\/secureus.se\/fi\/wp-json\/wp\/v2\/types\/product"}],"wp:featuredmedia":[{"embeddable":true,"href":"https:\/\/secureus.se\/fi\/wp-json\/wp\/v2\/media\/140080"}],"wp:attachment":[{"href":"https:\/\/secureus.se\/fi\/wp-json\/wp\/v2\/media?parent=140082"}],"wp:term":[{"taxonomy":"product_brand","embeddable":true,"href":"https:\/\/secureus.se\/fi\/wp-json\/wp\/v2\/product_brand?post=140082"},{"taxonomy":"product_cat","embeddable":true,"href":"https:\/\/secureus.se\/fi\/wp-json\/wp\/v2\/product_cat?post=140082"},{"taxonomy":"product_tag","embeddable":true,"href":"https:\/\/secureus.se\/fi\/wp-json\/wp\/v2\/product_tag?post=140082"}],"curies":[{"name":"wp","href":"https:\/\/api.w.org\/{rel}","templated":true}]}}