{"id":140092,"date":"2023-09-26T13:08:00","date_gmt":"2023-09-26T11:08:00","guid":{"rendered":"https:\/\/secureus.se\/elslutbleck-step-98-omvand-24v-kolvkontakt\/"},"modified":"2026-04-08T16:12:37","modified_gmt":"2026-04-08T14:12:37","slug":"elslutbleck-step-98-omvand-24v-kolvkontakt","status":"publish","type":"product","link":"https:\/\/secureus.se\/fi\/elslutbleck-step-98-omvand-24v-kolvkontakt\/","title":{"rendered":"S\u00e4hk\u00f6inen p\u00e4\u00e4televy STEP 98 K\u00e4\u00e4nteinen 24 V M\u00e4nn\u00e4n kosketin"},"content":{"rendered":"<h1>S\u00e4hk\u00f6inen p\u00e4\u00e4televy STEP 98 K\u00e4\u00e4nteinen 24 V M\u00e4nn\u00e4n kosketin<\/h1>\n<p>STEP 98 Preload on kompakti ja paloturvallinen s\u00e4hk\u00f6isku, jossa on k\u00e4\u00e4nteinen toiminta ja m\u00e4nt\u00e4kosketin, ihanteellinen oviin, jotka vaativat varman lukituksen ja joustavan avaustoiminnon.<\/p>\n<p class=\"\" data-start=\"253\" data-end=\"696\">STEP 98 Preload -s\u00e4hk\u00f6isku, jossa on peruutustoiminto, tarjoaa luotettavan ratkaisun lukitsemiseen oviymp\u00e4rist\u00f6iss\u00e4, joissa turvallisuus, palovaatimukset ja korkea k\u00e4ytt\u00f6tiheys on yhdistett\u00e4v\u00e4.<\/p>\n<p class=\"\" data-start=\"253\" data-end=\"696\">Kompaktin rakenteensa ansiosta se soveltuu erityisen hyvin asennettavaksi tiloihin, jotka on lukittava nupilla tai avaimella ja joissa oven toimivuuden on oltava joustavaa \u2013 esimerkiksi liiketiloihin, toimistoihin tai kouluymp\u00e4rist\u00f6ihin.<\/p>\n<p class=\"\" data-start=\"698\" data-end=\"992\">STEPin patentoidun nauhapainetekniikan ansiosta ovi voidaan avata jopa 40 kg:n nauhapaineella, mik\u00e4 varmistaa toiminnan my\u00f6s tiivisteliuskojen paineessa.<\/p>\n<p class=\"\" data-start=\"698\" data-end=\"992\">K\u00e4\u00e4nteinen toiminto tarkoittaa, ett\u00e4 s\u00e4hk\u00f6iskun lukitus avautuu s\u00e4hk\u00f6katkon sattuessa, mik\u00e4 on t\u00e4rke\u00e4\u00e4 esimerkiksi poistumisreittien kannalta.<\/p>\n<p class=\"\" data-start=\"994\" data-end=\"1346\">STEP 98 on testattu ja sertifioitu paloluokan E\/EI 120 mukaan ja sen murtolujuus on 9 kN. Sis\u00e4\u00e4nrakennettu m\u00e4nt\u00e4kytkin n\u00e4ytt\u00e4\u00e4 oven tilan \u2013 kiinni tai auki \u2013 ja mahdollistaa sujuvan integroinnin kulunvalvontaj\u00e4rjestelmiin ja h\u00e4lytysasennuksiin.<\/p>\n<p class=\"\" data-start=\"994\" data-end=\"1346\">Levy on k\u00e4\u00e4nnett\u00e4v\u00e4 sek\u00e4 oikealle ett\u00e4 vasemmalle ripustetuille oville, ja sit\u00e4 voidaan k\u00e4ytt\u00e4\u00e4 my\u00f6s koukkupulttien tai suorien pulttien lukitsemiseen.<\/p>\n<p class=\"\" data-start=\"1348\" data-end=\"1374\"><strong data-start=\"1348\" data-end=\"1374\">Ominaisuudet ja edut:<\/strong><\/p>\n<ul data-start=\"1375\" data-end=\"1618\">\n<li class=\"\" data-start=\"1375\" data-end=\"1417\">\n<p class=\"\" data-start=\"1377\" data-end=\"1417\">Peruutustoiminto (avataan j\u00e4nnitteett\u00f6m\u00e4ss\u00e4 tilassa)<\/p>\n<\/li>\n<li class=\"\" data-start=\"1418\" data-end=\"1458\">\n<p class=\"\" data-start=\"1420\" data-end=\"1458\">Paloluokka E\/EI 120 standardin SS-EN 14846 mukaan<\/p>\n<\/li>\n<li class=\"\" data-start=\"1459\" data-end=\"1501\">\n<p class=\"\" data-start=\"1461\" data-end=\"1501\">M\u00e4nn\u00e4n kosketin oven tilan ilmaisemiseksi<\/p>\n<\/li>\n<li class=\"\" data-start=\"1502\" data-end=\"1554\">\n<p class=\"\" data-start=\"1504\" data-end=\"1554\">Nauhapainetekniikka \u2013 avautuu jopa 40 kg:n paineella<\/p>\n<\/li>\n<li class=\"\" data-start=\"1555\" data-end=\"1593\">\n<p class=\"\" data-start=\"1557\" data-end=\"1593\">Kompakti muotoilu ja k\u00e4\u00e4nnett\u00e4v\u00e4 asennus<\/p>\n<\/li>\n<li class=\"\" data-start=\"1594\" data-end=\"1618\">\n<p class=\"\" data-start=\"1596\" data-end=\"1618\">Suuri lujuus (9 kN)<\/p>\n<\/li>\n<\/ul>\n<p class=\"\" data-start=\"1620\" data-end=\"1977\"><strong data-start=\"1620\" data-end=\"1649\">Tekniset tiedot:<\/strong><br data-start=\"1649\" data-end=\"1652\" \/>K\u00e4ytt\u00f6j\u00e4nnite: 24 V DC (21,6-27,6 V)<br data-start=\"1688\" data-end=\"1691\" \/>Virrankulutus: 110 mAh \/ max 300 mA<br data-start=\"1729\" data-end=\"1732\" \/>M\u00e4nn\u00e4n kosketin: Kyll\u00e4 (mikrokytkin, 30 V DC, 1 A)<br data-start=\"1776\" data-end=\"1779\" \/>Murtolujuus: 900 kg (9 kN)<br data-start=\"1809\" data-end=\"1812\" \/>Listan paine: 40 kg<br data-start=\"1828\" data-end=\"1831\" \/>Lukon tyyppi: yksisalpalukko, kaksoissalpalukko<br data-start=\"1864\" data-end=\"1867\" \/>Mitat (LxSxK): 25 x 35 x 90 mm<br data-start=\"1896\" data-end=\"1899\" \/>Pintak\u00e4sittely: ruostumaton ter\u00e4s<br data-start=\"1920\" data-end=\"1923\" \/>Kaapeli: Ei<br data-start=\"1933\" data-end=\"1936\" \/>Arvioidut rakennusmateriaalit: Kyll\u00e4<br data-start=\"1954\" data-end=\"1957\" \/>SundaHouse arvioitu: Kyll\u00e4<\/p>","protected":false},"excerpt":{"rendered":"<p>T\u00e4\u00e4lt\u00e4 n\u00e4et, mitk\u00e4 pylv\u00e4\u00e4t ja mallit sopivat yhteen STEP-sarjan s\u00e4hk\u00f6isist\u00e4 oven pys\u00e4yttimist\u00e4.<\/p>\n<h5><strong><a href=\"https:\/\/steplock.com\/sv\/stolpguide\/#!?lang=sv&amp;blog_id=1&amp;paged=1&amp;number=50\" target=\"_blank\" rel=\"noopener\">STEP Viestiopas\u00a0<\/a><\/strong><\/h5>\n<h5><strong><a href=\"https:\/\/steplock.com\/sv\/projekteringsguide\/#!?lang=sv&amp;blog_id=1&amp;paged=1&amp;number=999\" target=\"_blank\" rel=\"noopener\">STEP-suunnitteluopas<\/a><\/strong><\/h5>","protected":false},"featured_media":140090,"template":"","meta":{"_acf_changed":false},"product_brand":[],"product_cat":[3355],"product_tag":[4197,4201],"class_list":{"0":"post-140092","1":"product","2":"type-product","3":"status-publish","4":"has-post-thumbnail","6":"product_cat-elslutbleck","7":"product_tag-24v","8":"product_tag-omvand","9":"product_shipping_class-tunga-paket","10":"pa_brands-step","11":"tm-no-options","13":"first","14":"onbackorder","15":"sale","16":"taxable","17":"shipping-taxable","18":"purchasable","19":"product-type-simple"},"acf":[],"_links":{"self":[{"href":"https:\/\/secureus.se\/fi\/wp-json\/wp\/v2\/product\/140092","targetHints":{"allow":["GET"]}}],"collection":[{"href":"https:\/\/secureus.se\/fi\/wp-json\/wp\/v2\/product"}],"about":[{"href":"https:\/\/secureus.se\/fi\/wp-json\/wp\/v2\/types\/product"}],"wp:featuredmedia":[{"embeddable":true,"href":"https:\/\/secureus.se\/fi\/wp-json\/wp\/v2\/media\/140090"}],"wp:attachment":[{"href":"https:\/\/secureus.se\/fi\/wp-json\/wp\/v2\/media?parent=140092"}],"wp:term":[{"taxonomy":"product_brand","embeddable":true,"href":"https:\/\/secureus.se\/fi\/wp-json\/wp\/v2\/product_brand?post=140092"},{"taxonomy":"product_cat","embeddable":true,"href":"https:\/\/secureus.se\/fi\/wp-json\/wp\/v2\/product_cat?post=140092"},{"taxonomy":"product_tag","embeddable":true,"href":"https:\/\/secureus.se\/fi\/wp-json\/wp\/v2\/product_tag?post=140092"}],"curies":[{"name":"wp","href":"https:\/\/api.w.org\/{rel}","templated":true}]}}