{"id":140123,"date":"2023-09-26T13:07:47","date_gmt":"2023-09-26T11:07:47","guid":{"rendered":"https:\/\/secureus.se\/elslutbleck-step-40-omstallbar-12v-kolvkontakt\/"},"modified":"2026-04-08T16:11:13","modified_gmt":"2026-04-08T14:11:13","slug":"elslutbleck-step-40-omstallbar-12v-kolvkontakt","status":"publish","type":"product","link":"https:\/\/secureus.se\/fi\/elslutbleck-step-40-omstallbar-12v-kolvkontakt\/","title":{"rendered":"S\u00e4hk\u00f6inen p\u00e4\u00e4televy STEP 40 S\u00e4\u00e4dett\u00e4v\u00e4 12 V m\u00e4nt\u00e4kosketin"},"content":{"rendered":"<h1>S\u00e4hk\u00f6inen p\u00e4\u00e4televy STEP 40 S\u00e4\u00e4dett\u00e4v\u00e4 12 V m\u00e4nt\u00e4kosketin<\/h1>\n<p>VAIHE 40 Preload HPR \u2013 kompakti s\u00e4hk\u00f6isku, jossa on k\u00e4\u00e4nnett\u00e4v\u00e4 toiminto (eteen\/taakse), m\u00e4nt\u00e4kosketin ja korkea toimintavarmuus. Kest\u00e4\u00e4 jopa 250 kg nauhapainetta.<\/p>\n<p class=\"\" data-start=\"234\" data-end=\"603\">Electric Strike STEP 40 Preload HPR on monipuolinen ja tehokas s\u00e4hk\u00f6isku, joka on sovitettu nykyaikaisiin oviymp\u00e4rist\u00f6ihin, joissa on korkeat vaatimukset sek\u00e4 toiminnalle ett\u00e4 turvallisuudelle.<\/p>\n<p class=\"\" data-start=\"234\" data-end=\"603\">K\u00e4\u00e4nnett\u00e4v\u00e4n ominaisuutensa ansiosta se voidaan helposti konfiguroida kasvot menosuuntaan (lukittu ilman virtaa) tai taaksep\u00e4in (lukitsematta ilman virtaa), mik\u00e4 tarjoaa maksimaalisen joustavuuden asennuksessa.<\/p>\n<p class=\"\" data-start=\"605\" data-end=\"889\">STEPin patentoidun HPR\u00ae-nauhapainetekniikan ansiosta ovi avautuu jopa 250 kg:n paineen alaisena, mik\u00e4 tekee s\u00e4hk\u00f6iskusta luotettavan valinnan my\u00f6s kovissa olosuhteissa.<\/p>\n<p class=\"\" data-start=\"605\" data-end=\"889\">Pelti\u00e4 on testattu yli 1,5 miljoonalla syklill\u00e4, ja sen murtolujuus on huikeat 1200 kg.<\/p>\n<p class=\"\" data-start=\"891\" data-end=\"1166\">Sis\u00e4\u00e4nrakennettu m\u00e4nt\u00e4kosketin antaa luotettavan osoituksen siit\u00e4, onko ovi kiinni vai auki, ja se voidaan helposti integroida kulunvalvonta- tai h\u00e4lytysj\u00e4rjestelmiin.<\/p>\n<p class=\"\" data-start=\"891\" data-end=\"1166\">STEP 40 on k\u00e4\u00e4nnett\u00e4v\u00e4 oikea- ja vasenk\u00e4tisille oville, ja sen kompakti rakenne sopii ahtaisiin tiloihin tai vanhempiin oviymp\u00e4rist\u00f6ihin.<\/p>\n<p class=\"\" data-start=\"1168\" data-end=\"1194\"><strong data-start=\"1168\" data-end=\"1194\">Ominaisuudet ja edut:<\/strong><\/p>\n<ul data-start=\"1195\" data-end=\"1540\">\n<li class=\"\" data-start=\"1195\" data-end=\"1242\">\n<p class=\"\" data-start=\"1197\" data-end=\"1242\">Kytkett\u00e4v\u00e4 toiminto - eteen tai taaksep\u00e4in<\/p>\n<\/li>\n<li class=\"\" data-start=\"1243\" data-end=\"1279\">\n<p class=\"\" data-start=\"1245\" data-end=\"1279\">M\u00e4nn\u00e4n kosketus tilailmaisulla<\/p>\n<\/li>\n<li class=\"\" data-start=\"1280\" data-end=\"1327\">\n<p class=\"\" data-start=\"1282\" data-end=\"1327\">HPR\u00ae-tekniikka \u2013 avautuu 250 kg:n nauhapaineesta huolimatta<\/p>\n<\/li>\n<li class=\"\" data-start=\"1328\" data-end=\"1356\">\n<p class=\"\" data-start=\"1330\" data-end=\"1356\">Murtolujuus 1200 kg<\/p>\n<\/li>\n<li class=\"\" data-start=\"1357\" data-end=\"1390\">\n<p class=\"\" data-start=\"1359\" data-end=\"1390\">Yksi- tai kaksilehtisille lukoille<\/p>\n<\/li>\n<li class=\"\" data-start=\"1391\" data-end=\"1420\">\n<p class=\"\" data-start=\"1393\" data-end=\"1420\">Suojadiodi ja nakutussuoja<\/p>\n<\/li>\n<li class=\"\" data-start=\"1421\" data-end=\"1471\">\n<p class=\"\" data-start=\"1423\" data-end=\"1471\">K\u00e4\u00e4nnett\u00e4v\u00e4 \u2013 sopii sek\u00e4 oikea- ett\u00e4 vasenk\u00e4tisiin oviin<\/p>\n<\/li>\n<li class=\"\" data-start=\"1472\" data-end=\"1507\">\n<p class=\"\" data-start=\"1474\" data-end=\"1507\">Testattu 1,5 miljoonalla jaksolla<\/p>\n<\/li>\n<li class=\"\" data-start=\"1508\" data-end=\"1540\">\n<p class=\"\" data-start=\"1510\" data-end=\"1540\">Yhteensopiva 12V DC j\u00e4rjestelmien kanssa<\/p>\n<\/li>\n<\/ul>","protected":false},"excerpt":{"rendered":"<p>T\u00e4\u00e4lt\u00e4 n\u00e4et, mitk\u00e4 pylv\u00e4\u00e4t ja mallit sopivat yhteen STEP-sarjan s\u00e4hk\u00f6isist\u00e4 oven pys\u00e4yttimist\u00e4.<\/p>\n<h5><strong><a href=\"https:\/\/steplock.com\/sv\/stolpguide\/#!?lang=sv&amp;blog_id=1&amp;paged=1&amp;number=50\" target=\"_blank\" rel=\"noopener\">STEP Viestiopas\u00a0<\/a><\/strong><\/h5>\n<h5><strong><a href=\"https:\/\/steplock.com\/sv\/projekteringsguide\/#!?lang=sv&amp;blog_id=1&amp;paged=1&amp;number=999\" target=\"_blank\" rel=\"noopener\">STEP-suunnitteluopas<\/a><\/strong><\/h5>","protected":false},"featured_media":140116,"template":"","meta":{"_acf_changed":false},"product_brand":[],"product_cat":[3355],"product_tag":[4198,4202],"class_list":{"0":"post-140123","1":"product","2":"type-product","3":"status-publish","4":"has-post-thumbnail","6":"product_cat-elslutbleck","7":"product_tag-12v","8":"product_tag-omstallbar-rattvand-omvand","9":"product_shipping_class-tunga-paket","10":"pa_brands-step","11":"tm-no-options","13":"first","14":"onbackorder","15":"sale","16":"taxable","17":"shipping-taxable","18":"purchasable","19":"product-type-simple"},"acf":[],"_links":{"self":[{"href":"https:\/\/secureus.se\/fi\/wp-json\/wp\/v2\/product\/140123","targetHints":{"allow":["GET"]}}],"collection":[{"href":"https:\/\/secureus.se\/fi\/wp-json\/wp\/v2\/product"}],"about":[{"href":"https:\/\/secureus.se\/fi\/wp-json\/wp\/v2\/types\/product"}],"wp:featuredmedia":[{"embeddable":true,"href":"https:\/\/secureus.se\/fi\/wp-json\/wp\/v2\/media\/140116"}],"wp:attachment":[{"href":"https:\/\/secureus.se\/fi\/wp-json\/wp\/v2\/media?parent=140123"}],"wp:term":[{"taxonomy":"product_brand","embeddable":true,"href":"https:\/\/secureus.se\/fi\/wp-json\/wp\/v2\/product_brand?post=140123"},{"taxonomy":"product_cat","embeddable":true,"href":"https:\/\/secureus.se\/fi\/wp-json\/wp\/v2\/product_cat?post=140123"},{"taxonomy":"product_tag","embeddable":true,"href":"https:\/\/secureus.se\/fi\/wp-json\/wp\/v2\/product_tag?post=140123"}],"curies":[{"name":"wp","href":"https:\/\/api.w.org\/{rel}","templated":true}]}}