{"id":140139,"date":"2023-09-26T13:07:22","date_gmt":"2023-09-26T11:07:22","guid":{"rendered":"https:\/\/secureus.se\/elslutbleck-step-28e-vanster-omvand-12v-7mm-regel\/"},"modified":"2026-04-08T16:29:01","modified_gmt":"2026-04-08T14:29:01","slug":"elslutbleck-step-28e-vanster-omvand-12v-7mm-regel","status":"publish","type":"product","link":"https:\/\/secureus.se\/fi\/elslutbleck-step-28e-vanster-omvand-12v-7mm-regel\/","title":{"rendered":"S\u00e4hk\u00f6inen p\u00e4\u00e4tylevy STEP 28E Vasen K\u00e4\u00e4nteinen 12V 7mm s\u00e4\u00e4nt\u00f6"},"content":{"rendered":"<h1>S\u00e4hk\u00f6inen p\u00e4\u00e4tylevy STEP 28E Vasen K\u00e4\u00e4nteinen 12V 7mm s\u00e4\u00e4nt\u00f6<\/h1>\n<p>STEP 28E Secure on k\u00e4\u00e4nteinen s\u00e4hk\u00f6isku vasempaan ripustetuille oville, paloluokitus E\/EI 60 asti. Sopii Connect-sarjan 7 mm:n pulttilukkoihin ja sis\u00e4lt\u00e4\u00e4 5 m halogeenittoman kaapelin. Korkea turvallisuus, peukalointisuojattu ja yhteensopiva kulunvalvontaj\u00e4rjestelmien kanssa.<\/p>\n<p class=\"\" data-start=\"398\" data-end=\"880\">S\u00e4hk\u00f6isku STEP 28E Secure on edistynyt s\u00e4hk\u00f6isku, jossa yhdistyv\u00e4t korkeat turvallisuus-, palovaatimukset ja mahdollisuus oviautomaatioon \u2013 t\u00e4ydellinen k\u00e4ytett\u00e4v\u00e4ksi poistumisreiteill\u00e4.<\/p>\n<p class=\"\" data-start=\"398\" data-end=\"880\">K\u00e4\u00e4ntymistoimintonsa ansiosta (lukittu j\u00e4nnitteett\u00f6m\u00e4\u00e4n asentoon) t\u00e4m\u00e4 levy sopii erityisen hyvin, kun turvallisuus edellytt\u00e4\u00e4, ett\u00e4 ovi pysyy lukittuna s\u00e4hk\u00f6katkon sattuessa.<\/p>\n<p class=\"\" data-start=\"398\" data-end=\"880\">Se on kehitetty vasemmalle ripustetuille oville ja sit\u00e4 k\u00e4ytet\u00e4\u00e4n lukkoon tai 7 mm:n pultilla varustetun lukon kanssa, joka tarjoaa erinomaisen tunkeutumissuojan.<\/p>\n<p class=\"\" data-start=\"882\" data-end=\"1283\">STEP 28E on paloluokitus E\/EI 60 asti ja se on usein osa asennuksia, joissa on standardin SS-EN 179 mukaiset h\u00e4t\u00e4poistumislukot.<\/p>\n<p class=\"\" data-start=\"882\" data-end=\"1283\">Tuotteessa on sis\u00e4\u00e4nrakennettu mikrokytkin ja n\u00e4ytt\u00f6, joka mahdollistaa yhteyden kulunvalvontaj\u00e4rjestelm\u00e4\u00e4n, h\u00e4lyttimeen tai valvontaan, jolla voidaan tarkistaa, onko ovi kiinni ja lukittu.<\/p>\n<p class=\"\" data-start=\"882\" data-end=\"1283\">Yli 15 kN:n murtolujuutensa ja 5 kN:n nauhapaineen kest\u00e4vyytens\u00e4 ansiosta se toimii vaativissakin olosuhteissa.<\/p>\n<p class=\"\" data-start=\"1285\" data-end=\"1513\">Pelti toimitetaan 5 metrin halogeenivapaalla liit\u00e4nt\u00e4kaapelilla, on peukaloinninkest\u00e4v\u00e4 ja on rakennusmateriaali- ja SundaHus-luokiteltu.<\/p>\n<p class=\"\" data-start=\"1285\" data-end=\"1513\">Vankka ruostumaton ter\u00e4srakenne varmistaa kest\u00e4vyyden sek\u00e4 fyysisesti ett\u00e4 s\u00e4hk\u00f6isesti vaativissa ymp\u00e4rist\u00f6iss\u00e4.<\/p>","protected":false},"excerpt":{"rendered":"<p>T\u00e4\u00e4lt\u00e4 n\u00e4et, mitk\u00e4 pylv\u00e4\u00e4t ja mallit sopivat yhteen STEP-sarjan s\u00e4hk\u00f6isist\u00e4 oven pys\u00e4yttimist\u00e4.<\/p>\n<h5><strong><a href=\"https:\/\/steplock.com\/sv\/stolpguide\/#!?lang=sv&amp;blog_id=1&amp;paged=1&amp;number=50\" target=\"_blank\" rel=\"noopener\">STEP Viestiopas\u00a0<\/a><\/strong><\/h5>\n<h5><strong><a href=\"https:\/\/steplock.com\/sv\/projekteringsguide\/#!?lang=sv&amp;blog_id=1&amp;paged=1&amp;number=999\" target=\"_blank\" rel=\"noopener\">STEP-suunnitteluopas<\/a><\/strong><\/h5>","protected":false},"featured_media":140137,"template":"","meta":{"_acf_changed":false},"product_brand":[],"product_cat":[3355],"product_tag":[4198,4201],"class_list":{"0":"post-140139","1":"product","2":"type-product","3":"status-publish","4":"has-post-thumbnail","6":"product_cat-elslutbleck","7":"product_tag-12v","8":"product_tag-omvand","9":"product_shipping_class-tunga-paket","10":"pa_brands-step","11":"tm-no-options","13":"first","14":"onbackorder","15":"sale","16":"taxable","17":"shipping-taxable","18":"purchasable","19":"product-type-simple"},"acf":[],"_links":{"self":[{"href":"https:\/\/secureus.se\/fi\/wp-json\/wp\/v2\/product\/140139","targetHints":{"allow":["GET"]}}],"collection":[{"href":"https:\/\/secureus.se\/fi\/wp-json\/wp\/v2\/product"}],"about":[{"href":"https:\/\/secureus.se\/fi\/wp-json\/wp\/v2\/types\/product"}],"wp:featuredmedia":[{"embeddable":true,"href":"https:\/\/secureus.se\/fi\/wp-json\/wp\/v2\/media\/140137"}],"wp:attachment":[{"href":"https:\/\/secureus.se\/fi\/wp-json\/wp\/v2\/media?parent=140139"}],"wp:term":[{"taxonomy":"product_brand","embeddable":true,"href":"https:\/\/secureus.se\/fi\/wp-json\/wp\/v2\/product_brand?post=140139"},{"taxonomy":"product_cat","embeddable":true,"href":"https:\/\/secureus.se\/fi\/wp-json\/wp\/v2\/product_cat?post=140139"},{"taxonomy":"product_tag","embeddable":true,"href":"https:\/\/secureus.se\/fi\/wp-json\/wp\/v2\/product_tag?post=140139"}],"curies":[{"name":"wp","href":"https:\/\/api.w.org\/{rel}","templated":true}]}}