{"id":140178,"date":"2023-09-26T13:07:06","date_gmt":"2023-09-26T11:07:06","guid":{"rendered":"https:\/\/secureus.se\/elslutbleck-step-98-omvand-24v\/"},"modified":"2026-03-26T09:52:00","modified_gmt":"2026-03-26T08:52:00","slug":"elslutbleck-step-98-omvand-24v","status":"publish","type":"product","link":"https:\/\/secureus.se\/fi\/elslutbleck-step-98-omvand-24v\/","title":{"rendered":"S\u00e4hk\u00f6inen p\u00e4\u00e4televy STEP 98 K\u00e4\u00e4nteinen 24V"},"content":{"rendered":"<p>S\u00e4hk\u00f6inen p\u00e4\u00e4televy STEP 98 K\u00e4\u00e4nteinen 24V<\/p>\n<p>STEP 98 Preload on palosuojattu s\u00e4hk\u00f6isku, jossa on peruutustoiminto, joka on suunniteltu nupilla tai avaimella lukittaviin turvaoviin.<\/p>\n<p>HPR\u00ae-teknologialla ja 900 kg:n murtolujuudella varustettu se tarjoaa turvallisen avautumisen my\u00f6s runkoa vasten painettuna.<\/p>\n<p>Electric Strike STEP 98 Preload on s\u00e4hk\u00f6isku, joka tarjoaa sek\u00e4 turvallisuutta ett\u00e4 toimivuutta oville, jotka on lukittu nupilla tai avaimella.<\/p>\n<p>Se on palohyv\u00e4ksytty E\/EI 120 asti standardin SS-EN 14846:2008 mukaisesti, joten se on luotettava valinta oville, joiden on kestett\u00e4v\u00e4 korkeita palovaatimuksia.<\/p>\n<p>STEPin patentoidulla nauhapainetekniikalla STEP 98 takaa oven avaamisen jopa 40 kg:n nauhapaineen alaisena.<\/p>\n<p class=\"\" data-start=\"809\" data-end=\"1162\">K\u00e4\u00e4nteinen toiminto tarkoittaa, ett\u00e4 s\u00e4hk\u00f6iskun lukitus avautuu j\u00e4nnitteett\u00f6m\u00e4ss\u00e4 asennossa, mik\u00e4 on t\u00e4rke\u00e4 ominaisuus turvaratkaisuissa, joissa tarvitaan nopeaa p\u00e4\u00e4sy\u00e4.<\/p>\n<p class=\"\" data-start=\"809\" data-end=\"1162\">STEP 98:n murtolujuus on 9 kN (n. 900 kg) ja se tarjoaa luotettavan ratkaisun sek\u00e4 eteen- ett\u00e4 taaksep\u00e4in ajoon. Se on my\u00f6s peukaloitumaton ja k\u00e4\u00e4nnett\u00e4viss\u00e4 sek\u00e4 oikean- ett\u00e4 vasemmanpuoleisiin oviin.<\/p>\n<p class=\"\" data-start=\"1164\" data-end=\"1449\">On my\u00f6s mahdollista asentaa pulttiilmaisin (ST4880), joka mahdollistaa oven kulunvalvontaj\u00e4rjestelm\u00e4n tai oviautomaation lukitsemisen, kun lukkopes\u00e4n koukku- tai suorapultti on mekaanisesti avattu, mik\u00e4 tarjoaa lis\u00e4toimintoja kulunvalvontaj\u00e4rjestelmille ja turvaratkaisuille.<\/p>\n<p class=\"\" data-start=\"1451\" data-end=\"1466\"><strong data-start=\"1451\" data-end=\"1466\">Ominaisuudet:<\/strong><\/p>\n<ul data-start=\"1467\" data-end=\"1911\">\n<li class=\"\" data-start=\"1467\" data-end=\"1509\">\n<p class=\"\" data-start=\"1469\" data-end=\"1509\">Peruutustoiminto (avataan j\u00e4nnitteett\u00f6m\u00e4ss\u00e4 tilassa)<\/p>\n<\/li>\n<li class=\"\" data-start=\"1510\" data-end=\"1566\">\n<p class=\"\" data-start=\"1512\" data-end=\"1566\">Palohyv\u00e4ksytty E\/EI 120 asti standardin SS-EN 14846:2008 mukaisesti<\/p>\n<\/li>\n<li class=\"\" data-start=\"1567\" data-end=\"1615\">\n<p class=\"\" data-start=\"1569\" data-end=\"1615\">Sis\u00e4\u00e4nrakennettu suojadiodi lis\u00e4\u00e4 s\u00e4hk\u00f6turvallisuutta<\/p>\n<\/li>\n<li class=\"\" data-start=\"1616\" data-end=\"1653\">\n<p class=\"\" data-start=\"1618\" data-end=\"1653\">Murtolujuus 9 kN (n. 900 kg)<\/p>\n<\/li>\n<li class=\"\" data-start=\"1654\" data-end=\"1753\">\n<p class=\"\" data-start=\"1656\" data-end=\"1753\">Takaa avautumisen jopa 40 kg (0,4 kN) nauhapaineesta huolimatta sek\u00e4 eteen- ett\u00e4 taaksep\u00e4in<\/p>\n<\/li>\n<li class=\"\" data-start=\"1754\" data-end=\"1813\">\n<p class=\"\" data-start=\"1756\" data-end=\"1813\">Nakutuksenesto ja k\u00e4\u00e4nnett\u00e4v\u00e4 sek\u00e4 oikea- ett\u00e4 vasenk\u00e4tisille oville<\/p>\n<\/li>\n<li class=\"\" data-start=\"1814\" data-end=\"1860\">\n<p class=\"\" data-start=\"1816\" data-end=\"1860\">Pystyy lukitsemaan koukkupultit tai suorat pultit<\/p>\n<\/li>\n<li class=\"\" data-start=\"1861\" data-end=\"1911\">\n<p class=\"\" data-start=\"1863\" data-end=\"1911\">Mikrokytkin yksinapainen vaihto, max. 30V DC, 1A<\/p>\n<\/li>\n<\/ul>\n<p class=\"\" data-start=\"1913\" data-end=\"1942\"><strong data-start=\"1913\" data-end=\"1942\">Tekniset tiedot:<\/strong><\/p>\n<ul data-start=\"1943\" data-end=\"2481\">\n<li class=\"\" data-start=\"1943\" data-end=\"2050\">\n<p class=\"\" data-start=\"1945\" data-end=\"2050\">J\u00e4nnitteensy\u00f6tt\u00f6: 12 V DC (+15% -10%) 220 mAh \/ max 600 mA tai 24 V DC (+15% -10%) 110 mAh \/ max 300 mA<\/p>\n<\/li>\n<li class=\"\" data-start=\"2051\" data-end=\"2091\">\n<p class=\"\" data-start=\"2053\" data-end=\"2091\">Kest\u00e4vyys: Luokka X standardin SS-EN 14846 mukaan<\/p>\n<\/li>\n<li class=\"\" data-start=\"2092\" data-end=\"2131\">\n<p class=\"\" data-start=\"2094\" data-end=\"2131\">Korroosio: luokka M standardin SS-EN 14846 mukaan<\/p>\n<\/li>\n<li class=\"\" data-start=\"2132\" data-end=\"2170\">\n<p class=\"\" data-start=\"2134\" data-end=\"2170\">Turvallisuus: luokka 3 standardin SS-EN 14846 mukaan<\/p>\n<\/li>\n<li class=\"\" data-start=\"2171\" data-end=\"2233\">\n<p class=\"\" data-start=\"2173\" data-end=\"2233\">Turvallinen s\u00e4hk\u00f6inen k\u00e4sittely: luokka 1 standardin SS-EN 14846 mukaan<\/p>\n<\/li>\n<li class=\"\" data-start=\"2234\" data-end=\"2256\">\n<p class=\"\" data-start=\"2236\" data-end=\"2256\">Palotesti: 120 min<\/p>\n<\/li>\n<li class=\"\" data-start=\"2257\" data-end=\"2282\">\n<p class=\"\" data-start=\"2259\" data-end=\"2282\">Murtolujuus: 900 kg<\/p>\n<\/li>\n<li class=\"\" data-start=\"2283\" data-end=\"2313\">\n<p class=\"\" data-start=\"2285\" data-end=\"2313\">Oven sarana: Oikea, Vasen<\/p>\n<\/li>\n<li class=\"\" data-start=\"2314\" data-end=\"2332\">\n<p class=\"\" data-start=\"2316\" data-end=\"2332\">Mukana kaapeli: Ei<\/p>\n<\/li>\n<li class=\"\" data-start=\"2333\" data-end=\"2351\">\n<p class=\"\" data-start=\"2335\" data-end=\"2351\">Listan paine: 40 kg<\/p>\n<\/li>\n<li class=\"\" data-start=\"2352\" data-end=\"2387\">\n<p class=\"\" data-start=\"2354\" data-end=\"2387\">Lukon tyyppi: yksisalpalukko, kaksoissalpalukko<\/p>\n<\/li>\n<li class=\"\" data-start=\"2388\" data-end=\"2441\">\n<p class=\"\" data-start=\"2390\" data-end=\"2441\">Tuotteen mitat: Leveys: 25 mm, Syvyys: 35 mm, Korkeus: 90 mm<\/p>\n<\/li>\n<li class=\"\" data-start=\"2442\" data-end=\"2460\">\n<p class=\"\" data-start=\"2444\" data-end=\"2460\">M\u00e4nn\u00e4n kosketin: Ei<\/p>\n<\/li>\n<li class=\"\" data-start=\"2461\" data-end=\"2481\">\n<p class=\"\" data-start=\"2463\" data-end=\"2481\">J\u00e4nnite AC\/DC: DC<\/p>\n<\/li>\n<\/ul>","protected":false},"excerpt":{"rendered":"<p>T\u00e4\u00e4lt\u00e4 n\u00e4et, mitk\u00e4 pylv\u00e4\u00e4t ja mallit sopivat yhteen STEP-sarjan s\u00e4hk\u00f6isist\u00e4 oven pys\u00e4yttimist\u00e4.<\/p>\n<h5><strong><a href=\"https:\/\/steplock.com\/sv\/stolpguide\/#!?lang=sv&amp;blog_id=1&amp;paged=1&amp;number=50\" target=\"_blank\" rel=\"noopener\">STEP Viestiopas\u00a0<\/a><\/strong><\/h5>\n<h5><strong><a href=\"https:\/\/steplock.com\/sv\/projekteringsguide\/#!?lang=sv&amp;blog_id=1&amp;paged=1&amp;number=999\" target=\"_blank\" rel=\"noopener\">STEP-suunnitteluopas<\/a><\/strong><\/h5>","protected":false},"featured_media":140177,"template":"","meta":{"_acf_changed":false},"product_brand":[],"product_cat":[3355],"product_tag":[4197,4201],"class_list":{"0":"post-140178","1":"product","2":"type-product","3":"status-publish","4":"has-post-thumbnail","6":"product_cat-elslutbleck","7":"product_tag-24v","8":"product_tag-omvand","9":"product_shipping_class-tunga-paket","10":"pa_brands-step","11":"tm-no-options","13":"first","14":"onbackorder","15":"sale","16":"taxable","17":"shipping-taxable","18":"purchasable","19":"product-type-simple"},"acf":[],"_links":{"self":[{"href":"https:\/\/secureus.se\/fi\/wp-json\/wp\/v2\/product\/140178","targetHints":{"allow":["GET"]}}],"collection":[{"href":"https:\/\/secureus.se\/fi\/wp-json\/wp\/v2\/product"}],"about":[{"href":"https:\/\/secureus.se\/fi\/wp-json\/wp\/v2\/types\/product"}],"wp:featuredmedia":[{"embeddable":true,"href":"https:\/\/secureus.se\/fi\/wp-json\/wp\/v2\/media\/140177"}],"wp:attachment":[{"href":"https:\/\/secureus.se\/fi\/wp-json\/wp\/v2\/media?parent=140178"}],"wp:term":[{"taxonomy":"product_brand","embeddable":true,"href":"https:\/\/secureus.se\/fi\/wp-json\/wp\/v2\/product_brand?post=140178"},{"taxonomy":"product_cat","embeddable":true,"href":"https:\/\/secureus.se\/fi\/wp-json\/wp\/v2\/product_cat?post=140178"},{"taxonomy":"product_tag","embeddable":true,"href":"https:\/\/secureus.se\/fi\/wp-json\/wp\/v2\/product_tag?post=140178"}],"curies":[{"name":"wp","href":"https:\/\/api.w.org\/{rel}","templated":true}]}}