{"id":140202,"date":"2023-09-26T13:06:52","date_gmt":"2023-09-26T11:06:52","guid":{"rendered":"https:\/\/secureus.se\/elslutbleck-step-18-hoger-omvand-24v-10mm-regel\/"},"modified":"2026-04-23T12:56:55","modified_gmt":"2026-04-23T10:56:55","slug":"elslutbleck-step-18-hoger-omvand-24v-10mm-regel","status":"publish","type":"product","link":"https:\/\/secureus.se\/fi\/elslutbleck-step-18-hoger-omvand-24v-10mm-regel\/","title":{"rendered":"S\u00e4hk\u00f6inen p\u00e4\u00e4tylevy STEP 18 Oikea K\u00e4\u00e4nteinen 24V 10mm s\u00e4\u00e4nt\u00f6"},"content":{"rendered":"<h1>S\u00e4hk\u00f6inen p\u00e4\u00e4tylevy STEP 18 Oikea K\u00e4\u00e4nteinen 24V 10mm s\u00e4\u00e4nt\u00f6<\/h1>\n<p>S\u00e4hk\u00f6inen iskulevy STEP 18 Secure on palosuojattu s\u00e4hk\u00f6inen iskulevy Modul-sarjan 10 mm m\u00e4nn\u00e4ll\u00e4 varustettuihin pulttilukkoon, joka on suunniteltu korkean tunkeutumisturvallisuuden ja pikalukituksen omaaviin oviin.<\/p>\n<p class=\"\" data-start=\"357\" data-end=\"700\">STEP 18 Secure Electric Strike on osa STEPin Secure-sarjaa ja tarjoaa korkeimman turvallisuuden oville, jotka vaativat nopean ja kest\u00e4v\u00e4n lukituksen ja lukituksen avaamisen, joten se sopii t\u00e4ydellisesti oviin, joissa on paljon sis\u00e4\u00e4n- ja ulosk\u00e4ynti\u00e4.<\/p>\n<p class=\"\" data-start=\"357\" data-end=\"700\">Se on hyv\u00e4ksytty turvaovien lukitsemiseen RC4:\u00e4\u00e4n asti ja paloturvallisuusluokitus E\/EI 60 asti.<\/p>\n<p class=\"\" data-start=\"702\" data-end=\"1186\">STEP 18 Securen murtolujuus on 15 kN (noin 1500 kg) ja kyky avautua 5 kN:n (n. 500 kg) nauhapaineesta huolimatta sek\u00e4 eteen- ett\u00e4 taaksep\u00e4in ajettaessa. STEP 18 Secure tarjoaa sek\u00e4 luotettavuutta ett\u00e4 turvallisuutta.<\/p>\n<p class=\"\" data-start=\"702\" data-end=\"1186\">Peruutustoiminto tarkoittaa, ett\u00e4 oven lukitus avataan j\u00e4nnitteett\u00f6m\u00e4ss\u00e4 asennossa, jolloin ovi voidaan avata tarvittaessa nopeasti.<\/p>\n<p class=\"\" data-start=\"702\" data-end=\"1186\">Sis\u00e4\u00e4nrakennettu m\u00e4nt\u00e4kosketin n\u00e4ytt\u00e4\u00e4 oven kiinni\/auki-tilan ja lukon tilan (lukittu\/auki), mik\u00e4 tekee integroinnista kulunvalvonta- ja h\u00e4lytysj\u00e4rjestelmiin helppoa.<\/p>\n<p class=\"\" data-start=\"1188\" data-end=\"1328\">STEP 18 Secure on my\u00f6s peukaloinninkest\u00e4v\u00e4 ulkoisten vaikutusten kest\u00e4miseksi, ja siin\u00e4 on 5 metrin halogeenivapaa liit\u00e4nt\u00e4kaapeli asennuksen helpottamiseksi.<\/p>\n<p class=\"\" data-start=\"1330\" data-end=\"1345\"><strong data-start=\"1330\" data-end=\"1345\">Ominaisuudet:<\/strong><\/p>\n<ul data-start=\"1346\" data-end=\"1879\">\n<li class=\"\" data-start=\"1346\" data-end=\"1390\">\n<p class=\"\" data-start=\"1348\" data-end=\"1390\">S\u00e4\u00e4t\u00f6lukolle 10 mm m\u00e4nn\u00e4ll\u00e4 Modul-sarjassa<\/p>\n<\/li>\n<li class=\"\" data-start=\"1391\" data-end=\"1433\">\n<p class=\"\" data-start=\"1393\" data-end=\"1433\">Peruutustoiminto (avataan j\u00e4nnitteett\u00f6m\u00e4ss\u00e4 tilassa)<\/p>\n<\/li>\n<li class=\"\" data-start=\"1434\" data-end=\"1458\">\n<p class=\"\" data-start=\"1436\" data-end=\"1458\">Oikeanpuoleisiin oviin<\/p>\n<\/li>\n<li class=\"\" data-start=\"1459\" data-end=\"1490\">\n<p class=\"\" data-start=\"1461\" data-end=\"1490\">Palohyv\u00e4ksytty E\/EI 60 asti<\/p>\n<\/li>\n<li class=\"\" data-start=\"1491\" data-end=\"1568\">\n<p class=\"\" data-start=\"1493\" data-end=\"1568\">Sis\u00e4\u00e4nrakennettu ilmaisin oven tilalle (kiinni\/auki) ja lukon tilalle (lukittu\/auki)<\/p>\n<\/li>\n<li class=\"\" data-start=\"1569\" data-end=\"1607\">\n<p class=\"\" data-start=\"1571\" data-end=\"1607\">Sis\u00e4\u00e4nrakennettu suojadiodi lis\u00e4\u00e4 turvallisuutta<\/p>\n<\/li>\n<li class=\"\" data-start=\"1608\" data-end=\"1647\">\n<p class=\"\" data-start=\"1610\" data-end=\"1647\">Murtolujuus 15 kN (n. 1500 kg)<\/p>\n<\/li>\n<li class=\"\" data-start=\"1648\" data-end=\"1728\">\n<p class=\"\" data-start=\"1650\" data-end=\"1728\">Avautuu 5 kN (n. 500 kg) nauhapaineesta huolimatta sek\u00e4 eteen- ett\u00e4 taaksep\u00e4in-toiminnossa<\/p>\n<\/li>\n<li class=\"\" data-start=\"1729\" data-end=\"1788\">\n<p class=\"\" data-start=\"1731\" data-end=\"1788\">Nakutuksenesto ja k\u00e4\u00e4nnett\u00e4v\u00e4 sek\u00e4 oikea- ett\u00e4 vasenk\u00e4tisille oville<\/p>\n<\/li>\n<li class=\"\" data-start=\"1789\" data-end=\"1835\">\n<p class=\"\" data-start=\"1791\" data-end=\"1835\">Pystyy lukitsemaan koukkupultit tai suorat pultit<\/p>\n<\/li>\n<li class=\"\" data-start=\"1836\" data-end=\"1879\">\n<p class=\"\" data-start=\"1838\" data-end=\"1879\">Mukana 5 metrin halogeeniton liit\u00e4nt\u00e4kaapeli<\/p>\n<\/li>\n<\/ul>\n<p class=\"\" data-start=\"1881\" data-end=\"1910\"><strong data-start=\"1881\" data-end=\"1910\">Tekniset tiedot:<\/strong><\/p>\n<ul data-start=\"1911\" data-end=\"2702\">\n<li class=\"\" data-start=\"1911\" data-end=\"2002\">\n<p class=\"\" data-start=\"1913\" data-end=\"2002\">Virtal\u00e4hde: 12 V DC (+15% -10%) 639 mA lukitsematon tai 24 V DC (+15% -10%) 313 mA lukitsematon<\/p>\n<\/li>\n<li class=\"\" data-start=\"2003\" data-end=\"2067\">\n<p class=\"\" data-start=\"2005\" data-end=\"2067\">M\u00e4nn\u00e4n kosketin: Mikrokytkin yksinapainen vaihto, max. 30V DC, 1A<\/p>\n<\/li>\n<li class=\"\" data-start=\"2068\" data-end=\"2108\">\n<p class=\"\" data-start=\"2070\" data-end=\"2108\">Kest\u00e4vyys: Luokka Y standardin SS-EN 14846 mukaan<\/p>\n<\/li>\n<li class=\"\" data-start=\"2109\" data-end=\"2148\">\n<p class=\"\" data-start=\"2111\" data-end=\"2148\">Korroosio: luokka M standardin SS-EN 14846 mukaan<\/p>\n<\/li>\n<li class=\"\" data-start=\"2149\" data-end=\"2187\">\n<p class=\"\" data-start=\"2151\" data-end=\"2187\">Turvallisuus: luokka 7 standardin SS-EN 14846 mukaan<\/p>\n<\/li>\n<li class=\"\" data-start=\"2188\" data-end=\"2278\">\n<p class=\"\" data-start=\"2190\" data-end=\"2278\">Turvallinen s\u00e4hk\u00f6inen k\u00e4sittely: luokka 3 (eteenp\u00e4in) luokka 1 (k\u00e4\u00e4nteinen) standardin SS-EN 14846 mukaisesti<\/p>\n<\/li>\n<li class=\"\" data-start=\"2279\" data-end=\"2300\">\n<p class=\"\" data-start=\"2281\" data-end=\"2300\">Palotesti: 60 min<\/p>\n<\/li>\n<li class=\"\" data-start=\"2301\" data-end=\"2327\">\n<p class=\"\" data-start=\"2303\" data-end=\"2327\">Murtolujuus: 1500 kg<\/p>\n<\/li>\n<li class=\"\" data-start=\"2328\" data-end=\"2349\">\n<p class=\"\" data-start=\"2330\" data-end=\"2349\">Oven sarana: Oikea<\/p>\n<\/li>\n<li class=\"\" data-start=\"2350\" data-end=\"2404\">\n<p class=\"\" data-start=\"2352\" data-end=\"2404\">Mukana kaapeli: Kyll\u00e4, 5 metrin halogeeniton liit\u00e4nt\u00e4kaapeli<\/p>\n<\/li>\n<li class=\"\" data-start=\"2405\" data-end=\"2424\">\n<p class=\"\" data-start=\"2407\" data-end=\"2424\">Listan paine: 500 kg<\/p>\n<\/li>\n<li class=\"\" data-start=\"2425\" data-end=\"2456\">\n<p class=\"\" data-start=\"2427\" data-end=\"2456\">Lukon tyyppi: Koukkusalvan lukko, Salpalukko<\/p>\n<\/li>\n<li class=\"\" data-start=\"2457\" data-end=\"2511\">\n<p class=\"\" data-start=\"2459\" data-end=\"2511\">Tuotteen mitat: Leveys: 35 mm, Syvyys: 40 mm, Korkeus: 230 mm<\/p>\n<\/li>\n<li class=\"\" data-start=\"2512\" data-end=\"2529\">\n<p class=\"\" data-start=\"2514\" data-end=\"2529\">M\u00e4nn\u00e4n kosketin: Kyll\u00e4<\/p>\n<\/li>\n<li class=\"\" data-start=\"2530\" data-end=\"2550\">\n<p class=\"\" data-start=\"2532\" data-end=\"2550\">J\u00e4nnite AC\/DC: DC<\/p>\n<\/li>\n<li class=\"\" data-start=\"2551\" data-end=\"2573\">\n<p class=\"\" data-start=\"2553\" data-end=\"2573\">Maksimij\u00e4nnite: 27,6 V<\/p>\n<\/li>\n<li class=\"\" data-start=\"2574\" data-end=\"2596\">\n<p class=\"\" data-start=\"2576\" data-end=\"2596\">Minimij\u00e4nnite: 21,6 V<\/p>\n<\/li>\n<li class=\"\" data-start=\"2597\" data-end=\"2625\">\n<p class=\"\" data-start=\"2599\" data-end=\"2625\">V\u00e4ri\/viimeistely: ruostumaton ter\u00e4s<\/p>\n<\/li>\n<li class=\"\" data-start=\"2626\" data-end=\"2646\">\n<p class=\"\" data-start=\"2628\" data-end=\"2646\">Arvioidut rakennusmateriaalit: Kyll\u00e4<\/p>\n<\/li>\n<li class=\"\" data-start=\"2647\" data-end=\"2668\">\n<p class=\"\" data-start=\"2649\" data-end=\"2668\">EPD-varmennettu: Ei<\/p>\n<\/li>\n<li class=\"\" data-start=\"2669\" data-end=\"2681\">\n<p class=\"\" data-start=\"2671\" data-end=\"2681\">FINFO: Ei<\/p>\n<\/li>\n<li class=\"\" data-start=\"2682\" data-end=\"2702\">\n<p class=\"\" data-start=\"2684\" data-end=\"2702\">SundaHouse arvioitu: Kyll\u00e4<\/p>\n<\/li>\n<\/ul>","protected":false},"excerpt":{"rendered":"<p>T\u00e4\u00e4lt\u00e4 n\u00e4et, mitk\u00e4 pylv\u00e4\u00e4t ja mallit sopivat yhteen STEP-sarjan s\u00e4hk\u00f6isist\u00e4 oven pys\u00e4yttimist\u00e4.<\/p>\n<h5><strong><a href=\"https:\/\/steplock.com\/sv\/stolpguide\/#!?lang=sv&amp;blog_id=1&amp;paged=1&amp;number=50\" target=\"_blank\" rel=\"noopener\">STEP Viestiopas\u00a0<\/a><\/strong><\/h5>\n<h5><strong><a href=\"https:\/\/steplock.com\/sv\/projekteringsguide\/#!?lang=sv&amp;blog_id=1&amp;paged=1&amp;number=999\" target=\"_blank\" rel=\"noopener\">STEP-suunnitteluopas<\/a><\/strong><\/h5>","protected":false},"featured_media":140199,"template":"","meta":{"_acf_changed":false},"product_brand":[],"product_cat":[3355],"product_tag":[4197,4201],"class_list":{"0":"post-140202","1":"product","2":"type-product","3":"status-publish","4":"has-post-thumbnail","6":"product_cat-elslutbleck","7":"product_tag-24v","8":"product_tag-omvand","9":"product_shipping_class-tunga-paket","10":"pa_brands-step","11":"tm-no-options","13":"first","14":"onbackorder","15":"sale","16":"taxable","17":"shipping-taxable","18":"purchasable","19":"product-type-simple"},"acf":[],"_links":{"self":[{"href":"https:\/\/secureus.se\/fi\/wp-json\/wp\/v2\/product\/140202","targetHints":{"allow":["GET"]}}],"collection":[{"href":"https:\/\/secureus.se\/fi\/wp-json\/wp\/v2\/product"}],"about":[{"href":"https:\/\/secureus.se\/fi\/wp-json\/wp\/v2\/types\/product"}],"wp:featuredmedia":[{"embeddable":true,"href":"https:\/\/secureus.se\/fi\/wp-json\/wp\/v2\/media\/140199"}],"wp:attachment":[{"href":"https:\/\/secureus.se\/fi\/wp-json\/wp\/v2\/media?parent=140202"}],"wp:term":[{"taxonomy":"product_brand","embeddable":true,"href":"https:\/\/secureus.se\/fi\/wp-json\/wp\/v2\/product_brand?post=140202"},{"taxonomy":"product_cat","embeddable":true,"href":"https:\/\/secureus.se\/fi\/wp-json\/wp\/v2\/product_cat?post=140202"},{"taxonomy":"product_tag","embeddable":true,"href":"https:\/\/secureus.se\/fi\/wp-json\/wp\/v2\/product_tag?post=140202"}],"curies":[{"name":"wp","href":"https:\/\/api.w.org\/{rel}","templated":true}]}}