{"id":140218,"date":"2023-09-26T13:06:43","date_gmt":"2023-09-26T11:06:43","guid":{"rendered":"https:\/\/secureus.se\/elslutbleck-step-30-omstallbar-24v\/"},"modified":"2026-03-26T09:54:50","modified_gmt":"2026-03-26T08:54:50","slug":"elslutbleck-step-30-omstallbar-24v","status":"publish","type":"product","link":"https:\/\/secureus.se\/fi\/elslutbleck-step-30-omstallbar-24v\/","title":{"rendered":"S\u00e4hk\u00f6inen p\u00e4\u00e4televy STEP 30 Kytkett\u00e4v\u00e4 24V"},"content":{"rendered":"<h1>S\u00e4hk\u00f6inen p\u00e4\u00e4televy STEP 30 Kytkett\u00e4v\u00e4 24V<\/h1>\n<p>Electric Strike STEP 30 Preload on kompakti s\u00e4hk\u00f6isku, joka on suunniteltu korvaamaan vanhemmat mallit ja luomaan turvallisen ja luotettavan oviymp\u00e4rist\u00f6n my\u00f6s vanhemmissa oviosissa.<\/p>\n<p>Varustettu s\u00e4\u00e4dett\u00e4v\u00e4ll\u00e4 toiminnolla ja murtolujuus 500 kg.<\/p>\n<p class=\"\" data-start=\"394\" data-end=\"830\">S\u00e4hk\u00f6isku STEP 30 Preload tarjoaa luotettavan ratkaisun vanhojen tai yksinkertaisempien s\u00e4hk\u00f6iskujen korvaamiseen ja turvallisen oviymp\u00e4rist\u00f6n varmistamiseen my\u00f6s vanhemmissa oviosissa ja syvennyksiss\u00e4.<\/p>\n<p class=\"\" data-start=\"394\" data-end=\"830\">STEPin Preload-sarjaan kuuluva STEP 30 yhdist\u00e4\u00e4 minimaaliset mitat korkeaan laatuun ja joustavuuteen.<\/p>\n<p class=\"\" data-start=\"394\" data-end=\"830\">S\u00e4hk\u00f6isku on varustettu STEPin patentoidulla nauhapainetekniikalla, mik\u00e4 tarkoittaa, ett\u00e4 ovi voidaan aina avata, vaikka se olisi alttiina paineelle.<\/p>\n<p class=\"\" data-start=\"832\" data-end=\"1328\">Kytkett\u00e4v\u00e4 toiminto mahdollistaa oven lukitsemisen tai avaamisen virrankatkaisutilassa, jolloin se voidaan avata nopeasti tarvittaessa.<\/p>\n<p class=\"\" data-start=\"832\" data-end=\"1328\">Ilman m\u00e4nt\u00e4kosketinta t\u00e4m\u00e4 s\u00e4hk\u00f6isku on ihanteellinen asennuksiin, joissa m\u00e4nt\u00e4kosketinta ei tarvita.<\/p>\n<p class=\"\" data-start=\"832\" data-end=\"1328\">Sis\u00e4\u00e4nrakennettu suojadiodi lis\u00e4\u00e4 turvallisuutta ja tekee siit\u00e4 luotettavan ratkaisun sek\u00e4 uusiin ett\u00e4 vanhoihin ovij\u00e4rjestelmiin.<\/p>\n<p class=\"\" data-start=\"832\" data-end=\"1328\">STEP 30:n murtolujuus on 5 kN (n. 500 kg) ja kyky avautua jopa 40 kg:n nauhapaineesta huolimatta. Se tarjoaa sek\u00e4 turvallisuutta ett\u00e4 luotettavuutta.<\/p>\n<p class=\"\" data-start=\"1330\" data-end=\"1345\"><strong data-start=\"1330\" data-end=\"1345\">Ominaisuudet:<\/strong><\/p>\n<ul data-start=\"1346\" data-end=\"1745\">\n<li class=\"\" data-start=\"1346\" data-end=\"1425\">\n<p class=\"\" data-start=\"1348\" data-end=\"1425\">Kytkett\u00e4v\u00e4 eteen- tai taaksep\u00e4in-toiminto (lukittu tai avattu j\u00e4nnitteett\u00f6m\u00e4ss\u00e4 tilassa)<\/p>\n<\/li>\n<li class=\"\" data-start=\"1426\" data-end=\"1445\">\n<p class=\"\" data-start=\"1428\" data-end=\"1445\">Ei m\u00e4nn\u00e4n kosketusta<\/p>\n<\/li>\n<li class=\"\" data-start=\"1446\" data-end=\"1484\">\n<p class=\"\" data-start=\"1448\" data-end=\"1484\">Sis\u00e4\u00e4nrakennettu suojadiodi lis\u00e4\u00e4 turvallisuutta<\/p>\n<\/li>\n<li class=\"\" data-start=\"1485\" data-end=\"1522\">\n<p class=\"\" data-start=\"1487\" data-end=\"1522\">Murtolujuus 5 kN (n. 500 kg)<\/p>\n<\/li>\n<li class=\"\" data-start=\"1523\" data-end=\"1625\">\n<p class=\"\" data-start=\"1525\" data-end=\"1625\">Takaa avautumisen jopa 0,4 kN (n. 40 kg) nauhapaineesta huolimatta sek\u00e4 eteen- ett\u00e4 taaksep\u00e4in-toiminnossa<\/p>\n<\/li>\n<li class=\"\" data-start=\"1626\" data-end=\"1685\">\n<p class=\"\" data-start=\"1628\" data-end=\"1685\">Nakutuksenesto ja k\u00e4\u00e4nnett\u00e4v\u00e4 sek\u00e4 oikea- ett\u00e4 vasenk\u00e4tisille oville<\/p>\n<\/li>\n<li class=\"\" data-start=\"1686\" data-end=\"1728\">\n<p class=\"\" data-start=\"1688\" data-end=\"1728\">Sopii yksi- ja kaksilehtisille lukoksille<\/p>\n<\/li>\n<li class=\"\" data-start=\"1729\" data-end=\"1745\">\n<p class=\"\" data-start=\"1731\" data-end=\"1745\">Kaapeli ei sis\u00e4lly toimitukseen<\/p>\n<\/li>\n<\/ul>\n<p class=\"\" data-start=\"1747\" data-end=\"1776\"><strong data-start=\"1747\" data-end=\"1776\">Tekniset tiedot:<\/strong><\/p>\n<ul data-start=\"1777\" data-end=\"2364\">\n<li class=\"\" data-start=\"1777\" data-end=\"1884\">\n<p class=\"\" data-start=\"1779\" data-end=\"1884\">Virtal\u00e4hde: 24 V DC (+15% -10%) 110 mAh \/ max 300 mA tai 12 V DC (+15% -10%) 220 mAh \/ max 600 mA<\/p>\n<\/li>\n<li class=\"\" data-start=\"1885\" data-end=\"1925\">\n<p class=\"\" data-start=\"1887\" data-end=\"1925\">Kest\u00e4vyys: Luokka X standardin SS-EN 14846 mukaan<\/p>\n<\/li>\n<li class=\"\" data-start=\"1926\" data-end=\"1965\">\n<p class=\"\" data-start=\"1928\" data-end=\"1965\">Korroosio: luokka M standardin SS-EN 14846 mukaan<\/p>\n<\/li>\n<li class=\"\" data-start=\"1966\" data-end=\"2004\">\n<p class=\"\" data-start=\"1968\" data-end=\"2004\">Turvallisuus: luokka 3 standardin SS-EN 14846 mukaan<\/p>\n<\/li>\n<li class=\"\" data-start=\"2005\" data-end=\"2030\">\n<p class=\"\" data-start=\"2007\" data-end=\"2030\">Murtolujuus: 500 kg<\/p>\n<\/li>\n<li class=\"\" data-start=\"2031\" data-end=\"2061\">\n<p class=\"\" data-start=\"2033\" data-end=\"2061\">Oven sarana: Oikea, Vasen<\/p>\n<\/li>\n<li class=\"\" data-start=\"2062\" data-end=\"2080\">\n<p class=\"\" data-start=\"2064\" data-end=\"2080\">Listan paine: 40 kg<\/p>\n<\/li>\n<li class=\"\" data-start=\"2081\" data-end=\"2116\">\n<p class=\"\" data-start=\"2083\" data-end=\"2116\">Lukon tyyppi: yksisalpalukko, kaksoissalpalukko<\/p>\n<\/li>\n<li class=\"\" data-start=\"2117\" data-end=\"2172\">\n<p class=\"\" data-start=\"2119\" data-end=\"2172\">Tuotteen mitat: Leveys: 20,5 mm, Syvyys: 28 mm, Korkeus: 99 mm<\/p>\n<\/li>\n<li class=\"\" data-start=\"2173\" data-end=\"2191\">\n<p class=\"\" data-start=\"2175\" data-end=\"2191\">M\u00e4nn\u00e4n kosketin: Ei<\/p>\n<\/li>\n<li class=\"\" data-start=\"2192\" data-end=\"2212\">\n<p class=\"\" data-start=\"2194\" data-end=\"2212\">J\u00e4nnite AC\/DC: DC<\/p>\n<\/li>\n<li class=\"\" data-start=\"2213\" data-end=\"2235\">\n<p class=\"\" data-start=\"2215\" data-end=\"2235\">Maksimij\u00e4nnite: 27,6 V<\/p>\n<\/li>\n<li class=\"\" data-start=\"2236\" data-end=\"2258\">\n<p class=\"\" data-start=\"2238\" data-end=\"2258\">Minimij\u00e4nnite: 21,6 V<\/p>\n<\/li>\n<li class=\"\" data-start=\"2259\" data-end=\"2287\">\n<p class=\"\" data-start=\"2261\" data-end=\"2287\">V\u00e4ri\/viimeistely: ruostumaton ter\u00e4s<\/p>\n<\/li>\n<li class=\"\" data-start=\"2288\" data-end=\"2308\">\n<p class=\"\" data-start=\"2290\" data-end=\"2308\">Arvioidut rakennusmateriaalit: Kyll\u00e4<\/p>\n<\/li>\n<li class=\"\" data-start=\"2309\" data-end=\"2330\">\n<p class=\"\" data-start=\"2311\" data-end=\"2330\">EPD-varmennettu: Ei<\/p>\n<\/li>\n<li class=\"\" data-start=\"2331\" data-end=\"2343\">\n<p class=\"\" data-start=\"2333\" data-end=\"2343\">FINFO: Ei<\/p>\n<\/li>\n<li class=\"\" data-start=\"2344\" data-end=\"2364\">\n<p class=\"\" data-start=\"2346\" data-end=\"2364\">SundaHouse arvioitu: Kyll\u00e4<\/p>\n<\/li>\n<\/ul>","protected":false},"excerpt":{"rendered":"<p>T\u00e4\u00e4lt\u00e4 n\u00e4et, mitk\u00e4 pylv\u00e4\u00e4t ja mallit sopivat yhteen STEP-sarjan s\u00e4hk\u00f6isist\u00e4 oven pys\u00e4yttimist\u00e4.<\/p>\n<h5><strong><a href=\"https:\/\/steplock.com\/sv\/stolpguide\/#!?lang=sv&amp;blog_id=1&amp;paged=1&amp;number=50\" target=\"_blank\" rel=\"noopener\">STEP Viestiopas\u00a0<\/a><\/strong><\/h5>\n<h5><strong><a href=\"https:\/\/steplock.com\/sv\/projekteringsguide\/#!?lang=sv&amp;blog_id=1&amp;paged=1&amp;number=999\" target=\"_blank\" rel=\"noopener\">STEP-suunnitteluopas<\/a><\/strong><\/h5>","protected":false},"featured_media":140217,"template":"","meta":{"_acf_changed":false},"product_brand":[],"product_cat":[3355],"product_tag":[4197,4202],"class_list":{"0":"post-140218","1":"product","2":"type-product","3":"status-publish","4":"has-post-thumbnail","6":"product_cat-elslutbleck","7":"product_tag-24v","8":"product_tag-omstallbar-rattvand-omvand","9":"product_shipping_class-tunga-paket","10":"pa_brands-step","11":"tm-no-options","13":"first","14":"onbackorder","15":"sale","16":"taxable","17":"shipping-taxable","18":"purchasable","19":"product-type-simple"},"acf":[],"_links":{"self":[{"href":"https:\/\/secureus.se\/fi\/wp-json\/wp\/v2\/product\/140218","targetHints":{"allow":["GET"]}}],"collection":[{"href":"https:\/\/secureus.se\/fi\/wp-json\/wp\/v2\/product"}],"about":[{"href":"https:\/\/secureus.se\/fi\/wp-json\/wp\/v2\/types\/product"}],"wp:featuredmedia":[{"embeddable":true,"href":"https:\/\/secureus.se\/fi\/wp-json\/wp\/v2\/media\/140217"}],"wp:attachment":[{"href":"https:\/\/secureus.se\/fi\/wp-json\/wp\/v2\/media?parent=140218"}],"wp:term":[{"taxonomy":"product_brand","embeddable":true,"href":"https:\/\/secureus.se\/fi\/wp-json\/wp\/v2\/product_brand?post=140218"},{"taxonomy":"product_cat","embeddable":true,"href":"https:\/\/secureus.se\/fi\/wp-json\/wp\/v2\/product_cat?post=140218"},{"taxonomy":"product_tag","embeddable":true,"href":"https:\/\/secureus.se\/fi\/wp-json\/wp\/v2\/product_tag?post=140218"}],"curies":[{"name":"wp","href":"https:\/\/api.w.org\/{rel}","templated":true}]}}