{"id":140231,"date":"2023-09-26T13:06:40","date_gmt":"2023-09-26T11:06:40","guid":{"rendered":"https:\/\/secureus.se\/elslutbleck-step-30-omvand-24v\/"},"modified":"2026-04-23T12:59:37","modified_gmt":"2026-04-23T10:59:37","slug":"elslutbleck-step-30-omvand-24v","status":"publish","type":"product","link":"https:\/\/secureus.se\/fi\/elslutbleck-step-30-omvand-24v\/","title":{"rendered":"S\u00e4hk\u00f6inen p\u00e4\u00e4televy STEP 30 K\u00e4\u00e4nteinen 24V"},"content":{"rendered":"<h1>S\u00e4hk\u00f6inen p\u00e4\u00e4televy STEP 30 K\u00e4\u00e4nteinen 24V<\/h1>\n<p>STEP 30 Preload Electric Strike on kompakti ja luotettava s\u00e4hk\u00f6isku vanhemmille ovilohkoille, joka on varustettu peruutustoiminnolla ja 500 kg:n murtolujuudella turvallista oven toimintaa varten.<\/p>\n<p class=\"\" data-start=\"333\" data-end=\"757\">STEP 30 Preload s\u00e4hk\u00f6isku on luotettava ratkaisu vanhojen tai yksinkertaisempien s\u00e4hk\u00f6iskujen korvaamiseen ja turvallisen oviymp\u00e4rist\u00f6n luomiseen my\u00f6s vanhemmissa oviosissa ja syvennyksiss\u00e4.<\/p>\n<p class=\"\" data-start=\"333\" data-end=\"757\">STEP:n Preload-sarjaan kuuluva STEP 30 yhdist\u00e4\u00e4 minimaaliset mitat korkeaan laatuun ja joustavuuteen. STEPin patentoidulla nauhapainetekniikalla varustettu s\u00e4hk\u00f6isku varmistaa, ett\u00e4 ovi voidaan aina avata, vaikka siihen kohdistuisi painetta.<\/p>\n<p class=\"\" data-start=\"759\" data-end=\"1257\">Peruutustoiminto tarkoittaa, ett\u00e4 oven lukitus avataan j\u00e4nnitteett\u00f6m\u00e4ss\u00e4 asennossa, jolloin ovi voidaan avata tarvittaessa nopeasti.<\/p>\n<p class=\"\" data-start=\"759\" data-end=\"1257\">Ilman m\u00e4nt\u00e4kosketinta t\u00e4m\u00e4 s\u00e4hk\u00f6isku on ihanteellinen asennuksiin, joissa m\u00e4nt\u00e4kosketinta ei tarvita.<\/p>\n<p class=\"\" data-start=\"759\" data-end=\"1257\">Sis\u00e4\u00e4nrakennettu suojadiodi lis\u00e4\u00e4 turvallisuutta ja tekee siit\u00e4 luotettavan ratkaisun sek\u00e4 uusiin ett\u00e4 vanhoihin ovij\u00e4rjestelmiin.<\/p>\n<p class=\"\" data-start=\"759\" data-end=\"1257\">STEP 30 Preload tarjoaa sek\u00e4 turvallisuutta ett\u00e4 luotettavuutta 5 kN:n (n. 500 kg) murtolujuudella ja 40 kg:n nauhapaineesta huolimatta.<\/p>\n<p class=\"\" data-start=\"1259\" data-end=\"1274\"><strong data-start=\"1259\" data-end=\"1274\">Ominaisuudet:<\/strong><\/p>\n<ul data-start=\"1275\" data-end=\"1636\">\n<li class=\"\" data-start=\"1275\" data-end=\"1316\">\n<p class=\"\" data-start=\"1277\" data-end=\"1316\">Peruutustoiminto (lukittu j\u00e4nnitteett\u00f6m\u00e4\u00e4n tilaan)<\/p>\n<\/li>\n<li class=\"\" data-start=\"1317\" data-end=\"1336\">\n<p class=\"\" data-start=\"1319\" data-end=\"1336\">Ei m\u00e4nn\u00e4n kosketusta<\/p>\n<\/li>\n<li class=\"\" data-start=\"1337\" data-end=\"1375\">\n<p class=\"\" data-start=\"1339\" data-end=\"1375\">Sis\u00e4\u00e4nrakennettu suojadiodi lis\u00e4\u00e4 turvallisuutta<\/p>\n<\/li>\n<li class=\"\" data-start=\"1376\" data-end=\"1413\">\n<p class=\"\" data-start=\"1378\" data-end=\"1413\">Murtolujuus 5 kN (n. 500 kg)<\/p>\n<\/li>\n<li class=\"\" data-start=\"1414\" data-end=\"1516\">\n<p class=\"\" data-start=\"1416\" data-end=\"1516\">Takaa avautumisen jopa 0,4 kN (n. 40 kg) nauhapaineesta huolimatta sek\u00e4 eteen- ett\u00e4 taaksep\u00e4in-toiminnossa<\/p>\n<\/li>\n<li class=\"\" data-start=\"1517\" data-end=\"1576\">\n<p class=\"\" data-start=\"1519\" data-end=\"1576\">Nakutuksenesto ja k\u00e4\u00e4nnett\u00e4v\u00e4 sek\u00e4 oikea- ett\u00e4 vasenk\u00e4tisille oville<\/p>\n<\/li>\n<li class=\"\" data-start=\"1577\" data-end=\"1619\">\n<p class=\"\" data-start=\"1579\" data-end=\"1619\">Sopii yksi- ja kaksilehtisille lukoksille<\/p>\n<\/li>\n<li class=\"\" data-start=\"1620\" data-end=\"1636\">\n<p class=\"\" data-start=\"1622\" data-end=\"1636\">Kaapeli ei sis\u00e4lly toimitukseen<\/p>\n<\/li>\n<\/ul>\n<p class=\"\" data-start=\"1638\" data-end=\"1667\"><strong data-start=\"1638\" data-end=\"1667\">Tekniset tiedot:<\/strong><\/p>\n<ul data-start=\"1668\" data-end=\"2255\">\n<li class=\"\" data-start=\"1668\" data-end=\"1775\">\n<p class=\"\" data-start=\"1670\" data-end=\"1775\">Virtal\u00e4hde: 24 V DC (+15% -10%) 110 mAh \/ max 300 mA tai 12 V DC (+15% -10%) 220 mAh \/ max 600 mA<\/p>\n<\/li>\n<li class=\"\" data-start=\"1776\" data-end=\"1816\">\n<p class=\"\" data-start=\"1778\" data-end=\"1816\">Kest\u00e4vyys: Luokka X standardin SS-EN 14846 mukaan<\/p>\n<\/li>\n<li class=\"\" data-start=\"1817\" data-end=\"1856\">\n<p class=\"\" data-start=\"1819\" data-end=\"1856\">Korroosio: luokka M standardin SS-EN 14846 mukaan<\/p>\n<\/li>\n<li class=\"\" data-start=\"1857\" data-end=\"1895\">\n<p class=\"\" data-start=\"1859\" data-end=\"1895\">Turvallisuus: luokka 3 standardin SS-EN 14846 mukaan<\/p>\n<\/li>\n<li class=\"\" data-start=\"1896\" data-end=\"1921\">\n<p class=\"\" data-start=\"1898\" data-end=\"1921\">Murtolujuus: 500 kg<\/p>\n<\/li>\n<li class=\"\" data-start=\"1922\" data-end=\"1952\">\n<p class=\"\" data-start=\"1924\" data-end=\"1952\">Oven sarana: Oikea, Vasen<\/p>\n<\/li>\n<li class=\"\" data-start=\"1953\" data-end=\"1971\">\n<p class=\"\" data-start=\"1955\" data-end=\"1971\">Listan paine: 40 kg<\/p>\n<\/li>\n<li class=\"\" data-start=\"1972\" data-end=\"2007\">\n<p class=\"\" data-start=\"1974\" data-end=\"2007\">Lukon tyyppi: yksisalpalukko, kaksoissalpalukko<\/p>\n<\/li>\n<li class=\"\" data-start=\"2008\" data-end=\"2063\">\n<p class=\"\" data-start=\"2010\" data-end=\"2063\">Tuotteen mitat: Leveys: 20,5 mm, Syvyys: 28 mm, Korkeus: 99 mm<\/p>\n<\/li>\n<li class=\"\" data-start=\"2064\" data-end=\"2082\">\n<p class=\"\" data-start=\"2066\" data-end=\"2082\">M\u00e4nn\u00e4n kosketin: Ei<\/p>\n<\/li>\n<li class=\"\" data-start=\"2083\" data-end=\"2103\">\n<p class=\"\" data-start=\"2085\" data-end=\"2103\">J\u00e4nnite AC\/DC: DC<\/p>\n<\/li>\n<li class=\"\" data-start=\"2104\" data-end=\"2126\">\n<p class=\"\" data-start=\"2106\" data-end=\"2126\">Maksimij\u00e4nnite: 27,6 V<\/p>\n<\/li>\n<li class=\"\" data-start=\"2127\" data-end=\"2149\">\n<p class=\"\" data-start=\"2129\" data-end=\"2149\">Minimij\u00e4nnite: 21,6 V<\/p>\n<\/li>\n<li class=\"\" data-start=\"2150\" data-end=\"2178\">\n<p class=\"\" data-start=\"2152\" data-end=\"2178\">V\u00e4ri\/viimeistely: ruostumaton ter\u00e4s<\/p>\n<\/li>\n<li class=\"\" data-start=\"2179\" data-end=\"2199\">\n<p class=\"\" data-start=\"2181\" data-end=\"2199\">Arvioidut rakennusmateriaalit: Kyll\u00e4<\/p>\n<\/li>\n<li class=\"\" data-start=\"2200\" data-end=\"2221\">\n<p class=\"\" data-start=\"2202\" data-end=\"2221\">EPD-varmennettu: Ei<\/p>\n<\/li>\n<li class=\"\" data-start=\"2222\" data-end=\"2234\">\n<p class=\"\" data-start=\"2224\" data-end=\"2234\">FINFO: Ei<\/p>\n<\/li>\n<li class=\"\" data-start=\"2235\" data-end=\"2255\">\n<p class=\"\" data-start=\"2237\" data-end=\"2255\">SundaHouse arvioitu: Kyll\u00e4<\/p>\n<\/li>\n<\/ul>","protected":false},"excerpt":{"rendered":"<p>T\u00e4\u00e4lt\u00e4 n\u00e4et, mitk\u00e4 pylv\u00e4\u00e4t ja mallit sopivat yhteen STEP-sarjan s\u00e4hk\u00f6isist\u00e4 oven pys\u00e4yttimist\u00e4.<\/p>\n<h5><strong><a href=\"https:\/\/steplock.com\/sv\/stolpguide\/#!?lang=sv&amp;blog_id=1&amp;paged=1&amp;number=50\" target=\"_blank\" rel=\"noopener\">STEP Viestiopas\u00a0<\/a><\/strong><\/h5>\n<h5><strong><a href=\"https:\/\/steplock.com\/sv\/projekteringsguide\/#!?lang=sv&amp;blog_id=1&amp;paged=1&amp;number=999\" target=\"_blank\" rel=\"noopener\">STEP-suunnitteluopas<\/a><\/strong><\/h5>","protected":false},"featured_media":140230,"template":"","meta":{"_acf_changed":false},"product_brand":[],"product_cat":[3355],"product_tag":[4197,4201],"class_list":{"0":"post-140231","1":"product","2":"type-product","3":"status-publish","4":"has-post-thumbnail","6":"product_cat-elslutbleck","7":"product_tag-24v","8":"product_tag-omvand","9":"product_shipping_class-tunga-paket","10":"pa_brands-step","11":"tm-no-options","13":"first","14":"onbackorder","15":"sale","16":"taxable","17":"shipping-taxable","18":"purchasable","19":"product-type-simple"},"acf":[],"_links":{"self":[{"href":"https:\/\/secureus.se\/fi\/wp-json\/wp\/v2\/product\/140231","targetHints":{"allow":["GET"]}}],"collection":[{"href":"https:\/\/secureus.se\/fi\/wp-json\/wp\/v2\/product"}],"about":[{"href":"https:\/\/secureus.se\/fi\/wp-json\/wp\/v2\/types\/product"}],"wp:featuredmedia":[{"embeddable":true,"href":"https:\/\/secureus.se\/fi\/wp-json\/wp\/v2\/media\/140230"}],"wp:attachment":[{"href":"https:\/\/secureus.se\/fi\/wp-json\/wp\/v2\/media?parent=140231"}],"wp:term":[{"taxonomy":"product_brand","embeddable":true,"href":"https:\/\/secureus.se\/fi\/wp-json\/wp\/v2\/product_brand?post=140231"},{"taxonomy":"product_cat","embeddable":true,"href":"https:\/\/secureus.se\/fi\/wp-json\/wp\/v2\/product_cat?post=140231"},{"taxonomy":"product_tag","embeddable":true,"href":"https:\/\/secureus.se\/fi\/wp-json\/wp\/v2\/product_tag?post=140231"}],"curies":[{"name":"wp","href":"https:\/\/api.w.org\/{rel}","templated":true}]}}