{"id":140297,"date":"2023-09-26T13:06:09","date_gmt":"2023-09-26T11:06:09","guid":{"rendered":"https:\/\/secureus.se\/elslutbleck-step-18-vanster-omvand-24v-for-assa-511\/"},"modified":"2026-03-26T10:05:55","modified_gmt":"2026-03-26T09:05:55","slug":"elslutbleck-step-18-vanster-omvand-24v-for-assa-511","status":"publish","type":"product","link":"https:\/\/secureus.se\/fi\/elslutbleck-step-18-vanster-omvand-24v-for-assa-511\/","title":{"rendered":"S\u00e4hk\u00f6inen p\u00e4\u00e4tylevy STEP 18 Vasen K\u00e4\u00e4nteinen 24V Assa 511:lle"},"content":{"rendered":"<h1>S\u00e4hk\u00f6inen p\u00e4\u00e4tylevy STEP 18 Vasen K\u00e4\u00e4nteinen 24V Assa 511:lle<\/h1>\n<p>Electric strike STEP 18 Secure for Assa 511 tarjoaa korkeimman turva- ja palohyv\u00e4ksynn\u00e4n E\/EI 60 asti. T\u00e4ydellinen oville, joilla on korkeat vaatimukset tunkeutumissuojaukselle ja korkealle avautumistiheydelle.<\/p>\n<p class=\"\" data-start=\"414\" data-end=\"1032\">STEP 18 Secure on korkean turvallisuuden s\u00e4hk\u00f6inen lukko, joka on kehitetty oville, joilla on korkeat turvallisuusvaatimukset.<\/p>\n<p class=\"\" data-start=\"414\" data-end=\"1032\">T\u00e4m\u00e4 s\u00e4hk\u00f6isku sopii turvaoviin ja oviin, joissa on evakuointivaatimukset ja joiden on kestett\u00e4v\u00e4 korkea avautumistiheys, kuten vankiloihin ja pankkeihin.<\/p>\n<p class=\"\" data-start=\"414\" data-end=\"1032\">Sen murtolujuus on 15 kN (n. 1500 kg) ja se on hyv\u00e4ksytty palonkest\u00e4vyyteen E\/EI 60 asti, mik\u00e4 takaa luotettavan toiminnan my\u00f6s \u00e4\u00e4rimm\u00e4isiss\u00e4 olosuhteissa.<\/p>\n<p class=\"\" data-start=\"414\" data-end=\"1032\">STEP 18 Secure on suunniteltu Assa 511:n koukkupulttilukkoon, jossa on 10 mm:n pultti, ja siin\u00e4 on peruutustoiminto (avataan j\u00e4nnitteett\u00f6m\u00e4ss\u00e4 asennossa), joten se sopii hyvin usein avattaviin oviin.<\/p>\n<p class=\"\" data-start=\"1034\" data-end=\"1289\">T\u00e4m\u00e4 s\u00e4hk\u00f6isku on my\u00f6s varustettu m\u00e4nt\u00e4koskettimella, joka ilmaisee, onko ovi kiinni\/auki ja lukittu\/avattu, mik\u00e4 tekee siit\u00e4 helpon integroinnin kulunvalvonta- ja h\u00e4lytysj\u00e4rjestelmiin.<\/p>\n<p class=\"\" data-start=\"1034\" data-end=\"1289\">Sis\u00e4lt\u00e4\u00e4 5 metrin halogeenittoman liit\u00e4nt\u00e4kaapelin asennuksen helpottamiseksi.<\/p>\n<p class=\"\" data-start=\"1291\" data-end=\"1308\"><strong data-start=\"1291\" data-end=\"1305\">Ominaisuudet<\/strong>:<\/p>\n<ul data-start=\"1309\" data-end=\"1747\">\n<li class=\"\" data-start=\"1309\" data-end=\"1352\">\n<p class=\"\" data-start=\"1311\" data-end=\"1352\">Koukkulukko Assa 511 10 mm m\u00e4nn\u00e4ll\u00e4<\/p>\n<\/li>\n<li class=\"\" data-start=\"1353\" data-end=\"1397\">\n<p class=\"\" data-start=\"1355\" data-end=\"1397\">K\u00e4\u00e4nteinen toiminto (vapautettu virrattomassa tilassa)<\/p>\n<\/li>\n<li class=\"\" data-start=\"1398\" data-end=\"1426\">\n<p class=\"\" data-start=\"1400\" data-end=\"1426\">Vasen saranoiduille oville<\/p>\n<\/li>\n<li class=\"\" data-start=\"1427\" data-end=\"1460\">\n<p class=\"\" data-start=\"1429\" data-end=\"1460\">Palohyv\u00e4ksytty E\/EI 60 asti<\/p>\n<\/li>\n<li class=\"\" data-start=\"1461\" data-end=\"1545\">\n<p class=\"\" data-start=\"1463\" data-end=\"1545\">Sis\u00e4\u00e4nrakennettu m\u00e4nt\u00e4kytkin, joka n\u00e4ytt\u00e4\u00e4 oven kiinni\/auki ja lukittu\/auki tilan<\/p>\n<\/li>\n<li class=\"\" data-start=\"1546\" data-end=\"1568\">\n<p class=\"\" data-start=\"1548\" data-end=\"1568\">Sis\u00e4\u00e4nrakennettu suojadiodi<\/p>\n<\/li>\n<li class=\"\" data-start=\"1569\" data-end=\"1607\">\n<p class=\"\" data-start=\"1571\" data-end=\"1607\">Murtolujuus 15 kN (n. 1500 kg)<\/p>\n<\/li>\n<li class=\"\" data-start=\"1608\" data-end=\"1685\">\n<p class=\"\" data-start=\"1610\" data-end=\"1685\">Avautuu 5 kN (n. 500 kg) nauhapaineesta huolimatta eteen- ja taaksep\u00e4in-toiminnoissa<\/p>\n<\/li>\n<li class=\"\" data-start=\"1686\" data-end=\"1701\">\n<p class=\"\" data-start=\"1688\" data-end=\"1701\">Nakutuksenesto<\/p>\n<\/li>\n<li class=\"\" data-start=\"1702\" data-end=\"1747\">\n<p class=\"\" data-start=\"1704\" data-end=\"1747\">Mukana 5 metrin halogeeniton liit\u00e4nt\u00e4kaapeli<\/p>\n<\/li>\n<\/ul>\n<p class=\"\" data-start=\"1749\" data-end=\"1780\"><strong data-start=\"1749\" data-end=\"1777\">Tekniset tiedot<\/strong>:<\/p>\n<ul data-start=\"1781\" data-end=\"2390\">\n<li class=\"\" data-start=\"1781\" data-end=\"1817\">\n<p class=\"\" data-start=\"1783\" data-end=\"1817\"><strong data-start=\"1783\" data-end=\"1806\">Murtolujuus max<\/strong>paino: 1500 kg<\/p>\n<\/li>\n<li class=\"\" data-start=\"1818\" data-end=\"1847\">\n<p class=\"\" data-start=\"1820\" data-end=\"1847\"><strong data-start=\"1820\" data-end=\"1836\">Ovi roikkuu<\/strong>: Vasen<\/p>\n<\/li>\n<li class=\"\" data-start=\"1848\" data-end=\"1871\">\n<p class=\"\" data-start=\"1850\" data-end=\"1871\"><strong data-start=\"1850\" data-end=\"1865\">Kaapeli mukana<\/strong>: Kyll\u00e4<\/p>\n<\/li>\n<li class=\"\" data-start=\"1872\" data-end=\"1897\">\n<p class=\"\" data-start=\"1874\" data-end=\"1897\"><strong data-start=\"1874\" data-end=\"1887\">Listan tulostus<\/strong>paino: 500 kg<\/p>\n<\/li>\n<li class=\"\" data-start=\"1898\" data-end=\"1935\">\n<p class=\"\" data-start=\"1900\" data-end=\"1935\"><strong data-start=\"1900\" data-end=\"1910\">Lukon tyyppi<\/strong>: Koukkusalvan lukko, Salvan lukko<\/p>\n<\/li>\n<li class=\"\" data-start=\"1936\" data-end=\"1964\">\n<p class=\"\" data-start=\"1938\" data-end=\"1964\"><strong data-start=\"1938\" data-end=\"1955\">Leve\u00e4 tuote<\/strong>: 35mm<\/p>\n<\/li>\n<li class=\"\" data-start=\"1965\" data-end=\"1991\">\n<p class=\"\" data-start=\"1967\" data-end=\"1991\"><strong data-start=\"1967\" data-end=\"1985\">Rakennusmateriaalit arvioitu<\/strong>: Kyll\u00e4<\/p>\n<\/li>\n<li class=\"\" data-start=\"1992\" data-end=\"2019\">\n<p class=\"\" data-start=\"1994\" data-end=\"2019\"><strong data-start=\"1994\" data-end=\"2010\">Syv\u00e4 tuote<\/strong>: 40mm<\/p>\n<\/li>\n<li class=\"\" data-start=\"2020\" data-end=\"2054\">\n<p class=\"\" data-start=\"2022\" data-end=\"2054\"><strong data-start=\"2022\" data-end=\"2047\">K\u00e4ytt\u00f6j\u00e4nnite 12V\/24V<\/strong>: 24V<\/p>\n<\/li>\n<li class=\"\" data-start=\"2055\" data-end=\"2083\">\n<p class=\"\" data-start=\"2057\" data-end=\"2083\"><strong data-start=\"2057\" data-end=\"2076\">Kaksinkertainen kierrekotelo<\/strong>: Ei<\/p>\n<\/li>\n<li class=\"\" data-start=\"2084\" data-end=\"2111\">\n<p class=\"\" data-start=\"2086\" data-end=\"2111\"><strong data-start=\"2086\" data-end=\"2104\">EPD-varmennettu<\/strong>: Ei<\/p>\n<\/li>\n<li class=\"\" data-start=\"2112\" data-end=\"2130\">\n<p class=\"\" data-start=\"2114\" data-end=\"2130\"><strong data-start=\"2114\" data-end=\"2123\">HYV\u00c4 TIETO<\/strong>: Ei<\/p>\n<\/li>\n<li class=\"\" data-start=\"2131\" data-end=\"2165\">\n<p class=\"\" data-start=\"2133\" data-end=\"2165\"><strong data-start=\"2133\" data-end=\"2154\">V\u00e4ri\/pintak\u00e4sittely<\/strong>: Ruostumaton ter\u00e4s<\/p>\n<\/li>\n<li class=\"\" data-start=\"2166\" data-end=\"2194\">\n<p class=\"\" data-start=\"2168\" data-end=\"2194\"><strong data-start=\"2168\" data-end=\"2184\">Korotettu tuote<\/strong>: 230mm<\/p>\n<\/li>\n<li class=\"\" data-start=\"2195\" data-end=\"2222\">\n<p class=\"\" data-start=\"2197\" data-end=\"2222\"><strong data-start=\"2197\" data-end=\"2211\">Kaapelin pituus<\/strong>: 5 metri\u00e4<\/p>\n<\/li>\n<li class=\"\" data-start=\"2223\" data-end=\"2246\">\n<p class=\"\" data-start=\"2225\" data-end=\"2246\"><strong data-start=\"2225\" data-end=\"2240\">M\u00e4nn\u00e4n liitin<\/strong>: Kyll\u00e4<\/p>\n<\/li>\n<li class=\"\" data-start=\"2247\" data-end=\"2278\">\n<p class=\"\" data-start=\"2249\" data-end=\"2278\"><strong data-start=\"2249\" data-end=\"2268\">Oikea\/taakse<\/strong>: K\u00e4\u00e4nteinen<\/p>\n<\/li>\n<li class=\"\" data-start=\"2279\" data-end=\"2305\">\n<p class=\"\" data-start=\"2281\" data-end=\"2305\"><strong data-start=\"2281\" data-end=\"2299\">J\u00e4nnite AC\/DC<\/strong>: DC<\/p>\n<\/li>\n<li class=\"\" data-start=\"2306\" data-end=\"2334\">\n<p class=\"\" data-start=\"2308\" data-end=\"2334\"><strong data-start=\"2308\" data-end=\"2324\">J\u00e4nnite max<\/strong>: 27,6V<\/p>\n<\/li>\n<li class=\"\" data-start=\"2335\" data-end=\"2363\">\n<p class=\"\" data-start=\"2337\" data-end=\"2363\"><strong data-start=\"2337\" data-end=\"2353\">J\u00e4nnite min<\/strong>: 21,6V<\/p>\n<\/li>\n<li class=\"\" data-start=\"2364\" data-end=\"2390\">\n<p class=\"\" data-start=\"2366\" data-end=\"2390\"><strong data-start=\"2366\" data-end=\"2384\">SundaHouse arvioitu<\/strong>: Kyll\u00e4<\/p>\n<\/li>\n<\/ul>","protected":false},"excerpt":{"rendered":"<p>T\u00e4\u00e4lt\u00e4 n\u00e4et, mitk\u00e4 pylv\u00e4\u00e4t ja mallit sopivat yhteen STEP-sarjan s\u00e4hk\u00f6isist\u00e4 oven pys\u00e4yttimist\u00e4.<\/p>\n<h5><strong><a href=\"https:\/\/steplock.com\/sv\/stolpguide\/#!?lang=sv&amp;blog_id=1&amp;paged=1&amp;number=50\" target=\"_blank\" rel=\"noopener\">STEP Viestiopas\u00a0<\/a><\/strong><\/h5>\n<h5><strong><a href=\"https:\/\/steplock.com\/sv\/projekteringsguide\/#!?lang=sv&amp;blog_id=1&amp;paged=1&amp;number=999\" target=\"_blank\" rel=\"noopener\">STEP-suunnitteluopas<\/a><\/strong><\/h5>","protected":false},"featured_media":140294,"template":"","meta":{"_acf_changed":false},"product_brand":[],"product_cat":[3355],"product_tag":[4197,4201],"class_list":{"0":"post-140297","1":"product","2":"type-product","3":"status-publish","4":"has-post-thumbnail","6":"product_cat-elslutbleck","7":"product_tag-24v","8":"product_tag-omvand","9":"product_shipping_class-tunga-paket","10":"pa_brands-step","11":"tm-no-options","13":"first","14":"onbackorder","15":"sale","16":"taxable","17":"shipping-taxable","18":"purchasable","19":"product-type-simple"},"acf":[],"_links":{"self":[{"href":"https:\/\/secureus.se\/fi\/wp-json\/wp\/v2\/product\/140297","targetHints":{"allow":["GET"]}}],"collection":[{"href":"https:\/\/secureus.se\/fi\/wp-json\/wp\/v2\/product"}],"about":[{"href":"https:\/\/secureus.se\/fi\/wp-json\/wp\/v2\/types\/product"}],"wp:featuredmedia":[{"embeddable":true,"href":"https:\/\/secureus.se\/fi\/wp-json\/wp\/v2\/media\/140294"}],"wp:attachment":[{"href":"https:\/\/secureus.se\/fi\/wp-json\/wp\/v2\/media?parent=140297"}],"wp:term":[{"taxonomy":"product_brand","embeddable":true,"href":"https:\/\/secureus.se\/fi\/wp-json\/wp\/v2\/product_brand?post=140297"},{"taxonomy":"product_cat","embeddable":true,"href":"https:\/\/secureus.se\/fi\/wp-json\/wp\/v2\/product_cat?post=140297"},{"taxonomy":"product_tag","embeddable":true,"href":"https:\/\/secureus.se\/fi\/wp-json\/wp\/v2\/product_tag?post=140297"}],"curies":[{"name":"wp","href":"https:\/\/api.w.org\/{rel}","templated":true}]}}