{"id":140336,"date":"2023-05-10T09:55:12","date_gmt":"2023-05-10T07:55:12","guid":{"rendered":"https:\/\/secureus.se\/eqqrb-easy-4x10-vit\/"},"modified":"2026-04-08T16:32:58","modified_gmt":"2026-04-08T14:32:58","slug":"eqqrb-easy-4x10-vit","status":"publish","type":"product","link":"https:\/\/secureus.se\/fi\/eqqrb-easy-4x10-vit\/","title":{"rendered":"EQQRB EASY 4X1.0 VALKOINEN"},"content":{"rendered":"","protected":false},"excerpt":{"rendered":"<p>Halogeeniton liekkisuojattu signaalikaapeli. EQQRB:t\u00e4 k\u00e4ytet\u00e4\u00e4n signaalikaapelina erilaisissa ohjaus- ja s\u00e4\u00e4t\u00f6teknisiss\u00e4 tiloissa, mukaan lukien paloh\u00e4lytystilat. Se sijoitetaan sis\u00e4- ja ulkotiloihin. T\u00e4ytt\u00e4\u00e4 palovaatimukset CPR-luokan Dcas2d2a2 mukaan.<\/p>","protected":false},"featured_media":140335,"template":"","meta":{"_acf_changed":false},"product_brand":[],"product_cat":[2678],"product_tag":[2487],"class_list":{"0":"post-140336","1":"product","2":"type-product","3":"status-publish","4":"has-post-thumbnail","6":"product_cat-telekabel-oskarmad","7":"product_tag-kabel-oskarmad","8":"product_shipping_class-tunga-paket","9":"tm-no-options","11":"first","12":"instock","13":"taxable","14":"shipping-taxable","15":"purchasable","16":"product-type-simple"},"acf":[],"_links":{"self":[{"href":"https:\/\/secureus.se\/fi\/wp-json\/wp\/v2\/product\/140336","targetHints":{"allow":["GET"]}}],"collection":[{"href":"https:\/\/secureus.se\/fi\/wp-json\/wp\/v2\/product"}],"about":[{"href":"https:\/\/secureus.se\/fi\/wp-json\/wp\/v2\/types\/product"}],"wp:featuredmedia":[{"embeddable":true,"href":"https:\/\/secureus.se\/fi\/wp-json\/wp\/v2\/media\/140335"}],"wp:attachment":[{"href":"https:\/\/secureus.se\/fi\/wp-json\/wp\/v2\/media?parent=140336"}],"wp:term":[{"taxonomy":"product_brand","embeddable":true,"href":"https:\/\/secureus.se\/fi\/wp-json\/wp\/v2\/product_brand?post=140336"},{"taxonomy":"product_cat","embeddable":true,"href":"https:\/\/secureus.se\/fi\/wp-json\/wp\/v2\/product_cat?post=140336"},{"taxonomy":"product_tag","embeddable":true,"href":"https:\/\/secureus.se\/fi\/wp-json\/wp\/v2\/product_tag?post=140336"}],"curies":[{"name":"wp","href":"https:\/\/api.w.org\/{rel}","templated":true}]}}