{"id":140463,"date":"2023-09-26T13:07:57","date_gmt":"2023-09-26T11:07:57","guid":{"rendered":"https:\/\/secureus.se\/elslutbleck-step-18-vanster-omvand-24v-7mm-regel-connect\/"},"modified":"2026-03-26T09:48:59","modified_gmt":"2026-03-26T08:48:59","slug":"elslutbleck-step-18-vanster-omvand-24v-7mm-regel-connect","status":"publish","type":"product","link":"https:\/\/secureus.se\/fi\/elslutbleck-step-18-vanster-omvand-24v-7mm-regel-connect\/","title":{"rendered":"S\u00e4hk\u00f6inen p\u00e4\u00e4tylevy VAIHE 18 Vasen K\u00e4\u00e4nteinen 24V 7mm Regel Connect"},"content":{"rendered":"<h1>S\u00e4hk\u00f6inen p\u00e4\u00e4tylevy VAIHE 18 Vasen K\u00e4\u00e4nteinen 24V 7mm Regel Connect<\/h1>\n<p>STEP 18 Secure on vankka s\u00e4hk\u00f6isku, jossa on peruutustoiminto ja korkein turvaluokka. Sopii vasemmalle ripustetuille oville, joissa on pulttilukitus (7 mm) Connect-sarjassa ja sis\u00e4lt\u00e4\u00e4 m\u00e4nn\u00e4n ja salpakoskettimen.<\/p>\n<p class=\"\" data-start=\"286\" data-end=\"751\">STEP 18 Secure Electric Strike on suunniteltu oviymp\u00e4rist\u00f6ihin, joissa on eritt\u00e4in korkeat vaatimukset turvallisuudelle, toimivuudelle ja toimintavarmuudelle.<\/p>\n<p class=\"\" data-start=\"286\" data-end=\"751\">T\u00e4m\u00e4 s\u00e4hk\u00f6isku sopii erityisen hyvin asennettavaksi oviin, joissa on useita p\u00e4ivitt\u00e4isi\u00e4 sis\u00e4\u00e4n- ja ulosk\u00e4yntej\u00e4 \u2013 esimerkiksi turvaoviin julkisissa rakennuksissa, vankiloissa, viranomaisissa ja pankeissa.<\/p>\n<p class=\"\" data-start=\"286\" data-end=\"751\">K\u00e4\u00e4nteinen toiminto tarkoittaa, ett\u00e4 levy avautuu j\u00e4nnitteett\u00f6m\u00e4ss\u00e4 asennossa, mik\u00e4 on yleinen vaatimus evakuointiymp\u00e4rist\u00f6iss\u00e4.<\/p>\n<p class=\"\" data-start=\"753\" data-end=\"1181\">STEP 18 on testattu ja hyv\u00e4ksytty RC4:n mukaisesti ja sen paloluokitus E\/EI 60 asti. Se on varustettu mikrokytkimill\u00e4, jotka tarjoavat sek\u00e4 m\u00e4nt\u00e4koskettimen ett\u00e4 salpakoskettimen, mik\u00e4 mahdollistaa sek\u00e4 oven ett\u00e4 lukon tilan ilmaisemisen.<\/p>\n<p class=\"\" data-start=\"753\" data-end=\"1181\">T\u00e4m\u00e4 tekee metallilevyst\u00e4 t\u00e4ysin integroitavan kulunvalvonta- ja h\u00e4lytysj\u00e4rjestelmiin. STEP 18:n murtolujuus on huikeat 15 kN (noin 1500 kg) ja nauhan puristuskest\u00e4vyys 500 kg, joten STEP 18 tarjoaa poikkeuksellisen kest\u00e4vyyden ja turvallisuuden.<\/p>\n<p class=\"\" data-start=\"1183\" data-end=\"1332\">T\u00e4m\u00e4 levy on tarkoitettu Connect-sarjan 7 mm m\u00e4nn\u00e4ll\u00e4 varustettuihin pulttilukoihin, toimitetaan 5 metrin halogeenivapaalla liit\u00e4nt\u00e4kaapelilla ja soveltuu vasemmalle ripustetuille oville.<\/p>\n<p class=\"\" data-start=\"1334\" data-end=\"1360\"><strong data-start=\"1334\" data-end=\"1360\">Ominaisuudet ja edut:<\/strong><\/p>\n<ul data-start=\"1361\" data-end=\"1581\">\n<li class=\"\" data-start=\"1361\" data-end=\"1404\">\n<p class=\"\" data-start=\"1363\" data-end=\"1404\">Peruutustoiminto \u2013 avataan s\u00e4hk\u00f6katkon sattuessa<\/p>\n<\/li>\n<li class=\"\" data-start=\"1405\" data-end=\"1441\">\n<p class=\"\" data-start=\"1407\" data-end=\"1441\">7 mm:n pulttilukkoon (Connect-sarja)<\/p>\n<\/li>\n<li class=\"\" data-start=\"1442\" data-end=\"1474\">\n<p class=\"\" data-start=\"1444\" data-end=\"1474\">Sis\u00e4\u00e4nrakennettu m\u00e4nt\u00e4 ja salpakytkin<\/p>\n<\/li>\n<li class=\"\" data-start=\"1475\" data-end=\"1495\">\n<p class=\"\" data-start=\"1477\" data-end=\"1495\">Paloluokka E\/EI 60<\/p>\n<\/li>\n<li class=\"\" data-start=\"1496\" data-end=\"1520\">\n<p class=\"\" data-start=\"1498\" data-end=\"1520\">Murtolujuus: 15 kN<\/p>\n<\/li>\n<li class=\"\" data-start=\"1521\" data-end=\"1544\">\n<p class=\"\" data-start=\"1523\" data-end=\"1544\">Kest\u00e4\u00e4 5 kN nauhapainetta<\/p>\n<\/li>\n<li class=\"\" data-start=\"1545\" data-end=\"1581\">\n<p class=\"\" data-start=\"1547\" data-end=\"1581\">Mukana 5 metrin halogeeniton kaapeli<\/p>\n<\/li>\n<\/ul>","protected":false},"excerpt":{"rendered":"<p>T\u00e4\u00e4lt\u00e4 n\u00e4et, mitk\u00e4 pylv\u00e4\u00e4t ja mallit sopivat yhteen STEP-sarjan s\u00e4hk\u00f6isist\u00e4 oven pys\u00e4yttimist\u00e4.<\/p>\n<h5><strong><a href=\"https:\/\/steplock.com\/sv\/stolpguide\/#!?lang=sv&amp;blog_id=1&amp;paged=1&amp;number=50\" target=\"_blank\" rel=\"noopener\">STEP Viestiopas\u00a0<\/a><\/strong><\/h5>\n<h5><strong><a href=\"https:\/\/steplock.com\/sv\/projekteringsguide\/#!?lang=sv&amp;blog_id=1&amp;paged=1&amp;number=999\" target=\"_blank\" rel=\"noopener\">STEP-suunnitteluopas<\/a><\/strong><\/h5>","protected":false},"featured_media":140461,"template":"","meta":{"_acf_changed":false},"product_brand":[],"product_cat":[3355],"product_tag":[4197,4201],"class_list":{"0":"post-140463","1":"product","2":"type-product","3":"status-publish","4":"has-post-thumbnail","6":"product_cat-elslutbleck","7":"product_tag-24v","8":"product_tag-omvand","9":"product_shipping_class-tunga-paket","10":"pa_brands-step","11":"tm-no-options","13":"first","14":"instock","15":"sale","16":"taxable","17":"shipping-taxable","18":"purchasable","19":"product-type-simple"},"acf":[],"_links":{"self":[{"href":"https:\/\/secureus.se\/fi\/wp-json\/wp\/v2\/product\/140463","targetHints":{"allow":["GET"]}}],"collection":[{"href":"https:\/\/secureus.se\/fi\/wp-json\/wp\/v2\/product"}],"about":[{"href":"https:\/\/secureus.se\/fi\/wp-json\/wp\/v2\/types\/product"}],"wp:featuredmedia":[{"embeddable":true,"href":"https:\/\/secureus.se\/fi\/wp-json\/wp\/v2\/media\/140461"}],"wp:attachment":[{"href":"https:\/\/secureus.se\/fi\/wp-json\/wp\/v2\/media?parent=140463"}],"wp:term":[{"taxonomy":"product_brand","embeddable":true,"href":"https:\/\/secureus.se\/fi\/wp-json\/wp\/v2\/product_brand?post=140463"},{"taxonomy":"product_cat","embeddable":true,"href":"https:\/\/secureus.se\/fi\/wp-json\/wp\/v2\/product_cat?post=140463"},{"taxonomy":"product_tag","embeddable":true,"href":"https:\/\/secureus.se\/fi\/wp-json\/wp\/v2\/product_tag?post=140463"}],"curies":[{"name":"wp","href":"https:\/\/api.w.org\/{rel}","templated":true}]}}