{"id":140473,"date":"2023-09-26T13:07:54","date_gmt":"2023-09-26T11:07:54","guid":{"rendered":"https:\/\/secureus.se\/elslutbleck-step-15-vanster-rattvand\/"},"modified":"2026-04-23T12:41:12","modified_gmt":"2026-04-23T10:41:12","slug":"elslutbleck-step-15-vanster-rattvand","status":"publish","type":"product","link":"https:\/\/secureus.se\/fi\/elslutbleck-step-15-vanster-rattvand\/","title":{"rendered":"S\u00e4hk\u00f6inen p\u00e4\u00e4televy VAIHE 15 Vasen Oikea"},"content":{"rendered":"<div>\n<div>\n<div>\n<h1>S\u00e4hk\u00f6inen p\u00e4\u00e4televy VAIHE 15 Vasen Oikea<\/h1>\n<p>STEP 15 Secure on korkean turvatason s\u00e4hk\u00f6isku, jossa on eteenp\u00e4in suuntautuva toiminto, joka on suunniteltu \u00e4\u00e4rimm\u00e4isiin vaatimuksiin, kuten pankkeihin ja vankiloihin. Soveltuu vasemmalle ripustetuille oville, joissa on ASSA 7787\/9787 -lukot.<\/p>\n<p class=\"\" data-start=\"277\" data-end=\"677\">STEP 15 Secure on vahva ja tehokas s\u00e4hk\u00f6isku, joka on kehitetty k\u00e4ytett\u00e4v\u00e4ksi oviymp\u00e4rist\u00f6iss\u00e4, joissa turvallisuustaso on ratkaiseva \u2013 esimerkiksi pankeissa, puolustuslaitoksissa ja vankiloissa.<\/p>\n<p class=\"\" data-start=\"277\" data-end=\"677\">Tukeva rakenne on erityisesti mitoitettu kest\u00e4m\u00e4\u00e4n suurta mekaanista rasitusta ja samalla mahdollistamaan nopean lukituksen ja lukituksen avaamisen my\u00f6s vilkkaassa liikenteess\u00e4.<\/p>\n<p class=\"\" data-start=\"679\" data-end=\"1076\">Tuote on sovitettu koukkupulttilukkoihin, kuten ASSA 7787 tai 9787, ja se on hyv\u00e4ksytty palonkest\u00e4vyyteen jopa 60 minuuttiin.<\/p>\n<p class=\"\" data-start=\"679\" data-end=\"1076\">Oikealle suuntautuvalla toiminnolla lakana lukitaan j\u00e4nnitteett\u00f6m\u00e4\u00e4n asentoon, mik\u00e4 tarjoaa tehokkaan suojan my\u00f6s s\u00e4hk\u00f6katkon sattuessa. STEP 15 on varustettu karkaistusta ter\u00e4ksest\u00e4 valmistetulla kierrelukolla ja ruostumattomasta ter\u00e4ksest\u00e4 valmistetulla lukkokotelolla ja kiinnitystolppalla, mik\u00e4 tekee siit\u00e4 eritt\u00e4in kest\u00e4v\u00e4n ja iskunkest\u00e4v\u00e4n.<\/p>\n<p class=\"\" data-start=\"1078\" data-end=\"1355\">Sis\u00e4\u00e4nrakennetut m\u00e4nt\u00e4- ja salpakoskettimet antavat selke\u00e4n palautteen oven tilasta ja mahdollistavat yhteyden kulunvalvontaj\u00e4rjestelmiin ja h\u00e4lyttimiin.<\/p>\n<p class=\"\" data-start=\"1078\" data-end=\"1355\">STEP 15 on yli 16 kN (noin 1600 kg) murtolujuus, ohimenev\u00e4 suoja ja iskusuoja, joten se on ilmeinen valinta turvallisuuden kannalta kriittisiin asennuksiin.<\/p>\n<p class=\"\" data-start=\"1357\" data-end=\"1385\"><strong data-start=\"1357\" data-end=\"1383\">Ominaisuudet ja edut:<\/strong><\/p>\n<ul data-start=\"1386\" data-end=\"1698\">\n<li class=\"\" data-start=\"1386\" data-end=\"1447\">\n<p class=\"\" data-start=\"1388\" data-end=\"1447\">Vasemmalle ripustetuille oville, joissa on koukkulukitus (ASSA 7787\/9787)<\/p>\n<\/li>\n<li class=\"\" data-start=\"1448\" data-end=\"1493\">\n<p class=\"\" data-start=\"1450\" data-end=\"1493\">Oikealle suunnattu toiminto - lukittu j\u00e4nnitteett\u00f6m\u00e4\u00e4n tilaan<\/p>\n<\/li>\n<li class=\"\" data-start=\"1494\" data-end=\"1522\">\n<p class=\"\" data-start=\"1496\" data-end=\"1522\">Palotesti 60 minuuttia<\/p>\n<\/li>\n<li class=\"\" data-start=\"1523\" data-end=\"1563\">\n<p class=\"\" data-start=\"1525\" data-end=\"1563\">Murtolujuus yli 16 kN (1600 kg)<\/p>\n<\/li>\n<li class=\"\" data-start=\"1564\" data-end=\"1590\">\n<p class=\"\" data-start=\"1566\" data-end=\"1590\">V\u00e4\u00e4nt\u00f6kotelo karkaistua ter\u00e4st\u00e4<\/p>\n<\/li>\n<li class=\"\" data-start=\"1591\" data-end=\"1625\">\n<p class=\"\" data-start=\"1593\" data-end=\"1625\">Sis\u00e4\u00e4nrakennettu m\u00e4nt\u00e4 ja salpakytkin<\/p>\n<\/li>\n<li class=\"\" data-start=\"1626\" data-end=\"1662\">\n<p class=\"\" data-start=\"1628\" data-end=\"1662\">Ohimenev\u00e4sti suojattu ja iskunkest\u00e4v\u00e4<\/p>\n<\/li>\n<li class=\"\" data-start=\"1663\" data-end=\"1698\">\n<p class=\"\" data-start=\"1665\" data-end=\"1698\">Rakennusmateriaalit arvioitu ja SundaHus arvioitu<\/p>\n<\/li>\n<\/ul>\n<p class=\"\" data-start=\"1700\" data-end=\"2045\"><strong data-start=\"1700\" data-end=\"1729\">Tekniset tiedot:<\/strong><br data-start=\"1729\" data-end=\"1732\" \/>Toiminta: Oikealle p\u00e4in<br data-start=\"1750\" data-end=\"1753\" \/>Oven sarana: Vasen<br data-start=\"1774\" data-end=\"1777\" \/>Murtolujuus: &gt;16 kN (1600 kg)<br data-start=\"1810\" data-end=\"1813\" \/>Lukon tyyppi: Koukkupultti (ASSA 7787, 9787)<br data-start=\"1850\" data-end=\"1853\" \/>Materiaali: ruostumaton ter\u00e4s<br data-start=\"1877\" data-end=\"1880\" \/>Leveys: 40 mm<br data-start=\"1892\" data-end=\"1895\" \/>Syvyys: 45 mm<br data-start=\"1906\" data-end=\"1909\" \/>J\u00e4nnite: DC<br data-start=\"1921\" data-end=\"1924\" \/>Double twist drop: Ei<br data-start=\"1944\" data-end=\"1947\" \/>Kaapeli: Kyll\u00e4<br data-start=\"1956\" data-end=\"1959\" \/>M\u00e4nn\u00e4n kosketin: Kyll\u00e4<br data-start=\"1974\" data-end=\"1977\" \/>V\u00e4ri\/viimeistely: ruostumaton ter\u00e4s<br data-start=\"2003\" data-end=\"2006\" \/>Arvioidut rakennusmateriaalit: Kyll\u00e4<br data-start=\"2024\" data-end=\"2027\" \/>SundaHouse arvioitu: Kyll\u00e4<\/p>\n<\/div>\n<\/div>\n<\/div>","protected":false},"excerpt":{"rendered":"<p>T\u00e4\u00e4lt\u00e4 n\u00e4et, mitk\u00e4 pylv\u00e4\u00e4t ja mallit sopivat yhteen STEP-sarjan s\u00e4hk\u00f6isist\u00e4 oven pys\u00e4yttimist\u00e4.<\/p>\n<h5><strong><a href=\"https:\/\/steplock.com\/sv\/stolpguide\/#!?lang=sv&amp;blog_id=1&amp;paged=1&amp;number=50\" target=\"_blank\" rel=\"noopener\">STEP Viestiopas\u00a0<\/a><\/strong><\/h5>\n<h5><strong><a href=\"https:\/\/steplock.com\/sv\/projekteringsguide\/#!?lang=sv&amp;blog_id=1&amp;paged=1&amp;number=999\" target=\"_blank\" rel=\"noopener\">STEP-suunnitteluopas<\/a><\/strong><\/h5>","protected":false},"featured_media":140468,"template":"","meta":{"_acf_changed":false},"product_brand":[],"product_cat":[3355],"product_tag":[4200],"class_list":{"0":"post-140473","1":"product","2":"type-product","3":"status-publish","4":"has-post-thumbnail","6":"product_cat-elslutbleck","7":"product_tag-rattvand","8":"product_shipping_class-tunga-paket","9":"pa_brands-step","10":"tm-no-options","12":"first","13":"instock","14":"sale","15":"taxable","16":"shipping-taxable","17":"purchasable","18":"product-type-simple"},"acf":[],"_links":{"self":[{"href":"https:\/\/secureus.se\/fi\/wp-json\/wp\/v2\/product\/140473","targetHints":{"allow":["GET"]}}],"collection":[{"href":"https:\/\/secureus.se\/fi\/wp-json\/wp\/v2\/product"}],"about":[{"href":"https:\/\/secureus.se\/fi\/wp-json\/wp\/v2\/types\/product"}],"wp:featuredmedia":[{"embeddable":true,"href":"https:\/\/secureus.se\/fi\/wp-json\/wp\/v2\/media\/140468"}],"wp:attachment":[{"href":"https:\/\/secureus.se\/fi\/wp-json\/wp\/v2\/media?parent=140473"}],"wp:term":[{"taxonomy":"product_brand","embeddable":true,"href":"https:\/\/secureus.se\/fi\/wp-json\/wp\/v2\/product_brand?post=140473"},{"taxonomy":"product_cat","embeddable":true,"href":"https:\/\/secureus.se\/fi\/wp-json\/wp\/v2\/product_cat?post=140473"},{"taxonomy":"product_tag","embeddable":true,"href":"https:\/\/secureus.se\/fi\/wp-json\/wp\/v2\/product_tag?post=140473"}],"curies":[{"name":"wp","href":"https:\/\/api.w.org\/{rel}","templated":true}]}}