{"id":140484,"date":"2023-09-26T13:07:52","date_gmt":"2023-09-26T11:07:52","guid":{"rendered":"https:\/\/secureus.se\/elslutbleck-step-29-rattvand-24v\/"},"modified":"2026-03-26T09:49:26","modified_gmt":"2026-03-26T08:49:26","slug":"elslutbleck-step-29-rattvand-24v","status":"publish","type":"product","link":"https:\/\/secureus.se\/fi\/elslutbleck-step-29-rattvand-24v\/","title":{"rendered":"S\u00e4hk\u00f6liitinlevy STEP 29 Oikea 24V"},"content":{"rendered":"<h1>S\u00e4hk\u00f6liitinlevy STEP 29 Oikea 24V<\/h1>\n<p>STEP 29 Silent on eritt\u00e4in turvallinen s\u00e4hk\u00f6isku, jolla on suoraviivainen toiminta ja hiljainen toiminta STEP Silent -tekniikan ansiosta.<\/p>\n<p>Paloluokitus E\/EI 60 asti m\u00e4nt\u00e4- ja salpakoskettimella ja 5 metrin kaapelilla.<\/p>\n<p class=\"\" data-start=\"257\" data-end=\"614\">STEP 29 Silent Electric Strike on suunniteltu yhdist\u00e4m\u00e4\u00e4n korkea turvallisuus ja hiljainen ja sujuva toiminta oviymp\u00e4rist\u00f6iss\u00e4, joissa on korkeat vaatimukset.<\/p>\n<p class=\"\" data-start=\"257\" data-end=\"614\">STEPin patentoidulla Silent-tekniikalla t\u00e4m\u00e4 s\u00e4hk\u00f6isku tarjoaa l\u00e4hes \u00e4\u00e4nett\u00f6m\u00e4n toiminnan \u2013 t\u00e4ydellinen ymp\u00e4rist\u00f6ihin, joissa hiljainen toiminta on ratkaisevan t\u00e4rke\u00e4\u00e4, kuten terveydenhuolto, toimistot tai julkiset tilat.<\/p>\n<p class=\"\" data-start=\"616\" data-end=\"992\">STEP 29 on sovitettu pulttilukkoon ja siin\u00e4 on peruutustoiminto, mik\u00e4 tarkoittaa, ett\u00e4 se lukittuu s\u00e4hk\u00f6katkon sattuessa.<\/p>\n<p class=\"\" data-start=\"616\" data-end=\"992\">Riippumatta siit\u00e4, avataanko ovi s\u00e4hk\u00f6isesti, k\u00e4sin nupilla tai avaimella, uudelleenlukitus varmistetaan aina oven ollessa kiinni.<\/p>\n<p class=\"\" data-start=\"616\" data-end=\"992\">T\u00e4m\u00e4 tehd\u00e4\u00e4n ainutlaatuisella mekanismilla, jossa pultti menee ensin puolilukitusasentoon ja ulottuu sitten koko pituudeltaan (20 mm), kun ovi suljetaan.<\/p>\n<p class=\"\" data-start=\"994\" data-end=\"1296\">STEP 29 t\u00e4ytt\u00e4\u00e4 tiukat turvallisuusvaatimukset, sill\u00e4 sen murtolujuus on huimat 12 kN ja testattu kest\u00e4m\u00e4\u00e4n jopa 5 kN:n nauhapainetta.<\/p>\n<p class=\"\" data-start=\"994\" data-end=\"1296\">Tuote on paloturvallinen E\/EI 60 ja sen mukana toimitetaan 5 metri\u00e4 halogeenitonta kaapelia. Sis\u00e4\u00e4nrakennettu m\u00e4nt\u00e4- ja salpakosketin mahdollistaa integroinnin kulunvalvontaj\u00e4rjestelmiin ja h\u00e4lytysratkaisuihin.<\/p>\n<p class=\"\" data-start=\"1298\" data-end=\"1324\"><strong data-start=\"1298\" data-end=\"1324\">Ominaisuudet ja edut:<\/strong><\/p>\n<ul data-start=\"1325\" data-end=\"1634\">\n<li class=\"\" data-start=\"1325\" data-end=\"1368\">\n<p class=\"\" data-start=\"1327\" data-end=\"1368\">Oikealle suunnattu toiminto - lukittu j\u00e4nnitteett\u00f6m\u00e4\u00e4n tilaan<\/p>\n<\/li>\n<li class=\"\" data-start=\"1369\" data-end=\"1417\">\n<p class=\"\" data-start=\"1371\" data-end=\"1417\">L\u00e4hes hiljainen toiminta STEP Silent -tekniikalla<\/p>\n<\/li>\n<li class=\"\" data-start=\"1418\" data-end=\"1451\">\n<p class=\"\" data-start=\"1420\" data-end=\"1451\">Sopii oikealle ja vasemmalle ovelle<\/p>\n<\/li>\n<li class=\"\" data-start=\"1452\" data-end=\"1474\">\n<p class=\"\" data-start=\"1454\" data-end=\"1474\">Palohyv\u00e4ksytty E\/EI 60<\/p>\n<\/li>\n<li class=\"\" data-start=\"1475\" data-end=\"1514\">\n<p class=\"\" data-start=\"1477\" data-end=\"1514\">M\u00e4nt\u00e4- ja salpakosketin ilmaisua varten<\/p>\n<\/li>\n<li class=\"\" data-start=\"1515\" data-end=\"1543\">\n<p class=\"\" data-start=\"1517\" data-end=\"1543\">Mukana 5 m halogeeniton kaapeli<\/p>\n<\/li>\n<li class=\"\" data-start=\"1544\" data-end=\"1567\">\n<p class=\"\" data-start=\"1546\" data-end=\"1567\">Murtolujuus 12 kN<\/p>\n<\/li>\n<li class=\"\" data-start=\"1568\" data-end=\"1591\">\n<p class=\"\" data-start=\"1570\" data-end=\"1591\">Kest\u00e4\u00e4 5 kN nauhapainetta<\/p>\n<\/li>\n<li class=\"\" data-start=\"1592\" data-end=\"1634\">\n<p class=\"\" data-start=\"1594\" data-end=\"1634\">Ruostumattomasta ter\u00e4ksest\u00e4 valmistettu rakenne, jossa karkaistu kierrelukko<\/p>\n<\/li>\n<\/ul>","protected":false},"excerpt":{"rendered":"<p>T\u00e4\u00e4lt\u00e4 n\u00e4et, mitk\u00e4 pylv\u00e4\u00e4t ja mallit sopivat yhteen STEP-sarjan s\u00e4hk\u00f6isist\u00e4 oven pys\u00e4yttimist\u00e4.<\/p>\n<h5><strong><a href=\"https:\/\/steplock.com\/sv\/stolpguide\/#!?lang=sv&amp;blog_id=1&amp;paged=1&amp;number=50\" target=\"_blank\" rel=\"noopener\">STEP Viestiopas\u00a0<\/a><\/strong><\/h5>\n<h5><strong><a href=\"https:\/\/steplock.com\/sv\/projekteringsguide\/#!?lang=sv&amp;blog_id=1&amp;paged=1&amp;number=999\" target=\"_blank\" rel=\"noopener\">STEP-suunnitteluopas<\/a><\/strong><\/h5>","protected":false},"featured_media":159505,"template":"","meta":{"_acf_changed":false},"product_brand":[],"product_cat":[3355],"product_tag":[4197,4200],"class_list":{"0":"post-140484","1":"product","2":"type-product","3":"status-publish","4":"has-post-thumbnail","6":"product_cat-elslutbleck","7":"product_tag-24v","8":"product_tag-rattvand","9":"product_shipping_class-tunga-paket","10":"pa_brands-step","11":"tm-no-options","13":"first","14":"outofstock","15":"sale","16":"taxable","17":"shipping-taxable","18":"purchasable","19":"product-type-simple"},"acf":[],"_links":{"self":[{"href":"https:\/\/secureus.se\/fi\/wp-json\/wp\/v2\/product\/140484","targetHints":{"allow":["GET"]}}],"collection":[{"href":"https:\/\/secureus.se\/fi\/wp-json\/wp\/v2\/product"}],"about":[{"href":"https:\/\/secureus.se\/fi\/wp-json\/wp\/v2\/types\/product"}],"wp:featuredmedia":[{"embeddable":true,"href":"https:\/\/secureus.se\/fi\/wp-json\/wp\/v2\/media\/159505"}],"wp:attachment":[{"href":"https:\/\/secureus.se\/fi\/wp-json\/wp\/v2\/media?parent=140484"}],"wp:term":[{"taxonomy":"product_brand","embeddable":true,"href":"https:\/\/secureus.se\/fi\/wp-json\/wp\/v2\/product_brand?post=140484"},{"taxonomy":"product_cat","embeddable":true,"href":"https:\/\/secureus.se\/fi\/wp-json\/wp\/v2\/product_cat?post=140484"},{"taxonomy":"product_tag","embeddable":true,"href":"https:\/\/secureus.se\/fi\/wp-json\/wp\/v2\/product_tag?post=140484"}],"curies":[{"name":"wp","href":"https:\/\/api.w.org\/{rel}","templated":true}]}}