{"id":140489,"date":"2023-05-10T09:54:40","date_gmt":"2023-05-10T07:54:40","guid":{"rendered":"https:\/\/secureus.se\/elqxb-pure-1x4x05-vit-buddy\/"},"modified":"2026-04-08T16:41:22","modified_gmt":"2026-04-08T14:41:22","slug":"elqxb-pure-1x4x05-vit-buddy","status":"publish","type":"product","link":"https:\/\/secureus.se\/fi\/elqxb-pure-1x4x05-vit-buddy\/","title":{"rendered":"ELQXB PURE 1X4X0.5 WHITE BUDDY"},"content":{"rendered":"","protected":false},"excerpt":{"rendered":"<p>Halogeeniton tietoliikennesignaalikaapeli. Ei vapauta sy\u00f6vytt\u00e4vi\u00e4 kaasuja ja sill\u00e4 on alhainen savutiheys tulipalon sattuessa. Kiinte\u00e4 asennus tai putkissa, yksityisiin tietoliikenneverkkoihin sis\u00e4tiloissa. Osat on kierretty pareittain (1x4x0,5 on kierretty nelj\u00e4\u00e4n ruuviin).<\/p>","protected":false},"featured_media":140486,"template":"","meta":{"_acf_changed":false},"product_brand":[],"product_cat":[2678],"product_tag":[2487],"class_list":{"0":"post-140489","1":"product","2":"type-product","3":"status-publish","4":"has-post-thumbnail","6":"product_cat-telekabel-oskarmad","7":"product_tag-kabel-oskarmad","8":"product_shipping_class-tunga-paket","9":"tm-no-options","11":"first","12":"instock","13":"sale","14":"taxable","15":"shipping-taxable","16":"purchasable","17":"product-type-simple"},"acf":[],"_links":{"self":[{"href":"https:\/\/secureus.se\/fi\/wp-json\/wp\/v2\/product\/140489","targetHints":{"allow":["GET"]}}],"collection":[{"href":"https:\/\/secureus.se\/fi\/wp-json\/wp\/v2\/product"}],"about":[{"href":"https:\/\/secureus.se\/fi\/wp-json\/wp\/v2\/types\/product"}],"wp:featuredmedia":[{"embeddable":true,"href":"https:\/\/secureus.se\/fi\/wp-json\/wp\/v2\/media\/140486"}],"wp:attachment":[{"href":"https:\/\/secureus.se\/fi\/wp-json\/wp\/v2\/media?parent=140489"}],"wp:term":[{"taxonomy":"product_brand","embeddable":true,"href":"https:\/\/secureus.se\/fi\/wp-json\/wp\/v2\/product_brand?post=140489"},{"taxonomy":"product_cat","embeddable":true,"href":"https:\/\/secureus.se\/fi\/wp-json\/wp\/v2\/product_cat?post=140489"},{"taxonomy":"product_tag","embeddable":true,"href":"https:\/\/secureus.se\/fi\/wp-json\/wp\/v2\/product_tag?post=140489"}],"curies":[{"name":"wp","href":"https:\/\/api.w.org\/{rel}","templated":true}]}}