{"id":140508,"date":"2023-09-26T13:07:44","date_gmt":"2023-09-26T11:07:44","guid":{"rendered":"https:\/\/secureus.se\/elslutbleck-step-90-omstallbar-12v-kolvkontakt\/"},"modified":"2026-03-26T09:49:47","modified_gmt":"2026-03-26T08:49:47","slug":"elslutbleck-step-90-omstallbar-12v-kolvkontakt","status":"publish","type":"product","link":"https:\/\/secureus.se\/fi\/elslutbleck-step-90-omstallbar-12v-kolvkontakt\/","title":{"rendered":"S\u00e4hk\u00f6inen p\u00e4\u00e4televy STEP 90 S\u00e4\u00e4dett\u00e4v\u00e4 12 V m\u00e4nt\u00e4kosketin"},"content":{"rendered":"<h1>S\u00e4hk\u00f6inen p\u00e4\u00e4televy STEP 90 S\u00e4\u00e4dett\u00e4v\u00e4 12 V m\u00e4nt\u00e4kosketin<\/h1>\n<p>STEP 90 Preload 12V on kompakti, palosuojattu s\u00e4hk\u00f6isku, jossa on s\u00e4\u00e4dett\u00e4v\u00e4 toiminto ja m\u00e4nt\u00e4kosketin.<\/p>\n<p>Korkea turvallisuus ja toimintavarmuus yksi- ja kaksilehtisten lukkojen tuella.<\/p>\n<p class=\"\" data-start=\"254\" data-end=\"600\">STEP 90 Preload HPR -s\u00e4hk\u00f6isku s\u00e4\u00e4dett\u00e4v\u00e4ll\u00e4 toiminnolla tarjoaa joustavan ratkaisun oviymp\u00e4rist\u00f6ihin, joissa on korkeat turvallisuus- ja luotettavuusvaatimukset.<\/p>\n<p class=\"\" data-start=\"254\" data-end=\"600\">Koska se voidaan asettaa eteenp\u00e4in tai taaksep\u00e4in, se voidaan mukauttaa erilaisiin sovelluksiin, joissa se tulee joko lukita tai avata s\u00e4hk\u00f6katkon sattuessa.<\/p>\n<p class=\"\" data-start=\"602\" data-end=\"875\">STEP 90 kuuluu Preload-sarjaan ja on varustettu patentoidulla HPR\u00ae-nauhapainetekniikalla, joka varmistaa avautumisen, vaikka ovi altistuisi jopa 250 kg:n nauhapaineelle.<\/p>\n<p class=\"\" data-start=\"602\" data-end=\"875\">T\u00e4m\u00e4 tekee pelist\u00e4 ihanteellisen korkeataajuiseen k\u00e4ytt\u00f6\u00f6n tai ymp\u00e4rist\u00f6ihin, joissa ovi on usein alttiina paineelle.<\/p>\n<p class=\"\" data-start=\"877\" data-end=\"1114\">M\u00e4nt\u00e4koskettimen avulla saat luotettavan tiedon oven tilasta \u2013 t\u00e4ydellinen h\u00e4lytys- tai kulunvalvontaj\u00e4rjestelm\u00e4\u00e4n kytkett\u00e4v\u00e4ksi.<\/p>\n<p class=\"\" data-start=\"877\" data-end=\"1114\">STEP 90 on my\u00f6s palosuojattu luokkaan E\/EI120 asti standardin SS-EN 14846:2008 mukaisesti ja sen suuri murtolujuus on 1 200 kg.<\/p>\n<p class=\"\" data-start=\"1116\" data-end=\"1320\">K\u00e4\u00e4nnett\u00e4v\u00e4 rakenne tekee siit\u00e4 yhteensopivan sek\u00e4 oikean- ett\u00e4 vasemmanpuoleisten ovien sek\u00e4 Connect-, Modul- ja Narrow Profile -sarjojen lukkokoteloiden kanssa.<\/p>\n<p class=\"\" data-start=\"1116\" data-end=\"1320\">Kompakti ja tehokas ratkaisu nykyaikaisiin turvaj\u00e4rjestelmiin.<\/p>\n<p class=\"\" data-start=\"1322\" data-end=\"1350\"><strong data-start=\"1322\" data-end=\"1348\">Ominaisuudet ja edut:<\/strong><\/p>\n<ul data-start=\"1351\" data-end=\"1653\">\n<li class=\"\" data-start=\"1351\" data-end=\"1397\">\n<p class=\"\" data-start=\"1353\" data-end=\"1397\">Kytkett\u00e4v\u00e4 toiminto: eteen tai taaksep\u00e4in<\/p>\n<\/li>\n<li class=\"\" data-start=\"1398\" data-end=\"1433\">\n<p class=\"\" data-start=\"1400\" data-end=\"1433\">M\u00e4nn\u00e4n kosketin tilan havaitsemiseen<\/p>\n<\/li>\n<li class=\"\" data-start=\"1434\" data-end=\"1458\">\n<p class=\"\" data-start=\"1436\" data-end=\"1458\">Palohyv\u00e4ksytty E\/EI120<\/p>\n<\/li>\n<li class=\"\" data-start=\"1459\" data-end=\"1501\">\n<p class=\"\" data-start=\"1461\" data-end=\"1501\">Avautuu jopa 250 kg:n nauhapaineesta huolimatta<\/p>\n<\/li>\n<li class=\"\" data-start=\"1502\" data-end=\"1535\">\n<p class=\"\" data-start=\"1504\" data-end=\"1535\">Suuri murtolujuus: 1200 kg<\/p>\n<\/li>\n<li class=\"\" data-start=\"1536\" data-end=\"1567\">\n<p class=\"\" data-start=\"1538\" data-end=\"1567\">Suojadiodi ja ylij\u00e4nnitesuoja<\/p>\n<\/li>\n<li class=\"\" data-start=\"1568\" data-end=\"1602\">\n<p class=\"\" data-start=\"1570\" data-end=\"1602\">Sopii yksi- ja kaksoislukkoihin<\/p>\n<\/li>\n<li class=\"\" data-start=\"1603\" data-end=\"1653\">\n<p class=\"\" data-start=\"1605\" data-end=\"1653\">Kompakti, k\u00e4\u00e4nnett\u00e4v\u00e4 rakenne helpottaa asennusta<\/p>\n<\/li>\n<\/ul>","protected":false},"excerpt":{"rendered":"<p>T\u00e4\u00e4lt\u00e4 n\u00e4et, mitk\u00e4 pylv\u00e4\u00e4t ja mallit sopivat yhteen STEP-sarjan s\u00e4hk\u00f6isist\u00e4 oven pys\u00e4yttimist\u00e4.<\/p>\n<h5><strong><a href=\"https:\/\/steplock.com\/sv\/stolpguide\/#!?lang=sv&amp;blog_id=1&amp;paged=1&amp;number=50\" target=\"_blank\" rel=\"noopener\">STEP Viestiopas\u00a0<\/a><\/strong><\/h5>\n<h5><strong><a href=\"https:\/\/steplock.com\/sv\/projekteringsguide\/#!?lang=sv&amp;blog_id=1&amp;paged=1&amp;number=999\" target=\"_blank\" rel=\"noopener\">STEP-suunnitteluopas<\/a><\/strong><\/h5>","protected":false},"featured_media":140499,"template":"","meta":{"_acf_changed":false},"product_brand":[],"product_cat":[3355],"product_tag":[4198,4202],"class_list":{"0":"post-140508","1":"product","2":"type-product","3":"status-publish","4":"has-post-thumbnail","6":"product_cat-elslutbleck","7":"product_tag-12v","8":"product_tag-omstallbar-rattvand-omvand","9":"product_shipping_class-tunga-paket","10":"pa_brands-step","11":"tm-no-options","13":"first","14":"instock","15":"sale","16":"taxable","17":"shipping-taxable","18":"purchasable","19":"product-type-simple"},"acf":[],"_links":{"self":[{"href":"https:\/\/secureus.se\/fi\/wp-json\/wp\/v2\/product\/140508","targetHints":{"allow":["GET"]}}],"collection":[{"href":"https:\/\/secureus.se\/fi\/wp-json\/wp\/v2\/product"}],"about":[{"href":"https:\/\/secureus.se\/fi\/wp-json\/wp\/v2\/types\/product"}],"wp:featuredmedia":[{"embeddable":true,"href":"https:\/\/secureus.se\/fi\/wp-json\/wp\/v2\/media\/140499"}],"wp:attachment":[{"href":"https:\/\/secureus.se\/fi\/wp-json\/wp\/v2\/media?parent=140508"}],"wp:term":[{"taxonomy":"product_brand","embeddable":true,"href":"https:\/\/secureus.se\/fi\/wp-json\/wp\/v2\/product_brand?post=140508"},{"taxonomy":"product_cat","embeddable":true,"href":"https:\/\/secureus.se\/fi\/wp-json\/wp\/v2\/product_cat?post=140508"},{"taxonomy":"product_tag","embeddable":true,"href":"https:\/\/secureus.se\/fi\/wp-json\/wp\/v2\/product_tag?post=140508"}],"curies":[{"name":"wp","href":"https:\/\/api.w.org\/{rel}","templated":true}]}}