{"id":140518,"date":"2023-09-26T13:07:43","date_gmt":"2023-09-26T11:07:43","guid":{"rendered":"https:\/\/secureus.se\/elslutbleck-step-18-vanster-rattvand-12v-7mm-regel-connect\/"},"modified":"2026-03-26T09:49:54","modified_gmt":"2026-03-26T08:49:54","slug":"elslutbleck-step-18-vanster-rattvand-12v-7mm-regel-connect","status":"publish","type":"product","link":"https:\/\/secureus.se\/fi\/elslutbleck-step-18-vanster-rattvand-12v-7mm-regel-connect\/","title":{"rendered":"S\u00e4hk\u00f6inen p\u00e4\u00e4tylevy STEP 18 Vasen Oikea 12V 7mm Regel Connect"},"content":{"rendered":"<h1>S\u00e4hk\u00f6inen p\u00e4\u00e4tylevy STEP 18 Vasen Oikea 12V 7mm Regel Connect<\/h1>\n<p>STEP 18 Secure on eritt\u00e4in turvallinen s\u00e4hk\u00f6isku oikeak\u00e4tisell\u00e4 toiminnolla, joka on sovitettu vasemmalle ripustetuille oville, joissa on 7 mm:n pultti. Palohyv\u00e4ksytty E\/EI60 ja varustettu m\u00e4nt\u00e4- ja salpakoskettimella.<\/p>\n<p class=\"\" data-start=\"271\" data-end=\"613\">STEP 18 Secure on vankka ja luotettava s\u00e4hk\u00f6isku, joka tarjoaa korkeimman suojan tunkeutumiselta ymp\u00e4rist\u00f6iss\u00e4, joissa on korkeat luotettavuusvaatimukset, kuten pankeissa, viranomaisissa ja tiloissa, joissa on evakuointivaatimukset.<\/p>\n<p class=\"\" data-start=\"271\" data-end=\"613\">T\u00e4m\u00e4 s\u00e4hk\u00f6isku on suunniteltu erityisesti vasemmalle ripustetuille oville, joissa on 7 mm:n pultti Connect-sarjassa.<\/p>\n<p class=\"\" data-start=\"615\" data-end=\"941\">Oikealle suunnattu toiminto tarkoittaa, ett\u00e4 paneeli lukitaan j\u00e4nnitteett\u00f6m\u00e4\u00e4n asentoon, mik\u00e4 lis\u00e4\u00e4 turvallisuutta s\u00e4hk\u00f6katkon sattuessa.<\/p>\n<p class=\"\" data-start=\"615\" data-end=\"941\">Sis\u00e4\u00e4nrakennetun m\u00e4nt\u00e4kytkimen ja lukituskytkimen ansiosta turvallista ja luotettavaa oven asennon seurantaa \u2013 sek\u00e4 auki\/kiinni ett\u00e4 lukittu\/auki \u2013 tarjotaan liitt\u00e4mist\u00e4 varten kulunvalvontaj\u00e4rjestelmiin ja h\u00e4lyttimiin.<\/p>\n<p class=\"\" data-start=\"943\" data-end=\"1311\">STEP 18 on palosuojattu E\/EI60 asti ja sen murtolujuus on eritt\u00e4in korkea, 15 kN.<\/p>\n<p class=\"\" data-start=\"943\" data-end=\"1311\">Se on my\u00f6s testattu kest\u00e4m\u00e4\u00e4n jopa 5 kN:n nauhapainetta sek\u00e4 eteen- ett\u00e4 taaksep\u00e4in ajettaessa, joten se on ihanteellinen oville, jotka ovat alttiina paineelle tai oviautomaatiolle.<\/p>\n<p class=\"\" data-start=\"943\" data-end=\"1311\">Suojadiodi ja ylij\u00e4nnitesuoja ovat vakiona, ja tuotteen mukana toimitetaan 5 metrin halogeenivapaa liit\u00e4nt\u00e4kaapeli.<\/p>\n<p class=\"\" data-start=\"1313\" data-end=\"1341\"><strong data-start=\"1313\" data-end=\"1339\">Ominaisuudet ja edut:<\/strong><\/p>\n<ul data-start=\"1342\" data-end=\"1642\">\n<li class=\"\" data-start=\"1342\" data-end=\"1381\">\n<p class=\"\" data-start=\"1344\" data-end=\"1381\">Oikea toiminta (lukittu ilman virtaa)<\/p>\n<\/li>\n<li class=\"\" data-start=\"1382\" data-end=\"1433\">\n<p class=\"\" data-start=\"1384\" data-end=\"1433\">Vasemmalle ripustetuille oville 7 mm:n liitospultilla<\/p>\n<\/li>\n<li class=\"\" data-start=\"1434\" data-end=\"1476\">\n<p class=\"\" data-start=\"1436\" data-end=\"1476\">M\u00e4nn\u00e4n ja salpakosketin valvontaa varten<\/p>\n<\/li>\n<li class=\"\" data-start=\"1477\" data-end=\"1509\">\n<p class=\"\" data-start=\"1479\" data-end=\"1509\">Paloluokitus E\/EI60 asti<\/p>\n<\/li>\n<li class=\"\" data-start=\"1510\" data-end=\"1536\">\n<p class=\"\" data-start=\"1512\" data-end=\"1536\">Murtolujuus: 15 kN<\/p>\n<\/li>\n<li class=\"\" data-start=\"1537\" data-end=\"1568\">\n<p class=\"\" data-start=\"1539\" data-end=\"1568\">Kest\u00e4\u00e4 puristuspainetta 5 kN asti<\/p>\n<\/li>\n<li class=\"\" data-start=\"1569\" data-end=\"1607\">\n<p class=\"\" data-start=\"1571\" data-end=\"1607\">Iskunkest\u00e4v\u00e4 ja sis\u00e4\u00e4nrakennettu suojadiodi<\/p>\n<\/li>\n<li class=\"\" data-start=\"1608\" data-end=\"1642\">\n<p class=\"\" data-start=\"1610\" data-end=\"1642\">Mukana 5 metrin halogeeniton kaapeli<\/p>\n<\/li>\n<\/ul>","protected":false},"excerpt":{"rendered":"<p>T\u00e4\u00e4lt\u00e4 n\u00e4et, mitk\u00e4 pylv\u00e4\u00e4t ja mallit sopivat yhteen STEP-sarjan s\u00e4hk\u00f6isist\u00e4 oven pys\u00e4yttimist\u00e4.<\/p>\n<h5><strong><a href=\"https:\/\/steplock.com\/sv\/stolpguide\/#!?lang=sv&amp;blog_id=1&amp;paged=1&amp;number=50\" target=\"_blank\" rel=\"noopener\">STEP Viestiopas\u00a0<\/a><\/strong><\/h5>\n<h5><strong><a href=\"https:\/\/steplock.com\/sv\/projekteringsguide\/#!?lang=sv&amp;blog_id=1&amp;paged=1&amp;number=999\" target=\"_blank\" rel=\"noopener\">STEP-suunnitteluopas<\/a><\/strong><\/h5>","protected":false},"featured_media":140514,"template":"","meta":{"_acf_changed":false},"product_brand":[],"product_cat":[3355],"product_tag":[4198,4200],"class_list":{"0":"post-140518","1":"product","2":"type-product","3":"status-publish","4":"has-post-thumbnail","6":"product_cat-elslutbleck","7":"product_tag-12v","8":"product_tag-rattvand","9":"product_shipping_class-tunga-paket","10":"pa_brands-step","11":"tm-no-options","13":"first","14":"instock","15":"sale","16":"taxable","17":"shipping-taxable","18":"purchasable","19":"product-type-simple"},"acf":[],"_links":{"self":[{"href":"https:\/\/secureus.se\/fi\/wp-json\/wp\/v2\/product\/140518","targetHints":{"allow":["GET"]}}],"collection":[{"href":"https:\/\/secureus.se\/fi\/wp-json\/wp\/v2\/product"}],"about":[{"href":"https:\/\/secureus.se\/fi\/wp-json\/wp\/v2\/types\/product"}],"wp:featuredmedia":[{"embeddable":true,"href":"https:\/\/secureus.se\/fi\/wp-json\/wp\/v2\/media\/140514"}],"wp:attachment":[{"href":"https:\/\/secureus.se\/fi\/wp-json\/wp\/v2\/media?parent=140518"}],"wp:term":[{"taxonomy":"product_brand","embeddable":true,"href":"https:\/\/secureus.se\/fi\/wp-json\/wp\/v2\/product_brand?post=140518"},{"taxonomy":"product_cat","embeddable":true,"href":"https:\/\/secureus.se\/fi\/wp-json\/wp\/v2\/product_cat?post=140518"},{"taxonomy":"product_tag","embeddable":true,"href":"https:\/\/secureus.se\/fi\/wp-json\/wp\/v2\/product_tag?post=140518"}],"curies":[{"name":"wp","href":"https:\/\/api.w.org\/{rel}","templated":true}]}}