{"id":140542,"date":"2023-09-26T13:07:24","date_gmt":"2023-09-26T11:07:24","guid":{"rendered":"https:\/\/secureus.se\/elslutbleck-step-28e-vanster-omvand-12v-9mm-regel\/"},"modified":"2026-04-08T16:28:37","modified_gmt":"2026-04-08T14:28:37","slug":"elslutbleck-step-28e-vanster-omvand-12v-9mm-regel","status":"publish","type":"product","link":"https:\/\/secureus.se\/fi\/elslutbleck-step-28e-vanster-omvand-12v-9mm-regel\/","title":{"rendered":"S\u00e4hk\u00f6inen p\u00e4\u00e4tylevy STEP 28E Vasen K\u00e4\u00e4nteinen 12V 9mm s\u00e4\u00e4nt\u00f6"},"content":{"rendered":"<h1>S\u00e4hk\u00f6inen p\u00e4\u00e4tylevy STEP 28E Vasen K\u00e4\u00e4nteinen 12V 9mm s\u00e4\u00e4nt\u00f6<\/h1>\n<p>VAIHE 28E Turvallinen s\u00e4hk\u00f6isku k\u00e4\u00e4nteisell\u00e4 toiminnolla vasemmalle ripustetuille oville ja 9 mm:n m\u00e4nn\u00e4ll\u00e4 Connect-sarjassa. Paloluokka E\/EI 60. Sis. 5m kaapeli.<\/p>\n<p class=\"\" data-start=\"223\" data-end=\"636\">STEP 28E Secure Electric Strike on suunniteltu t\u00e4ytt\u00e4m\u00e4\u00e4n eritt\u00e4in korkeat turvallisuus-, evakuointi- ja paloluokitusvaatimukset.<\/p>\n<p class=\"\" data-start=\"223\" data-end=\"636\">K\u00e4\u00e4nteistoiminnolla \u2013 eli lehtien lukitus avataan s\u00e4hk\u00f6katkon sattuessa \u2013 se on ihanteellinen valinta poistumisoviin ymp\u00e4rist\u00f6iss\u00e4, joissa turvallisuudesta ei saa tinki\u00e4.<\/p>\n<p class=\"\" data-start=\"223\" data-end=\"636\">Levy on erityisesti sovitettu vasemmalle ripustetuille oville, joissa on 9 mm m\u00e4nt\u00e4 Connect-sarjassa.<\/p>\n<p class=\"\" data-start=\"638\" data-end=\"929\">Korkean yli 15 kN:n murtolujuuden ja STEPin nauhapainetekniikan ansiosta luotettava toiminta on varmistettu jopa 500 kg:n oviliuskojen paineessa.<\/p>\n<p class=\"\" data-start=\"638\" data-end=\"929\">T\u00e4m\u00e4 tekee STEP 28E:st\u00e4 sopivan asennuksiin, joissa on automaattiset ovij\u00e4rjestelm\u00e4t, vetokahvat ja SS-EN 179 mukaiset h\u00e4t\u00e4poistumislukot.<\/p>\n<p class=\"\" data-start=\"931\" data-end=\"1211\">S\u00e4hk\u00f6iskussa on sek\u00e4 m\u00e4nt\u00e4- ett\u00e4 salpakosketin, mik\u00e4 mahdollistaa oven tilan tarkan ilmaisemisen \u2013 t\u00e4ydellinen integroitavaksi h\u00e4lytys- tai kulunvalvontaj\u00e4rjestelmiin.<\/p>\n<p class=\"\" data-start=\"931\" data-end=\"1211\">Se on my\u00f6s palosuojattu E\/EI 60:n mukaan, mik\u00e4 varmistaa, ett\u00e4 se s\u00e4ilytt\u00e4\u00e4 toimintansa jopa 60 minuuttia tulipalon sattuessa.<\/p>\n<p class=\"\" data-start=\"1213\" data-end=\"1322\">Mukana tulee 5 metri\u00e4 halogeenitonta liit\u00e4nt\u00e4kaapelia ja se on peukaloinninkest\u00e4v\u00e4, mik\u00e4 parantaa k\u00e4sittelyn kestoa.<\/p>\n<p class=\"\" data-start=\"1324\" data-end=\"1352\"><strong data-start=\"1324\" data-end=\"1350\">Ominaisuudet ja edut:<\/strong><\/p>\n<ul data-start=\"1353\" data-end=\"1616\">\n<li class=\"\" data-start=\"1353\" data-end=\"1387\">\n<p class=\"\" data-start=\"1355\" data-end=\"1387\">9 mm Connect-sarjan m\u00e4nnille<\/p>\n<\/li>\n<li class=\"\" data-start=\"1388\" data-end=\"1433\">\n<p class=\"\" data-start=\"1390\" data-end=\"1433\">Peruutustoiminto \u2013 avataan s\u00e4hk\u00f6katkon sattuessa<\/p>\n<\/li>\n<li class=\"\" data-start=\"1434\" data-end=\"1462\">\n<p class=\"\" data-start=\"1436\" data-end=\"1462\">Vasen saranoiduille oville<\/p>\n<\/li>\n<li class=\"\" data-start=\"1463\" data-end=\"1485\">\n<p class=\"\" data-start=\"1465\" data-end=\"1485\">Paloluokka E\/EI 60<\/p>\n<\/li>\n<li class=\"\" data-start=\"1486\" data-end=\"1527\">\n<p class=\"\" data-start=\"1488\" data-end=\"1527\">M\u00e4nt\u00e4- ja salpakosketin ilmaisua varten<\/p>\n<\/li>\n<li class=\"\" data-start=\"1528\" data-end=\"1554\">\n<p class=\"\" data-start=\"1530\" data-end=\"1554\">Murtolujuus: 15 kN<\/p>\n<\/li>\n<li class=\"\" data-start=\"1555\" data-end=\"1585\">\n<p class=\"\" data-start=\"1557\" data-end=\"1585\">Nauhan paineenkesto: 500 kg<\/p>\n<\/li>\n<li class=\"\" data-start=\"1586\" data-end=\"1616\">\n<p class=\"\" data-start=\"1588\" data-end=\"1616\">Sis\u00e4lt\u00e4\u00e4 5 m halogeeniton kaapeli<\/p>\n<\/li>\n<\/ul>","protected":false},"excerpt":{"rendered":"<p>T\u00e4\u00e4lt\u00e4 n\u00e4et, mitk\u00e4 pylv\u00e4\u00e4t ja mallit sopivat yhteen STEP-sarjan s\u00e4hk\u00f6isist\u00e4 oven pys\u00e4yttimist\u00e4.<\/p>\n<h5><strong><a href=\"https:\/\/steplock.com\/sv\/stolpguide\/#!?lang=sv&amp;blog_id=1&amp;paged=1&amp;number=50\" target=\"_blank\" rel=\"noopener\">STEP Viestiopas\u00a0<\/a><\/strong><\/h5>\n<h5><strong><a href=\"https:\/\/steplock.com\/sv\/projekteringsguide\/#!?lang=sv&amp;blog_id=1&amp;paged=1&amp;number=999\" target=\"_blank\" rel=\"noopener\">STEP-suunnitteluopas<\/a><\/strong><\/h5>","protected":false},"featured_media":140539,"template":"","meta":{"_acf_changed":false},"product_brand":[],"product_cat":[3355],"product_tag":[4198,4201],"class_list":{"0":"post-140542","1":"product","2":"type-product","3":"status-publish","4":"has-post-thumbnail","6":"product_cat-elslutbleck","7":"product_tag-12v","8":"product_tag-omvand","9":"product_shipping_class-tunga-paket","10":"pa_brands-step","11":"tm-no-options","13":"first","14":"onbackorder","15":"sale","16":"taxable","17":"shipping-taxable","18":"purchasable","19":"product-type-simple"},"acf":[],"_links":{"self":[{"href":"https:\/\/secureus.se\/fi\/wp-json\/wp\/v2\/product\/140542","targetHints":{"allow":["GET"]}}],"collection":[{"href":"https:\/\/secureus.se\/fi\/wp-json\/wp\/v2\/product"}],"about":[{"href":"https:\/\/secureus.se\/fi\/wp-json\/wp\/v2\/types\/product"}],"wp:featuredmedia":[{"embeddable":true,"href":"https:\/\/secureus.se\/fi\/wp-json\/wp\/v2\/media\/140539"}],"wp:attachment":[{"href":"https:\/\/secureus.se\/fi\/wp-json\/wp\/v2\/media?parent=140542"}],"wp:term":[{"taxonomy":"product_brand","embeddable":true,"href":"https:\/\/secureus.se\/fi\/wp-json\/wp\/v2\/product_brand?post=140542"},{"taxonomy":"product_cat","embeddable":true,"href":"https:\/\/secureus.se\/fi\/wp-json\/wp\/v2\/product_cat?post=140542"},{"taxonomy":"product_tag","embeddable":true,"href":"https:\/\/secureus.se\/fi\/wp-json\/wp\/v2\/product_tag?post=140542"}],"curies":[{"name":"wp","href":"https:\/\/api.w.org\/{rel}","templated":true}]}}