{"id":140549,"date":"2023-09-26T13:07:21","date_gmt":"2023-09-26T11:07:21","guid":{"rendered":"https:\/\/secureus.se\/elslutbleck-step-28e-hoger-omvand-12v-7mm-regel\/"},"modified":"2026-04-08T16:22:03","modified_gmt":"2026-04-08T14:22:03","slug":"elslutbleck-step-28e-hoger-omvand-12v-7mm-regel","status":"publish","type":"product","link":"https:\/\/secureus.se\/fi\/elslutbleck-step-28e-hoger-omvand-12v-7mm-regel\/","title":{"rendered":"S\u00e4hk\u00f6inen p\u00e4\u00e4tylevy STEP 28E Oikea K\u00e4\u00e4nteinen 12V 7mm s\u00e4\u00e4nt\u00f6"},"content":{"rendered":"<h1>S\u00e4hk\u00f6inen p\u00e4\u00e4tylevy STEP 28E Oikea K\u00e4\u00e4nteinen 12V 7mm s\u00e4\u00e4nt\u00f6<\/h1>\n<p>STEP 28E Secure on k\u00e4\u00e4nteinen s\u00e4hk\u00f6isku oikealle ripustetuille oville, paloluokitus E\/EI 60.<\/p>\n<p>Sopii 7 mm:n Connect-sarjan pulttilukkoihin, jotka ovat peukaloinnin est\u00e4vi\u00e4 ja tukevat kulunvalvontaj\u00e4rjestelmi\u00e4. Sis\u00e4lt\u00e4\u00e4 5 m halogeenittoman kaapelin.<\/p>\n<p class=\"\" data-start=\"435\" data-end=\"903\">STEP 28E Secure on s\u00e4hk\u00f6isku, jolla on korkea turvallisuustaso ja peruutustoiminto \u2013 t\u00e4ydellinen oikealle ripustetuille oville ymp\u00e4rist\u00f6iss\u00e4, joissa vaaditaan sek\u00e4 palosuojausta ett\u00e4 evakuointia.<\/p>\n<p class=\"\" data-start=\"435\" data-end=\"903\">J\u00e4nnitteet\u00f6n asennossa levy on lukittu, mik\u00e4 lis\u00e4\u00e4 turvallisuutta suojausta vaativissa tiloissa my\u00f6s s\u00e4hk\u00f6katkon sattuessa.<\/p>\n<p class=\"\" data-start=\"435\" data-end=\"903\">K\u00e4ytet\u00e4\u00e4n 7 mm:n m\u00e4nn\u00e4ll\u00e4 varustetun lukkolukon tai koukkulukon kanssa, ja se sopii erityisen hyvin yhdess\u00e4 automaattisten ovij\u00e4rjestelmien ja SS-EN 179 mukaisten h\u00e4t\u00e4poistumislukkojen kanssa.<\/p>\n<p class=\"\" data-start=\"905\" data-end=\"1226\">Se on palohyv\u00e4ksytty E\/EI 60 asti ja siin\u00e4 on vahva rakenne, jonka murtolujuus on yli 15 kN.<\/p>\n<p class=\"\" data-start=\"905\" data-end=\"1226\">Merkkitoiminnot mahdollistavat s\u00e4hk\u00f6isen iskulevyn liitt\u00e4misen kulunvalvontaj\u00e4rjestelmiin, h\u00e4lytysj\u00e4rjestelmiin tai muihin valvontatoimintoihin.<\/p>\n<p class=\"\" data-start=\"905\" data-end=\"1226\">Ilmaisee sek\u00e4 oven tilan (auki\/kiinni) ett\u00e4 lukon tilan (lukittu\/auki) sis\u00e4\u00e4nrakennettujen koskettimien kautta.<\/p>\n<p class=\"\" data-start=\"1228\" data-end=\"1557\">STEP 28E Secure on my\u00f6s peukaloinninkest\u00e4v\u00e4 ja kest\u00e4\u00e4 jopa 500 kg:n painetta. Mukana tulee 5 metrin halogeeniton liit\u00e4nt\u00e4kaapeli asennuksen helpottamiseksi.<\/p>\n<p class=\"\" data-start=\"1228\" data-end=\"1557\">Tuote on SundaHusin arvioima ja hyv\u00e4ksym\u00e4 rakennustuote, mik\u00e4 tekee siit\u00e4 turvallisen valinnan my\u00f6s kest\u00e4v\u00e4n kehityksen n\u00e4k\u00f6kulmasta.<\/p>\n<p class=\"\" data-start=\"1228\" data-end=\"1557\">Tukeva rakenne ruostumattomasta ter\u00e4ksest\u00e4, mitat 230 x 35 x 40 mm.<\/p>","protected":false},"excerpt":{"rendered":"<p>T\u00e4\u00e4lt\u00e4 n\u00e4et, mitk\u00e4 pylv\u00e4\u00e4t ja mallit sopivat yhteen STEP-sarjan s\u00e4hk\u00f6isist\u00e4 oven pys\u00e4yttimist\u00e4.<\/p>\n<h5><strong><a href=\"https:\/\/steplock.com\/sv\/stolpguide\/#!?lang=sv&amp;blog_id=1&amp;paged=1&amp;number=50\" target=\"_blank\" rel=\"noopener\">STEP Viestiopas\u00a0<\/a><\/strong><\/h5>\n<h5><strong><a href=\"https:\/\/steplock.com\/sv\/projekteringsguide\/#!?lang=sv&amp;blog_id=1&amp;paged=1&amp;number=999\" target=\"_blank\" rel=\"noopener\">STEP-suunnitteluopas<\/a><\/strong><\/h5>","protected":false},"featured_media":140547,"template":"","meta":{"_acf_changed":false},"product_brand":[],"product_cat":[3355],"product_tag":[4198,4201],"class_list":{"0":"post-140549","1":"product","2":"type-product","3":"status-publish","4":"has-post-thumbnail","6":"product_cat-elslutbleck","7":"product_tag-12v","8":"product_tag-omvand","9":"product_shipping_class-tunga-paket","10":"pa_brands-step","11":"tm-no-options","13":"first","14":"onbackorder","15":"sale","16":"taxable","17":"shipping-taxable","18":"purchasable","19":"product-type-simple"},"acf":[],"_links":{"self":[{"href":"https:\/\/secureus.se\/fi\/wp-json\/wp\/v2\/product\/140549","targetHints":{"allow":["GET"]}}],"collection":[{"href":"https:\/\/secureus.se\/fi\/wp-json\/wp\/v2\/product"}],"about":[{"href":"https:\/\/secureus.se\/fi\/wp-json\/wp\/v2\/types\/product"}],"wp:featuredmedia":[{"embeddable":true,"href":"https:\/\/secureus.se\/fi\/wp-json\/wp\/v2\/media\/140547"}],"wp:attachment":[{"href":"https:\/\/secureus.se\/fi\/wp-json\/wp\/v2\/media?parent=140549"}],"wp:term":[{"taxonomy":"product_brand","embeddable":true,"href":"https:\/\/secureus.se\/fi\/wp-json\/wp\/v2\/product_brand?post=140549"},{"taxonomy":"product_cat","embeddable":true,"href":"https:\/\/secureus.se\/fi\/wp-json\/wp\/v2\/product_cat?post=140549"},{"taxonomy":"product_tag","embeddable":true,"href":"https:\/\/secureus.se\/fi\/wp-json\/wp\/v2\/product_tag?post=140549"}],"curies":[{"name":"wp","href":"https:\/\/api.w.org\/{rel}","templated":true}]}}