{"id":140571,"date":"2023-09-26T13:07:19","date_gmt":"2023-09-26T11:07:19","guid":{"rendered":"https:\/\/secureus.se\/elslutbleck-step-28e-hoger-omvand-12v-9mm-regel\/"},"modified":"2026-04-23T12:41:31","modified_gmt":"2026-04-23T10:41:31","slug":"elslutbleck-step-28e-hoger-omvand-12v-9mm-regel","status":"publish","type":"product","link":"https:\/\/secureus.se\/fi\/elslutbleck-step-28e-hoger-omvand-12v-9mm-regel\/","title":{"rendered":"S\u00e4hk\u00f6inen p\u00e4\u00e4tylevy STEP 28E Oikea K\u00e4\u00e4nteinen 12V 9mm s\u00e4\u00e4nt\u00f6"},"content":{"rendered":"<h1>S\u00e4hk\u00f6inen p\u00e4\u00e4tylevy STEP 28E Oikea K\u00e4\u00e4nteinen 12V 9mm s\u00e4\u00e4nt\u00f6<\/h1>\n<p>STEP 28E Secure on k\u00e4\u00e4nteinen s\u00e4hk\u00f6isku oikealle ripustetuille oville, joissa on 9 mm:n pulttilukitus.<\/p>\n<p>Paloluokka E\/EI 60, peukaloinnin kest\u00e4v\u00e4 ja yhteensopiva kulunvalvontaj\u00e4rjestelmien kanssa. Sis\u00e4lt\u00e4\u00e4 5 metri\u00e4 halogeenitonta kaapelia.<\/p>\n<p class=\"\" data-start=\"385\" data-end=\"783\">Electric Strike STEP 28E Secure on tehokas s\u00e4hk\u00f6isku, joka on kehitetty turvaluokiteltuihin asennuksiin, joissa tunkeutumissuojaukselle, paloturvallisuudelle ja evakuointimahdollisuudelle asetetaan korkeat vaatimukset.<\/p>\n<p class=\"\" data-start=\"385\" data-end=\"783\">Levy\u00e4 k\u00e4ytet\u00e4\u00e4n yhdess\u00e4 Connect-sarjan 9 mm m\u00e4nn\u00e4ll\u00e4 varustettujen pulttilukkojen kanssa ja se on tarkoitettu oikealle ripustetuille oville, joissa on peruutustoiminto - mik\u00e4 tarkoittaa, ett\u00e4 se on lukittu j\u00e4nnitteett\u00f6m\u00e4\u00e4n asentoon.<\/p>\n<p class=\"\" data-start=\"785\" data-end=\"1145\">Tuote on paloluokitus E\/EI 60 asti ja on siksi ihanteellinen oviymp\u00e4rist\u00f6ihin, joissa on SS-EN 179 mukaiset h\u00e4t\u00e4evakuointitoiminnot, joissa palovaatimusten, oviautomaation ja turvallisuuden yhdistelm\u00e4 on ratkaisevan t\u00e4rke\u00e4\u00e4.<\/p>\n<p class=\"\" data-start=\"785\" data-end=\"1145\">STEP 28E:ss\u00e4 on sis\u00e4\u00e4nrakennetut mikrokytkimet oven ja lukon tilan havaitsemiseksi.<\/p>\n<p class=\"\" data-start=\"785\" data-end=\"1145\">N\u00e4m\u00e4 signaalit voidaan liitt\u00e4\u00e4 kulunvalvontaj\u00e4rjestelmiin, h\u00e4lytysj\u00e4rjestelmiin tai muuhun valvontaan.<\/p>\n<p class=\"\" data-start=\"1147\" data-end=\"1475\">S\u00e4hk\u00f6iskulevyn murtolujuus on korkea, yli 15 kN, ja se toimii my\u00f6s 500 kg:n nauhapaineessa.<\/p>\n<p class=\"\" data-start=\"1147\" data-end=\"1475\">Rakenne on lujatekoinen, kest\u00e4v\u00e4 ja valmistettu ruostumattomasta ter\u00e4ksest\u00e4. Mukana tulee vakiona 5 metri\u00e4 pitk\u00e4 halogeeniton kaapeli.<\/p>\n<p class=\"\" data-start=\"1147\" data-end=\"1475\">Tuote on SundaHusin arvioima ja hyv\u00e4ksym\u00e4 rakennustuote \u2013 vahva valinta kest\u00e4v\u00e4\u00e4n rakentamiseen.<\/p>","protected":false},"excerpt":{"rendered":"<p>T\u00e4\u00e4lt\u00e4 n\u00e4et, mitk\u00e4 pylv\u00e4\u00e4t ja mallit sopivat yhteen STEP-sarjan s\u00e4hk\u00f6isist\u00e4 oven pys\u00e4yttimist\u00e4.<\/p>\n<h5><strong><a href=\"https:\/\/steplock.com\/sv\/stolpguide\/#!?lang=sv&amp;blog_id=1&amp;paged=1&amp;number=50\" target=\"_blank\" rel=\"noopener\">STEP Viestiopas\u00a0<\/a><\/strong><\/h5>\n<h5><strong><a href=\"https:\/\/steplock.com\/sv\/projekteringsguide\/#!?lang=sv&amp;blog_id=1&amp;paged=1&amp;number=999\" target=\"_blank\" rel=\"noopener\">STEP-suunnitteluopas<\/a><\/strong><\/h5>","protected":false},"featured_media":140569,"template":"","meta":{"_acf_changed":false},"product_brand":[],"product_cat":[3355],"product_tag":[4198,4201],"class_list":{"0":"post-140571","1":"product","2":"type-product","3":"status-publish","4":"has-post-thumbnail","6":"product_cat-elslutbleck","7":"product_tag-12v","8":"product_tag-omvand","9":"product_shipping_class-tunga-paket","10":"pa_brands-step","11":"tm-no-options","13":"first","14":"onbackorder","15":"sale","16":"taxable","17":"shipping-taxable","18":"purchasable","19":"product-type-simple"},"acf":[],"_links":{"self":[{"href":"https:\/\/secureus.se\/fi\/wp-json\/wp\/v2\/product\/140571","targetHints":{"allow":["GET"]}}],"collection":[{"href":"https:\/\/secureus.se\/fi\/wp-json\/wp\/v2\/product"}],"about":[{"href":"https:\/\/secureus.se\/fi\/wp-json\/wp\/v2\/types\/product"}],"wp:featuredmedia":[{"embeddable":true,"href":"https:\/\/secureus.se\/fi\/wp-json\/wp\/v2\/media\/140569"}],"wp:attachment":[{"href":"https:\/\/secureus.se\/fi\/wp-json\/wp\/v2\/media?parent=140571"}],"wp:term":[{"taxonomy":"product_brand","embeddable":true,"href":"https:\/\/secureus.se\/fi\/wp-json\/wp\/v2\/product_brand?post=140571"},{"taxonomy":"product_cat","embeddable":true,"href":"https:\/\/secureus.se\/fi\/wp-json\/wp\/v2\/product_cat?post=140571"},{"taxonomy":"product_tag","embeddable":true,"href":"https:\/\/secureus.se\/fi\/wp-json\/wp\/v2\/product_tag?post=140571"}],"curies":[{"name":"wp","href":"https:\/\/api.w.org\/{rel}","templated":true}]}}