{"id":140578,"date":"2023-09-26T13:07:13","date_gmt":"2023-09-26T11:07:13","guid":{"rendered":"https:\/\/secureus.se\/elslutbleck-step-28e-vanster-omvand-12v-12mm-regel\/"},"modified":"2026-04-23T12:41:57","modified_gmt":"2026-04-23T10:41:57","slug":"elslutbleck-step-28e-vanster-omvand-12v-12mm-regel","status":"publish","type":"product","link":"https:\/\/secureus.se\/fi\/elslutbleck-step-28e-vanster-omvand-12v-12mm-regel\/","title":{"rendered":"S\u00e4hk\u00f6inen p\u00e4\u00e4tylevy STEP 28E Vasen K\u00e4\u00e4nteinen 12V 12mm s\u00e4\u00e4nt\u00f6"},"content":{"rendered":"<h1>S\u00e4hk\u00f6inen p\u00e4\u00e4tylevy STEP 28E Vasen K\u00e4\u00e4nteinen 12V 12mm s\u00e4\u00e4nt\u00f6<\/h1>\n<p>VAIHE 28E Turvallinen s\u00e4hk\u00f6isku k\u00e4\u00e4nteisell\u00e4 toiminnolla vasemmalle ripustetuille oville. Mukautettu Modul-sarjan 12 mm m\u00e4nnille, 12V DC.<\/p>\n<p>Paloluokitus E\/EI 60 ja valmis integroitavaksi kulunvalvontaj\u00e4rjestelmiin. Mukana 5 m halogeeniton kaapeli.<\/p>\n<p class=\"\" data-start=\"413\" data-end=\"803\">S\u00e4hk\u00f6isku STEP 28E Secure on korkealaatuinen s\u00e4hk\u00f6isku, joka on suunniteltu vasemmalle ripustetuille oville, joissa turvallisuus, palosuojaus ja poistumismahdollisuus yhdistet\u00e4\u00e4n.<\/p>\n<p class=\"\" data-start=\"413\" data-end=\"803\">Sit\u00e4 k\u00e4ytet\u00e4\u00e4n yhdess\u00e4 Modul-sarjan 12 mm:n pulttilukkojen kanssa, ja siin\u00e4 on k\u00e4\u00e4nteistoiminto, joka pit\u00e4\u00e4 levyn lukittuna j\u00e4nnitteett\u00f6m\u00e4ss\u00e4 asennossa \u2013 kriittinen ominaisuus turvaluokitelluissa asennuksissa.<\/p>\n<p class=\"\" data-start=\"805\" data-end=\"1138\">STEP 28E:t\u00e4 k\u00e4ytet\u00e4\u00e4n E\/EI 60 asti paloluokituksensa ansiosta usein oviymp\u00e4rist\u00f6iss\u00e4, joissa vaaditaan standardin SS-EN 179 mukaisia h\u00e4t\u00e4poistumislukkoja yhdess\u00e4 oviautomaation tai vetokahvojen kanssa.<\/p>\n<p class=\"\" data-start=\"805\" data-end=\"1138\">Levy on varustettu mikrokytkimell\u00e4 ja kahdella osoittimella (m\u00e4nt\u00e4- ja salpakosketin) liitt\u00e4mist\u00e4 varten kulunvalvontaj\u00e4rjestelm\u00e4\u00e4n, h\u00e4lytysj\u00e4rjestelm\u00e4\u00e4n tai muuhun valvontaan.<\/p>\n<p class=\"\" data-start=\"1140\" data-end=\"1515\">Yli 15 kN:n murtolujuudella ja jopa 500 kg:n nauhapaineen kest\u00e4vyydell\u00e4 s\u00e4hk\u00f6iskulevy kest\u00e4\u00e4 jopa eritt\u00e4in vaativia ymp\u00e4rist\u00f6j\u00e4.<\/p>\n<p class=\"\" data-start=\"1140\" data-end=\"1515\">Vankka, iskunkest\u00e4v\u00e4 ruostumaton ter\u00e4srakenne takaa pitk\u00e4n k\u00e4ytt\u00f6i\u00e4n. Mukana tulee 5 metri\u00e4 halogeenitonta liit\u00e4nt\u00e4kaapelia.<\/p>\n<p class=\"\" data-start=\"1140\" data-end=\"1515\">Tuote on SundaHusin arvioima ja hyv\u00e4ksym\u00e4 rakennustuote ja se on turvallinen valinta ammattiprojekteihin.<\/p>\n<p class=\"\" data-start=\"1517\" data-end=\"1667\">STEP 28E 12 V DC k\u00e4ytt\u00f6j\u00e4nnitteell\u00e4 on ihanteellinen nykyaikaisiin turvaj\u00e4rjestelmiin, joissa korkea suorituskyky yhdistyy toimintavarmuuteen ja selke\u00e4\u00e4n tilanvalvontaan.<\/p>","protected":false},"excerpt":{"rendered":"<p>T\u00e4\u00e4lt\u00e4 n\u00e4et, mitk\u00e4 pylv\u00e4\u00e4t ja mallit sopivat yhteen STEP-sarjan s\u00e4hk\u00f6isist\u00e4 oven pys\u00e4yttimist\u00e4.<\/p>\n<h5><strong><a href=\"https:\/\/steplock.com\/sv\/stolpguide\/#!?lang=sv&amp;blog_id=1&amp;paged=1&amp;number=50\" target=\"_blank\" rel=\"noopener\">STEP Viestiopas\u00a0<\/a><\/strong><\/h5>\n<h5><strong><a href=\"https:\/\/steplock.com\/sv\/projekteringsguide\/#!?lang=sv&amp;blog_id=1&amp;paged=1&amp;number=999\" target=\"_blank\" rel=\"noopener\">STEP-suunnitteluopas<\/a><\/strong><\/h5>","protected":false},"featured_media":140575,"template":"","meta":{"_acf_changed":false},"product_brand":[],"product_cat":[3355],"product_tag":[4198,4201],"class_list":{"0":"post-140578","1":"product","2":"type-product","3":"status-publish","4":"has-post-thumbnail","6":"product_cat-elslutbleck","7":"product_tag-12v","8":"product_tag-omvand","9":"product_shipping_class-tunga-paket","10":"pa_brands-step","11":"tm-no-options","13":"first","14":"onbackorder","15":"sale","16":"taxable","17":"shipping-taxable","18":"purchasable","19":"product-type-simple"},"acf":[],"_links":{"self":[{"href":"https:\/\/secureus.se\/fi\/wp-json\/wp\/v2\/product\/140578","targetHints":{"allow":["GET"]}}],"collection":[{"href":"https:\/\/secureus.se\/fi\/wp-json\/wp\/v2\/product"}],"about":[{"href":"https:\/\/secureus.se\/fi\/wp-json\/wp\/v2\/types\/product"}],"wp:featuredmedia":[{"embeddable":true,"href":"https:\/\/secureus.se\/fi\/wp-json\/wp\/v2\/media\/140575"}],"wp:attachment":[{"href":"https:\/\/secureus.se\/fi\/wp-json\/wp\/v2\/media?parent=140578"}],"wp:term":[{"taxonomy":"product_brand","embeddable":true,"href":"https:\/\/secureus.se\/fi\/wp-json\/wp\/v2\/product_brand?post=140578"},{"taxonomy":"product_cat","embeddable":true,"href":"https:\/\/secureus.se\/fi\/wp-json\/wp\/v2\/product_cat?post=140578"},{"taxonomy":"product_tag","embeddable":true,"href":"https:\/\/secureus.se\/fi\/wp-json\/wp\/v2\/product_tag?post=140578"}],"curies":[{"name":"wp","href":"https:\/\/api.w.org\/{rel}","templated":true}]}}