{"id":140588,"date":"2023-09-26T13:07:10","date_gmt":"2023-09-26T11:07:10","guid":{"rendered":"https:\/\/secureus.se\/elslutbleck-step-18-hoger-rattvand-12v-7mm-regel-connect\/"},"modified":"2026-04-08T16:23:00","modified_gmt":"2026-04-08T14:23:00","slug":"elslutbleck-step-18-hoger-rattvand-12v-7mm-regel-connect","status":"publish","type":"product","link":"https:\/\/secureus.se\/fi\/elslutbleck-step-18-hoger-rattvand-12v-7mm-regel-connect\/","title":{"rendered":"S\u00e4hk\u00f6inen p\u00e4\u00e4tylevy STEP 18 Oikea Oikealle p\u00e4in 12V 7mm Regel Connect"},"content":{"rendered":"<h1>S\u00e4hk\u00f6inen p\u00e4\u00e4tylevy STEP 18 Oikea Oikealle p\u00e4in 12V 7mm Regel Connect<\/h1>\n<p>STEP 18 Secure on eritt\u00e4in turvallinen s\u00e4hk\u00f6inen vastalevy pulttilukkoja varten, joissa on 7 mm m\u00e4nt\u00e4 Connect-sarjassa.<\/p>\n<p>Paloluokitus E\/EI 60 asti ja murtolujuus 1500 kg, suunniteltu oville, joilla on korkeat turvallisuusvaatimukset.<\/p>\n<p class=\"\" data-start=\"381\" data-end=\"737\">STEP 18 Secure Electric Strike on eritt\u00e4in turvallinen s\u00e4hk\u00f6lukko, joka tarjoaa nopean ja kest\u00e4v\u00e4n lukituksen ja lukituksen avaamisen yhdistelm\u00e4n, joka on ihanteellinen oviin, joissa on paljon liikennett\u00e4.<\/p>\n<p class=\"\" data-start=\"381\" data-end=\"737\">7 mm:n m\u00e4nn\u00e4ll\u00e4 ja Connect-sarjan suunnittelulla se sopii t\u00e4ydellisesti turvaoviin, joita k\u00e4ytet\u00e4\u00e4n ymp\u00e4rist\u00f6iss\u00e4, joissa on tiukat turvallisuusvaatimukset, kuten vankiloissa ja pankeissa.<\/p>\n<p class=\"\" data-start=\"739\" data-end=\"1140\">Se on hyv\u00e4ksytty ovien lukitsemiseen turvallisuusluokkaan RC4 ja paloturvallisuusluokkaan E\/EI 60 asti.<\/p>\n<p class=\"\" data-start=\"739\" data-end=\"1140\">VAIHE 18 Secure on ihanteellinen k\u00e4ytett\u00e4v\u00e4ksi ovissa, joissa on evakuointivaatimukset, tai ymp\u00e4rist\u00f6iss\u00e4, joissa ovet on avattava nopeasti ja usein.<\/p>\n<p class=\"\" data-start=\"739\" data-end=\"1140\">STEP 18:n murtolujuus 15 kN (n. 1500 kg) ja kyky avautua 5 kN (n. 500 kg) nauhapaineesta huolimatta takaavat sek\u00e4 korkean turvallisuuden ett\u00e4 luotettavuuden.<\/p>\n<p class=\"\" data-start=\"1142\" data-end=\"1387\">Sis\u00e4\u00e4nrakennettu m\u00e4nt\u00e4kytkin n\u00e4ytt\u00e4\u00e4 oven tilan (kiinni\/auki) ja lukon tilan (lukittu\/auki), joten se on helppo integroida kulunvalvonta- ja h\u00e4lytysj\u00e4rjestelmiin.<\/p>\n<p class=\"\" data-start=\"1142\" data-end=\"1387\">Mukana tulee 5 metrin halogeeniton liit\u00e4nt\u00e4kaapeli asennuksen helpottamiseksi.<\/p>\n<p class=\"\" data-start=\"1389\" data-end=\"1404\"><strong data-start=\"1389\" data-end=\"1404\">Ominaisuudet:<\/strong><\/p>\n<ul data-start=\"1405\" data-end=\"1930\">\n<li class=\"\" data-start=\"1405\" data-end=\"1449\">\n<p class=\"\" data-start=\"1407\" data-end=\"1449\">Ohjauslukko 7mm m\u00e4nn\u00e4ll\u00e4 Connect-sarjassa<\/p>\n<\/li>\n<li class=\"\" data-start=\"1450\" data-end=\"1493\">\n<p class=\"\" data-start=\"1452\" data-end=\"1493\">Oikealle suunnattu toiminto (lukittu j\u00e4nnitteett\u00f6m\u00e4ss\u00e4 tilassa)<\/p>\n<\/li>\n<li class=\"\" data-start=\"1494\" data-end=\"1518\">\n<p class=\"\" data-start=\"1496\" data-end=\"1518\">Oikeanpuoleisiin oviin<\/p>\n<\/li>\n<li class=\"\" data-start=\"1519\" data-end=\"1550\">\n<p class=\"\" data-start=\"1521\" data-end=\"1550\">Palohyv\u00e4ksytty E\/EI 60 asti<\/p>\n<\/li>\n<li class=\"\" data-start=\"1551\" data-end=\"1602\">\n<p class=\"\" data-start=\"1553\" data-end=\"1602\">Mikrokytkin yksinapainen vuorotteleva, max. 30 V DC, 1 A<\/p>\n<\/li>\n<li class=\"\" data-start=\"1603\" data-end=\"1705\">\n<p class=\"\" data-start=\"1605\" data-end=\"1705\">Oven tilan (kiinni\/auki) ja lukon tilan (lukittu\/auki) n\u00e4ytt\u00f6 m\u00e4nn\u00e4n koskettimen ja salpakoskettimen kautta<\/p>\n<\/li>\n<li class=\"\" data-start=\"1706\" data-end=\"1744\">\n<p class=\"\" data-start=\"1708\" data-end=\"1744\">Sis\u00e4\u00e4nrakennettu suojadiodi lis\u00e4\u00e4 turvallisuutta<\/p>\n<\/li>\n<li class=\"\" data-start=\"1745\" data-end=\"1784\">\n<p class=\"\" data-start=\"1747\" data-end=\"1784\">Murtolujuus 15 kN (n. 1500 kg)<\/p>\n<\/li>\n<li class=\"\" data-start=\"1785\" data-end=\"1865\">\n<p class=\"\" data-start=\"1787\" data-end=\"1865\">Avautuu 5 kN (n. 500 kg) nauhapaineesta huolimatta sek\u00e4 eteen- ett\u00e4 taaksep\u00e4in-toiminnossa<\/p>\n<\/li>\n<li class=\"\" data-start=\"1866\" data-end=\"1930\">\n<p class=\"\" data-start=\"1868\" data-end=\"1930\">Iskunkest\u00e4v\u00e4 ja sis\u00e4lt\u00e4\u00e4 5 metri\u00e4 halogeenittoman liit\u00e4nt\u00e4kaapelin<\/p>\n<\/li>\n<\/ul>\n<p class=\"\" data-start=\"1932\" data-end=\"1961\"><strong data-start=\"1932\" data-end=\"1961\">Tekniset tiedot:<\/strong><\/p>\n<ul data-start=\"1962\" data-end=\"2601\">\n<li class=\"\" data-start=\"1962\" data-end=\"2053\">\n<p class=\"\" data-start=\"1964\" data-end=\"2053\">Virtal\u00e4hde: 12 V DC (+15% -10%) 639 mA lukitsematon tai 24 V DC (+15% -10%) 313 mA lukitsematon<\/p>\n<\/li>\n<li class=\"\" data-start=\"2054\" data-end=\"2118\">\n<p class=\"\" data-start=\"2056\" data-end=\"2118\">M\u00e4nn\u00e4n kosketin: Mikrokytkin yksinapainen vaihto, max. 30V DC, 1A<\/p>\n<\/li>\n<li class=\"\" data-start=\"2119\" data-end=\"2159\">\n<p class=\"\" data-start=\"2121\" data-end=\"2159\">Kest\u00e4vyys: Luokka Y standardin SS-EN 14846 mukaan<\/p>\n<\/li>\n<li class=\"\" data-start=\"2160\" data-end=\"2199\">\n<p class=\"\" data-start=\"2162\" data-end=\"2199\">Korroosio: luokka M standardin SS-EN 14846 mukaan<\/p>\n<\/li>\n<li class=\"\" data-start=\"2200\" data-end=\"2238\">\n<p class=\"\" data-start=\"2202\" data-end=\"2238\">Turvallisuus: luokka 7 standardin SS-EN 14846 mukaan<\/p>\n<\/li>\n<li class=\"\" data-start=\"2239\" data-end=\"2329\">\n<p class=\"\" data-start=\"2241\" data-end=\"2329\">Turvallinen s\u00e4hk\u00f6inen k\u00e4sittely: luokka 3 (eteenp\u00e4in) luokka 1 (k\u00e4\u00e4nteinen) standardin SS-EN 14846 mukaisesti<\/p>\n<\/li>\n<li class=\"\" data-start=\"2330\" data-end=\"2351\">\n<p class=\"\" data-start=\"2332\" data-end=\"2351\">Palotesti: 60 min<\/p>\n<\/li>\n<li class=\"\" data-start=\"2352\" data-end=\"2378\">\n<p class=\"\" data-start=\"2354\" data-end=\"2378\">Murtolujuus: 1500 kg<\/p>\n<\/li>\n<li class=\"\" data-start=\"2379\" data-end=\"2400\">\n<p class=\"\" data-start=\"2381\" data-end=\"2400\">Oven sarana: Oikea<\/p>\n<\/li>\n<li class=\"\" data-start=\"2401\" data-end=\"2455\">\n<p class=\"\" data-start=\"2403\" data-end=\"2455\">Mukana kaapeli: Kyll\u00e4, 5 metrin halogeeniton liit\u00e4nt\u00e4kaapeli<\/p>\n<\/li>\n<li class=\"\" data-start=\"2456\" data-end=\"2475\">\n<p class=\"\" data-start=\"2458\" data-end=\"2475\">Listan paine: 500 kg<\/p>\n<\/li>\n<li class=\"\" data-start=\"2476\" data-end=\"2507\">\n<p class=\"\" data-start=\"2478\" data-end=\"2507\">Lukon tyyppi: Koukkusalvan lukko, Salpalukko<\/p>\n<\/li>\n<li class=\"\" data-start=\"2508\" data-end=\"2562\">\n<p class=\"\" data-start=\"2510\" data-end=\"2562\">Tuotteen mitat: Leveys: 35 mm, Syvyys: 40 mm, Korkeus: 230 mm<\/p>\n<\/li>\n<li class=\"\" data-start=\"2563\" data-end=\"2580\">\n<p class=\"\" data-start=\"2565\" data-end=\"2580\">M\u00e4nn\u00e4n kosketin: Kyll\u00e4<\/p>\n<\/li>\n<li class=\"\" data-start=\"2581\" data-end=\"2601\">\n<p class=\"\" data-start=\"2583\" data-end=\"2601\">J\u00e4nnite AC\/DC: DC<\/p>\n<\/li>\n<\/ul>","protected":false},"excerpt":{"rendered":"<p>T\u00e4\u00e4lt\u00e4 n\u00e4et, mitk\u00e4 pylv\u00e4\u00e4t ja mallit sopivat yhteen STEP-sarjan s\u00e4hk\u00f6isist\u00e4 oven pys\u00e4yttimist\u00e4.<\/p>\n<h5><strong><a href=\"https:\/\/steplock.com\/sv\/stolpguide\/#!?lang=sv&amp;blog_id=1&amp;paged=1&amp;number=50\" target=\"_blank\" rel=\"noopener\">STEP Viestiopas\u00a0<\/a><\/strong><\/h5>\n<h5><strong><a href=\"https:\/\/steplock.com\/sv\/projekteringsguide\/#!?lang=sv&amp;blog_id=1&amp;paged=1&amp;number=999\" target=\"_blank\" rel=\"noopener\">STEP-suunnitteluopas<\/a><\/strong><\/h5>","protected":false},"featured_media":140585,"template":"","meta":{"_acf_changed":false},"product_brand":[],"product_cat":[3355],"product_tag":[4198,4200],"class_list":{"0":"post-140588","1":"product","2":"type-product","3":"status-publish","4":"has-post-thumbnail","6":"product_cat-elslutbleck","7":"product_tag-12v","8":"product_tag-rattvand","9":"product_shipping_class-tunga-paket","10":"pa_brands-step","11":"tm-no-options","13":"first","14":"onbackorder","15":"sale","16":"taxable","17":"shipping-taxable","18":"purchasable","19":"product-type-simple"},"acf":[],"_links":{"self":[{"href":"https:\/\/secureus.se\/fi\/wp-json\/wp\/v2\/product\/140588","targetHints":{"allow":["GET"]}}],"collection":[{"href":"https:\/\/secureus.se\/fi\/wp-json\/wp\/v2\/product"}],"about":[{"href":"https:\/\/secureus.se\/fi\/wp-json\/wp\/v2\/types\/product"}],"wp:featuredmedia":[{"embeddable":true,"href":"https:\/\/secureus.se\/fi\/wp-json\/wp\/v2\/media\/140585"}],"wp:attachment":[{"href":"https:\/\/secureus.se\/fi\/wp-json\/wp\/v2\/media?parent=140588"}],"wp:term":[{"taxonomy":"product_brand","embeddable":true,"href":"https:\/\/secureus.se\/fi\/wp-json\/wp\/v2\/product_brand?post=140588"},{"taxonomy":"product_cat","embeddable":true,"href":"https:\/\/secureus.se\/fi\/wp-json\/wp\/v2\/product_cat?post=140588"},{"taxonomy":"product_tag","embeddable":true,"href":"https:\/\/secureus.se\/fi\/wp-json\/wp\/v2\/product_tag?post=140588"}],"curies":[{"name":"wp","href":"https:\/\/api.w.org\/{rel}","templated":true}]}}