{"id":140596,"date":"2023-09-26T13:07:08","date_gmt":"2023-09-26T11:07:08","guid":{"rendered":"https:\/\/secureus.se\/elslutbleck-step-48-omvand-24v-kolvkontakt\/"},"modified":"2026-03-26T09:51:07","modified_gmt":"2026-03-26T08:51:07","slug":"elslutbleck-step-48-omvand-24v-kolvkontakt","status":"publish","type":"product","link":"https:\/\/secureus.se\/fi\/elslutbleck-step-48-omvand-24v-kolvkontakt\/","title":{"rendered":"S\u00e4hk\u00f6inen p\u00e4\u00e4televy STEP 48 K\u00e4\u00e4nteinen 24 V M\u00e4nn\u00e4n kosketin"},"content":{"rendered":"<h1>S\u00e4hk\u00f6inen p\u00e4\u00e4televy STEP 48 K\u00e4\u00e4nteinen 24 V M\u00e4nn\u00e4n kosketin<\/h1>\n<p>STEP 48 Preload on s\u00e4hk\u00f6isku, jossa on peruutustoiminto, joka on suunniteltu varmistamaan turvallisuus tiloissa, jotka on lukittu nupilla tai avaimella.<\/p>\n<p>Varustettu m\u00e4nt\u00e4koskettimella ja suojadiodilla sek\u00e4 murtolujuus 9 kN (n. 900 kg).<\/p>\n<p>Electric Strike STEP 48 Preload on eritt\u00e4in turvallinen s\u00e4hk\u00f6isku, joka sopii ihanteellisesti oviin tiloissa, jotka vaativat lukituksen nupilla tai avaimella.<\/p>\n<p>Lis\u00e4varmuuden ja toimivuuden lis\u00e4\u00e4miseksi on mahdollista asentaa pulttiilmaisin (ST4880), jolla voidaan est\u00e4\u00e4 oven p\u00e4\u00e4syj\u00e4rjestelm\u00e4 tai oviautomaatio, kun lukkopes\u00e4n koukku- tai suorapultti on mekaanisesti avattu.<\/p>\n<p class=\"\" data-start=\"796\" data-end=\"1152\">T\u00e4m\u00e4 s\u00e4hk\u00f6isku on varustettu STEPin patentoidulla nauhapainetekniikalla, joka mahdollistaa oven lukituksen avaamisen, vaikka siihen kohdistuisi jopa 40 kg:n paine.<\/p>\n<p class=\"\" data-start=\"796\" data-end=\"1152\">STEP 48 Preload tarjoaa sek\u00e4 turvallisuutta ett\u00e4 luotettavuutta 9 kN:n (noin 900 kg) murtolujuudella ja 0,4 kN:n (n. 40 kg) nauhapaineesta huolimatta sek\u00e4 eteen- ett\u00e4 taaksep\u00e4in ajettaessa.<\/p>\n<p class=\"\" data-start=\"1154\" data-end=\"1309\">Sis\u00e4\u00e4nrakennettu m\u00e4nt\u00e4kytkin n\u00e4ytt\u00e4\u00e4 oven tilan (kiinni\/auki), mik\u00e4 tekee siit\u00e4 helpon integroinnin kulunvalvontaj\u00e4rjestelmiin ja muihin turvaratkaisuihin.<\/p>\n<p class=\"\" data-start=\"1311\" data-end=\"1326\"><strong data-start=\"1311\" data-end=\"1326\">Ominaisuudet:<\/strong><\/p>\n<ul data-start=\"1327\" data-end=\"1745\">\n<li class=\"\" data-start=\"1327\" data-end=\"1369\">\n<p class=\"\" data-start=\"1329\" data-end=\"1369\">Peruutustoiminto (avataan j\u00e4nnitteett\u00f6m\u00e4ss\u00e4 tilassa)<\/p>\n<\/li>\n<li class=\"\" data-start=\"1370\" data-end=\"1428\">\n<p class=\"\" data-start=\"1372\" data-end=\"1428\">M\u00e4nn\u00e4n kosketin oven tilan ilmaisulla (kiinni\/auki)<\/p>\n<\/li>\n<li class=\"\" data-start=\"1429\" data-end=\"1477\">\n<p class=\"\" data-start=\"1431\" data-end=\"1477\">Sis\u00e4\u00e4nrakennettu suojadiodi lis\u00e4\u00e4 s\u00e4hk\u00f6turvallisuutta<\/p>\n<\/li>\n<li class=\"\" data-start=\"1478\" data-end=\"1515\">\n<p class=\"\" data-start=\"1480\" data-end=\"1515\">Murtolujuus 9 kN (n. 900 kg)<\/p>\n<\/li>\n<li class=\"\" data-start=\"1516\" data-end=\"1603\">\n<p class=\"\" data-start=\"1518\" data-end=\"1603\">Takaa avautumisen jopa 40 kg:n nauhapaineesta huolimatta sek\u00e4 eteen- ett\u00e4 taaksep\u00e4in -toiminnossa<\/p>\n<\/li>\n<li class=\"\" data-start=\"1604\" data-end=\"1663\">\n<p class=\"\" data-start=\"1606\" data-end=\"1663\">Nakutuksenesto ja k\u00e4\u00e4nnett\u00e4v\u00e4 sek\u00e4 oikea- ett\u00e4 vasenk\u00e4tisille oville<\/p>\n<\/li>\n<li class=\"\" data-start=\"1664\" data-end=\"1710\">\n<p class=\"\" data-start=\"1666\" data-end=\"1710\">Pystyy lukitsemaan koukkupultit tai suorat pultit<\/p>\n<\/li>\n<li class=\"\" data-start=\"1711\" data-end=\"1745\">\n<p class=\"\" data-start=\"1713\" data-end=\"1745\">Mukana 5 metrin kaapeli (halogeeniton)<\/p>\n<\/li>\n<\/ul>\n<p class=\"\" data-start=\"1747\" data-end=\"1776\"><strong data-start=\"1747\" data-end=\"1776\">Tekniset tiedot:<\/strong><\/p>\n<ul data-start=\"1777\" data-end=\"2355\">\n<li class=\"\" data-start=\"1777\" data-end=\"1884\">\n<p class=\"\" data-start=\"1779\" data-end=\"1884\">J\u00e4nnitteensy\u00f6tt\u00f6: 12 V DC (+15% -10%) 220 mAh \/ max 600 mA tai 24 V DC (+15% -10%) 110 mAh \/ max 300 mA<\/p>\n<\/li>\n<li class=\"\" data-start=\"1885\" data-end=\"1948\">\n<p class=\"\" data-start=\"1887\" data-end=\"1948\">M\u00e4nn\u00e4n kosketin: Mikrokytkin yksinapainen vuorotteleva, max. 30V DC, 1A<\/p>\n<\/li>\n<li class=\"\" data-start=\"1949\" data-end=\"1989\">\n<p class=\"\" data-start=\"1951\" data-end=\"1989\">Kest\u00e4vyys: Luokka X standardin SS-EN 14846 mukaan<\/p>\n<\/li>\n<li class=\"\" data-start=\"1990\" data-end=\"2029\">\n<p class=\"\" data-start=\"1992\" data-end=\"2029\">Korroosio: luokka M standardin SS-EN 14846 mukaan<\/p>\n<\/li>\n<li class=\"\" data-start=\"2030\" data-end=\"2068\">\n<p class=\"\" data-start=\"2032\" data-end=\"2068\">Turvallisuus: luokka 3 standardin SS-EN 14846 mukaan<\/p>\n<\/li>\n<li class=\"\" data-start=\"2069\" data-end=\"2131\">\n<p class=\"\" data-start=\"2071\" data-end=\"2131\">Turvallinen s\u00e4hk\u00f6inen k\u00e4sittely: luokka 1 standardin SS-EN 14846 mukaan<\/p>\n<\/li>\n<li class=\"\" data-start=\"2132\" data-end=\"2157\">\n<p class=\"\" data-start=\"2134\" data-end=\"2157\">Murtolujuus: 900 kg<\/p>\n<\/li>\n<li class=\"\" data-start=\"2158\" data-end=\"2188\">\n<p class=\"\" data-start=\"2160\" data-end=\"2188\">Oven sarana: Oikea, Vasen<\/p>\n<\/li>\n<li class=\"\" data-start=\"2189\" data-end=\"2207\">\n<p class=\"\" data-start=\"2191\" data-end=\"2207\">Mukana kaapeli: Ei<\/p>\n<\/li>\n<li class=\"\" data-start=\"2208\" data-end=\"2226\">\n<p class=\"\" data-start=\"2210\" data-end=\"2226\">Listan paine: 40 kg<\/p>\n<\/li>\n<li class=\"\" data-start=\"2227\" data-end=\"2262\">\n<p class=\"\" data-start=\"2229\" data-end=\"2262\">Lukon tyyppi: yksisalpalukko, kaksoissalpalukko<\/p>\n<\/li>\n<li class=\"\" data-start=\"2263\" data-end=\"2316\">\n<p class=\"\" data-start=\"2265\" data-end=\"2316\">Tuotteen mitat: Leveys: 25 mm, Syvyys: 35 mm, Korkeus: 90 mm<\/p>\n<\/li>\n<li class=\"\" data-start=\"2317\" data-end=\"2334\">\n<p class=\"\" data-start=\"2319\" data-end=\"2334\">M\u00e4nn\u00e4n kosketin: Kyll\u00e4<\/p>\n<\/li>\n<li class=\"\" data-start=\"2335\" data-end=\"2355\">\n<p class=\"\" data-start=\"2337\" data-end=\"2355\">J\u00e4nnite AC\/DC: DC<\/p>\n<\/li>\n<\/ul>","protected":false},"excerpt":{"rendered":"<p>T\u00e4\u00e4lt\u00e4 n\u00e4et, mitk\u00e4 pylv\u00e4\u00e4t ja mallit sopivat yhteen STEP-sarjan s\u00e4hk\u00f6isist\u00e4 oven pys\u00e4yttimist\u00e4.<\/p>\n<h5><strong><a href=\"https:\/\/steplock.com\/sv\/stolpguide\/#!?lang=sv&amp;blog_id=1&amp;paged=1&amp;number=50\" target=\"_blank\" rel=\"noopener\">STEP Viestiopas\u00a0<\/a><\/strong><\/h5>\n<h5><strong><a href=\"https:\/\/steplock.com\/sv\/projekteringsguide\/#!?lang=sv&amp;blog_id=1&amp;paged=1&amp;number=999\" target=\"_blank\" rel=\"noopener\">STEP-suunnitteluopas<\/a><\/strong><\/h5>","protected":false},"featured_media":140594,"template":"","meta":{"_acf_changed":false},"product_brand":[],"product_cat":[3355],"product_tag":[4197,4201],"class_list":{"0":"post-140596","1":"product","2":"type-product","3":"status-publish","4":"has-post-thumbnail","6":"product_cat-elslutbleck","7":"product_tag-24v","8":"product_tag-omvand","9":"product_shipping_class-tunga-paket","10":"pa_brands-step","11":"tm-no-options","13":"first","14":"onbackorder","15":"sale","16":"taxable","17":"shipping-taxable","18":"purchasable","19":"product-type-simple"},"acf":[],"_links":{"self":[{"href":"https:\/\/secureus.se\/fi\/wp-json\/wp\/v2\/product\/140596","targetHints":{"allow":["GET"]}}],"collection":[{"href":"https:\/\/secureus.se\/fi\/wp-json\/wp\/v2\/product"}],"about":[{"href":"https:\/\/secureus.se\/fi\/wp-json\/wp\/v2\/types\/product"}],"wp:featuredmedia":[{"embeddable":true,"href":"https:\/\/secureus.se\/fi\/wp-json\/wp\/v2\/media\/140594"}],"wp:attachment":[{"href":"https:\/\/secureus.se\/fi\/wp-json\/wp\/v2\/media?parent=140596"}],"wp:term":[{"taxonomy":"product_brand","embeddable":true,"href":"https:\/\/secureus.se\/fi\/wp-json\/wp\/v2\/product_brand?post=140596"},{"taxonomy":"product_cat","embeddable":true,"href":"https:\/\/secureus.se\/fi\/wp-json\/wp\/v2\/product_cat?post=140596"},{"taxonomy":"product_tag","embeddable":true,"href":"https:\/\/secureus.se\/fi\/wp-json\/wp\/v2\/product_tag?post=140596"}],"curies":[{"name":"wp","href":"https:\/\/api.w.org\/{rel}","templated":true}]}}