{"id":140612,"date":"2023-09-26T13:07:00","date_gmt":"2023-09-26T11:07:00","guid":{"rendered":"https:\/\/secureus.se\/elslutbleck-step-28e-vanster-omvand-24v-7mm-regel\/"},"modified":"2026-04-23T12:46:27","modified_gmt":"2026-04-23T10:46:27","slug":"elslutbleck-step-28e-vanster-omvand-24v-7mm-regel","status":"publish","type":"product","link":"https:\/\/secureus.se\/fi\/elslutbleck-step-28e-vanster-omvand-24v-7mm-regel\/","title":{"rendered":"S\u00e4hk\u00f6inen p\u00e4\u00e4tylevy STEP 28E Vasen K\u00e4\u00e4nteinen 24V 7mm s\u00e4\u00e4nt\u00f6"},"content":{"rendered":"<div>\n<h1>S\u00e4hk\u00f6inen p\u00e4\u00e4tylevy STEP 28E Vasen K\u00e4\u00e4nteinen 24V 7mm s\u00e4\u00e4nt\u00f6<\/h1>\n<p>STEP 28E Secure on Fire-hyv\u00e4ksytty s\u00e4hk\u00f6inen iskulevy pulttilukkojen 7 mm m\u00e4nn\u00e4ll\u00e4 Connect-sarjassa, suunniteltu turvallisuuteen ja evakuointiin oviautomaatiolla.<\/p>\n<p>Varustettu HPR\u00ae-teknologialla ja korkealla murtolujuudella.<\/p>\n<p class=\"\" data-start=\"404\" data-end=\"883\">STEP 28E Secure Electric Strike yhdist\u00e4\u00e4 turvallisuus-, palo- ja evakuointivaatimukset, joten se on t\u00e4ydellinen valinta asennuksiin, jotka vaativat sek\u00e4 korkeaa turvallisuutta ett\u00e4 oviautomaatiota.<\/p>\n<p class=\"\" data-start=\"404\" data-end=\"883\">Se on erityisen hy\u00f6dyllinen ovissa, jotka on avattava nopeasti ja helposti, kuten evakuoitaessa rakennuksia, joissa on korkeat palonkest\u00e4vyysvaatimukset.<\/p>\n<p class=\"\" data-start=\"404\" data-end=\"883\">STEP 28E on paloturvallinen E\/EI 60 asti, joten se on luotettava ratkaisu oviin, joiden on kestett\u00e4v\u00e4 paloa pitk\u00e4\u00e4n.<\/p>\n<p class=\"\" data-start=\"885\" data-end=\"1320\">T\u00e4t\u00e4 s\u00e4hk\u00f6iskua k\u00e4ytet\u00e4\u00e4n yhdess\u00e4 Connect-sarjan pulttilukkojen kanssa, joissa on 7 mm m\u00e4nt\u00e4, ja se tarjoaa peruutustoiminnon, jolloin ovi avataan j\u00e4nnitteett\u00f6m\u00e4ss\u00e4 asennossa.<\/p>\n<p class=\"\" data-start=\"885\" data-end=\"1320\">Sen murtolujuus on yli 15 kN (n. 1500 kg) ja se voi avautua jopa 5 kN (n. 500 kg) nauhapaineesta huolimatta.<\/p>\n<p class=\"\" data-start=\"885\" data-end=\"1320\">Siin\u00e4 on my\u00f6s sis\u00e4\u00e4nrakennettu ilmaisin oven tilasta (kiinni\/auki) ja lukon tilasta (lukittu\/auki), mik\u00e4 tekee siit\u00e4 helpon integroinnin kulunvalvonta- ja h\u00e4lytysj\u00e4rjestelmiin.<\/p>\n<p class=\"\" data-start=\"1322\" data-end=\"1337\"><strong data-start=\"1322\" data-end=\"1337\">Ominaisuudet:<\/strong><\/p>\n<ul data-start=\"1338\" data-end=\"1902\">\n<li class=\"\" data-start=\"1338\" data-end=\"1382\">\n<p class=\"\" data-start=\"1340\" data-end=\"1382\">Ohjauslukko 7mm m\u00e4nn\u00e4ll\u00e4 Connect-sarjassa<\/p>\n<\/li>\n<li class=\"\" data-start=\"1383\" data-end=\"1424\">\n<p class=\"\" data-start=\"1385\" data-end=\"1424\">Peruutustoiminto (lukittu j\u00e4nnitteett\u00f6m\u00e4\u00e4n tilaan)<\/p>\n<\/li>\n<li class=\"\" data-start=\"1425\" data-end=\"1451\">\n<p class=\"\" data-start=\"1427\" data-end=\"1451\">Vasen saranoiduille oville<\/p>\n<\/li>\n<li class=\"\" data-start=\"1452\" data-end=\"1483\">\n<p class=\"\" data-start=\"1454\" data-end=\"1483\">Palohyv\u00e4ksytty E\/EI 60 asti<\/p>\n<\/li>\n<li class=\"\" data-start=\"1484\" data-end=\"1535\">\n<p class=\"\" data-start=\"1486\" data-end=\"1535\">Mikrokytkin yksinapainen vuorotteleva, max. 30 V DC, 1 A<\/p>\n<\/li>\n<li class=\"\" data-start=\"1536\" data-end=\"1613\">\n<p class=\"\" data-start=\"1538\" data-end=\"1613\">Sis\u00e4\u00e4nrakennettu ilmaisin oven tilalle (kiinni\/auki) ja lukon tilalle (lukittu\/auki)<\/p>\n<\/li>\n<li class=\"\" data-start=\"1614\" data-end=\"1658\">\n<p class=\"\" data-start=\"1616\" data-end=\"1658\">Murtolujuus yli 15 kN (n. 1500 kg)<\/p>\n<\/li>\n<li class=\"\" data-start=\"1659\" data-end=\"1751\">\n<p class=\"\" data-start=\"1661\" data-end=\"1751\">Takaa avautumisen 5 kN (n. 500 kg) nauhapaineesta huolimatta sek\u00e4 eteen- ett\u00e4 taaksep\u00e4in-toiminnossa<\/p>\n<\/li>\n<li class=\"\" data-start=\"1752\" data-end=\"1811\">\n<p class=\"\" data-start=\"1754\" data-end=\"1811\">Nakutuksenesto ja k\u00e4\u00e4nnett\u00e4v\u00e4 sek\u00e4 oikea- ett\u00e4 vasenk\u00e4tisille oville<\/p>\n<\/li>\n<li class=\"\" data-start=\"1812\" data-end=\"1858\">\n<p class=\"\" data-start=\"1814\" data-end=\"1858\">Pystyy lukitsemaan koukkupultit tai suorat pultit<\/p>\n<\/li>\n<li class=\"\" data-start=\"1859\" data-end=\"1902\">\n<p class=\"\" data-start=\"1861\" data-end=\"1902\">Mukana 5 metrin halogeeniton liit\u00e4nt\u00e4kaapeli<\/p>\n<\/li>\n<\/ul>\n<p class=\"\" data-start=\"1904\" data-end=\"1933\"><strong data-start=\"1904\" data-end=\"1933\">Tekniset tiedot:<\/strong><\/p>\n<ul data-start=\"1934\" data-end=\"2576\">\n<li class=\"\" data-start=\"1934\" data-end=\"2026\">\n<p class=\"\" data-start=\"1936\" data-end=\"2026\">Virtal\u00e4hde: 12 V DC (+15% -10%) 1000 mA lukitsematon tai 24 V DC (+15% -10%) 500 mA lukitsematon<\/p>\n<\/li>\n<li class=\"\" data-start=\"2027\" data-end=\"2091\">\n<p class=\"\" data-start=\"2029\" data-end=\"2091\">M\u00e4nn\u00e4n kosketin: Mikrokytkin yksinapainen vaihto, max. 30V DC, 1A<\/p>\n<\/li>\n<li class=\"\" data-start=\"2092\" data-end=\"2132\">\n<p class=\"\" data-start=\"2094\" data-end=\"2132\">Kest\u00e4vyys: Luokka Y standardin SS-EN 14846 mukaan<\/p>\n<\/li>\n<li class=\"\" data-start=\"2133\" data-end=\"2172\">\n<p class=\"\" data-start=\"2135\" data-end=\"2172\">Korroosio: luokka M standardin SS-EN 14846 mukaan<\/p>\n<\/li>\n<li class=\"\" data-start=\"2173\" data-end=\"2211\">\n<p class=\"\" data-start=\"2175\" data-end=\"2211\">Turvallisuus: luokka 7 standardin SS-EN 14846 mukaan<\/p>\n<\/li>\n<li class=\"\" data-start=\"2212\" data-end=\"2302\">\n<p class=\"\" data-start=\"2214\" data-end=\"2302\">Turvallinen s\u00e4hk\u00f6inen k\u00e4sittely: luokka 3 (eteenp\u00e4in) luokka 1 (k\u00e4\u00e4nteinen) standardin SS-EN 14846 mukaisesti<\/p>\n<\/li>\n<li class=\"\" data-start=\"2303\" data-end=\"2324\">\n<p class=\"\" data-start=\"2305\" data-end=\"2324\">Palotesti: 60 min<\/p>\n<\/li>\n<li class=\"\" data-start=\"2325\" data-end=\"2351\">\n<p class=\"\" data-start=\"2327\" data-end=\"2351\">Murtolujuus: 1500 kg<\/p>\n<\/li>\n<li class=\"\" data-start=\"2352\" data-end=\"2375\">\n<p class=\"\" data-start=\"2354\" data-end=\"2375\">Oven sarana: Vasen<\/p>\n<\/li>\n<li class=\"\" data-start=\"2376\" data-end=\"2430\">\n<p class=\"\" data-start=\"2378\" data-end=\"2430\">Mukana kaapeli: Kyll\u00e4, 5 metrin halogeeniton liit\u00e4nt\u00e4kaapeli<\/p>\n<\/li>\n<li class=\"\" data-start=\"2431\" data-end=\"2450\">\n<p class=\"\" data-start=\"2433\" data-end=\"2450\">Listan paine: 500 kg<\/p>\n<\/li>\n<li class=\"\" data-start=\"2451\" data-end=\"2482\">\n<p class=\"\" data-start=\"2453\" data-end=\"2482\">Lukon tyyppi: Koukkusalvan lukko, Salpalukko<\/p>\n<\/li>\n<li class=\"\" data-start=\"2483\" data-end=\"2537\">\n<p class=\"\" data-start=\"2485\" data-end=\"2537\">Tuotteen mitat: Leveys: 35 mm, Syvyys: 40 mm, Korkeus: 230 mm<\/p>\n<\/li>\n<li class=\"\" data-start=\"2538\" data-end=\"2555\">\n<p class=\"\" data-start=\"2540\" data-end=\"2555\">M\u00e4nn\u00e4n kosketin: Kyll\u00e4<\/p>\n<\/li>\n<li class=\"\" data-start=\"2556\" data-end=\"2576\">\n<p class=\"\" data-start=\"2558\" data-end=\"2576\">J\u00e4nnite AC\/DC: DC<\/p>\n<\/li>\n<\/ul>\n<div>\n<p>&nbsp;<\/p>\n<\/div>\n<\/div>","protected":false},"excerpt":{"rendered":"<p>T\u00e4\u00e4lt\u00e4 n\u00e4et, mitk\u00e4 pylv\u00e4\u00e4t ja mallit sopivat yhteen STEP-sarjan s\u00e4hk\u00f6isist\u00e4 oven pys\u00e4yttimist\u00e4.<\/p>\n<h5><strong><a href=\"https:\/\/steplock.com\/sv\/stolpguide\/#!?lang=sv&amp;blog_id=1&amp;paged=1&amp;number=50\" target=\"_blank\" rel=\"noopener\">STEP Viestiopas\u00a0<\/a><\/strong><\/h5>\n<h5><strong><a href=\"https:\/\/steplock.com\/sv\/projekteringsguide\/#!?lang=sv&amp;blog_id=1&amp;paged=1&amp;number=999\" target=\"_blank\" rel=\"noopener\">STEP-suunnitteluopas<\/a><\/strong><\/h5>","protected":false},"featured_media":140609,"template":"","meta":{"_acf_changed":false},"product_brand":[],"product_cat":[3355],"product_tag":[4197,4201],"class_list":{"0":"post-140612","1":"product","2":"type-product","3":"status-publish","4":"has-post-thumbnail","6":"product_cat-elslutbleck","7":"product_tag-24v","8":"product_tag-omvand","9":"product_shipping_class-tunga-paket","10":"pa_brands-step","11":"tm-no-options","13":"first","14":"onbackorder","15":"sale","16":"taxable","17":"shipping-taxable","18":"purchasable","19":"product-type-simple"},"acf":[],"_links":{"self":[{"href":"https:\/\/secureus.se\/fi\/wp-json\/wp\/v2\/product\/140612","targetHints":{"allow":["GET"]}}],"collection":[{"href":"https:\/\/secureus.se\/fi\/wp-json\/wp\/v2\/product"}],"about":[{"href":"https:\/\/secureus.se\/fi\/wp-json\/wp\/v2\/types\/product"}],"wp:featuredmedia":[{"embeddable":true,"href":"https:\/\/secureus.se\/fi\/wp-json\/wp\/v2\/media\/140609"}],"wp:attachment":[{"href":"https:\/\/secureus.se\/fi\/wp-json\/wp\/v2\/media?parent=140612"}],"wp:term":[{"taxonomy":"product_brand","embeddable":true,"href":"https:\/\/secureus.se\/fi\/wp-json\/wp\/v2\/product_brand?post=140612"},{"taxonomy":"product_cat","embeddable":true,"href":"https:\/\/secureus.se\/fi\/wp-json\/wp\/v2\/product_cat?post=140612"},{"taxonomy":"product_tag","embeddable":true,"href":"https:\/\/secureus.se\/fi\/wp-json\/wp\/v2\/product_tag?post=140612"}],"curies":[{"name":"wp","href":"https:\/\/api.w.org\/{rel}","templated":true}]}}