{"id":140624,"date":"2023-09-26T13:06:58","date_gmt":"2023-09-26T11:06:58","guid":{"rendered":"https:\/\/secureus.se\/elslutbleck-step-18-vanster-omvand-24v-10mm-regel\/"},"modified":"2026-04-08T16:40:17","modified_gmt":"2026-04-08T14:40:17","slug":"elslutbleck-step-18-vanster-omvand-24v-10mm-regel","status":"publish","type":"product","link":"https:\/\/secureus.se\/fi\/elslutbleck-step-18-vanster-omvand-24v-10mm-regel\/","title":{"rendered":"S\u00e4hk\u00f6inen p\u00e4\u00e4tylevy VAIHE 18 Vasen K\u00e4\u00e4nteinen 24V 10mm s\u00e4\u00e4nt\u00f6"},"content":{"rendered":"<h1>S\u00e4hk\u00f6inen p\u00e4\u00e4tylevy VAIHE 18 Vasen K\u00e4\u00e4nteinen 24V 10mm s\u00e4\u00e4nt\u00f6<\/h1>\n<p>S\u00e4hk\u00f6iskulevy STEP 18 Secure on palosuojattu s\u00e4hk\u00f6iskulevy Modul-sarjan 10 mm m\u00e4nn\u00e4ll\u00e4 varustettuihin pulttilukkoon, joka on suunniteltu korkean tunkeutumisen eston ja pikalukituksen omaaviin turvaoviin.<\/p>\n<p class=\"\" data-start=\"415\" data-end=\"758\">STEP 18 Secure tarjoaa korkeimman turvallisuuden oville, jotka ovat alttiina vilkkaalle liikenteelle ja tiukoille turvallisuusvaatimuksille.<\/p>\n<p class=\"\" data-start=\"415\" data-end=\"758\">Se on hyv\u00e4ksytty turvaovien lukitsemiseen RC4:\u00e4\u00e4n asti ja paloturvallisuusluokitus E\/EI 60 asti, joten se on ihanteellinen ratkaisu ymp\u00e4rist\u00f6ihin, kuten vankiloihin, pankkeihin tai muihin turvapalveluihin.<\/p>\n<p class=\"\" data-start=\"760\" data-end=\"1212\">STEP 18 Secure tarjoaa sek\u00e4 kest\u00e4vyytt\u00e4 ett\u00e4 turvallisuutta 15 kN:n (noin 1500 kg) murtolujuudella ja 5 kN:n (n. 500 kg) nauhapaineesta huolimatta.<\/p>\n<p class=\"\" data-start=\"760\" data-end=\"1212\">Peruutustoiminto tarkoittaa, ett\u00e4 oven lukitus avataan j\u00e4nnitteett\u00f6m\u00e4ss\u00e4 asennossa, jolloin ovi voidaan avata tarvittaessa nopeasti.<\/p>\n<p class=\"\" data-start=\"760\" data-end=\"1212\">Sis\u00e4\u00e4nrakennettu m\u00e4nt\u00e4kytkin n\u00e4ytt\u00e4\u00e4 oven kiinni\/auki-tilan ja lukon tilan (lukittu\/auki), joten se on helppo yhdist\u00e4\u00e4 kulunvalvontaj\u00e4rjestelmiin ja h\u00e4lytysj\u00e4rjestelmiin.<\/p>\n<p class=\"\" data-start=\"1214\" data-end=\"1354\">STEP 18 Secure on my\u00f6s peukaloinninkest\u00e4v\u00e4 ulkoisten vaikutusten kest\u00e4miseksi, ja siin\u00e4 on 5 metrin halogeenivapaa liit\u00e4nt\u00e4kaapeli asennuksen helpottamiseksi.<\/p>\n<p class=\"\" data-start=\"1356\" data-end=\"1371\"><strong data-start=\"1356\" data-end=\"1371\">Ominaisuudet:<\/strong><\/p>\n<ul data-start=\"1372\" data-end=\"1907\">\n<li class=\"\" data-start=\"1372\" data-end=\"1416\">\n<p class=\"\" data-start=\"1374\" data-end=\"1416\">S\u00e4\u00e4t\u00f6lukolle 10 mm m\u00e4nn\u00e4ll\u00e4 Modul-sarjassa<\/p>\n<\/li>\n<li class=\"\" data-start=\"1417\" data-end=\"1459\">\n<p class=\"\" data-start=\"1419\" data-end=\"1459\">Peruutustoiminto (avataan j\u00e4nnitteett\u00f6m\u00e4ss\u00e4 tilassa)<\/p>\n<\/li>\n<li class=\"\" data-start=\"1460\" data-end=\"1486\">\n<p class=\"\" data-start=\"1462\" data-end=\"1486\">Vasen saranoiduille oville<\/p>\n<\/li>\n<li class=\"\" data-start=\"1487\" data-end=\"1518\">\n<p class=\"\" data-start=\"1489\" data-end=\"1518\">Palohyv\u00e4ksytty E\/EI 60 asti<\/p>\n<\/li>\n<li class=\"\" data-start=\"1519\" data-end=\"1596\">\n<p class=\"\" data-start=\"1521\" data-end=\"1596\">Sis\u00e4\u00e4nrakennettu ilmaisin oven tilalle (kiinni\/auki) ja lukon tilalle (lukittu\/auki)<\/p>\n<\/li>\n<li class=\"\" data-start=\"1597\" data-end=\"1635\">\n<p class=\"\" data-start=\"1599\" data-end=\"1635\">Sis\u00e4\u00e4nrakennettu suojadiodi lis\u00e4\u00e4 turvallisuutta<\/p>\n<\/li>\n<li class=\"\" data-start=\"1636\" data-end=\"1675\">\n<p class=\"\" data-start=\"1638\" data-end=\"1675\">Murtolujuus 15 kN (n. 1500 kg)<\/p>\n<\/li>\n<li class=\"\" data-start=\"1676\" data-end=\"1756\">\n<p class=\"\" data-start=\"1678\" data-end=\"1756\">Avautuu 5 kN (n. 500 kg) nauhapaineesta huolimatta sek\u00e4 eteen- ett\u00e4 taaksep\u00e4in-toiminnossa<\/p>\n<\/li>\n<li class=\"\" data-start=\"1757\" data-end=\"1816\">\n<p class=\"\" data-start=\"1759\" data-end=\"1816\">Nakutuksenesto ja k\u00e4\u00e4nnett\u00e4v\u00e4 sek\u00e4 oikea- ett\u00e4 vasenk\u00e4tisille oville<\/p>\n<\/li>\n<li class=\"\" data-start=\"1817\" data-end=\"1863\">\n<p class=\"\" data-start=\"1819\" data-end=\"1863\">Pystyy lukitsemaan koukkupultit tai suorat pultit<\/p>\n<\/li>\n<li class=\"\" data-start=\"1864\" data-end=\"1907\">\n<p class=\"\" data-start=\"1866\" data-end=\"1907\">Mukana 5 metrin halogeeniton liit\u00e4nt\u00e4kaapeli<\/p>\n<\/li>\n<\/ul>\n<p class=\"\" data-start=\"1909\" data-end=\"1938\"><strong data-start=\"1909\" data-end=\"1938\">Tekniset tiedot:<\/strong><\/p>\n<ul data-start=\"1939\" data-end=\"2755\">\n<li class=\"\" data-start=\"1939\" data-end=\"2030\">\n<p class=\"\" data-start=\"1941\" data-end=\"2030\">Virtal\u00e4hde: 12 V DC (+15% -10%) 639 mA lukitsematon tai 24 V DC (+15% -10%) 313 mA lukitsematon<\/p>\n<\/li>\n<li class=\"\" data-start=\"2031\" data-end=\"2095\">\n<p class=\"\" data-start=\"2033\" data-end=\"2095\">M\u00e4nn\u00e4n kosketin: Mikrokytkin yksinapainen vaihto, max. 30V DC, 1A<\/p>\n<\/li>\n<li class=\"\" data-start=\"2096\" data-end=\"2136\">\n<p class=\"\" data-start=\"2098\" data-end=\"2136\">Kest\u00e4vyys: Luokka Y standardin SS-EN 14846 mukaan<\/p>\n<\/li>\n<li class=\"\" data-start=\"2137\" data-end=\"2176\">\n<p class=\"\" data-start=\"2139\" data-end=\"2176\">Korroosio: luokka M standardin SS-EN 14846 mukaan<\/p>\n<\/li>\n<li class=\"\" data-start=\"2177\" data-end=\"2215\">\n<p class=\"\" data-start=\"2179\" data-end=\"2215\">Turvallisuus: luokka 7 standardin SS-EN 14846 mukaan<\/p>\n<\/li>\n<li class=\"\" data-start=\"2216\" data-end=\"2306\">\n<p class=\"\" data-start=\"2218\" data-end=\"2306\">Turvallinen s\u00e4hk\u00f6inen k\u00e4sittely: luokka 3 (eteenp\u00e4in) luokka 1 (k\u00e4\u00e4nteinen) standardin SS-EN 14846 mukaisesti<\/p>\n<\/li>\n<li class=\"\" data-start=\"2307\" data-end=\"2328\">\n<p class=\"\" data-start=\"2309\" data-end=\"2328\">Palotesti: 60 min<\/p>\n<\/li>\n<li class=\"\" data-start=\"2329\" data-end=\"2355\">\n<p class=\"\" data-start=\"2331\" data-end=\"2355\">Murtolujuus: 1500 kg<\/p>\n<\/li>\n<li class=\"\" data-start=\"2356\" data-end=\"2379\">\n<p class=\"\" data-start=\"2358\" data-end=\"2379\">Oven sarana: Vasen<\/p>\n<\/li>\n<li class=\"\" data-start=\"2380\" data-end=\"2434\">\n<p class=\"\" data-start=\"2382\" data-end=\"2434\">Mukana kaapeli: Kyll\u00e4, 5 metrin halogeeniton liit\u00e4nt\u00e4kaapeli<\/p>\n<\/li>\n<li class=\"\" data-start=\"2435\" data-end=\"2454\">\n<p class=\"\" data-start=\"2437\" data-end=\"2454\">Listan paine: 500 kg<\/p>\n<\/li>\n<li class=\"\" data-start=\"2455\" data-end=\"2486\">\n<p class=\"\" data-start=\"2457\" data-end=\"2486\">Lukon tyyppi: Koukkusalvan lukko, Salpalukko<\/p>\n<\/li>\n<li class=\"\" data-start=\"2487\" data-end=\"2541\">\n<p class=\"\" data-start=\"2489\" data-end=\"2541\">Tuotteen mitat: Leveys: 35 mm, Syvyys: 40 mm, Korkeus: 230 mm<\/p>\n<\/li>\n<li class=\"\" data-start=\"2542\" data-end=\"2559\">\n<p class=\"\" data-start=\"2544\" data-end=\"2559\">M\u00e4nn\u00e4n kosketin: Kyll\u00e4<\/p>\n<\/li>\n<li class=\"\" data-start=\"2560\" data-end=\"2580\">\n<p class=\"\" data-start=\"2562\" data-end=\"2580\">J\u00e4nnite AC\/DC: DC<\/p>\n<\/li>\n<li class=\"\" data-start=\"2581\" data-end=\"2603\">\n<p class=\"\" data-start=\"2583\" data-end=\"2603\">Maksimij\u00e4nnite: 27,6 V<\/p>\n<\/li>\n<li class=\"\" data-start=\"2604\" data-end=\"2626\">\n<p class=\"\" data-start=\"2606\" data-end=\"2626\">Minimij\u00e4nnite: 21,6 V<\/p>\n<\/li>\n<li class=\"\" data-start=\"2627\" data-end=\"2649\">\n<p class=\"\" data-start=\"2629\" data-end=\"2649\">Double twist drop: Ei<\/p>\n<\/li>\n<li class=\"\" data-start=\"2650\" data-end=\"2678\">\n<p class=\"\" data-start=\"2652\" data-end=\"2678\">V\u00e4ri\/viimeistely: ruostumaton ter\u00e4s<\/p>\n<\/li>\n<li class=\"\" data-start=\"2679\" data-end=\"2699\">\n<p class=\"\" data-start=\"2681\" data-end=\"2699\">Arvioidut rakennusmateriaalit: Kyll\u00e4<\/p>\n<\/li>\n<li class=\"\" data-start=\"2700\" data-end=\"2721\">\n<p class=\"\" data-start=\"2702\" data-end=\"2721\">EPD-varmennettu: Ei<\/p>\n<\/li>\n<li class=\"\" data-start=\"2722\" data-end=\"2734\">\n<p class=\"\" data-start=\"2724\" data-end=\"2734\">FINFO: Ei<\/p>\n<\/li>\n<li class=\"\" data-start=\"2735\" data-end=\"2755\">\n<p class=\"\" data-start=\"2737\" data-end=\"2755\">SundaHouse arvioitu: Kyll\u00e4<\/p>\n<\/li>\n<\/ul>","protected":false},"excerpt":{"rendered":"<p>T\u00e4\u00e4lt\u00e4 n\u00e4et, mitk\u00e4 pylv\u00e4\u00e4t ja mallit sopivat yhteen STEP-sarjan s\u00e4hk\u00f6isist\u00e4 oven pys\u00e4yttimist\u00e4.<\/p>\n<h5><strong><a href=\"https:\/\/steplock.com\/sv\/stolpguide\/#!?lang=sv&amp;blog_id=1&amp;paged=1&amp;number=50\" target=\"_blank\" rel=\"noopener\">STEP Viestiopas\u00a0<\/a><\/strong><\/h5>\n<h5><strong><a href=\"https:\/\/steplock.com\/sv\/projekteringsguide\/#!?lang=sv&amp;blog_id=1&amp;paged=1&amp;number=999\" target=\"_blank\" rel=\"noopener\">STEP-suunnitteluopas<\/a><\/strong><\/h5>","protected":false},"featured_media":140622,"template":"","meta":{"_acf_changed":false},"product_brand":[],"product_cat":[3355],"product_tag":[4197,4201],"class_list":{"0":"post-140624","1":"product","2":"type-product","3":"status-publish","4":"has-post-thumbnail","6":"product_cat-elslutbleck","7":"product_tag-24v","8":"product_tag-omvand","9":"product_shipping_class-tunga-paket","10":"pa_brands-step","11":"tm-no-options","13":"first","14":"onbackorder","15":"sale","16":"taxable","17":"shipping-taxable","18":"purchasable","19":"product-type-simple"},"acf":[],"_links":{"self":[{"href":"https:\/\/secureus.se\/fi\/wp-json\/wp\/v2\/product\/140624","targetHints":{"allow":["GET"]}}],"collection":[{"href":"https:\/\/secureus.se\/fi\/wp-json\/wp\/v2\/product"}],"about":[{"href":"https:\/\/secureus.se\/fi\/wp-json\/wp\/v2\/types\/product"}],"wp:featuredmedia":[{"embeddable":true,"href":"https:\/\/secureus.se\/fi\/wp-json\/wp\/v2\/media\/140622"}],"wp:attachment":[{"href":"https:\/\/secureus.se\/fi\/wp-json\/wp\/v2\/media?parent=140624"}],"wp:term":[{"taxonomy":"product_brand","embeddable":true,"href":"https:\/\/secureus.se\/fi\/wp-json\/wp\/v2\/product_brand?post=140624"},{"taxonomy":"product_cat","embeddable":true,"href":"https:\/\/secureus.se\/fi\/wp-json\/wp\/v2\/product_cat?post=140624"},{"taxonomy":"product_tag","embeddable":true,"href":"https:\/\/secureus.se\/fi\/wp-json\/wp\/v2\/product_tag?post=140624"}],"curies":[{"name":"wp","href":"https:\/\/api.w.org\/{rel}","templated":true}]}}