{"id":140637,"date":"2023-09-26T13:06:56","date_gmt":"2023-09-26T11:06:56","guid":{"rendered":"https:\/\/secureus.se\/elslutbleck-step-18-hoger-omvand-24v-12mm-regel\/"},"modified":"2026-04-08T16:19:58","modified_gmt":"2026-04-08T14:19:58","slug":"elslutbleck-step-18-hoger-omvand-24v-12mm-regel","status":"publish","type":"product","link":"https:\/\/secureus.se\/fi\/elslutbleck-step-18-hoger-omvand-24v-12mm-regel\/","title":{"rendered":"S\u00e4hk\u00f6inen p\u00e4\u00e4tylevy STEP 18 Oikea K\u00e4\u00e4nteinen 24V 12mm s\u00e4\u00e4nt\u00f6"},"content":{"rendered":"<h1>S\u00e4hk\u00f6inen p\u00e4\u00e4tylevy STEP 18 Oikea K\u00e4\u00e4nteinen 24V 12mm s\u00e4\u00e4nt\u00f6<\/h1>\n<p>STEP 18 Secure on palohyv\u00e4ksytty, eritt\u00e4in turvallinen s\u00e4hk\u00f6inen iskulevy Modul-sarjan 12 mm m\u00e4nn\u00e4ll\u00e4 varustettuihin pulttilukkoon, joka on suunniteltu korkean tunkeutumisen eston ja nopean lukituksen omaaviin oviin.<\/p>\n<p class=\"\" data-start=\"370\" data-end=\"730\">STEP 18 Secure Electric Strike on osa STEPin Secure-sarjaa ja tarjoaa korkeimman turvallisuuden oville, jotka ovat alttiina suurelle liikenteelle ja tiukoille turvallisuusvaatimuksille.<\/p>\n<p class=\"\" data-start=\"370\" data-end=\"730\">Hyv\u00e4ksytty turvaovien lukitsemiseen RC4:\u00e4\u00e4n asti ja paloturvallisuusluokkaan E\/EI 60 asti, se tarjoaa korkean turvallisuuden kriittisiss\u00e4 ymp\u00e4rist\u00f6iss\u00e4, kuten vankiloissa, pankeissa ja muissa turvallisuustiloissa.<\/p>\n<p class=\"\" data-start=\"732\" data-end=\"1216\">STEP 18 Securen murtolujuus on 15 kN (noin 1500 kg) ja kyky avautua 5 kN:n (n. 500 kg) nauhapaineesta huolimatta sek\u00e4 eteen- ett\u00e4 taaksep\u00e4in ajettaessa. STEP 18 Secure tarjoaa sek\u00e4 luotettavuutta ett\u00e4 turvallisuutta.<\/p>\n<p class=\"\" data-start=\"732\" data-end=\"1216\">Peruutustoiminto tarkoittaa, ett\u00e4 oven lukitus avataan j\u00e4nnitteett\u00f6m\u00e4ss\u00e4 asennossa, jolloin ovi voidaan avata tarvittaessa nopeasti.<\/p>\n<p class=\"\" data-start=\"732\" data-end=\"1216\">Sis\u00e4\u00e4nrakennettu m\u00e4nt\u00e4kosketin n\u00e4ytt\u00e4\u00e4 oven kiinni\/auki-tilan ja lukon tilan (lukittu\/auki), mik\u00e4 tekee integroinnista kulunvalvonta- ja h\u00e4lytysj\u00e4rjestelmiin helppoa.<\/p>\n<p class=\"\" data-start=\"1218\" data-end=\"1358\">STEP 18 Secure on my\u00f6s peukaloinninkest\u00e4v\u00e4 ulkoisten vaikutusten kest\u00e4miseksi, ja siin\u00e4 on 5 metrin halogeenivapaa liit\u00e4nt\u00e4kaapeli asennuksen helpottamiseksi.<\/p>\n<p class=\"\" data-start=\"1360\" data-end=\"1375\"><strong data-start=\"1360\" data-end=\"1375\">Ominaisuudet:<\/strong><\/p>\n<ul data-start=\"1376\" data-end=\"1909\">\n<li class=\"\" data-start=\"1376\" data-end=\"1420\">\n<p class=\"\" data-start=\"1378\" data-end=\"1420\">Modul-sarjan 12 mm m\u00e4nt\u00e4s\u00e4\u00e4t\u00f6lukolle<\/p>\n<\/li>\n<li class=\"\" data-start=\"1421\" data-end=\"1463\">\n<p class=\"\" data-start=\"1423\" data-end=\"1463\">Peruutustoiminto (avataan j\u00e4nnitteett\u00f6m\u00e4ss\u00e4 tilassa)<\/p>\n<\/li>\n<li class=\"\" data-start=\"1464\" data-end=\"1488\">\n<p class=\"\" data-start=\"1466\" data-end=\"1488\">Oikeanpuoleisiin oviin<\/p>\n<\/li>\n<li class=\"\" data-start=\"1489\" data-end=\"1520\">\n<p class=\"\" data-start=\"1491\" data-end=\"1520\">Palohyv\u00e4ksytty E\/EI 60 asti<\/p>\n<\/li>\n<li class=\"\" data-start=\"1521\" data-end=\"1598\">\n<p class=\"\" data-start=\"1523\" data-end=\"1598\">Sis\u00e4\u00e4nrakennettu ilmaisin oven tilalle (kiinni\/auki) ja lukon tilalle (lukittu\/auki)<\/p>\n<\/li>\n<li class=\"\" data-start=\"1599\" data-end=\"1637\">\n<p class=\"\" data-start=\"1601\" data-end=\"1637\">Sis\u00e4\u00e4nrakennettu suojadiodi lis\u00e4\u00e4 turvallisuutta<\/p>\n<\/li>\n<li class=\"\" data-start=\"1638\" data-end=\"1677\">\n<p class=\"\" data-start=\"1640\" data-end=\"1677\">Murtolujuus 15 kN (n. 1500 kg)<\/p>\n<\/li>\n<li class=\"\" data-start=\"1678\" data-end=\"1758\">\n<p class=\"\" data-start=\"1680\" data-end=\"1758\">Avautuu 5 kN (n. 500 kg) nauhapaineesta huolimatta sek\u00e4 eteen- ett\u00e4 taaksep\u00e4in-toiminnossa<\/p>\n<\/li>\n<li class=\"\" data-start=\"1759\" data-end=\"1818\">\n<p class=\"\" data-start=\"1761\" data-end=\"1818\">Nakutuksenesto ja k\u00e4\u00e4nnett\u00e4v\u00e4 sek\u00e4 oikea- ett\u00e4 vasenk\u00e4tisille oville<\/p>\n<\/li>\n<li class=\"\" data-start=\"1819\" data-end=\"1865\">\n<p class=\"\" data-start=\"1821\" data-end=\"1865\">Pystyy lukitsemaan koukkupultit tai suorat pultit<\/p>\n<\/li>\n<li class=\"\" data-start=\"1866\" data-end=\"1909\">\n<p class=\"\" data-start=\"1868\" data-end=\"1909\">Mukana 5 metrin halogeeniton liit\u00e4nt\u00e4kaapeli<\/p>\n<\/li>\n<\/ul>\n<p class=\"\" data-start=\"1911\" data-end=\"1940\"><strong data-start=\"1911\" data-end=\"1940\">Tekniset tiedot:<\/strong><\/p>\n<ul data-start=\"1941\" data-end=\"2755\">\n<li class=\"\" data-start=\"1941\" data-end=\"2032\">\n<p class=\"\" data-start=\"1943\" data-end=\"2032\">Virtal\u00e4hde: 12 V DC (+15% -10%) 639 mA lukitsematon tai 24 V DC (+15% -10%) 313 mA lukitsematon<\/p>\n<\/li>\n<li class=\"\" data-start=\"2033\" data-end=\"2097\">\n<p class=\"\" data-start=\"2035\" data-end=\"2097\">M\u00e4nn\u00e4n kosketin: Mikrokytkin yksinapainen vaihto, max. 30V DC, 1A<\/p>\n<\/li>\n<li class=\"\" data-start=\"2098\" data-end=\"2138\">\n<p class=\"\" data-start=\"2100\" data-end=\"2138\">Kest\u00e4vyys: Luokka Y standardin SS-EN 14846 mukaan<\/p>\n<\/li>\n<li class=\"\" data-start=\"2139\" data-end=\"2178\">\n<p class=\"\" data-start=\"2141\" data-end=\"2178\">Korroosio: luokka M standardin SS-EN 14846 mukaan<\/p>\n<\/li>\n<li class=\"\" data-start=\"2179\" data-end=\"2217\">\n<p class=\"\" data-start=\"2181\" data-end=\"2217\">Turvallisuus: luokka 7 standardin SS-EN 14846 mukaan<\/p>\n<\/li>\n<li class=\"\" data-start=\"2218\" data-end=\"2308\">\n<p class=\"\" data-start=\"2220\" data-end=\"2308\">Turvallinen s\u00e4hk\u00f6inen k\u00e4sittely: luokka 3 (eteenp\u00e4in) luokka 1 (k\u00e4\u00e4nteinen) standardin SS-EN 14846 mukaisesti<\/p>\n<\/li>\n<li class=\"\" data-start=\"2309\" data-end=\"2330\">\n<p class=\"\" data-start=\"2311\" data-end=\"2330\">Palotesti: 60 min<\/p>\n<\/li>\n<li class=\"\" data-start=\"2331\" data-end=\"2357\">\n<p class=\"\" data-start=\"2333\" data-end=\"2357\">Murtolujuus: 1500 kg<\/p>\n<\/li>\n<li class=\"\" data-start=\"2358\" data-end=\"2379\">\n<p class=\"\" data-start=\"2360\" data-end=\"2379\">Oven sarana: Oikea<\/p>\n<\/li>\n<li class=\"\" data-start=\"2380\" data-end=\"2434\">\n<p class=\"\" data-start=\"2382\" data-end=\"2434\">Mukana kaapeli: Kyll\u00e4, 5 metrin halogeeniton liit\u00e4nt\u00e4kaapeli<\/p>\n<\/li>\n<li class=\"\" data-start=\"2435\" data-end=\"2454\">\n<p class=\"\" data-start=\"2437\" data-end=\"2454\">Listan paine: 500 kg<\/p>\n<\/li>\n<li class=\"\" data-start=\"2455\" data-end=\"2486\">\n<p class=\"\" data-start=\"2457\" data-end=\"2486\">Lukon tyyppi: Koukkusalvan lukko, Salpalukko<\/p>\n<\/li>\n<li class=\"\" data-start=\"2487\" data-end=\"2541\">\n<p class=\"\" data-start=\"2489\" data-end=\"2541\">Tuotteen mitat: Leveys: 35 mm, Syvyys: 40 mm, Korkeus: 230 mm<\/p>\n<\/li>\n<li class=\"\" data-start=\"2542\" data-end=\"2559\">\n<p class=\"\" data-start=\"2544\" data-end=\"2559\">M\u00e4nn\u00e4n kosketin: Kyll\u00e4<\/p>\n<\/li>\n<li class=\"\" data-start=\"2560\" data-end=\"2580\">\n<p class=\"\" data-start=\"2562\" data-end=\"2580\">J\u00e4nnite AC\/DC: DC<\/p>\n<\/li>\n<li class=\"\" data-start=\"2581\" data-end=\"2603\">\n<p class=\"\" data-start=\"2583\" data-end=\"2603\">Maksimij\u00e4nnite: 27,6 V<\/p>\n<\/li>\n<li class=\"\" data-start=\"2604\" data-end=\"2626\">\n<p class=\"\" data-start=\"2606\" data-end=\"2626\">Minimij\u00e4nnite: 21,6 V<\/p>\n<\/li>\n<li class=\"\" data-start=\"2627\" data-end=\"2649\">\n<p class=\"\" data-start=\"2629\" data-end=\"2649\">Double twist drop: Ei<\/p>\n<\/li>\n<li class=\"\" data-start=\"2650\" data-end=\"2678\">\n<p class=\"\" data-start=\"2652\" data-end=\"2678\">V\u00e4ri\/viimeistely: ruostumaton ter\u00e4s<\/p>\n<\/li>\n<li class=\"\" data-start=\"2679\" data-end=\"2699\">\n<p class=\"\" data-start=\"2681\" data-end=\"2699\">Arvioidut rakennusmateriaalit: Kyll\u00e4<\/p>\n<\/li>\n<li class=\"\" data-start=\"2700\" data-end=\"2721\">\n<p class=\"\" data-start=\"2702\" data-end=\"2721\">EPD-varmennettu: Ei<\/p>\n<\/li>\n<li class=\"\" data-start=\"2722\" data-end=\"2734\">\n<p class=\"\" data-start=\"2724\" data-end=\"2734\">FINFO: Ei<\/p>\n<\/li>\n<li class=\"\" data-start=\"2735\" data-end=\"2755\">\n<p class=\"\" data-start=\"2737\" data-end=\"2755\">SundaHouse arvioitu: Kyll\u00e4<\/p>\n<\/li>\n<\/ul>","protected":false},"excerpt":{"rendered":"<p>T\u00e4\u00e4lt\u00e4 n\u00e4et, mitk\u00e4 pylv\u00e4\u00e4t ja mallit sopivat yhteen STEP-sarjan s\u00e4hk\u00f6isist\u00e4 oven pys\u00e4yttimist\u00e4.<\/p>\n<h5><strong><a href=\"https:\/\/steplock.com\/sv\/stolpguide\/#!?lang=sv&amp;blog_id=1&amp;paged=1&amp;number=50\" target=\"_blank\" rel=\"noopener\">STEP Viestiopas\u00a0<\/a><\/strong><\/h5>\n<h5><strong><a href=\"https:\/\/steplock.com\/sv\/projekteringsguide\/#!?lang=sv&amp;blog_id=1&amp;paged=1&amp;number=999\" target=\"_blank\" rel=\"noopener\">STEP-suunnitteluopas<\/a><\/strong><\/h5>","protected":false},"featured_media":140633,"template":"","meta":{"_acf_changed":false},"product_brand":[],"product_cat":[3355],"product_tag":[4197,4201],"class_list":{"0":"post-140637","1":"product","2":"type-product","3":"status-publish","4":"has-post-thumbnail","6":"product_cat-elslutbleck","7":"product_tag-24v","8":"product_tag-omvand","9":"product_shipping_class-tunga-paket","10":"pa_brands-step","11":"tm-no-options","13":"first","14":"onbackorder","15":"sale","16":"taxable","17":"shipping-taxable","18":"purchasable","19":"product-type-simple"},"acf":[],"_links":{"self":[{"href":"https:\/\/secureus.se\/fi\/wp-json\/wp\/v2\/product\/140637","targetHints":{"allow":["GET"]}}],"collection":[{"href":"https:\/\/secureus.se\/fi\/wp-json\/wp\/v2\/product"}],"about":[{"href":"https:\/\/secureus.se\/fi\/wp-json\/wp\/v2\/types\/product"}],"wp:featuredmedia":[{"embeddable":true,"href":"https:\/\/secureus.se\/fi\/wp-json\/wp\/v2\/media\/140633"}],"wp:attachment":[{"href":"https:\/\/secureus.se\/fi\/wp-json\/wp\/v2\/media?parent=140637"}],"wp:term":[{"taxonomy":"product_brand","embeddable":true,"href":"https:\/\/secureus.se\/fi\/wp-json\/wp\/v2\/product_brand?post=140637"},{"taxonomy":"product_cat","embeddable":true,"href":"https:\/\/secureus.se\/fi\/wp-json\/wp\/v2\/product_cat?post=140637"},{"taxonomy":"product_tag","embeddable":true,"href":"https:\/\/secureus.se\/fi\/wp-json\/wp\/v2\/product_tag?post=140637"}],"curies":[{"name":"wp","href":"https:\/\/api.w.org\/{rel}","templated":true}]}}