{"id":140669,"date":"2023-09-26T13:06:36","date_gmt":"2023-09-26T11:06:36","guid":{"rendered":"https:\/\/secureus.se\/elslutbleck-step-48-omvand-12v-kolvkontakt\/"},"modified":"2026-04-08T16:46:10","modified_gmt":"2026-04-08T14:46:10","slug":"elslutbleck-step-48-omvand-12v-kolvkontakt","status":"publish","type":"product","link":"https:\/\/secureus.se\/fi\/elslutbleck-step-48-omvand-12v-kolvkontakt\/","title":{"rendered":"S\u00e4hk\u00f6inen p\u00e4\u00e4televy VAIHE 48 K\u00e4\u00e4nteinen 12V M\u00e4nn\u00e4n kosketin"},"content":{"rendered":"<h1>S\u00e4hk\u00f6inen p\u00e4\u00e4televy VAIHE 48 K\u00e4\u00e4nteinen 12V M\u00e4nn\u00e4n kosketin<\/h1>\n<p>STEP 48 Preload -s\u00e4hk\u00f6isku on suunniteltu korkeaan turvallisuuteen ja luotettavaan avaamiseen jopa 40 kg:n iskunpaineella.<\/p>\n<p>Varustettu m\u00e4nt\u00e4koskettimella ja suojadiodilla lis\u00e4\u00e4 turvallisuutta.<\/p>\n<p class=\"\" data-start=\"353\" data-end=\"702\">STEP 48 Preload -s\u00e4hk\u00f6isku on ihanteellinen tiloihin, jotka on lukittava nupilla tai avaimella.<\/p>\n<p class=\"\" data-start=\"353\" data-end=\"702\">Se voidaan asentaa my\u00f6s pulttiosoittimella (ST4880), joka mahdollistaa oven p\u00e4\u00e4syj\u00e4rjestelm\u00e4n tai koodilukon lukituksen, kun lukkopes\u00e4n koukku- tai suorapultti on mekaanisesti avattu.<\/p>\n<p class=\"\" data-start=\"353\" data-end=\"702\">T\u00e4m\u00e4 lis\u00e4\u00e4 ovij\u00e4rjestelm\u00e4n turvallisuutta.<\/p>\n<p class=\"\" data-start=\"704\" data-end=\"1084\">STEPin patentoitu nauhapainetekniikka varmistaa, ett\u00e4 ovi voidaan avata jopa 40 kg:n paineen alla, mik\u00e4 tekee siit\u00e4 vankan vaihtoehdon usein avautuville oville.<\/p>\n<p class=\"\" data-start=\"704\" data-end=\"1084\">STEP 48:n murtolujuus 9 kN (n. 900 kg) ja kyky avautua my\u00f6s ovea painettaessa tarjoaa pitk\u00e4ik\u00e4isen ja luotettavan ratkaisun sek\u00e4 eteen- ett\u00e4 taaksep\u00e4in toimintoon.<\/p>\n<p class=\"\" data-start=\"1086\" data-end=\"1101\"><strong data-start=\"1086\" data-end=\"1101\">Ominaisuudet:<\/strong><\/p>\n<ul data-start=\"1102\" data-end=\"1487\">\n<li class=\"\" data-start=\"1102\" data-end=\"1144\">\n<p class=\"\" data-start=\"1104\" data-end=\"1144\">Peruutustoiminto (avataan j\u00e4nnitteett\u00f6m\u00e4ss\u00e4 tilassa)<\/p>\n<\/li>\n<li class=\"\" data-start=\"1145\" data-end=\"1200\">\n<p class=\"\" data-start=\"1147\" data-end=\"1200\">M\u00e4nn\u00e4n kosketin: Oven tilan ilmaisin (kiinni\/auki)<\/p>\n<\/li>\n<li class=\"\" data-start=\"1201\" data-end=\"1239\">\n<p class=\"\" data-start=\"1203\" data-end=\"1239\">Sis\u00e4\u00e4nrakennettu suojadiodi lis\u00e4\u00e4 turvallisuutta<\/p>\n<\/li>\n<li class=\"\" data-start=\"1240\" data-end=\"1277\">\n<p class=\"\" data-start=\"1242\" data-end=\"1277\">Murtolujuus 9 kN (n. 900 kg)<\/p>\n<\/li>\n<li class=\"\" data-start=\"1278\" data-end=\"1380\">\n<p class=\"\" data-start=\"1280\" data-end=\"1380\">Takaa avautumisen jopa 0,4 kN (n. 40 kg) nauhapaineesta huolimatta sek\u00e4 eteen- ett\u00e4 taaksep\u00e4in-toiminnossa<\/p>\n<\/li>\n<li class=\"\" data-start=\"1381\" data-end=\"1440\">\n<p class=\"\" data-start=\"1383\" data-end=\"1440\">Nakutuksenesto ja k\u00e4\u00e4nnett\u00e4v\u00e4 sek\u00e4 oikea- ett\u00e4 vasenk\u00e4tisille oville<\/p>\n<\/li>\n<li class=\"\" data-start=\"1441\" data-end=\"1487\">\n<p class=\"\" data-start=\"1443\" data-end=\"1487\">Pystyy lukitsemaan koukkupultit tai suorat pultit<\/p>\n<\/li>\n<\/ul>\n<p class=\"\" data-start=\"1489\" data-end=\"1518\"><strong data-start=\"1489\" data-end=\"1518\">Tekniset tiedot:<\/strong><\/p>\n<ul data-start=\"1519\" data-end=\"2236\">\n<li class=\"\" data-start=\"1519\" data-end=\"1548\">\n<p class=\"\" data-start=\"1521\" data-end=\"1548\">Murtolujuus max: 900 kg<\/p>\n<\/li>\n<li class=\"\" data-start=\"1549\" data-end=\"1579\">\n<p class=\"\" data-start=\"1551\" data-end=\"1579\">Oven sarana: Oikea, Vasen<\/p>\n<\/li>\n<li class=\"\" data-start=\"1580\" data-end=\"1598\">\n<p class=\"\" data-start=\"1582\" data-end=\"1598\">Mukana kaapeli: Ei<\/p>\n<\/li>\n<li class=\"\" data-start=\"1599\" data-end=\"1617\">\n<p class=\"\" data-start=\"1601\" data-end=\"1617\">Listan paine: 40 kg<\/p>\n<\/li>\n<li class=\"\" data-start=\"1618\" data-end=\"1653\">\n<p class=\"\" data-start=\"1620\" data-end=\"1653\">Lukon tyyppi: yksisalpalukko, kaksoissalpalukko<\/p>\n<\/li>\n<li class=\"\" data-start=\"1654\" data-end=\"1676\">\n<p class=\"\" data-start=\"1656\" data-end=\"1676\">Tuotteen leveys: 25 mm<\/p>\n<\/li>\n<li class=\"\" data-start=\"1677\" data-end=\"1697\">\n<p class=\"\" data-start=\"1679\" data-end=\"1697\">Arvioidut rakennusmateriaalit: Kyll\u00e4<\/p>\n<\/li>\n<li class=\"\" data-start=\"1698\" data-end=\"1719\">\n<p class=\"\" data-start=\"1700\" data-end=\"1719\">Tuotteen syvyys: 35 mm<\/p>\n<\/li>\n<li class=\"\" data-start=\"1720\" data-end=\"1748\">\n<p class=\"\" data-start=\"1722\" data-end=\"1748\">K\u00e4ytt\u00f6j\u00e4nnite 12V\/24V: 12V<\/p>\n<\/li>\n<li class=\"\" data-start=\"1749\" data-end=\"1771\">\n<p class=\"\" data-start=\"1751\" data-end=\"1771\">Double twist drop: Ei<\/p>\n<\/li>\n<li class=\"\" data-start=\"1772\" data-end=\"1793\">\n<p class=\"\" data-start=\"1774\" data-end=\"1793\">EPD-varmennettu: Ei<\/p>\n<\/li>\n<li class=\"\" data-start=\"1794\" data-end=\"1806\">\n<p class=\"\" data-start=\"1796\" data-end=\"1806\">FINFO: Ei<\/p>\n<\/li>\n<li class=\"\" data-start=\"1807\" data-end=\"1835\">\n<p class=\"\" data-start=\"1809\" data-end=\"1835\">V\u00e4ri\/viimeistely: ruostumaton ter\u00e4s<\/p>\n<\/li>\n<li class=\"\" data-start=\"1836\" data-end=\"1857\">\n<p class=\"\" data-start=\"1838\" data-end=\"1857\">Tuotteen korkeus: 90 mm<\/p>\n<\/li>\n<li class=\"\" data-start=\"1858\" data-end=\"1875\">\n<p class=\"\" data-start=\"1860\" data-end=\"1875\">M\u00e4nn\u00e4n kosketin: Kyll\u00e4<\/p>\n<\/li>\n<li class=\"\" data-start=\"1876\" data-end=\"1901\">\n<p class=\"\" data-start=\"1878\" data-end=\"1901\">Oikea\/Taakse: Taakse<\/p>\n<\/li>\n<li class=\"\" data-start=\"1902\" data-end=\"1922\">\n<p class=\"\" data-start=\"1904\" data-end=\"1922\">J\u00e4nnite AC\/DC: DC<\/p>\n<\/li>\n<li class=\"\" data-start=\"1923\" data-end=\"1945\">\n<p class=\"\" data-start=\"1925\" data-end=\"1945\">Maksimij\u00e4nnite: 27,6 V<\/p>\n<\/li>\n<li class=\"\" data-start=\"1946\" data-end=\"1968\">\n<p class=\"\" data-start=\"1948\" data-end=\"1968\">Minimij\u00e4nnite: 21,6 V<\/p>\n<\/li>\n<li class=\"\" data-start=\"1969\" data-end=\"1989\">\n<p class=\"\" data-start=\"1971\" data-end=\"1989\">SundaHouse arvioitu: Kyll\u00e4<\/p>\n<\/li>\n<li class=\"\" data-start=\"1990\" data-end=\"2053\">\n<p class=\"\" data-start=\"1992\" data-end=\"2053\">M\u00e4nn\u00e4n kosketin: Mikrokytkin yksinapainen vuorotteleva, max. 30V DC, 1A<\/p>\n<\/li>\n<li class=\"\" data-start=\"2054\" data-end=\"2094\">\n<p class=\"\" data-start=\"2056\" data-end=\"2094\">Kest\u00e4vyys: Luokka X standardin SS-EN 14846 mukaan<\/p>\n<\/li>\n<li class=\"\" data-start=\"2095\" data-end=\"2134\">\n<p class=\"\" data-start=\"2097\" data-end=\"2134\">Korroosio: luokka M standardin SS-EN 14846 mukaan<\/p>\n<\/li>\n<li class=\"\" data-start=\"2135\" data-end=\"2173\">\n<p class=\"\" data-start=\"2137\" data-end=\"2173\">Turvallisuus: luokka 3 standardin SS-EN 14846 mukaan<\/p>\n<\/li>\n<li class=\"\" data-start=\"2174\" data-end=\"2236\">\n<p class=\"\" data-start=\"2176\" data-end=\"2236\">Turvallinen s\u00e4hk\u00f6inen k\u00e4sittely: luokka 1 standardin SS-EN 14846 mukaan<\/p>\n<\/li>\n<\/ul>","protected":false},"excerpt":{"rendered":"<p>T\u00e4\u00e4lt\u00e4 n\u00e4et, mitk\u00e4 pylv\u00e4\u00e4t ja mallit sopivat yhteen STEP-sarjan s\u00e4hk\u00f6isist\u00e4 oven pys\u00e4yttimist\u00e4.<\/p>\n<h5><strong><a href=\"https:\/\/steplock.com\/sv\/stolpguide\/#!?lang=sv&amp;blog_id=1&amp;paged=1&amp;number=50\" target=\"_blank\" rel=\"noopener\">STEP Viestiopas\u00a0<\/a><\/strong><\/h5>\n<h5><strong><a href=\"https:\/\/steplock.com\/sv\/projekteringsguide\/#!?lang=sv&amp;blog_id=1&amp;paged=1&amp;number=999\" target=\"_blank\" rel=\"noopener\">STEP-suunnitteluopas<\/a><\/strong><\/h5>","protected":false},"featured_media":140668,"template":"","meta":{"_acf_changed":false},"product_brand":[],"product_cat":[3355],"product_tag":[4198,4201],"class_list":{"0":"post-140669","1":"product","2":"type-product","3":"status-publish","4":"has-post-thumbnail","6":"product_cat-elslutbleck","7":"product_tag-12v","8":"product_tag-omvand","9":"product_shipping_class-tunga-paket","10":"pa_brands-step","11":"tm-no-options","13":"first","14":"onbackorder","15":"sale","16":"taxable","17":"shipping-taxable","18":"purchasable","19":"product-type-simple"},"acf":[],"_links":{"self":[{"href":"https:\/\/secureus.se\/fi\/wp-json\/wp\/v2\/product\/140669","targetHints":{"allow":["GET"]}}],"collection":[{"href":"https:\/\/secureus.se\/fi\/wp-json\/wp\/v2\/product"}],"about":[{"href":"https:\/\/secureus.se\/fi\/wp-json\/wp\/v2\/types\/product"}],"wp:featuredmedia":[{"embeddable":true,"href":"https:\/\/secureus.se\/fi\/wp-json\/wp\/v2\/media\/140668"}],"wp:attachment":[{"href":"https:\/\/secureus.se\/fi\/wp-json\/wp\/v2\/media?parent=140669"}],"wp:term":[{"taxonomy":"product_brand","embeddable":true,"href":"https:\/\/secureus.se\/fi\/wp-json\/wp\/v2\/product_brand?post=140669"},{"taxonomy":"product_cat","embeddable":true,"href":"https:\/\/secureus.se\/fi\/wp-json\/wp\/v2\/product_cat?post=140669"},{"taxonomy":"product_tag","embeddable":true,"href":"https:\/\/secureus.se\/fi\/wp-json\/wp\/v2\/product_tag?post=140669"}],"curies":[{"name":"wp","href":"https:\/\/api.w.org\/{rel}","templated":true}]}}