{"id":140684,"date":"2023-09-26T13:06:33","date_gmt":"2023-09-26T11:06:33","guid":{"rendered":"https:\/\/secureus.se\/elslutbleck-step-48-omvand-12v\/"},"modified":"2026-04-23T12:51:00","modified_gmt":"2026-04-23T10:51:00","slug":"elslutbleck-step-48-omvand-12v","status":"publish","type":"product","link":"https:\/\/secureus.se\/fi\/elslutbleck-step-48-omvand-12v\/","title":{"rendered":"S\u00e4hk\u00f6inen p\u00e4\u00e4televy STEP 48 K\u00e4\u00e4nteinen 12V"},"content":{"rendered":"<h1>S\u00e4hk\u00f6inen p\u00e4\u00e4televy STEP 48 K\u00e4\u00e4nteinen 12V<\/h1>\n<p>STEP 48 Preload -s\u00e4hk\u00f6isku on suunniteltu varmistamaan luotettava avautuminen ymp\u00e4rist\u00f6iss\u00e4, jotka vaativat korkeaa turvallisuutta.<\/p>\n<p>STEPin patentoidulla nauhapainetekniikalla ja jopa 900 kg:n murtolujuudella varustettuna se tarjoaa luotettavan toiminnan jopa 40 kg:n paineissa.<\/p>\n<p class=\"\" data-start=\"415\" data-end=\"705\">STEP 48 Preload -s\u00e4hk\u00f6isku on t\u00e4ydellinen ratkaisu tiloihin, jotka on lukittava nupilla tai avaimella.<\/p>\n<p class=\"\" data-start=\"415\" data-end=\"705\">Se voidaan asentaa ST4880-pulttiilmaisimen kanssa est\u00e4m\u00e4\u00e4n automaattisesti p\u00e4\u00e4syj\u00e4rjestelm\u00e4t tai koodilukot, kun lukkokotelon koukkupultti tai suorapultti on avattu.<\/p>\n<p class=\"\" data-start=\"707\" data-end=\"1100\">STEPin patentoidun nauhapainetekniikan ansiosta ovi voidaan avata jopa 40 kg:n paineen alaisena, mik\u00e4 tekee siit\u00e4 kest\u00e4v\u00e4n vaihtoehdon ovij\u00e4rjestelmille, joissa on korkeat turvallisuusvaatimukset ja jatkuva k\u00e4ytt\u00f6.<\/p>\n<p class=\"\" data-start=\"707\" data-end=\"1100\">STEP 48:n murtolujuus on 9 kN (n. 900 kg), ja se on suunniteltu toimimaan sek\u00e4 eteen- ett\u00e4 taaksep\u00e4in-toiminnossa sek\u00e4 oikealle ja vasemmalle ripustetuille oville.<\/p>\n<p class=\"\" data-start=\"1102\" data-end=\"1117\"><strong data-start=\"1102\" data-end=\"1117\">Ominaisuudet:<\/strong><\/p>\n<ul data-start=\"1118\" data-end=\"1543\">\n<li class=\"\" data-start=\"1118\" data-end=\"1160\">\n<p class=\"\" data-start=\"1120\" data-end=\"1160\">Peruutustoiminto (avataan j\u00e4nnitteett\u00f6m\u00e4ss\u00e4 tilassa)<\/p>\n<\/li>\n<li class=\"\" data-start=\"1161\" data-end=\"1256\">\n<p class=\"\" data-start=\"1163\" data-end=\"1256\">Oven kiinni\/auki tunnistus (koskee tuotteita, joissa on m\u00e4nt\u00e4kosketin)<\/p>\n<\/li>\n<li class=\"\" data-start=\"1257\" data-end=\"1295\">\n<p class=\"\" data-start=\"1259\" data-end=\"1295\">Sis\u00e4\u00e4nrakennettu suojadiodi lis\u00e4\u00e4 turvallisuutta<\/p>\n<\/li>\n<li class=\"\" data-start=\"1296\" data-end=\"1333\">\n<p class=\"\" data-start=\"1298\" data-end=\"1333\">Murtolujuus 9 kN (n. 900 kg)<\/p>\n<\/li>\n<li class=\"\" data-start=\"1334\" data-end=\"1436\">\n<p class=\"\" data-start=\"1336\" data-end=\"1436\">Takaa avautumisen jopa 0,4 kN (n. 40 kg) nauhapaineesta huolimatta sek\u00e4 eteen- ett\u00e4 taaksep\u00e4in-toiminnossa<\/p>\n<\/li>\n<li class=\"\" data-start=\"1437\" data-end=\"1496\">\n<p class=\"\" data-start=\"1439\" data-end=\"1496\">Nakutuksenesto ja k\u00e4\u00e4nnett\u00e4v\u00e4 sek\u00e4 oikea- ett\u00e4 vasenk\u00e4tisille oville<\/p>\n<\/li>\n<li class=\"\" data-start=\"1497\" data-end=\"1543\">\n<p class=\"\" data-start=\"1499\" data-end=\"1543\">Pystyy lukitsemaan koukkupultit tai suorat pultit<\/p>\n<\/li>\n<\/ul>\n<p class=\"\" data-start=\"1545\" data-end=\"1574\"><strong data-start=\"1545\" data-end=\"1574\">Tekniset tiedot:<\/strong><\/p>\n<ul data-start=\"1575\" data-end=\"2046\">\n<li class=\"\" data-start=\"1575\" data-end=\"1604\">\n<p class=\"\" data-start=\"1577\" data-end=\"1604\">Murtolujuus max: 900 kg<\/p>\n<\/li>\n<li class=\"\" data-start=\"1605\" data-end=\"1635\">\n<p class=\"\" data-start=\"1607\" data-end=\"1635\">Oven sarana: Oikea, Vasen<\/p>\n<\/li>\n<li class=\"\" data-start=\"1636\" data-end=\"1654\">\n<p class=\"\" data-start=\"1638\" data-end=\"1654\">Mukana kaapeli: Ei<\/p>\n<\/li>\n<li class=\"\" data-start=\"1655\" data-end=\"1673\">\n<p class=\"\" data-start=\"1657\" data-end=\"1673\">Listan paine: 40 kg<\/p>\n<\/li>\n<li class=\"\" data-start=\"1674\" data-end=\"1709\">\n<p class=\"\" data-start=\"1676\" data-end=\"1709\">Lukon tyyppi: yksisalpalukko, kaksoissalpalukko<\/p>\n<\/li>\n<li class=\"\" data-start=\"1710\" data-end=\"1732\">\n<p class=\"\" data-start=\"1712\" data-end=\"1732\">Tuotteen leveys: 25 mm<\/p>\n<\/li>\n<li class=\"\" data-start=\"1733\" data-end=\"1753\">\n<p class=\"\" data-start=\"1735\" data-end=\"1753\">Arvioidut rakennusmateriaalit: Kyll\u00e4<\/p>\n<\/li>\n<li class=\"\" data-start=\"1754\" data-end=\"1775\">\n<p class=\"\" data-start=\"1756\" data-end=\"1775\">Tuotteen syvyys: 35 mm<\/p>\n<\/li>\n<li class=\"\" data-start=\"1776\" data-end=\"1804\">\n<p class=\"\" data-start=\"1778\" data-end=\"1804\">K\u00e4ytt\u00f6j\u00e4nnite 12V\/24V: 12V<\/p>\n<\/li>\n<li class=\"\" data-start=\"1805\" data-end=\"1827\">\n<p class=\"\" data-start=\"1807\" data-end=\"1827\">Double twist drop: Ei<\/p>\n<\/li>\n<li class=\"\" data-start=\"1828\" data-end=\"1849\">\n<p class=\"\" data-start=\"1830\" data-end=\"1849\">EPD-varmennettu: Ei<\/p>\n<\/li>\n<li class=\"\" data-start=\"1850\" data-end=\"1862\">\n<p class=\"\" data-start=\"1852\" data-end=\"1862\">FINFO: Ei<\/p>\n<\/li>\n<li class=\"\" data-start=\"1863\" data-end=\"1891\">\n<p class=\"\" data-start=\"1865\" data-end=\"1891\">V\u00e4ri\/viimeistely: ruostumaton ter\u00e4s<\/p>\n<\/li>\n<li class=\"\" data-start=\"1892\" data-end=\"1913\">\n<p class=\"\" data-start=\"1894\" data-end=\"1913\">Tuotteen korkeus: 90 mm<\/p>\n<\/li>\n<li class=\"\" data-start=\"1914\" data-end=\"1932\">\n<p class=\"\" data-start=\"1916\" data-end=\"1932\">M\u00e4nn\u00e4n kosketin: Ei<\/p>\n<\/li>\n<li class=\"\" data-start=\"1933\" data-end=\"1958\">\n<p class=\"\" data-start=\"1935\" data-end=\"1958\">Oikea\/Taakse: Taakse<\/p>\n<\/li>\n<li class=\"\" data-start=\"1959\" data-end=\"1979\">\n<p class=\"\" data-start=\"1961\" data-end=\"1979\">J\u00e4nnite AC\/DC: DC<\/p>\n<\/li>\n<li class=\"\" data-start=\"1980\" data-end=\"2002\">\n<p class=\"\" data-start=\"1982\" data-end=\"2002\">Maksimij\u00e4nnite: 27,6 V<\/p>\n<\/li>\n<li class=\"\" data-start=\"2003\" data-end=\"2025\">\n<p class=\"\" data-start=\"2005\" data-end=\"2025\">Minimij\u00e4nnite: 21,6 V<\/p>\n<\/li>\n<li class=\"\" data-start=\"2026\" data-end=\"2046\">\n<p class=\"\" data-start=\"2028\" data-end=\"2046\">SundaHouse arvioitu: Kyll\u00e4<\/p>\n<\/li>\n<\/ul>","protected":false},"excerpt":{"rendered":"<p>T\u00e4\u00e4lt\u00e4 n\u00e4et, mitk\u00e4 pylv\u00e4\u00e4t ja mallit sopivat yhteen STEP-sarjan s\u00e4hk\u00f6isist\u00e4 oven pys\u00e4yttimist\u00e4.<\/p>\n<h5><strong><a href=\"https:\/\/steplock.com\/sv\/stolpguide\/#!?lang=sv&amp;blog_id=1&amp;paged=1&amp;number=50\" target=\"_blank\" rel=\"noopener\">STEP Viestiopas\u00a0<\/a><\/strong><\/h5>\n<h5><strong><a href=\"https:\/\/steplock.com\/sv\/projekteringsguide\/#!?lang=sv&amp;blog_id=1&amp;paged=1&amp;number=999\" target=\"_blank\" rel=\"noopener\">STEP-suunnitteluopas<\/a><\/strong><\/h5>","protected":false},"featured_media":140682,"template":"","meta":{"_acf_changed":false},"product_brand":[],"product_cat":[3355],"product_tag":[4198,4201],"class_list":{"0":"post-140684","1":"product","2":"type-product","3":"status-publish","4":"has-post-thumbnail","6":"product_cat-elslutbleck","7":"product_tag-12v","8":"product_tag-omvand","9":"product_shipping_class-tunga-paket","10":"pa_brands-step","11":"tm-no-options","13":"first","14":"onbackorder","15":"sale","16":"taxable","17":"shipping-taxable","18":"purchasable","19":"product-type-simple"},"acf":[],"_links":{"self":[{"href":"https:\/\/secureus.se\/fi\/wp-json\/wp\/v2\/product\/140684","targetHints":{"allow":["GET"]}}],"collection":[{"href":"https:\/\/secureus.se\/fi\/wp-json\/wp\/v2\/product"}],"about":[{"href":"https:\/\/secureus.se\/fi\/wp-json\/wp\/v2\/types\/product"}],"wp:featuredmedia":[{"embeddable":true,"href":"https:\/\/secureus.se\/fi\/wp-json\/wp\/v2\/media\/140682"}],"wp:attachment":[{"href":"https:\/\/secureus.se\/fi\/wp-json\/wp\/v2\/media?parent=140684"}],"wp:term":[{"taxonomy":"product_brand","embeddable":true,"href":"https:\/\/secureus.se\/fi\/wp-json\/wp\/v2\/product_brand?post=140684"},{"taxonomy":"product_cat","embeddable":true,"href":"https:\/\/secureus.se\/fi\/wp-json\/wp\/v2\/product_cat?post=140684"},{"taxonomy":"product_tag","embeddable":true,"href":"https:\/\/secureus.se\/fi\/wp-json\/wp\/v2\/product_tag?post=140684"}],"curies":[{"name":"wp","href":"https:\/\/api.w.org\/{rel}","templated":true}]}}