{"id":140705,"date":"2023-09-26T13:06:22","date_gmt":"2023-09-26T11:06:22","guid":{"rendered":"https:\/\/secureus.se\/elslutbleck-step-98-omvand-12v-kolvkontakt\/"},"modified":"2026-03-26T10:05:42","modified_gmt":"2026-03-26T09:05:42","slug":"elslutbleck-step-98-omvand-12v-kolvkontakt","status":"publish","type":"product","link":"https:\/\/secureus.se\/fi\/elslutbleck-step-98-omvand-12v-kolvkontakt\/","title":{"rendered":"S\u00e4hk\u00f6inen p\u00e4\u00e4televy STEP 98 K\u00e4\u00e4nteinen 12V M\u00e4nn\u00e4n kosketin"},"content":{"rendered":"<div>\n<h1>S\u00e4hk\u00f6inen p\u00e4\u00e4televy STEP 98 K\u00e4\u00e4nteinen 12V M\u00e4nn\u00e4n kosketin<\/h1>\n<p>Electric Strike STEP 98 Preload HPR on palohyv\u00e4ksytty s\u00e4hk\u00f6isku, jolla on korkea turvallisuus ja luotettava toiminta oville, jotka vaativat korkeaa tunkeutumiskest\u00e4vyytt\u00e4.<\/p>\n<p class=\"\" data-start=\"316\" data-end=\"845\">STEP 98 Preload HPR on palosuojattu s\u00e4hk\u00f6isku, joka on suunniteltu tiloihin, jotka on lukittava nupilla tai avaimella.<\/p>\n<p class=\"\" data-start=\"316\" data-end=\"845\">Se kuuluu STEPin Preload-sarjaan ja on erityisesti sovitettu oviin, jotka vaativat korkeaa k\u00e4ytt\u00f6varmuutta ja pitk\u00e4\u00e4 k\u00e4ytt\u00f6ik\u00e4\u00e4.<\/p>\n<p class=\"\" data-start=\"316\" data-end=\"845\">STEP 98 Preload k\u00e4ytt\u00e4\u00e4 patentoitua nauhapainetekniikkaa, jonka ansiosta ovi avautuu aina jopa 40 kg:n paineella.<\/p>\n<p class=\"\" data-start=\"316\" data-end=\"845\">Lis\u00e4ksi s\u00e4hk\u00f6iskulevy on sertifioitu palonkest\u00e4vyyteen E\/EI 120 asti standardin SS-EN 14846:2008 mukaisesti, mik\u00e4 lis\u00e4\u00e4 turvallisuutta.<\/p>\n<p class=\"\" data-start=\"847\" data-end=\"1186\">Tuotteessa on peruutustoiminto, jossa oven lukitus avataan j\u00e4nnitteett\u00f6m\u00e4ss\u00e4 asennossa, ja se on varustettu m\u00e4nt\u00e4kytkimell\u00e4, joka osoittaa, onko ovi kiinni\/auki.<\/p>\n<p class=\"\" data-start=\"847\" data-end=\"1186\">Se on my\u00f6s k\u00e4\u00e4nnett\u00e4viss\u00e4 sek\u00e4 oikean- ett\u00e4 vasemmanpuoleisiin oviin.<\/p>\n<p class=\"\" data-start=\"847\" data-end=\"1186\">VAIHE 98 Esikuormitus pystyy lukitsemaan koukkupultteja tai suoria pultteja, ja sit\u00e4 voidaan k\u00e4ytt\u00e4\u00e4 sek\u00e4 yksisalpa- ett\u00e4 kaksoissalpalukkojen kanssa.<\/p>\n<div>\n<div>\n<p class=\"\" data-start=\"1188\" data-end=\"1205\"><strong data-start=\"1188\" data-end=\"1202\">Ominaisuudet<\/strong>:<\/p>\n<ul data-start=\"1206\" data-end=\"1615\">\n<li class=\"\" data-start=\"1206\" data-end=\"1250\">\n<p class=\"\" data-start=\"1208\" data-end=\"1250\">Peruutustoiminto (avataan j\u00e4nnitteett\u00f6m\u00e4ss\u00e4 tilassa)<\/p>\n<\/li>\n<li class=\"\" data-start=\"1251\" data-end=\"1321\">\n<p class=\"\" data-start=\"1253\" data-end=\"1321\">M\u00e4nn\u00e4n kosketin: Oven tilan tunnistus (kiinni\/auki)<\/p>\n<\/li>\n<li class=\"\" data-start=\"1322\" data-end=\"1390\">\n<p class=\"\" data-start=\"1324\" data-end=\"1390\">Palohyv\u00e4ksytty E\/EI 120 asti (120 min) standardin SS-EN 14846:2008 mukaisesti<\/p>\n<\/li>\n<li class=\"\" data-start=\"1391\" data-end=\"1427\">\n<p class=\"\" data-start=\"1393\" data-end=\"1427\">Murtolujuus 9 kN (n. 900 kg)<\/p>\n<\/li>\n<li class=\"\" data-start=\"1428\" data-end=\"1509\">\n<p class=\"\" data-start=\"1430\" data-end=\"1509\">Jopa 40 kg:n nauhapaine takaa avautumisen eteen- ja taaksep\u00e4in-toiminnoissa<\/p>\n<\/li>\n<li class=\"\" data-start=\"1510\" data-end=\"1525\">\n<p class=\"\" data-start=\"1512\" data-end=\"1525\">Nakutuksenesto<\/p>\n<\/li>\n<li class=\"\" data-start=\"1526\" data-end=\"1566\">\n<p class=\"\" data-start=\"1528\" data-end=\"1566\">K\u00e4\u00e4nnett\u00e4v\u00e4 oikealle ja vasemmalle ovelle<\/p>\n<\/li>\n<li class=\"\" data-start=\"1567\" data-end=\"1615\">\n<p class=\"\" data-start=\"1569\" data-end=\"1615\">Pystyy lukitsemaan koukkupultit tai suorat pultit<\/p>\n<\/li>\n<\/ul>\n<p class=\"\" data-start=\"1617\" data-end=\"1648\"><strong data-start=\"1617\" data-end=\"1645\">Tekniset tiedot<\/strong>:<\/p>\n<ul data-start=\"1649\" data-end=\"2239\">\n<li class=\"\" data-start=\"1649\" data-end=\"1684\">\n<p class=\"\" data-start=\"1651\" data-end=\"1684\"><strong data-start=\"1651\" data-end=\"1674\">Murtolujuus max<\/strong>paino: 900 kg<\/p>\n<\/li>\n<li class=\"\" data-start=\"1685\" data-end=\"1721\">\n<p class=\"\" data-start=\"1687\" data-end=\"1721\"><strong data-start=\"1687\" data-end=\"1703\">Ovi roikkuu<\/strong>: Oikea, vasen<\/p>\n<\/li>\n<li class=\"\" data-start=\"1722\" data-end=\"1746\">\n<p class=\"\" data-start=\"1724\" data-end=\"1746\"><strong data-start=\"1724\" data-end=\"1739\">Kaapeli mukana<\/strong>: Ei<\/p>\n<\/li>\n<li class=\"\" data-start=\"1747\" data-end=\"1771\">\n<p class=\"\" data-start=\"1749\" data-end=\"1771\"><strong data-start=\"1749\" data-end=\"1762\">Listan tulostus<\/strong>paino: 40 kg<\/p>\n<\/li>\n<li class=\"\" data-start=\"1772\" data-end=\"1813\">\n<p class=\"\" data-start=\"1774\" data-end=\"1813\"><strong data-start=\"1774\" data-end=\"1784\">Lukon tyyppi<\/strong>: Yksisalpa lukko, kaksoissalpa lukko<\/p>\n<\/li>\n<li class=\"\" data-start=\"1814\" data-end=\"1842\">\n<p class=\"\" data-start=\"1816\" data-end=\"1842\"><strong data-start=\"1816\" data-end=\"1833\">Leve\u00e4 tuote<\/strong>: 25 mm<\/p>\n<\/li>\n<li class=\"\" data-start=\"1843\" data-end=\"1869\">\n<p class=\"\" data-start=\"1845\" data-end=\"1869\"><strong data-start=\"1845\" data-end=\"1863\">Rakennusmateriaalit arvioitu<\/strong>: Kyll\u00e4<\/p>\n<\/li>\n<li class=\"\" data-start=\"1870\" data-end=\"1897\">\n<p class=\"\" data-start=\"1872\" data-end=\"1897\"><strong data-start=\"1872\" data-end=\"1888\">Syv\u00e4 tuote<\/strong>: 35mm<\/p>\n<\/li>\n<li class=\"\" data-start=\"1898\" data-end=\"1932\">\n<p class=\"\" data-start=\"1900\" data-end=\"1932\"><strong data-start=\"1900\" data-end=\"1925\">K\u00e4ytt\u00f6j\u00e4nnite 12V\/24V<\/strong>: 12V<\/p>\n<\/li>\n<li class=\"\" data-start=\"1933\" data-end=\"1961\">\n<p class=\"\" data-start=\"1935\" data-end=\"1961\"><strong data-start=\"1935\" data-end=\"1954\">Kaksinkertainen kierrekotelo<\/strong>: Ei<\/p>\n<\/li>\n<li class=\"\" data-start=\"1962\" data-end=\"1989\">\n<p class=\"\" data-start=\"1964\" data-end=\"1989\"><strong data-start=\"1964\" data-end=\"1982\">EPD-varmennettu<\/strong>: Ei<\/p>\n<\/li>\n<li class=\"\" data-start=\"1990\" data-end=\"2008\">\n<p class=\"\" data-start=\"1992\" data-end=\"2008\"><strong data-start=\"1992\" data-end=\"2001\">HYV\u00c4 TIETO<\/strong>: Ei<\/p>\n<\/li>\n<li class=\"\" data-start=\"2009\" data-end=\"2043\">\n<p class=\"\" data-start=\"2011\" data-end=\"2043\"><strong data-start=\"2011\" data-end=\"2032\">V\u00e4ri\/pintak\u00e4sittely<\/strong>: Ruostumaton ter\u00e4s<\/p>\n<\/li>\n<li class=\"\" data-start=\"2044\" data-end=\"2071\">\n<p class=\"\" data-start=\"2046\" data-end=\"2071\"><strong data-start=\"2046\" data-end=\"2062\">Korotettu tuote<\/strong>: 90mm<\/p>\n<\/li>\n<li class=\"\" data-start=\"2072\" data-end=\"2095\">\n<p class=\"\" data-start=\"2074\" data-end=\"2095\"><strong data-start=\"2074\" data-end=\"2089\">M\u00e4nn\u00e4n liitin<\/strong>: Kyll\u00e4<\/p>\n<\/li>\n<li class=\"\" data-start=\"2096\" data-end=\"2127\">\n<p class=\"\" data-start=\"2098\" data-end=\"2127\"><strong data-start=\"2098\" data-end=\"2117\">Oikea\/taakse<\/strong>: K\u00e4\u00e4nteinen<\/p>\n<\/li>\n<li class=\"\" data-start=\"2128\" data-end=\"2154\">\n<p class=\"\" data-start=\"2130\" data-end=\"2154\"><strong data-start=\"2130\" data-end=\"2148\">J\u00e4nnite AC\/DC<\/strong>: DC<\/p>\n<\/li>\n<li class=\"\" data-start=\"2155\" data-end=\"2183\">\n<p class=\"\" data-start=\"2157\" data-end=\"2183\"><strong data-start=\"2157\" data-end=\"2173\">J\u00e4nnite max<\/strong>: 13,8V<\/p>\n<\/li>\n<li class=\"\" data-start=\"2184\" data-end=\"2212\">\n<p class=\"\" data-start=\"2186\" data-end=\"2212\"><strong data-start=\"2186\" data-end=\"2202\">J\u00e4nnite min<\/strong>: 10,8V<\/p>\n<\/li>\n<li class=\"\" data-start=\"2213\" data-end=\"2239\">\n<p class=\"\" data-start=\"2215\" data-end=\"2239\"><strong data-start=\"2215\" data-end=\"2233\">SundaHouse arvioitu<\/strong>: Kyll\u00e4<\/p>\n<\/li>\n<\/ul>\n<\/div>\n<\/div>\n<\/div>","protected":false},"excerpt":{"rendered":"<p>T\u00e4\u00e4lt\u00e4 n\u00e4et, mitk\u00e4 pylv\u00e4\u00e4t ja mallit sopivat yhteen STEP-sarjan s\u00e4hk\u00f6isist\u00e4 oven pys\u00e4yttimist\u00e4.<\/p>\n<h5><strong><a href=\"https:\/\/steplock.com\/sv\/stolpguide\/#!?lang=sv&amp;blog_id=1&amp;paged=1&amp;number=50\" target=\"_blank\" rel=\"noopener\">STEP Viestiopas\u00a0<\/a><\/strong><\/h5>\n<h5><strong><a href=\"https:\/\/steplock.com\/sv\/projekteringsguide\/#!?lang=sv&amp;blog_id=1&amp;paged=1&amp;number=999\" target=\"_blank\" rel=\"noopener\">STEP-suunnitteluopas<\/a><\/strong><\/h5>","protected":false},"featured_media":140704,"template":"","meta":{"_acf_changed":false},"product_brand":[],"product_cat":[3355],"product_tag":[4198,4201],"class_list":{"0":"post-140705","1":"product","2":"type-product","3":"status-publish","4":"has-post-thumbnail","6":"product_cat-elslutbleck","7":"product_tag-12v","8":"product_tag-omvand","9":"product_shipping_class-tunga-paket","10":"pa_brands-step","11":"tm-no-options","13":"first","14":"onbackorder","15":"sale","16":"taxable","17":"shipping-taxable","18":"purchasable","19":"product-type-simple"},"acf":[],"_links":{"self":[{"href":"https:\/\/secureus.se\/fi\/wp-json\/wp\/v2\/product\/140705","targetHints":{"allow":["GET"]}}],"collection":[{"href":"https:\/\/secureus.se\/fi\/wp-json\/wp\/v2\/product"}],"about":[{"href":"https:\/\/secureus.se\/fi\/wp-json\/wp\/v2\/types\/product"}],"wp:featuredmedia":[{"embeddable":true,"href":"https:\/\/secureus.se\/fi\/wp-json\/wp\/v2\/media\/140704"}],"wp:attachment":[{"href":"https:\/\/secureus.se\/fi\/wp-json\/wp\/v2\/media?parent=140705"}],"wp:term":[{"taxonomy":"product_brand","embeddable":true,"href":"https:\/\/secureus.se\/fi\/wp-json\/wp\/v2\/product_brand?post=140705"},{"taxonomy":"product_cat","embeddable":true,"href":"https:\/\/secureus.se\/fi\/wp-json\/wp\/v2\/product_cat?post=140705"},{"taxonomy":"product_tag","embeddable":true,"href":"https:\/\/secureus.se\/fi\/wp-json\/wp\/v2\/product_tag?post=140705"}],"curies":[{"name":"wp","href":"https:\/\/api.w.org\/{rel}","templated":true}]}}