{"id":140717,"date":"2023-09-26T13:06:17","date_gmt":"2023-09-26T11:06:17","guid":{"rendered":"https:\/\/secureus.se\/elslutbleck-step-98-rattvand-12v\/"},"modified":"2026-03-26T09:59:51","modified_gmt":"2026-03-26T08:59:51","slug":"elslutbleck-step-98-rattvand-12v","status":"publish","type":"product","link":"https:\/\/secureus.se\/fi\/elslutbleck-step-98-rattvand-12v\/","title":{"rendered":"S\u00e4hk\u00f6liitinlevy STEP 98 Oikea 12V"},"content":{"rendered":"<h1>S\u00e4hk\u00f6liitinlevy STEP 98 Oikea 12V<\/h1>\n<p>STEP 98 Preload -s\u00e4hk\u00f6iskulevy on palohyv\u00e4ksytty korkealla murtolujuudella ja kyvyll\u00e4 avautua muovauspaineesta huolimatta. Ihanteellinen oville, jotka vaativat korkeaa turvallisuutta.<\/p>\n<p class=\"\" data-start=\"301\" data-end=\"692\">STEP 98 Preload on palosuojattu s\u00e4hk\u00f6isku, joka on suunniteltu tarjoamaan turvallisuutta ja luotettavuutta oviymp\u00e4rist\u00f6iss\u00e4, jotka vaativat lis\u00e4toimintoja.<\/p>\n<p class=\"\" data-start=\"301\" data-end=\"692\">T\u00e4m\u00e4 s\u00e4hk\u00f6isku on sertifioitu palonkest\u00e4vyyteen E\/EI 120 asti (120 minuuttia), ja se on my\u00f6s varustettu STEPin patentoidulla nauhapainotekniikalla.<\/p>\n<p class=\"\" data-start=\"301\" data-end=\"692\">T\u00e4m\u00e4 tekniikka mahdollistaa oven avaamisen jopa 40 kg:n paineen alaisena.<\/p>\n<p class=\"\" data-start=\"694\" data-end=\"1115\">Oikeak\u00e4tisen toiminnon (lukittu j\u00e4nnitteet\u00f6n asentoon) ja k\u00e4\u00e4nnett\u00e4v\u00e4n rakenteen ansiosta t\u00e4m\u00e4 s\u00e4hk\u00f6isku sopii sek\u00e4 oikean- ett\u00e4 vasemmanpuoleisiin oviin.<\/p>\n<p class=\"\" data-start=\"694\" data-end=\"1115\">Se on my\u00f6s peukalointisuojattu varmistaakseen pitk\u00e4n k\u00e4ytt\u00f6i\u00e4n ja luotettavuuden. S\u00e4hk\u00f6iskulevyn murtolujuus on 900 kg ja se toimii avoimena my\u00f6s \u00e4\u00e4rimm\u00e4isiss\u00e4 paineolosuhteissa.<\/p>\n<p class=\"\" data-start=\"694\" data-end=\"1115\">Se on my\u00f6s helppo asentaa ja toimii hyvin kulunvalvonta- ja h\u00e4lytysj\u00e4rjestelmien kanssa.<\/p>\n<p class=\"\" data-start=\"1117\" data-end=\"1134\"><strong data-start=\"1117\" data-end=\"1131\">Ominaisuudet<\/strong>:<\/p>\n<ul data-start=\"1135\" data-end=\"1503\">\n<li class=\"\" data-start=\"1135\" data-end=\"1180\">\n<p class=\"\" data-start=\"1137\" data-end=\"1180\">Oikealle suunnattu toiminto (lukittu j\u00e4nnitteett\u00f6m\u00e4ss\u00e4 tilassa)<\/p>\n<\/li>\n<li class=\"\" data-start=\"1181\" data-end=\"1239\">\n<p class=\"\" data-start=\"1183\" data-end=\"1239\">Palohyv\u00e4ksytty E\/EI 120 asti standardin SS-EN 14846:2008 mukaisesti<\/p>\n<\/li>\n<li class=\"\" data-start=\"1240\" data-end=\"1276\">\n<p class=\"\" data-start=\"1242\" data-end=\"1276\">Murtolujuus 9 kN (n. 900 kg)<\/p>\n<\/li>\n<li class=\"\" data-start=\"1277\" data-end=\"1364\">\n<p class=\"\" data-start=\"1279\" data-end=\"1364\">Takaa avautumisen jopa 40 kg:n nauhapaineesta huolimatta eteen- ja taaksep\u00e4in-toiminnoissa<\/p>\n<\/li>\n<li class=\"\" data-start=\"1365\" data-end=\"1387\">\n<p class=\"\" data-start=\"1367\" data-end=\"1387\">Sis\u00e4\u00e4nrakennettu suojadiodi<\/p>\n<\/li>\n<li class=\"\" data-start=\"1388\" data-end=\"1403\">\n<p class=\"\" data-start=\"1390\" data-end=\"1403\">Nakutuksenesto<\/p>\n<\/li>\n<li class=\"\" data-start=\"1404\" data-end=\"1454\">\n<p class=\"\" data-start=\"1406\" data-end=\"1454\">K\u00e4\u00e4nnett\u00e4v\u00e4 sopivaksi oikeaan ja vasempaan oveen<\/p>\n<\/li>\n<li class=\"\" data-start=\"1455\" data-end=\"1503\">\n<p class=\"\" data-start=\"1457\" data-end=\"1503\">Pystyy lukitsemaan koukkupultit tai suorat pultit<\/p>\n<\/li>\n<\/ul>\n<p class=\"\" data-start=\"1505\" data-end=\"1536\"><strong data-start=\"1505\" data-end=\"1533\">Tekniset tiedot<\/strong>:<\/p>\n<ul data-start=\"1537\" data-end=\"2130\">\n<li class=\"\" data-start=\"1537\" data-end=\"1572\">\n<p class=\"\" data-start=\"1539\" data-end=\"1572\"><strong data-start=\"1539\" data-end=\"1562\">Murtolujuus max<\/strong>paino: 900 kg<\/p>\n<\/li>\n<li class=\"\" data-start=\"1573\" data-end=\"1609\">\n<p class=\"\" data-start=\"1575\" data-end=\"1609\"><strong data-start=\"1575\" data-end=\"1591\">Ovi roikkuu<\/strong>: Oikea, vasen<\/p>\n<\/li>\n<li class=\"\" data-start=\"1610\" data-end=\"1634\">\n<p class=\"\" data-start=\"1612\" data-end=\"1634\"><strong data-start=\"1612\" data-end=\"1627\">Kaapeli mukana<\/strong>: Ei<\/p>\n<\/li>\n<li class=\"\" data-start=\"1635\" data-end=\"1659\">\n<p class=\"\" data-start=\"1637\" data-end=\"1659\"><strong data-start=\"1637\" data-end=\"1650\">Listan tulostus<\/strong>paino: 40 kg<\/p>\n<\/li>\n<li class=\"\" data-start=\"1660\" data-end=\"1701\">\n<p class=\"\" data-start=\"1662\" data-end=\"1701\"><strong data-start=\"1662\" data-end=\"1672\">Lukon tyyppi<\/strong>: Yksisalpa lukko, kaksoissalpa lukko<\/p>\n<\/li>\n<li class=\"\" data-start=\"1702\" data-end=\"1730\">\n<p class=\"\" data-start=\"1704\" data-end=\"1730\"><strong data-start=\"1704\" data-end=\"1721\">Leve\u00e4 tuote<\/strong>: 25 mm<\/p>\n<\/li>\n<li class=\"\" data-start=\"1731\" data-end=\"1757\">\n<p class=\"\" data-start=\"1733\" data-end=\"1757\"><strong data-start=\"1733\" data-end=\"1751\">Rakennusmateriaalit arvioitu<\/strong>: Kyll\u00e4<\/p>\n<\/li>\n<li class=\"\" data-start=\"1758\" data-end=\"1785\">\n<p class=\"\" data-start=\"1760\" data-end=\"1785\"><strong data-start=\"1760\" data-end=\"1776\">Syv\u00e4 tuote<\/strong>: 35mm<\/p>\n<\/li>\n<li class=\"\" data-start=\"1786\" data-end=\"1820\">\n<p class=\"\" data-start=\"1788\" data-end=\"1820\"><strong data-start=\"1788\" data-end=\"1813\">K\u00e4ytt\u00f6j\u00e4nnite 12V\/24V<\/strong>: 12V<\/p>\n<\/li>\n<li class=\"\" data-start=\"1821\" data-end=\"1849\">\n<p class=\"\" data-start=\"1823\" data-end=\"1849\"><strong data-start=\"1823\" data-end=\"1842\">Kaksinkertainen kierrekotelo<\/strong>: Ei<\/p>\n<\/li>\n<li class=\"\" data-start=\"1850\" data-end=\"1877\">\n<p class=\"\" data-start=\"1852\" data-end=\"1877\"><strong data-start=\"1852\" data-end=\"1870\">EPD-varmennettu<\/strong>: Ei<\/p>\n<\/li>\n<li class=\"\" data-start=\"1878\" data-end=\"1896\">\n<p class=\"\" data-start=\"1880\" data-end=\"1896\"><strong data-start=\"1880\" data-end=\"1889\">HYV\u00c4 TIETO<\/strong>: Ei<\/p>\n<\/li>\n<li class=\"\" data-start=\"1897\" data-end=\"1931\">\n<p class=\"\" data-start=\"1899\" data-end=\"1931\"><strong data-start=\"1899\" data-end=\"1920\">V\u00e4ri\/pintak\u00e4sittely<\/strong>: Ruostumaton ter\u00e4s<\/p>\n<\/li>\n<li class=\"\" data-start=\"1932\" data-end=\"1959\">\n<p class=\"\" data-start=\"1934\" data-end=\"1959\"><strong data-start=\"1934\" data-end=\"1950\">Korotettu tuote<\/strong>: 90mm<\/p>\n<\/li>\n<li class=\"\" data-start=\"1960\" data-end=\"1984\">\n<p class=\"\" data-start=\"1962\" data-end=\"1984\"><strong data-start=\"1962\" data-end=\"1977\">M\u00e4nn\u00e4n liitin<\/strong>: Ei<\/p>\n<\/li>\n<li class=\"\" data-start=\"1985\" data-end=\"2018\">\n<p class=\"\" data-start=\"1987\" data-end=\"2018\"><strong data-start=\"1987\" data-end=\"2006\">Oikea\/taakse<\/strong>: Oikealle p\u00e4in<\/p>\n<\/li>\n<li class=\"\" data-start=\"2019\" data-end=\"2045\">\n<p class=\"\" data-start=\"2021\" data-end=\"2045\"><strong data-start=\"2021\" data-end=\"2039\">J\u00e4nnite AC\/DC<\/strong>: DC<\/p>\n<\/li>\n<li class=\"\" data-start=\"2046\" data-end=\"2074\">\n<p class=\"\" data-start=\"2048\" data-end=\"2074\"><strong data-start=\"2048\" data-end=\"2064\">J\u00e4nnite max<\/strong>: 13,8V<\/p>\n<\/li>\n<li class=\"\" data-start=\"2075\" data-end=\"2103\">\n<p class=\"\" data-start=\"2077\" data-end=\"2103\"><strong data-start=\"2077\" data-end=\"2093\">J\u00e4nnite min<\/strong>: 10,8V<\/p>\n<\/li>\n<li class=\"\" data-start=\"2104\" data-end=\"2130\">\n<p class=\"\" data-start=\"2106\" data-end=\"2130\"><strong data-start=\"2106\" data-end=\"2124\">SundaHouse arvioitu<\/strong>: Kyll\u00e4<\/p>\n<\/li>\n<\/ul>","protected":false},"excerpt":{"rendered":"<p>T\u00e4\u00e4lt\u00e4 n\u00e4et, mitk\u00e4 pylv\u00e4\u00e4t ja mallit sopivat yhteen STEP-sarjan s\u00e4hk\u00f6isist\u00e4 oven pys\u00e4yttimist\u00e4.<\/p>\n<h5><strong><a href=\"https:\/\/steplock.com\/sv\/stolpguide\/#!?lang=sv&amp;blog_id=1&amp;paged=1&amp;number=50\" target=\"_blank\" rel=\"noopener\">STEP Viestiopas\u00a0<\/a><\/strong><\/h5>\n<h5><strong><a href=\"https:\/\/steplock.com\/sv\/projekteringsguide\/#!?lang=sv&amp;blog_id=1&amp;paged=1&amp;number=999\" target=\"_blank\" rel=\"noopener\">STEP-suunnitteluopas<\/a><\/strong><\/h5>","protected":false},"featured_media":140716,"template":"","meta":{"_acf_changed":false},"product_brand":[],"product_cat":[3355],"product_tag":[4198,4200],"class_list":{"0":"post-140717","1":"product","2":"type-product","3":"status-publish","4":"has-post-thumbnail","6":"product_cat-elslutbleck","7":"product_tag-12v","8":"product_tag-rattvand","9":"product_shipping_class-tunga-paket","10":"pa_brands-step","11":"tm-no-options","13":"first","14":"onbackorder","15":"sale","16":"taxable","17":"shipping-taxable","18":"purchasable","19":"product-type-simple"},"acf":[],"_links":{"self":[{"href":"https:\/\/secureus.se\/fi\/wp-json\/wp\/v2\/product\/140717","targetHints":{"allow":["GET"]}}],"collection":[{"href":"https:\/\/secureus.se\/fi\/wp-json\/wp\/v2\/product"}],"about":[{"href":"https:\/\/secureus.se\/fi\/wp-json\/wp\/v2\/types\/product"}],"wp:featuredmedia":[{"embeddable":true,"href":"https:\/\/secureus.se\/fi\/wp-json\/wp\/v2\/media\/140716"}],"wp:attachment":[{"href":"https:\/\/secureus.se\/fi\/wp-json\/wp\/v2\/media?parent=140717"}],"wp:term":[{"taxonomy":"product_brand","embeddable":true,"href":"https:\/\/secureus.se\/fi\/wp-json\/wp\/v2\/product_brand?post=140717"},{"taxonomy":"product_cat","embeddable":true,"href":"https:\/\/secureus.se\/fi\/wp-json\/wp\/v2\/product_cat?post=140717"},{"taxonomy":"product_tag","embeddable":true,"href":"https:\/\/secureus.se\/fi\/wp-json\/wp\/v2\/product_tag?post=140717"}],"curies":[{"name":"wp","href":"https:\/\/api.w.org\/{rel}","templated":true}]}}