{"id":140742,"date":"2023-09-26T13:06:05","date_gmt":"2023-09-26T11:06:05","guid":{"rendered":"https:\/\/secureus.se\/elslutbleck-step-18-vanster-omvand-12v-for-assa-511\/"},"modified":"2026-03-26T09:57:18","modified_gmt":"2026-03-26T08:57:18","slug":"elslutbleck-step-18-vanster-omvand-12v-for-assa-511","status":"publish","type":"product","link":"https:\/\/secureus.se\/fi\/elslutbleck-step-18-vanster-omvand-12v-for-assa-511\/","title":{"rendered":"S\u00e4hk\u00f6inen p\u00e4\u00e4tylevy STEP 18 Vasen K\u00e4\u00e4nteinen 12V Assa 511:lle"},"content":{"rendered":"<h1>S\u00e4hk\u00f6inen p\u00e4\u00e4tylevy STEP 18 Vasen K\u00e4\u00e4nteinen 12V Assa 511:lle<\/h1>\n<p>VAIHE 18 Secure tarjoaa korkeimman tunkeutumissuojan nopealla ja kest\u00e4v\u00e4ll\u00e4 lukituksella, joka on hyv\u00e4ksytty turvaoville RC4 asti ja palohyv\u00e4ksytty E\/EI 60 asti. Mukana 5 metrin kaapeli.<\/p>\n<p class=\"\" data-start=\"402\" data-end=\"820\">STEP 18 Secure on eritt\u00e4in turvallinen STEPin Secure-sarjan s\u00e4hk\u00f6lukko, joka on suunniteltu oviin, joilla on korkeat turvallisuusvaatimukset, kuten vankiloihin ja pankkeihin.<\/p>\n<p class=\"\" data-start=\"402\" data-end=\"820\">Tukevan rakenteensa ja nopean lukituksen ja lukituksen avaamisen ansiosta se sopii oviin, joissa on paljon sis\u00e4\u00e4n- ja ulosk\u00e4ynti\u00e4.<\/p>\n<p class=\"\" data-start=\"402\" data-end=\"820\">T\u00e4m\u00e4n s\u00e4hk\u00f6iskun palonkest\u00e4vyys on sertifioitu E\/EI 60 asti ja se on hyv\u00e4ksytty turvaovien lukitsemiseen RC4:\u00e4\u00e4n asti.<\/p>\n<p class=\"\" data-start=\"822\" data-end=\"1198\">Suunnittelu varmistaa kest\u00e4v\u00e4n ja nopean toiminnan, joten se sopii poistumisoviin.<\/p>\n<p class=\"\" data-start=\"822\" data-end=\"1198\">S\u00e4hk\u00f6isku on varustettu m\u00e4nt\u00e4koskettimella, joka osoittaa oven olevan kiinni\/auki ja lukittu\/aukittu, mik\u00e4 mahdollistaa sen integroinnin kulunvalvonta- ja h\u00e4lytysj\u00e4rjestelmiin.<\/p>\n<p class=\"\" data-start=\"822\" data-end=\"1198\">Se on my\u00f6s varustettu suojadiodilla ja voi avautua jopa 500 kg:n nauhapaineella.<\/p>\n<p class=\"\" data-start=\"1200\" data-end=\"1217\"><strong data-start=\"1200\" data-end=\"1214\">Ominaisuudet<\/strong>:<\/p>\n<ul data-start=\"1218\" data-end=\"1722\">\n<li class=\"\" data-start=\"1218\" data-end=\"1261\">\n<p class=\"\" data-start=\"1220\" data-end=\"1261\">Koukkulukko Assa 511 10 mm m\u00e4nn\u00e4ll\u00e4<\/p>\n<\/li>\n<li class=\"\" data-start=\"1262\" data-end=\"1306\">\n<p class=\"\" data-start=\"1264\" data-end=\"1306\">K\u00e4\u00e4nteinen toiminto (vapautettu virrattomassa tilassa)<\/p>\n<\/li>\n<li class=\"\" data-start=\"1307\" data-end=\"1335\">\n<p class=\"\" data-start=\"1309\" data-end=\"1335\">Vasen saranoiduille oville<\/p>\n<\/li>\n<li class=\"\" data-start=\"1336\" data-end=\"1393\">\n<p class=\"\" data-start=\"1338\" data-end=\"1393\">Palohyv\u00e4ksytty E\/EI 60 asti standardin SS-EN 14846:2008 mukaisesti<\/p>\n<\/li>\n<li class=\"\" data-start=\"1394\" data-end=\"1511\">\n<p class=\"\" data-start=\"1396\" data-end=\"1511\">Sis\u00e4\u00e4nrakennettu ilmaisin tunnistaa, ett\u00e4 ovi on kiinni\/auki ja lukittu\/auki (koskee tuotteita, joissa on m\u00e4nt\u00e4kontakti)<\/p>\n<\/li>\n<li class=\"\" data-start=\"1512\" data-end=\"1534\">\n<p class=\"\" data-start=\"1514\" data-end=\"1534\">Sis\u00e4\u00e4nrakennettu suojadiodi<\/p>\n<\/li>\n<li class=\"\" data-start=\"1535\" data-end=\"1573\">\n<p class=\"\" data-start=\"1537\" data-end=\"1573\">Murtolujuus 15 kN (n. 1500 kg)<\/p>\n<\/li>\n<li class=\"\" data-start=\"1574\" data-end=\"1656\">\n<p class=\"\" data-start=\"1576\" data-end=\"1656\">Avautuu 5 kN (n. 500 kg) nauhapaineesta huolimatta sek\u00e4 eteen- ett\u00e4 taaksep\u00e4in-toiminnossa<\/p>\n<\/li>\n<li class=\"\" data-start=\"1657\" data-end=\"1672\">\n<p class=\"\" data-start=\"1659\" data-end=\"1672\">Nakutuksenesto<\/p>\n<\/li>\n<li class=\"\" data-start=\"1673\" data-end=\"1722\">\n<p class=\"\" data-start=\"1675\" data-end=\"1722\">Sis\u00e4lt\u00e4\u00e4 5 metrin halogeenittoman liit\u00e4nt\u00e4kaapelin<\/p>\n<\/li>\n<\/ul>\n<p class=\"\" data-start=\"1724\" data-end=\"1755\"><strong data-start=\"1724\" data-end=\"1752\">Tekniset tiedot<\/strong>:<\/p>\n<ul data-start=\"1756\" data-end=\"2365\">\n<li class=\"\" data-start=\"1756\" data-end=\"1792\">\n<p class=\"\" data-start=\"1758\" data-end=\"1792\"><strong data-start=\"1758\" data-end=\"1781\">Murtolujuus max<\/strong>paino: 1500 kg<\/p>\n<\/li>\n<li class=\"\" data-start=\"1793\" data-end=\"1822\">\n<p class=\"\" data-start=\"1795\" data-end=\"1822\"><strong data-start=\"1795\" data-end=\"1811\">Ovi roikkuu<\/strong>: Vasen<\/p>\n<\/li>\n<li class=\"\" data-start=\"1823\" data-end=\"1846\">\n<p class=\"\" data-start=\"1825\" data-end=\"1846\"><strong data-start=\"1825\" data-end=\"1840\">Kaapeli mukana<\/strong>: Kyll\u00e4<\/p>\n<\/li>\n<li class=\"\" data-start=\"1847\" data-end=\"1872\">\n<p class=\"\" data-start=\"1849\" data-end=\"1872\"><strong data-start=\"1849\" data-end=\"1862\">Listan tulostus<\/strong>paino: 500 kg<\/p>\n<\/li>\n<li class=\"\" data-start=\"1873\" data-end=\"1910\">\n<p class=\"\" data-start=\"1875\" data-end=\"1910\"><strong data-start=\"1875\" data-end=\"1885\">Lukon tyyppi<\/strong>: Koukkusalvan lukko, Salvan lukko<\/p>\n<\/li>\n<li class=\"\" data-start=\"1911\" data-end=\"1939\">\n<p class=\"\" data-start=\"1913\" data-end=\"1939\"><strong data-start=\"1913\" data-end=\"1930\">Leve\u00e4 tuote<\/strong>: 35mm<\/p>\n<\/li>\n<li class=\"\" data-start=\"1940\" data-end=\"1966\">\n<p class=\"\" data-start=\"1942\" data-end=\"1966\"><strong data-start=\"1942\" data-end=\"1960\">Rakennusmateriaalit arvioitu<\/strong>: Kyll\u00e4<\/p>\n<\/li>\n<li class=\"\" data-start=\"1967\" data-end=\"1994\">\n<p class=\"\" data-start=\"1969\" data-end=\"1994\"><strong data-start=\"1969\" data-end=\"1985\">Syv\u00e4 tuote<\/strong>: 40mm<\/p>\n<\/li>\n<li class=\"\" data-start=\"1995\" data-end=\"2029\">\n<p class=\"\" data-start=\"1997\" data-end=\"2029\"><strong data-start=\"1997\" data-end=\"2022\">K\u00e4ytt\u00f6j\u00e4nnite 12V\/24V<\/strong>: 12V<\/p>\n<\/li>\n<li class=\"\" data-start=\"2030\" data-end=\"2058\">\n<p class=\"\" data-start=\"2032\" data-end=\"2058\"><strong data-start=\"2032\" data-end=\"2051\">Kaksinkertainen kierrekotelo<\/strong>: Ei<\/p>\n<\/li>\n<li class=\"\" data-start=\"2059\" data-end=\"2086\">\n<p class=\"\" data-start=\"2061\" data-end=\"2086\"><strong data-start=\"2061\" data-end=\"2079\">EPD-varmennettu<\/strong>: Ei<\/p>\n<\/li>\n<li class=\"\" data-start=\"2087\" data-end=\"2105\">\n<p class=\"\" data-start=\"2089\" data-end=\"2105\"><strong data-start=\"2089\" data-end=\"2098\">HYV\u00c4 TIETO<\/strong>: Ei<\/p>\n<\/li>\n<li class=\"\" data-start=\"2106\" data-end=\"2140\">\n<p class=\"\" data-start=\"2108\" data-end=\"2140\"><strong data-start=\"2108\" data-end=\"2129\">V\u00e4ri\/pintak\u00e4sittely<\/strong>: Ruostumaton ter\u00e4s<\/p>\n<\/li>\n<li class=\"\" data-start=\"2141\" data-end=\"2169\">\n<p class=\"\" data-start=\"2143\" data-end=\"2169\"><strong data-start=\"2143\" data-end=\"2159\">Korotettu tuote<\/strong>: 230mm<\/p>\n<\/li>\n<li class=\"\" data-start=\"2170\" data-end=\"2197\">\n<p class=\"\" data-start=\"2172\" data-end=\"2197\"><strong data-start=\"2172\" data-end=\"2186\">Kaapelin pituus<\/strong>: 5 metri\u00e4<\/p>\n<\/li>\n<li class=\"\" data-start=\"2198\" data-end=\"2221\">\n<p class=\"\" data-start=\"2200\" data-end=\"2221\"><strong data-start=\"2200\" data-end=\"2215\">M\u00e4nn\u00e4n liitin<\/strong>: Kyll\u00e4<\/p>\n<\/li>\n<li class=\"\" data-start=\"2222\" data-end=\"2253\">\n<p class=\"\" data-start=\"2224\" data-end=\"2253\"><strong data-start=\"2224\" data-end=\"2243\">Oikea\/taakse<\/strong>: K\u00e4\u00e4nteinen<\/p>\n<\/li>\n<li class=\"\" data-start=\"2254\" data-end=\"2280\">\n<p class=\"\" data-start=\"2256\" data-end=\"2280\"><strong data-start=\"2256\" data-end=\"2274\">J\u00e4nnite AC\/DC<\/strong>: DC<\/p>\n<\/li>\n<li class=\"\" data-start=\"2281\" data-end=\"2309\">\n<p class=\"\" data-start=\"2283\" data-end=\"2309\"><strong data-start=\"2283\" data-end=\"2299\">J\u00e4nnite max<\/strong>: 13,8V<\/p>\n<\/li>\n<li class=\"\" data-start=\"2310\" data-end=\"2338\">\n<p class=\"\" data-start=\"2312\" data-end=\"2338\"><strong data-start=\"2312\" data-end=\"2328\">J\u00e4nnite min<\/strong>: 10,8V<\/p>\n<\/li>\n<li class=\"\" data-start=\"2339\" data-end=\"2365\">\n<p class=\"\" data-start=\"2341\" data-end=\"2365\"><strong data-start=\"2341\" data-end=\"2359\">SundaHouse arvioitu<\/strong>: Kyll\u00e4<\/p>\n<\/li>\n<\/ul>\n<p data-start=\"2367\" data-end=\"2438\">","protected":false},"excerpt":{"rendered":"<p>T\u00e4\u00e4lt\u00e4 n\u00e4et, mitk\u00e4 pylv\u00e4\u00e4t ja mallit sopivat yhteen STEP-sarjan s\u00e4hk\u00f6isist\u00e4 oven pys\u00e4yttimist\u00e4.<\/p>\n<h5><strong><a href=\"https:\/\/steplock.com\/sv\/stolpguide\/#!?lang=sv&amp;blog_id=1&amp;paged=1&amp;number=50\" target=\"_blank\" rel=\"noopener\">STEP Viestiopas\u00a0<\/a><\/strong><\/h5>\n<h5><strong><a href=\"https:\/\/steplock.com\/sv\/projekteringsguide\/#!?lang=sv&amp;blog_id=1&amp;paged=1&amp;number=999\" target=\"_blank\" rel=\"noopener\">STEP-suunnitteluopas<\/a><\/strong><\/h5>","protected":false},"featured_media":140740,"template":"","meta":{"_acf_changed":false},"product_brand":[],"product_cat":[3355],"product_tag":[4198,4201],"class_list":{"0":"post-140742","1":"product","2":"type-product","3":"status-publish","4":"has-post-thumbnail","6":"product_cat-elslutbleck","7":"product_tag-12v","8":"product_tag-omvand","9":"product_shipping_class-tunga-paket","10":"pa_brands-step","11":"tm-no-options","13":"first","14":"onbackorder","15":"sale","16":"taxable","17":"shipping-taxable","18":"purchasable","19":"product-type-simple"},"acf":[],"_links":{"self":[{"href":"https:\/\/secureus.se\/fi\/wp-json\/wp\/v2\/product\/140742","targetHints":{"allow":["GET"]}}],"collection":[{"href":"https:\/\/secureus.se\/fi\/wp-json\/wp\/v2\/product"}],"about":[{"href":"https:\/\/secureus.se\/fi\/wp-json\/wp\/v2\/types\/product"}],"wp:featuredmedia":[{"embeddable":true,"href":"https:\/\/secureus.se\/fi\/wp-json\/wp\/v2\/media\/140740"}],"wp:attachment":[{"href":"https:\/\/secureus.se\/fi\/wp-json\/wp\/v2\/media?parent=140742"}],"wp:term":[{"taxonomy":"product_brand","embeddable":true,"href":"https:\/\/secureus.se\/fi\/wp-json\/wp\/v2\/product_brand?post=140742"},{"taxonomy":"product_cat","embeddable":true,"href":"https:\/\/secureus.se\/fi\/wp-json\/wp\/v2\/product_cat?post=140742"},{"taxonomy":"product_tag","embeddable":true,"href":"https:\/\/secureus.se\/fi\/wp-json\/wp\/v2\/product_tag?post=140742"}],"curies":[{"name":"wp","href":"https:\/\/api.w.org\/{rel}","templated":true}]}}