{"id":140805,"date":"2023-05-10T09:54:11","date_gmt":"2023-05-10T07:54:11","guid":{"rendered":"https:\/\/secureus.se\/eqqxb-easy-2x2x05-vit-t500\/"},"modified":"2026-04-08T16:35:53","modified_gmt":"2026-04-08T14:35:53","slug":"eqqxb-easy-2x2x05-vit-t500","status":"publish","type":"product","link":"https:\/\/secureus.se\/fi\/eqqxb-easy-2x2x05-vit-t500\/","title":{"rendered":"EQQXB EASY 2X2X0.5 WHITE T500"},"content":{"rendered":"","protected":false},"excerpt":{"rendered":"<p>Kierretty parikaapeli, halogeeniton, tulenkest\u00e4v\u00e4 tietoliikennekaapeli. Asennetaan sis\u00e4tiloihin kiinte\u00e4ss\u00e4 asennuksessa ja putkissa. EQQXB EASY:t\u00e4 k\u00e4ytet\u00e4\u00e4n kiinteist\u00f6jen yksityisiin viestint\u00e4verkkoihin. T\u00e4ytt\u00e4\u00e4 palovaatimukset CPR-luokan Dcas2d2a2 mukaan.<\/p>","protected":false},"featured_media":140802,"template":"","meta":{"_acf_changed":false},"product_brand":[],"product_cat":[2678],"product_tag":[2487],"class_list":{"0":"post-140805","1":"product","2":"type-product","3":"status-publish","4":"has-post-thumbnail","6":"product_cat-telekabel-oskarmad","7":"product_tag-kabel-oskarmad","8":"product_shipping_class-tunga-paket","9":"tm-no-options","11":"first","12":"instock","13":"taxable","14":"shipping-taxable","15":"purchasable","16":"product-type-simple"},"acf":[],"_links":{"self":[{"href":"https:\/\/secureus.se\/fi\/wp-json\/wp\/v2\/product\/140805","targetHints":{"allow":["GET"]}}],"collection":[{"href":"https:\/\/secureus.se\/fi\/wp-json\/wp\/v2\/product"}],"about":[{"href":"https:\/\/secureus.se\/fi\/wp-json\/wp\/v2\/types\/product"}],"wp:featuredmedia":[{"embeddable":true,"href":"https:\/\/secureus.se\/fi\/wp-json\/wp\/v2\/media\/140802"}],"wp:attachment":[{"href":"https:\/\/secureus.se\/fi\/wp-json\/wp\/v2\/media?parent=140805"}],"wp:term":[{"taxonomy":"product_brand","embeddable":true,"href":"https:\/\/secureus.se\/fi\/wp-json\/wp\/v2\/product_brand?post=140805"},{"taxonomy":"product_cat","embeddable":true,"href":"https:\/\/secureus.se\/fi\/wp-json\/wp\/v2\/product_cat?post=140805"},{"taxonomy":"product_tag","embeddable":true,"href":"https:\/\/secureus.se\/fi\/wp-json\/wp\/v2\/product_tag?post=140805"}],"curies":[{"name":"wp","href":"https:\/\/api.w.org\/{rel}","templated":true}]}}