{"id":140819,"date":"2023-03-20T10:49:13","date_gmt":"2023-03-20T09:49:13","guid":{"rendered":"https:\/\/secureus.se\/monteringsstolpe-sc30tv-12\/"},"modified":"2026-01-12T13:20:31","modified_gmt":"2026-01-12T12:20:31","slug":"monteringsstolpe-sc30tv-12","status":"publish","type":"product","link":"https:\/\/secureus.se\/fi\/monteringsstolpe-sc30tv-12\/","title":{"rendered":"Safetron Asennustolppa SC30TV-12"},"content":{"rendered":"<p>Ruostumattomasta ter\u00e4ksest\u00e4 valmistettu kulmakiinnitystolppa SAFETRON-s\u00e4hk\u00f6p\u00e4\u00e4tylevylle ES22. Mukautettu puu- ja metallikehyksiin, k\u00e4ytet\u00e4\u00e4n yhdess\u00e4 connect\/evolution- tai moduulityyppisten kaksoispudotuslukkojen kanssa.<\/p>\n<p>\u2022 Vastaa ST9536V:t\u00e4<\/p>\n<p>\u2022 Kielekkeen koko: 12 mm<\/p>\n<p>\u2022 Mitat: (kxlxs) 245x40x15 mm<\/p>","protected":false},"excerpt":{"rendered":"<h5><a href=\"https:\/\/www.safetron.com\/stolpguide\/\" target=\"_blank\" rel=\"noopener\">Safetrons-asennustolppien pylv\u00e4iden opas<\/a><\/h5>","protected":false},"featured_media":140818,"template":"","meta":{"_acf_changed":false},"product_brand":[],"product_cat":[4735],"product_tag":[4447,4866],"class_list":{"0":"post-140819","1":"product","2":"type-product","3":"status-publish","4":"has-post-thumbnail","6":"product_cat-monteringsstolpe","7":"product_tag-safetron-montagestolpar-es22-sc","8":"product_tag-safetron-20","9":"product_shipping_class-tunga-paket","10":"pa_brands-7safetron","11":"tm-has-options","13":"first","14":"instock","15":"featured","16":"taxable","17":"shipping-taxable","18":"purchasable","19":"product-type-simple"},"acf":[],"_links":{"self":[{"href":"https:\/\/secureus.se\/fi\/wp-json\/wp\/v2\/product\/140819","targetHints":{"allow":["GET"]}}],"collection":[{"href":"https:\/\/secureus.se\/fi\/wp-json\/wp\/v2\/product"}],"about":[{"href":"https:\/\/secureus.se\/fi\/wp-json\/wp\/v2\/types\/product"}],"wp:featuredmedia":[{"embeddable":true,"href":"https:\/\/secureus.se\/fi\/wp-json\/wp\/v2\/media\/140818"}],"wp:attachment":[{"href":"https:\/\/secureus.se\/fi\/wp-json\/wp\/v2\/media?parent=140819"}],"wp:term":[{"taxonomy":"product_brand","embeddable":true,"href":"https:\/\/secureus.se\/fi\/wp-json\/wp\/v2\/product_brand?post=140819"},{"taxonomy":"product_cat","embeddable":true,"href":"https:\/\/secureus.se\/fi\/wp-json\/wp\/v2\/product_cat?post=140819"},{"taxonomy":"product_tag","embeddable":true,"href":"https:\/\/secureus.se\/fi\/wp-json\/wp\/v2\/product_tag?post=140819"}],"curies":[{"name":"wp","href":"https:\/\/api.w.org\/{rel}","templated":true}]}}