{"id":140987,"date":"2023-03-20T14:15:20","date_gmt":"2023-03-20T13:15:20","guid":{"rendered":"https:\/\/secureus.se\/safetron-monteringsstolpe-sc75\/"},"modified":"2026-01-12T13:21:20","modified_gmt":"2026-01-12T12:21:20","slug":"safetron-monteringsstolpe-sc75","status":"publish","type":"product","link":"https:\/\/secureus.se\/fi\/safetron-monteringsstolpe-sc75\/","title":{"rendered":"Safetron Asennustolppa SC75"},"content":{"rendered":"<p>Ruostumattomasta ter\u00e4ksest\u00e4 valmistettu litte\u00e4 asennustolppa SAFETRON s\u00e4hk\u00f6p\u00e4\u00e4tylevylle ES22. Mukautettu profiilij\u00e4rjestelm\u00e4\u00e4n Wicona 75 EVO ja 77FP. K\u00e4ytet\u00e4\u00e4n yhdess\u00e4 connect\/evolution- tai moduulityyppisten kaksoispudotuslukkojen kanssa.<\/p>\n<p>\u2022 Vastaa ST9517:\u00e4\u00e4<\/p>\n<p>\u2022 Kielekkeen koko: 17,5 mm<\/p>\n<p>\u2022 Mitat: (kxl) 200\u00d749 mm<\/p>","protected":false},"excerpt":{"rendered":"<p>Litte\u00e4 ruostumattomasta ter\u00e4ksest\u00e4 valmistettu kiinnitystolppa SAFETRON-s\u00e4hk\u00f6iselle vastaraudalle ES22. Soveltuu Wicona 75 EVO- ja 77FP-profiilij\u00e4rjestelmiin. K\u00e4ytet\u00e4\u00e4n yhdess\u00e4 connect\/evolution- tai moduulityyppisten kaksoissalpalukkojen kanssa. \u2022 Vastaa ST9517:\u00e4\u00e4 \u2022<\/p>","protected":false},"featured_media":140986,"template":"","meta":{"_acf_changed":false},"product_brand":[],"product_cat":[4735],"product_tag":[4447,4866],"class_list":{"0":"post-140987","1":"product","2":"type-product","3":"status-publish","4":"has-post-thumbnail","6":"product_cat-monteringsstolpe","7":"product_tag-safetron-montagestolpar-es22-sc","8":"product_tag-safetron-20","9":"product_shipping_class-tunga-paket","10":"pa_brands-7safetron","11":"tm-no-options","13":"first","14":"instock","15":"featured","16":"taxable","17":"shipping-taxable","18":"purchasable","19":"product-type-simple"},"acf":[],"_links":{"self":[{"href":"https:\/\/secureus.se\/fi\/wp-json\/wp\/v2\/product\/140987","targetHints":{"allow":["GET"]}}],"collection":[{"href":"https:\/\/secureus.se\/fi\/wp-json\/wp\/v2\/product"}],"about":[{"href":"https:\/\/secureus.se\/fi\/wp-json\/wp\/v2\/types\/product"}],"wp:featuredmedia":[{"embeddable":true,"href":"https:\/\/secureus.se\/fi\/wp-json\/wp\/v2\/media\/140986"}],"wp:attachment":[{"href":"https:\/\/secureus.se\/fi\/wp-json\/wp\/v2\/media?parent=140987"}],"wp:term":[{"taxonomy":"product_brand","embeddable":true,"href":"https:\/\/secureus.se\/fi\/wp-json\/wp\/v2\/product_brand?post=140987"},{"taxonomy":"product_cat","embeddable":true,"href":"https:\/\/secureus.se\/fi\/wp-json\/wp\/v2\/product_cat?post=140987"},{"taxonomy":"product_tag","embeddable":true,"href":"https:\/\/secureus.se\/fi\/wp-json\/wp\/v2\/product_tag?post=140987"}],"curies":[{"name":"wp","href":"https:\/\/api.w.org\/{rel}","templated":true}]}}