{"id":140993,"date":"2023-03-20T14:14:14","date_gmt":"2023-03-20T13:14:14","guid":{"rendered":"https:\/\/secureus.se\/safetron-monteringsstolpe-sc86\/"},"modified":"2026-01-12T13:21:13","modified_gmt":"2026-01-12T12:21:13","slug":"safetron-monteringsstolpe-sc86","status":"publish","type":"product","link":"https:\/\/secureus.se\/fi\/safetron-monteringsstolpe-sc86\/","title":{"rendered":"Safetron Asennustolppa SC86"},"content":{"rendered":"<p>Ruostumattomasta ter\u00e4ksest\u00e4 valmistettu litte\u00e4 asennustolppa SAFETRON s\u00e4hk\u00f6iseen p\u00e4\u00e4tylevyyn ES22. Mukautettu profiilij\u00e4rjestelm\u00e4\u00e4n SAPA 2086. K\u00e4ytet\u00e4\u00e4n yhdess\u00e4 connect\/evolution- tai moduletyyppisten kaksoispudotuslukkojen kanssa.<\/p>\n<p>\u2022 Vastaa ST9586:ta<\/p>\n<p>\u2022 Kielekkeen koko: 27 mm<\/p>\n<p>\u2022 Mitat: (kxl) 214,8\u00d752,2 mm<\/p>","protected":false},"excerpt":{"rendered":"<p>Plan monteringsstolpe i rostfritt st\u00e5l f\u00f6r SAFETRON elslutbleck ES22. Anpassad f\u00f6r profilsystem SAPA 2086. Anv\u00e4nds tillsammans med dubbelfall\u00e5s av typen connect\/evolution eller modul. \u2022 Motsvarande ST9586 \u2022 Pl\u00f6sm\u00e5tt: 27 mm<\/p>","protected":false},"featured_media":140991,"template":"","meta":{"_acf_changed":false},"product_brand":[],"product_cat":[4735],"product_tag":[4447,4866],"class_list":{"0":"post-140993","1":"product","2":"type-product","3":"status-publish","4":"has-post-thumbnail","6":"product_cat-monteringsstolpe","7":"product_tag-safetron-montagestolpar-es22-sc","8":"product_tag-safetron-20","9":"product_shipping_class-tunga-paket","10":"pa_brands-7safetron","11":"tm-has-options","13":"first","14":"instock","15":"featured","16":"taxable","17":"shipping-taxable","18":"purchasable","19":"product-type-simple"},"acf":[],"_links":{"self":[{"href":"https:\/\/secureus.se\/fi\/wp-json\/wp\/v2\/product\/140993","targetHints":{"allow":["GET"]}}],"collection":[{"href":"https:\/\/secureus.se\/fi\/wp-json\/wp\/v2\/product"}],"about":[{"href":"https:\/\/secureus.se\/fi\/wp-json\/wp\/v2\/types\/product"}],"wp:featuredmedia":[{"embeddable":true,"href":"https:\/\/secureus.se\/fi\/wp-json\/wp\/v2\/media\/140991"}],"wp:attachment":[{"href":"https:\/\/secureus.se\/fi\/wp-json\/wp\/v2\/media?parent=140993"}],"wp:term":[{"taxonomy":"product_brand","embeddable":true,"href":"https:\/\/secureus.se\/fi\/wp-json\/wp\/v2\/product_brand?post=140993"},{"taxonomy":"product_cat","embeddable":true,"href":"https:\/\/secureus.se\/fi\/wp-json\/wp\/v2\/product_cat?post=140993"},{"taxonomy":"product_tag","embeddable":true,"href":"https:\/\/secureus.se\/fi\/wp-json\/wp\/v2\/product_tag?post=140993"}],"curies":[{"name":"wp","href":"https:\/\/api.w.org\/{rel}","templated":true}]}}