{"id":141296,"date":"2023-01-04T16:39:52","date_gmt":"2023-01-04T15:39:52","guid":{"rendered":"https:\/\/secureus.se\/kombinationsdetektor-ir-mv-tritech-15x15-m-for-utomhusbruk\/"},"modified":"2026-04-01T14:39:04","modified_gmt":"2026-04-01T12:39:04","slug":"bosch-kombinationsdetektor-ir-mv-tritech-15x15-m-for-utomhusbruk","status":"publish","type":"product","link":"https:\/\/secureus.se\/fi\/bosch-kombinationsdetektor-ir-mv-tritech-15x15-m-for-utomhusbruk\/","title":{"rendered":"Bosch yhdistelm\u00e4ilmaisin IR\/MV Tritech 15\u00d715 m ulkok\u00e4ytt\u00f6\u00f6n"},"content":{"rendered":"<h1>Bosch yhdistelm\u00e4ilmaisin IR\/MV Tritech 15\u00d715 m ulkok\u00e4ytt\u00f6\u00f6n<\/h1>\n<p data-start=\"377\" data-end=\"1362\">Boschin infrapuna-\/keskivahva Tritech OD850E -yhdistelm\u00e4ilmaisin on kest\u00e4v\u00e4 ja luotettava ilmaisin, joka on suunniteltu ulkok\u00e4ytt\u00f6\u00f6n ja muihin vaativiin ymp\u00e4rist\u00f6ihin.<\/p>\n<p data-start=\"377\" data-end=\"1362\">Se yhdist\u00e4\u00e4 passiivisen infrapunan (PIR) ja mikroaaltotekniikan tarkan havaitsemisen takaamiseksi.<\/p>\n<p data-start=\"377\" data-end=\"1362\">OD850E on varustettu edistyneell\u00e4 LTD (Linear Travel Distance) -signaalink\u00e4sittelyll\u00e4, jonka ansiosta se j\u00e4tt\u00e4\u00e4 huomiotta pienetkin liikkeet ymp\u00e4rist\u00f6ss\u00e4 ja minimoi v\u00e4\u00e4ri\u00e4 h\u00e4lytyksi\u00e4.<br data-start=\"792\" data-end=\"795\" \/>Mikroaalto- ja infrapunakaksoisreleiden ansiosta h\u00e4lytysl\u00e4hd\u00f6lle voidaan valita eri tunnistusmenetelmi\u00e4: sek\u00e4 infrapuna- ett\u00e4 mikroaaltoh\u00e4lytyst\u00e4 varten tai joko infrapuna- tai mikroaaltoh\u00e4lytyst\u00e4 varten.<\/p>\n<p data-start=\"377\" data-end=\"1362\">Ilmaisimen peittoalue on 15 x 15 m ja se toimii laajalla l\u00e4mp\u00f6tila-alueella -35 - +60 celsiusastetta.<br data-start=\"1066\" data-end=\"1069\" \/>OD850E:ss\u00e4 on my\u00f6s kaksi herkkyystasoa, joita voidaan s\u00e4\u00e4t\u00e4\u00e4 ymp\u00e4rist\u00f6n mukaan: vakioherkkyys v\u00e4\u00e4rien h\u00e4lytysten minimoimiseksi ja keskitaso tunkeilijoiden nopeampaa havaitsemista varten.<\/p>\n<p data-start=\"377\" data-end=\"1362\">Lis\u00e4mukauttamisen varmistamiseksi siin\u00e4 on s\u00e4\u00e4dett\u00e4v\u00e4 aikarelel\u00e4ht\u00f6 joustavaa h\u00e4lytysten hallintaa varten.<\/p>\n<p data-start=\"1364\" data-end=\"1394\"><strong data-start=\"1364\" data-end=\"1392\">Ominaisuudet ja edut:<\/strong><\/p>\n<ul data-start=\"1395\" data-end=\"1804\">\n<li data-start=\"1395\" data-end=\"1454\">\n<p data-start=\"1397\" data-end=\"1454\">PIR- ja mikroaaltotekniikan yhdistelm\u00e4 korkeaa turvallisuutta varten<\/p>\n<\/li>\n<li data-start=\"1455\" data-end=\"1503\">\n<p data-start=\"1457\" data-end=\"1503\">Peittoalue: 15 x 15 m suurille ulkoalueille<\/p>\n<\/li>\n<li data-start=\"1504\" data-end=\"1559\">\n<p data-start=\"1506\" data-end=\"1559\">LTD-signaalink\u00e4sittely pienten liikkeiden poistamiseksi<\/p>\n<\/li>\n<li data-start=\"1560\" data-end=\"1618\">\n<p data-start=\"1562\" data-end=\"1618\">S\u00e4\u00e4dett\u00e4v\u00e4t herkkyystasot (vakio- ja keskitasotila)<\/p>\n<\/li>\n<li data-start=\"1619\" data-end=\"1697\">\n<p data-start=\"1621\" data-end=\"1697\">Kaksoisreleet mukautettuja h\u00e4lytysl\u00e4ht\u00f6j\u00e4 varten: IR + MV tai IR tai MV<\/p>\n<\/li>\n<li data-start=\"1698\" data-end=\"1747\">\n<p data-start=\"1700\" data-end=\"1747\">L\u00e4mp\u00f6tila-alue: -35 - +60 celsiusastetta<\/p>\n<\/li>\n<li data-start=\"1748\" data-end=\"1804\">\n<p data-start=\"1750\" data-end=\"1804\">S\u00e4\u00e4dett\u00e4v\u00e4 aikarelel\u00e4ht\u00f6 mukautettua h\u00e4lytysten k\u00e4sittely\u00e4 varten<\/p>\n<\/li>\n<\/ul>\n<p data-start=\"1806\" data-end=\"1837\"><strong data-start=\"1806\" data-end=\"1835\">Tekniset tiedot:<\/strong><\/p>\n<ul data-start=\"1838\" data-end=\"2231\">\n<li data-start=\"1838\" data-end=\"1876\">\n<p data-start=\"1840\" data-end=\"1876\">Tunnistustyyppi: PIR ja mikroaalto<\/p>\n<\/li>\n<li data-start=\"1877\" data-end=\"1900\">\n<p data-start=\"1879\" data-end=\"1900\">Peittoalue: 15 x 15 m<\/p>\n<\/li>\n<li data-start=\"1901\" data-end=\"1939\">\n<p data-start=\"1903\" data-end=\"1939\">Releet: Kaksoisreleet mikroaalto- ja infrapunareleille<\/p>\n<\/li>\n<li data-start=\"1940\" data-end=\"1977\">\n<p data-start=\"1942\" data-end=\"1977\">L\u00e4mp\u00f6tila-alue: -35 - +60 \u00b0C<\/p>\n<\/li>\n<li data-start=\"1978\" data-end=\"2012\">\n<p data-start=\"1980\" data-end=\"2012\">Mitat (KxLxS): 165 x 82 x 63 mm<\/p>\n<\/li>\n<li data-start=\"2013\" data-end=\"2046\">\n<p data-start=\"2015\" data-end=\"2046\">Virtal\u00e4hde: 9\u201315 V DC<\/p>\n<\/li>\n<li data-start=\"2047\" data-end=\"2125\">\n<p data-start=\"2049\" data-end=\"2125\">Ominaisuudet: Motion Analyzer II -prosessointi, LTD-mikroaaltosignaalin prosessointi<\/p>\n<\/li>\n<li data-start=\"2126\" data-end=\"2183\">\n<p data-start=\"2128\" data-end=\"2183\">S\u00e4\u00e4dett\u00e4v\u00e4t herkkyystasot: Vakio- ja keskitason tila<\/p>\n<\/li>\n<li data-start=\"2184\" data-end=\"2231\">\n<p data-start=\"2186\" data-end=\"2231\">S\u00e4\u00e4dett\u00e4v\u00e4 aikarelel\u00e4ht\u00f6 h\u00e4lytysten k\u00e4sittelyyn<\/p>\n<\/li>\n<\/ul>","protected":false},"excerpt":{"rendered":"<p>Ulkok\u00e4ytt\u00f6\u00f6n tarkoitettu yhdistelm\u00e4ilmaisin, jossa on IR- ja mikroaaltotekniikka. 15 x 15 m:n peittoalue, LTD-signaalink\u00e4sittely ja s\u00e4\u00e4dett\u00e4v\u00e4t herkkyystasot optimaaliseen havaitsemiseen.<\/p>","protected":false},"featured_media":141295,"template":"","meta":{"_acf_changed":false},"product_brand":[],"product_cat":[1325,4756],"product_tag":[2418],"class_list":{"0":"post-141296","1":"product","2":"type-product","3":"status-publish","4":"has-post-thumbnail","6":"product_cat-larmgivare-skalskydd","7":"product_cat-utomhussakerhet-tradade-larmenheter","8":"product_tag-rel-larmgivare","9":"product_shipping_class-postnord-varubrev","10":"pa_brands-bosch","11":"tm-no-options","13":"first","14":"instock","15":"sale","16":"featured","17":"taxable","18":"shipping-taxable","19":"purchasable","20":"product-type-simple"},"acf":[],"_links":{"self":[{"href":"https:\/\/secureus.se\/fi\/wp-json\/wp\/v2\/product\/141296","targetHints":{"allow":["GET"]}}],"collection":[{"href":"https:\/\/secureus.se\/fi\/wp-json\/wp\/v2\/product"}],"about":[{"href":"https:\/\/secureus.se\/fi\/wp-json\/wp\/v2\/types\/product"}],"wp:featuredmedia":[{"embeddable":true,"href":"https:\/\/secureus.se\/fi\/wp-json\/wp\/v2\/media\/141295"}],"wp:attachment":[{"href":"https:\/\/secureus.se\/fi\/wp-json\/wp\/v2\/media?parent=141296"}],"wp:term":[{"taxonomy":"product_brand","embeddable":true,"href":"https:\/\/secureus.se\/fi\/wp-json\/wp\/v2\/product_brand?post=141296"},{"taxonomy":"product_cat","embeddable":true,"href":"https:\/\/secureus.se\/fi\/wp-json\/wp\/v2\/product_cat?post=141296"},{"taxonomy":"product_tag","embeddable":true,"href":"https:\/\/secureus.se\/fi\/wp-json\/wp\/v2\/product_tag?post=141296"}],"curies":[{"name":"wp","href":"https:\/\/api.w.org\/{rel}","templated":true}]}}