{"id":141298,"date":"2023-05-10T09:54:28","date_gmt":"2023-05-10T07:54:28","guid":{"rendered":"https:\/\/secureus.se\/elqrb-pure-7x1-vit\/"},"modified":"2026-04-08T16:38:05","modified_gmt":"2026-04-08T14:38:05","slug":"elqrb-pure-7x1-vit","status":"publish","type":"product","link":"https:\/\/secureus.se\/fi\/elqrb-pure-7x1-vit\/","title":{"rendered":"ELQRB PURE 7X1 VALKOINEN"},"content":{"rendered":"<p>Halogeeniton tietoliikennesignaalikaapeli. Ei vapauta sy\u00f6vytt\u00e4vi\u00e4 kaasuja ja sill\u00e4 on alhainen savutiheys tulipalon sattuessa. Tietoliikennej\u00e4rjestelmiss\u00e4 kiinte\u00e4\u00e4n asennukseen sis\u00e4- ja ulkotiloihin, kantojohtoon tai maahan, jos kaapeli on suojattu mekaanisilta vaurioilta. Punaista kaapelia k\u00e4ytet\u00e4\u00e4n paloilmoitinj\u00e4rjestelmiss\u00e4 jakolinjana.<\/p>","protected":false},"excerpt":{"rendered":"<p>Halogeeniton tietoliikennekaapeli. Ei vapauta sy\u00f6vytt\u00e4vi\u00e4 kaasuja ja sill\u00e4 on alhainen savutiheys tulipalon sattuessa. Tietoliikennej\u00e4rjestelmiss\u00e4 kiinte\u00e4\u00e4n asennukseen sis\u00e4- ja ulkotiloihin, voimajohtoon tai maahan, jos kaapeli on suojattu mekaaniselta<\/p>","protected":false},"featured_media":141297,"template":"","meta":{"_acf_changed":false},"product_brand":[],"product_cat":[2678],"product_tag":[2487],"class_list":{"0":"post-141298","1":"product","2":"type-product","3":"status-publish","4":"has-post-thumbnail","6":"product_cat-telekabel-oskarmad","7":"product_tag-kabel-oskarmad","8":"product_shipping_class-tunga-paket","9":"tm-no-options","11":"first","12":"instock","13":"taxable","14":"shipping-taxable","15":"purchasable","16":"product-type-simple"},"acf":[],"_links":{"self":[{"href":"https:\/\/secureus.se\/fi\/wp-json\/wp\/v2\/product\/141298","targetHints":{"allow":["GET"]}}],"collection":[{"href":"https:\/\/secureus.se\/fi\/wp-json\/wp\/v2\/product"}],"about":[{"href":"https:\/\/secureus.se\/fi\/wp-json\/wp\/v2\/types\/product"}],"wp:featuredmedia":[{"embeddable":true,"href":"https:\/\/secureus.se\/fi\/wp-json\/wp\/v2\/media\/141297"}],"wp:attachment":[{"href":"https:\/\/secureus.se\/fi\/wp-json\/wp\/v2\/media?parent=141298"}],"wp:term":[{"taxonomy":"product_brand","embeddable":true,"href":"https:\/\/secureus.se\/fi\/wp-json\/wp\/v2\/product_brand?post=141298"},{"taxonomy":"product_cat","embeddable":true,"href":"https:\/\/secureus.se\/fi\/wp-json\/wp\/v2\/product_cat?post=141298"},{"taxonomy":"product_tag","embeddable":true,"href":"https:\/\/secureus.se\/fi\/wp-json\/wp\/v2\/product_tag?post=141298"}],"curies":[{"name":"wp","href":"https:\/\/api.w.org\/{rel}","templated":true}]}}