{"id":141537,"date":"2023-03-17T09:35:23","date_gmt":"2023-03-17T08:35:23","guid":{"rendered":"https:\/\/secureus.se\/elslutbleck-es22-vanster\/"},"modified":"2026-01-12T13:13:59","modified_gmt":"2026-01-12T12:13:59","slug":"elslutbleck-es22-vanster","status":"publish","type":"product","link":"https:\/\/secureus.se\/fi\/elslutbleck-es22-vanster\/","title":{"rendered":"S\u00e4hk\u00f6inen vastalevy ES22 vasemmalla"},"content":{"rendered":"<h1>S\u00e4hk\u00f6inen vastalevy ES22 vasemmalla<\/h1>\n<p>Soveltuu oviin, joissa vaaditaan automaattista oven toimintaa, palontorjuntaa ja h\u00e4t\u00e4evakuointia. Sis\u00e4lt\u00e4\u00e4 m\u00e4nt\u00e4koskettimen ja ainutlaatuisen nauhapainotekniikan.<\/p>\n<p class=\"\" data-start=\"396\" data-end=\"991\">ES22 V s\u00e4hk\u00f6isku on korkealaatuinen s\u00e4hk\u00f6isku vasemmalle ripustetuille oville, joka on suunniteltu t\u00e4ytt\u00e4m\u00e4\u00e4n monimutkaisten oviymp\u00e4rist\u00f6jen vaatimukset, joissa sek\u00e4 turvallisuus- ett\u00e4 palovaatimukset ovat t\u00e4rkeit\u00e4.<\/p>\n<p class=\"\" data-start=\"396\" data-end=\"991\">Kaksinkertaiset kierresalvat mahdollistavat ty\u00f6nt\u00f6salvan ja sylinterisalvan erillisen lukituksen kaksoissalvalla varustetuissa lukkokoteloissa. T\u00e4m\u00e4 s\u00e4hk\u00f6isku on erityisen hy\u00f6dyllinen silloin, kun on olemassa vaatimuksia sek\u00e4 oviautomaatiolle, palontorjuntaan ett\u00e4 h\u00e4t\u00e4- ja paluutoimille.<\/p>\n<p class=\"\" data-start=\"396\" data-end=\"991\">Yhdist\u00e4m\u00e4ll\u00e4 eteen- ja taaksep\u00e4in toiminnot kaksoisniveliss\u00e4, ovi pystyy tehokkaasti k\u00e4sittelem\u00e4\u00e4n sek\u00e4 palon torjuntaa ett\u00e4 paluuta paloh\u00e4lyttimen kautta.<\/p>\n<p class=\"\" data-start=\"993\" data-end=\"1213\">ES22:ssa on patentoitu puristuspainetekniikka, joka mahdollistaa oven avautumisen my\u00f6s silloin, kun oveen kohdistetaan painetta, mik\u00e4 tapahtuu usein ymp\u00e4rist\u00f6iss\u00e4, joissa on ylipainetta, lunta tai likaa ovenv\u00e4liss\u00e4.<\/p>\n<p class=\"\" data-start=\"993\" data-end=\"1213\">T\u00e4m\u00e4 minimoi seisokkien riskin.<\/p>\n<p class=\"\" data-start=\"1215\" data-end=\"1513\">S\u00e4hk\u00f6iskulevy on sertifioitu ja CE-merkitty k\u00e4ytett\u00e4v\u00e4ksi palokammioiden rajoissa ja sen paloluokitus on jopa 120 minuuttia.<\/p>\n<p class=\"\" data-start=\"1215\" data-end=\"1513\">Se on varustettu kaksoism\u00e4nt\u00e4koskettimilla ja sis\u00e4\u00e4nrakennetuilla antureilla, jotka ilmaisevat, kun saranat on lukittu, mik\u00e4 tekee siit\u00e4 luotettavan ratkaisun kriittisiss\u00e4 oviymp\u00e4rist\u00f6iss\u00e4.<\/p>\n<p class=\"\" data-start=\"1515\" data-end=\"1532\"><strong data-start=\"1515\" data-end=\"1529\">Ominaisuudet<\/strong>:<\/p>\n<ul data-start=\"1533\" data-end=\"1891\">\n<li class=\"\" data-start=\"1533\" data-end=\"1561\">\n<p class=\"\" data-start=\"1535\" data-end=\"1561\">Vasen saranoiduille oville<\/p>\n<\/li>\n<li class=\"\" data-start=\"1562\" data-end=\"1616\">\n<p class=\"\" data-start=\"1564\" data-end=\"1616\">Palonkesto jopa 120 minuuttia (SS-EN 14846 mukaan)<\/p>\n<\/li>\n<li class=\"\" data-start=\"1617\" data-end=\"1643\">\n<p class=\"\" data-start=\"1619\" data-end=\"1643\">Listapaine: Yli 100 kg<\/p>\n<\/li>\n<li class=\"\" data-start=\"1644\" data-end=\"1683\">\n<p class=\"\" data-start=\"1646\" data-end=\"1683\">Pitovoima: Jopa 1500 kg \/ 15 kN<\/p>\n<\/li>\n<li class=\"\" data-start=\"1684\" data-end=\"1716\">\n<p class=\"\" data-start=\"1686\" data-end=\"1716\">Eteen- ja taaksep\u00e4in-toiminto<\/p>\n<\/li>\n<li class=\"\" data-start=\"1717\" data-end=\"1747\">\n<p class=\"\" data-start=\"1719\" data-end=\"1747\">M\u00e4nn\u00e4n kosketin (ankkurikosketin)<\/p>\n<\/li>\n<li class=\"\" data-start=\"1748\" data-end=\"1803\">\n<p class=\"\" data-start=\"1750\" data-end=\"1803\">Sopii skandinaavisten standardien mukaisiin kaksoispuomi-ikkunoihin<\/p>\n<\/li>\n<li class=\"\" data-start=\"1804\" data-end=\"1827\">\n<p class=\"\" data-start=\"1806\" data-end=\"1827\">J\u00e4nnite: 12-24 VDC<\/p>\n<\/li>\n<li class=\"\" data-start=\"1828\" data-end=\"1868\">\n<p class=\"\" data-start=\"1830\" data-end=\"1868\">Virrankulutus: 35 mA per kierros<\/p>\n<\/li>\n<li class=\"\" data-start=\"1869\" data-end=\"1891\">\n<p class=\"\" data-start=\"1871\" data-end=\"1891\">Sis\u00e4\u00e4nrakennettu suojadiodi<\/p>\n<\/li>\n<\/ul>\n<p class=\"\" data-start=\"1893\" data-end=\"1924\"><strong data-start=\"1893\" data-end=\"1921\">Tekniset tiedot<\/strong>:<\/p>\n<ul data-start=\"1925\" data-end=\"2499\">\n<li class=\"\" data-start=\"1925\" data-end=\"1961\">\n<p class=\"\" data-start=\"1927\" data-end=\"1961\"><strong data-start=\"1927\" data-end=\"1950\">Murtolujuus max<\/strong>paino: 1500 kg<\/p>\n<\/li>\n<li class=\"\" data-start=\"1962\" data-end=\"1991\">\n<p class=\"\" data-start=\"1964\" data-end=\"1991\"><strong data-start=\"1964\" data-end=\"1980\">Ovi roikkuu<\/strong>: Vasen<\/p>\n<\/li>\n<li class=\"\" data-start=\"1992\" data-end=\"2015\">\n<p class=\"\" data-start=\"1994\" data-end=\"2015\"><strong data-start=\"1994\" data-end=\"2009\">Kaapeli mukana<\/strong>: Kyll\u00e4<\/p>\n<\/li>\n<li class=\"\" data-start=\"2016\" data-end=\"2041\">\n<p class=\"\" data-start=\"2018\" data-end=\"2041\"><strong data-start=\"2018\" data-end=\"2031\">Listan tulostus<\/strong>paino: 100 kg<\/p>\n<\/li>\n<li class=\"\" data-start=\"2042\" data-end=\"2073\">\n<p class=\"\" data-start=\"2044\" data-end=\"2073\"><strong data-start=\"2044\" data-end=\"2054\">Lukon tyyppi<\/strong>: Kaksilehtinen lukkokotelo<\/p>\n<\/li>\n<li class=\"\" data-start=\"2074\" data-end=\"2102\">\n<p class=\"\" data-start=\"2076\" data-end=\"2102\"><strong data-start=\"2076\" data-end=\"2093\">Leve\u00e4 tuote<\/strong>: 35mm<\/p>\n<\/li>\n<li class=\"\" data-start=\"2103\" data-end=\"2129\">\n<p class=\"\" data-start=\"2105\" data-end=\"2129\"><strong data-start=\"2105\" data-end=\"2123\">Rakennusmateriaalit arvioitu<\/strong>: Kyll\u00e4<\/p>\n<\/li>\n<li class=\"\" data-start=\"2130\" data-end=\"2157\">\n<p class=\"\" data-start=\"2132\" data-end=\"2157\"><strong data-start=\"2132\" data-end=\"2148\">Syv\u00e4 tuote<\/strong>: 40mm<\/p>\n<\/li>\n<li class=\"\" data-start=\"2158\" data-end=\"2192\">\n<p class=\"\" data-start=\"2160\" data-end=\"2192\"><strong data-start=\"2160\" data-end=\"2185\">K\u00e4ytt\u00f6j\u00e4nnite 12V\/24V<\/strong>: 12V<\/p>\n<\/li>\n<li class=\"\" data-start=\"2193\" data-end=\"2220\">\n<p class=\"\" data-start=\"2195\" data-end=\"2220\"><strong data-start=\"2195\" data-end=\"2214\">Kaksinkertainen kierrekotelo<\/strong>: Kyll\u00e4<\/p>\n<\/li>\n<li class=\"\" data-start=\"2221\" data-end=\"2248\">\n<p class=\"\" data-start=\"2223\" data-end=\"2248\"><strong data-start=\"2223\" data-end=\"2241\">EPD-varmennettu<\/strong>: Ei<\/p>\n<\/li>\n<li class=\"\" data-start=\"2249\" data-end=\"2267\">\n<p class=\"\" data-start=\"2251\" data-end=\"2267\"><strong data-start=\"2251\" data-end=\"2260\">HYV\u00c4 TIETO<\/strong>: Ei<\/p>\n<\/li>\n<li class=\"\" data-start=\"2268\" data-end=\"2302\">\n<p class=\"\" data-start=\"2270\" data-end=\"2302\"><strong data-start=\"2270\" data-end=\"2291\">V\u00e4ri\/pintak\u00e4sittely<\/strong>: Ruostumaton ter\u00e4s<\/p>\n<\/li>\n<li class=\"\" data-start=\"2303\" data-end=\"2331\">\n<p class=\"\" data-start=\"2305\" data-end=\"2331\"><strong data-start=\"2305\" data-end=\"2321\">Korotettu tuote<\/strong>: 230mm<\/p>\n<\/li>\n<li class=\"\" data-start=\"2332\" data-end=\"2355\">\n<p class=\"\" data-start=\"2334\" data-end=\"2355\"><strong data-start=\"2334\" data-end=\"2349\">M\u00e4nn\u00e4n liitin<\/strong>: Kyll\u00e4<\/p>\n<\/li>\n<li class=\"\" data-start=\"2356\" data-end=\"2387\">\n<p class=\"\" data-start=\"2358\" data-end=\"2387\"><strong data-start=\"2358\" data-end=\"2377\">Oikea\/taakse<\/strong>: K\u00e4\u00e4nteinen<\/p>\n<\/li>\n<li class=\"\" data-start=\"2388\" data-end=\"2414\">\n<p class=\"\" data-start=\"2390\" data-end=\"2414\"><strong data-start=\"2390\" data-end=\"2408\">J\u00e4nnite AC\/DC<\/strong>: DC<\/p>\n<\/li>\n<li class=\"\" data-start=\"2415\" data-end=\"2443\">\n<p class=\"\" data-start=\"2417\" data-end=\"2443\"><strong data-start=\"2417\" data-end=\"2433\">J\u00e4nnite max<\/strong>: 27,6V<\/p>\n<\/li>\n<li class=\"\" data-start=\"2444\" data-end=\"2472\">\n<p class=\"\" data-start=\"2446\" data-end=\"2472\"><strong data-start=\"2446\" data-end=\"2462\">J\u00e4nnite min<\/strong>: 21,6V<\/p>\n<\/li>\n<li class=\"\" data-start=\"2473\" data-end=\"2499\">\n<p class=\"\" data-start=\"2475\" data-end=\"2499\"><strong data-start=\"2475\" data-end=\"2493\">SundaHouse arvioitu<\/strong>: Kyll\u00e4<\/p>\n<\/li>\n<\/ul>","protected":false},"excerpt":{"rendered":"<p>S\u00e4hk\u00f6isku ES22 V vasemmalle ripustetuille oville on s\u00e4hk\u00f6isku kaksinkertaisella nivelell\u00e4, palonkest\u00e4vyys jopa 120 minuuttia.<\/p>","protected":false},"featured_media":141536,"template":"","meta":{"_acf_changed":false},"product_brand":[],"product_cat":[3355],"product_tag":[4487,4488,4866,4489],"class_list":{"0":"post-141537","1":"product","2":"type-product","3":"status-publish","4":"has-post-thumbnail","6":"product_cat-elslutbleck","7":"product_tag-rel-sa","8":"product_tag-rel-safetron-elslutbleck","9":"product_tag-safetron-20","10":"product_tag-safetron-elslutbleck-es22","11":"product_shipping_class-tunga-paket","12":"pa_brands-7safetron","13":"tm-no-options","15":"first","16":"instock","17":"featured","18":"taxable","19":"shipping-taxable","20":"purchasable","21":"product-type-simple"},"acf":[],"_links":{"self":[{"href":"https:\/\/secureus.se\/fi\/wp-json\/wp\/v2\/product\/141537","targetHints":{"allow":["GET"]}}],"collection":[{"href":"https:\/\/secureus.se\/fi\/wp-json\/wp\/v2\/product"}],"about":[{"href":"https:\/\/secureus.se\/fi\/wp-json\/wp\/v2\/types\/product"}],"wp:featuredmedia":[{"embeddable":true,"href":"https:\/\/secureus.se\/fi\/wp-json\/wp\/v2\/media\/141536"}],"wp:attachment":[{"href":"https:\/\/secureus.se\/fi\/wp-json\/wp\/v2\/media?parent=141537"}],"wp:term":[{"taxonomy":"product_brand","embeddable":true,"href":"https:\/\/secureus.se\/fi\/wp-json\/wp\/v2\/product_brand?post=141537"},{"taxonomy":"product_cat","embeddable":true,"href":"https:\/\/secureus.se\/fi\/wp-json\/wp\/v2\/product_cat?post=141537"},{"taxonomy":"product_tag","embeddable":true,"href":"https:\/\/secureus.se\/fi\/wp-json\/wp\/v2\/product_tag?post=141537"}],"curies":[{"name":"wp","href":"https:\/\/api.w.org\/{rel}","templated":true}]}}