{"id":141915,"date":"2022-07-04T11:25:34","date_gmt":"2022-07-04T09:25:34","guid":{"rendered":"https:\/\/secureus.se\/monteringsstolpe-sa50h-12\/"},"modified":"2026-01-12T13:16:13","modified_gmt":"2026-01-12T12:16:13","slug":"monteringsstolpe-sa50h-12","status":"publish","type":"product","link":"https:\/\/secureus.se\/fi\/monteringsstolpe-sa50h-12\/","title":{"rendered":"Safetron Asennustolppa SA50H-12"},"content":{"rendered":"<p>Ruostumattomasta ter\u00e4ksest\u00e4 valmistettu litte\u00e4 asennustolppa SAFETRONin s\u00e4hk\u00f6isille p\u00e4\u00e4tylevyille vakiosarjassa: ES17 \/ ES19. Mukautettu puu- ja metallirungoille, k\u00e4ytet\u00e4\u00e4n yhdess\u00e4 kaksois- tai yksipudotuslukkojen kanssa, jotka ovat tyyppi\u00e4 connect\/evolution tai module. <\/p>\n<p>\u2022 Oikeanpuoleisille oville<br \/>\n<br \/>\n\u2022 Vastaava turvap\u00e4\u00e4tylevymoduuli 1887-1<br \/>\n<br \/>\n\u2022 Vastaa ST 4030H\/V-12:ta<br \/>\n<br \/>\n\u2022 Kielekkeen koko: 12 mm<br \/>\n<br \/>\n\u2022 Mitat: (kxl) 200\u00d740 mm<\/p>","protected":false},"excerpt":{"rendered":"<p>Litte\u00e4 ruostumattomasta ter\u00e4ksest\u00e4 valmistettu kiinnitystolppa SAFETRON-s\u00e4hk\u00f6isille vastaraudoille vakiosarjassa ES17 \/ ES19. Soveltuu puu- ja metallikehyksiin, k\u00e4ytet\u00e4\u00e4n yhdess\u00e4 connect\/evolution- tai moduulityyppisten kaksi- tai yksipulttisten lukkojen kanssa. \u2022<\/p>","protected":false},"featured_media":141914,"template":"","meta":{"_acf_changed":false},"product_brand":[],"product_cat":[4735],"product_tag":[4440,4866],"class_list":{"0":"post-141915","1":"product","2":"type-product","3":"status-publish","4":"has-post-thumbnail","6":"product_cat-monteringsstolpe","7":"product_tag-safetron-montagestolpar-es17-es19-sa-modell","8":"product_tag-safetron-20","9":"product_shipping_class-tunga-paket","10":"pa_brands-7safetron","11":"tm-no-options","13":"first","14":"instock","15":"featured","16":"taxable","17":"shipping-taxable","18":"purchasable","19":"product-type-simple"},"acf":[],"_links":{"self":[{"href":"https:\/\/secureus.se\/fi\/wp-json\/wp\/v2\/product\/141915","targetHints":{"allow":["GET"]}}],"collection":[{"href":"https:\/\/secureus.se\/fi\/wp-json\/wp\/v2\/product"}],"about":[{"href":"https:\/\/secureus.se\/fi\/wp-json\/wp\/v2\/types\/product"}],"wp:featuredmedia":[{"embeddable":true,"href":"https:\/\/secureus.se\/fi\/wp-json\/wp\/v2\/media\/141914"}],"wp:attachment":[{"href":"https:\/\/secureus.se\/fi\/wp-json\/wp\/v2\/media?parent=141915"}],"wp:term":[{"taxonomy":"product_brand","embeddable":true,"href":"https:\/\/secureus.se\/fi\/wp-json\/wp\/v2\/product_brand?post=141915"},{"taxonomy":"product_cat","embeddable":true,"href":"https:\/\/secureus.se\/fi\/wp-json\/wp\/v2\/product_cat?post=141915"},{"taxonomy":"product_tag","embeddable":true,"href":"https:\/\/secureus.se\/fi\/wp-json\/wp\/v2\/product_tag?post=141915"}],"curies":[{"name":"wp","href":"https:\/\/api.w.org\/{rel}","templated":true}]}}