{"id":141929,"date":"2022-07-04T10:08:52","date_gmt":"2022-07-04T08:08:52","guid":{"rendered":"https:\/\/secureus.se\/slutbleck-107-8\/"},"modified":"2026-01-12T13:23:18","modified_gmt":"2026-01-12T12:23:18","slug":"slutbleck-107-8","status":"publish","type":"product","link":"https:\/\/secureus.se\/fi\/slutbleck-107-8\/","title":{"rendered":"P\u00e4\u00e4tylevy 107-8"},"content":{"rendered":"<h1>P\u00e4\u00e4tylevy 107-8<\/h1>\n<p class=\"\" data-start=\"223\" data-end=\"715\">Iskulevy 107-8 on vino iskulevy, joka on suunniteltu k\u00e4ytett\u00e4v\u00e4ksi puu-, alumiini- tai ter\u00e4srungoissa.<\/p>\n<p class=\"\" data-start=\"223\" data-end=\"715\">Siin\u00e4 on s\u00e4\u00e4dett\u00e4v\u00e4 magneetti ja se on valmistettu kest\u00e4v\u00e4st\u00e4 ruostumattomasta ter\u00e4ksest\u00e4.<\/p>\n<p class=\"\" data-start=\"223\" data-end=\"715\">Se on yhteensopiva s\u00e4hk\u00f6isten iskulevyjen syvennysten kanssa, joissa on asennustolppa SA30-15 \/ ST4002-15, mik\u00e4 mahdollistaa s\u00e4hk\u00f6isten painikelukkojen tai moottorilukkojen k\u00e4yt\u00f6n perinteisten ratkaisujen sijaan.<\/p>\n<p class=\"\" data-start=\"223\" data-end=\"715\">Iskulevy 107-8 sopii t\u00e4ydellisesti k\u00e4ytett\u00e4v\u00e4ksi SAFETRON-tuotteiden SL620, SL630, 6500 ja 6600 kanssa.<\/p>\n<p class=\"\" data-start=\"717\" data-end=\"734\"><strong data-start=\"717\" data-end=\"731\">Ominaisuudet<\/strong>:<\/p>\n<ul data-start=\"735\" data-end=\"1097\">\n<li class=\"\" data-start=\"735\" data-end=\"781\">\n<p class=\"\" data-start=\"737\" data-end=\"781\">Sopii puu-, alumiini- tai ter\u00e4srungoille<\/p>\n<\/li>\n<li class=\"\" data-start=\"782\" data-end=\"808\">\n<p class=\"\" data-start=\"784\" data-end=\"808\">Mukana s\u00e4\u00e4dett\u00e4v\u00e4 magneetti<\/p>\n<\/li>\n<li class=\"\" data-start=\"809\" data-end=\"833\">\n<p class=\"\" data-start=\"811\" data-end=\"833\">Kulmarakenne<\/p>\n<\/li>\n<li class=\"\" data-start=\"834\" data-end=\"885\">\n<p class=\"\" data-start=\"836\" data-end=\"885\">Valmistettu ruostumattomasta ter\u00e4ksest\u00e4 pitk\u00e4n k\u00e4ytt\u00f6i\u00e4n takaamiseksi<\/p>\n<\/li>\n<li class=\"\" data-start=\"886\" data-end=\"975\">\n<p class=\"\" data-start=\"888\" data-end=\"975\">Voidaan k\u00e4ytt\u00e4\u00e4 syvennyksiss\u00e4, jotka on valmistettu s\u00e4hk\u00f6isille iskulevyille, joissa on asennustolppa SA30-15 \/ ST4002-15<\/p>\n<\/li>\n<li class=\"\" data-start=\"976\" data-end=\"1097\">\n<p class=\"\" data-start=\"978\" data-end=\"1015\">Yhteensopiva seuraavien tuotteiden kanssa:<\/p>\n<ul data-start=\"1018\" data-end=\"1097\">\n<li class=\"\" data-start=\"1018\" data-end=\"1036\">\n<p class=\"\" data-start=\"1020\" data-end=\"1036\">SAFETRON SL620<\/p>\n<\/li>\n<li class=\"\" data-start=\"1039\" data-end=\"1057\">\n<p class=\"\" data-start=\"1041\" data-end=\"1057\">SAFETRON SL630<\/p>\n<\/li>\n<li class=\"\" data-start=\"1060\" data-end=\"1077\">\n<p class=\"\" data-start=\"1062\" data-end=\"1077\">SAFETRON 6500<\/p>\n<\/li>\n<li class=\"\" data-start=\"1080\" data-end=\"1097\">\n<p class=\"\" data-start=\"1082\" data-end=\"1097\">SAFETRON 6600<\/p>\n<\/li>\n<\/ul>\n<\/li>\n<li>\n<p class=\"\" data-start=\"1099\" data-end=\"1118\"><strong data-start=\"1099\" data-end=\"1115\">Tekniset tiedot<\/strong>:<\/p>\n<ul data-start=\"1119\" data-end=\"1294\">\n<li class=\"\" data-start=\"1119\" data-end=\"1151\">\n<p class=\"\" data-start=\"1121\" data-end=\"1151\"><strong data-start=\"1121\" data-end=\"1133\">Materiaali<\/strong>: Ruostumaton ter\u00e4s<\/p>\n<\/li>\n<li class=\"\" data-start=\"1152\" data-end=\"1177\">\n<p class=\"\" data-start=\"1154\" data-end=\"1177\"><strong data-start=\"1154\" data-end=\"1164\">Magneetti<\/strong>: S\u00e4\u00e4dett\u00e4v\u00e4<\/p>\n<\/li>\n<li class=\"\" data-start=\"1178\" data-end=\"1235\">\n<p class=\"\" data-start=\"1180\" data-end=\"1235\"><strong data-start=\"1180\" data-end=\"1198\">Yhteensopiva kanssa<\/strong>: SA30-15 \/ ST4002-15 kiinnitystolppa<\/p>\n<\/li>\n<li class=\"\" data-start=\"1236\" data-end=\"1294\">\n<p class=\"\" data-start=\"1238\" data-end=\"1294\"><strong data-start=\"1238\" data-end=\"1259\">K\u00e4ytt\u00f6alue<\/strong>: Puu-, alumiini- tai ter\u00e4srungot<\/p>\n<\/li>\n<\/ul>\n<\/li>\n<\/ul>","protected":false},"excerpt":{"rendered":"<p>Kulmikas vastalevy puu-, alumiini- tai ter\u00e4srungoille. Mukana s\u00e4\u00e4dett\u00e4v\u00e4 magneetti, valmistettu ruostumattomasta ter\u00e4ksest\u00e4.<\/p>","protected":false},"featured_media":141928,"template":"","meta":{"_acf_changed":false},"product_brand":[],"product_cat":[3355],"product_tag":[4504,4866,4505,4452],"class_list":{"0":"post-141929","1":"product","2":"type-product","3":"status-publish","4":"has-post-thumbnail","6":"product_cat-elslutbleck","7":"product_tag-ellas-tillbehor-slutbleck","8":"product_tag-safetron-20","9":"product_tag-safetron-tillbehor-600-serien","10":"product_tag-safetron-tillbehor-motorlas-6000-serien","11":"product_shipping_class-tunga-paket","12":"pa_brands-7safetron","13":"tm-no-options","15":"first","16":"instock","17":"featured","18":"taxable","19":"shipping-taxable","20":"purchasable","21":"product-type-simple"},"acf":[],"_links":{"self":[{"href":"https:\/\/secureus.se\/fi\/wp-json\/wp\/v2\/product\/141929","targetHints":{"allow":["GET"]}}],"collection":[{"href":"https:\/\/secureus.se\/fi\/wp-json\/wp\/v2\/product"}],"about":[{"href":"https:\/\/secureus.se\/fi\/wp-json\/wp\/v2\/types\/product"}],"wp:featuredmedia":[{"embeddable":true,"href":"https:\/\/secureus.se\/fi\/wp-json\/wp\/v2\/media\/141928"}],"wp:attachment":[{"href":"https:\/\/secureus.se\/fi\/wp-json\/wp\/v2\/media?parent=141929"}],"wp:term":[{"taxonomy":"product_brand","embeddable":true,"href":"https:\/\/secureus.se\/fi\/wp-json\/wp\/v2\/product_brand?post=141929"},{"taxonomy":"product_cat","embeddable":true,"href":"https:\/\/secureus.se\/fi\/wp-json\/wp\/v2\/product_cat?post=141929"},{"taxonomy":"product_tag","embeddable":true,"href":"https:\/\/secureus.se\/fi\/wp-json\/wp\/v2\/product_tag?post=141929"}],"curies":[{"name":"wp","href":"https:\/\/api.w.org\/{rel}","templated":true}]}}