{"id":141939,"date":"2022-07-04T11:09:39","date_gmt":"2022-07-04T09:09:39","guid":{"rendered":"https:\/\/secureus.se\/slutbleck-106-4\/"},"modified":"2026-01-12T13:16:57","modified_gmt":"2026-01-12T12:16:57","slug":"slutbleck-106-4","status":"publish","type":"product","link":"https:\/\/secureus.se\/fi\/slutbleck-106-4\/","title":{"rendered":"P\u00e4\u00e4tylevy 106-4"},"content":{"rendered":"<h1>P\u00e4\u00e4tylevy 106-4<\/h1>\n<p class=\"\" data-start=\"232\" data-end=\"607\">Iskulevy 106-4 on suunniteltu k\u00e4ytett\u00e4v\u00e4ksi Safetronin TwoCom 6000 -sarjan moottorilukkojen kanssa.<\/p>\n<p class=\"\" data-start=\"232\" data-end=\"607\">Valmistettu korkealaatuisesta ruostumattomasta ter\u00e4ksest\u00e4, joka on s\u00e4hk\u00f6kiillotettu, mik\u00e4 takaa pitk\u00e4n kest\u00e4vyyden ja korkean korroosionkest\u00e4vyyden. Mukana magneetti tehokkaan lukituksen varmistamiseksi.<\/p>\n<p class=\"\" data-start=\"232\" data-end=\"607\">T\u00e4m\u00e4 vastalevy on luotettava lis\u00e4varuste oven turvalliseen lukitsemiseen erilaisissa ymp\u00e4rist\u00f6iss\u00e4.<\/p>\n<p class=\"\" data-start=\"609\" data-end=\"626\"><strong data-start=\"609\" data-end=\"623\">Ominaisuudet<\/strong>:<\/p>\n<ul data-start=\"627\" data-end=\"829\">\n<li class=\"\" data-start=\"627\" data-end=\"679\">\n<p class=\"\" data-start=\"629\" data-end=\"679\">Sopii Safetronin TwoCom 6000 -sarjan moottorilukkoon<\/p>\n<\/li>\n<li class=\"\" data-start=\"680\" data-end=\"746\">\n<p class=\"\" data-start=\"682\" data-end=\"746\">Valmistettu s\u00e4hk\u00f6kiillotetusta ruostumattomasta ter\u00e4ksest\u00e4 kest\u00e4vyyden lis\u00e4\u00e4miseksi<\/p>\n<\/li>\n<li class=\"\" data-start=\"747\" data-end=\"781\">\n<p class=\"\" data-start=\"749\" data-end=\"781\">Mukana magneetti varmaa lukitusta varten<\/p>\n<\/li>\n<li class=\"\" data-start=\"782\" data-end=\"807\">\n<p class=\"\" data-start=\"784\" data-end=\"807\">Mitat (kxl): 200\u00d740 mm<\/p>\n<\/li>\n<li class=\"\" data-start=\"808\" data-end=\"829\">\n<p class=\"\" data-start=\"810\" data-end=\"829\">Kielekkeen koko: 20,5 mm<\/p>\n<\/li>\n<\/ul>\n<p class=\"\" data-start=\"831\" data-end=\"850\"><strong data-start=\"831\" data-end=\"847\">Tekniset tiedot<\/strong>:<\/p>\n<ul data-start=\"851\" data-end=\"979\">\n<li class=\"\" data-start=\"851\" data-end=\"880\">\n<p class=\"\" data-start=\"853\" data-end=\"880\"><strong data-start=\"853\" data-end=\"867\">Mitat (kxl)<\/strong>Mitat: 200 \u00d7 40 mm<\/p>\n<\/li>\n<li class=\"\" data-start=\"881\" data-end=\"906\">\n<p class=\"\" data-start=\"883\" data-end=\"906\"><strong data-start=\"883\" data-end=\"895\">Kielen mitta<\/strong>: 20,5mm<\/p>\n<\/li>\n<li class=\"\" data-start=\"907\" data-end=\"954\">\n<p class=\"\" data-start=\"909\" data-end=\"954\"><strong data-start=\"909\" data-end=\"921\">Materiaali<\/strong>: S\u00e4hk\u00f6kiillotettu ruostumaton ter\u00e4s<\/p>\n<\/li>\n<li class=\"\" data-start=\"955\" data-end=\"979\">\n<p class=\"\" data-start=\"957\" data-end=\"979\"><strong data-start=\"957\" data-end=\"973\">Mukana magneetti<\/strong>: Kyll\u00e4<\/p>\n<\/li>\n<\/ul>","protected":false},"excerpt":{"rendered":"<p>Vastalevy 106-4 Safetronin TwoCom 6000 -sarjan moottorilukolle. Valmistettu s\u00e4hk\u00f6kiillotetusta ruostumattomasta ter\u00e4ksest\u00e4, magneetti mukana.<\/p>","protected":false},"featured_media":141938,"template":"","meta":{"_acf_changed":false},"product_brand":[],"product_cat":[3355],"product_tag":[4504,4866,4503],"class_list":{"0":"post-141939","1":"product","2":"type-product","3":"status-publish","4":"has-post-thumbnail","6":"product_cat-elslutbleck","7":"product_tag-ellas-tillbehor-slutbleck","8":"product_tag-safetron-20","9":"product_tag-safetron-tillbehor-motorlas-5000-serien","10":"product_shipping_class-tunga-paket","11":"pa_brands-7safetron","12":"tm-has-options","14":"first","15":"instock","16":"featured","17":"taxable","18":"shipping-taxable","19":"purchasable","20":"product-type-simple"},"acf":[],"_links":{"self":[{"href":"https:\/\/secureus.se\/fi\/wp-json\/wp\/v2\/product\/141939","targetHints":{"allow":["GET"]}}],"collection":[{"href":"https:\/\/secureus.se\/fi\/wp-json\/wp\/v2\/product"}],"about":[{"href":"https:\/\/secureus.se\/fi\/wp-json\/wp\/v2\/types\/product"}],"wp:featuredmedia":[{"embeddable":true,"href":"https:\/\/secureus.se\/fi\/wp-json\/wp\/v2\/media\/141938"}],"wp:attachment":[{"href":"https:\/\/secureus.se\/fi\/wp-json\/wp\/v2\/media?parent=141939"}],"wp:term":[{"taxonomy":"product_brand","embeddable":true,"href":"https:\/\/secureus.se\/fi\/wp-json\/wp\/v2\/product_brand?post=141939"},{"taxonomy":"product_cat","embeddable":true,"href":"https:\/\/secureus.se\/fi\/wp-json\/wp\/v2\/product_cat?post=141939"},{"taxonomy":"product_tag","embeddable":true,"href":"https:\/\/secureus.se\/fi\/wp-json\/wp\/v2\/product_tag?post=141939"}],"curies":[{"name":"wp","href":"https:\/\/api.w.org\/{rel}","templated":true}]}}