{"id":142333,"date":"2022-06-29T12:46:56","date_gmt":"2022-06-29T10:46:56","guid":{"rendered":"https:\/\/secureus.se\/ir-detektor-60m-ve735\/"},"modified":"2026-04-08T16:51:50","modified_gmt":"2026-04-08T14:51:50","slug":"ir-detektor-60m-ve735","status":"publish","type":"product","link":"https:\/\/secureus.se\/fi\/ir-detektor-60m-ve735\/","title":{"rendered":"IR Detector Ve735 \u2013 20 metrin kulma tai 60 metrin s\u00e4de"},"content":{"rendered":"<h1>IR Detector Ve735 \u2013 20 metrin kulma tai 60 metrin s\u00e4de<\/h1>\n<p data-start=\"339\" data-end=\"1577\">VE735-infrapunatunnistin on edistynyt liiketunnistin, joka tarjoaa 20 metrin toimintakulman tai 60 metrin pitk\u00e4n kantaman.<\/p>\n<p data-start=\"339\" data-end=\"1577\">Patentoidulla pyroelementill\u00e4 ja DSP-algoritmeilla varustettu VE735 tarjoaa moniulotteisen signaalikuvan, joka ei ainoastaan tunnista l\u00e4mm\u00f6nl\u00e4hteen l\u00e4sn\u00e4oloa, vaan my\u00f6s m\u00e4\u00e4ritt\u00e4\u00e4 sen suunnan.<\/p>\n<p data-start=\"339\" data-end=\"1577\">T\u00e4m\u00e4 ainutlaatuinen muotoilu tarjoaa merkitt\u00e4v\u00e4n parannuksen PIR-tunnistustekniikkaan.<br data-start=\"761\" data-end=\"764\" \/>VE735:n tunnistus perustuu pyroelementin moniulotteiseen signaaliin, jonka avulla se pystyy erottamaan erityyppiset l\u00e4mm\u00f6nl\u00e4hteet, mukaan lukien staattiset l\u00e4hteet, jotka eiv\u00e4t aiheuta h\u00e4lytyksi\u00e4.<\/p>\n<p data-start=\"339\" data-end=\"1577\">DSP-algoritmien ansiosta VE735 pystyy suodattamaan staattisista l\u00e4mp\u00f6l\u00e4hteist\u00e4 tulevat signaalit ja h\u00e4lytt\u00e4m\u00e4\u00e4n vain liikemalleista, jotka viittaavat mahdolliseen tunkeilijaan.<\/p>\n<p data-start=\"339\" data-end=\"1577\">T\u00e4m\u00e4 tarkoittaa korkeaa turvallisuutta ja tarkkaa havaitsemista ilman v\u00e4\u00e4ri\u00e4 h\u00e4lytyksi\u00e4.<br data-start=\"1191\" data-end=\"1194\" \/>Havaitsemisen parantamiseksi entisest\u00e4\u00e4n VE735 k\u00e4ytt\u00e4\u00e4 High Density Optics (HDO) -peilitekniikkaa. HDO tarjoaa enemm\u00e4n ja leve\u00e4mpi\u00e4 verhoja ilman, ett\u00e4 peilin kokoa tarvitsee suurentaa.<\/p>\n<p data-start=\"339\" data-end=\"1577\">90 asteen peilin ja 11 verhon ansiosta se voi luoda tehokkaan ja kattavan suojan.<\/p>\n<p data-start=\"339\" data-end=\"1577\">T\u00e4m\u00e4 tekee VE735:st\u00e4 optimaalisen ratkaisun sek\u00e4 kulma- ett\u00e4 pitk\u00e4n s\u00e4teen sovelluksissa korkean turvallisuuden varmistamiseksi.<\/p>\n<p data-start=\"1579\" data-end=\"1609\"><strong data-start=\"1579\" data-end=\"1607\">Ominaisuudet ja edut:<\/strong><\/p>\n<ul data-start=\"1610\" data-end=\"2079\">\n<li data-start=\"1610\" data-end=\"1693\">\n<p data-start=\"1612\" data-end=\"1693\">20 metrin kulma tai 60 metrin pituinen s\u00e4de joustavaa asennusta varten<\/p>\n<\/li>\n<li data-start=\"1694\" data-end=\"1770\">\n<p data-start=\"1696\" data-end=\"1770\">Patentoitu pyroelementti moniulotteiseen havaitsemiseen ja tarkkaan t\u00e4ht\u00e4ykseen<\/p>\n<\/li>\n<li data-start=\"1771\" data-end=\"1852\">\n<p data-start=\"1773\" data-end=\"1852\">DSP-algoritmit suodattavat pois staattisten l\u00e4mp\u00f6l\u00e4hteiden aiheuttamat h\u00e4iri\u00f6t<\/p>\n<\/li>\n<li data-start=\"1853\" data-end=\"1937\">\n<p data-start=\"1855\" data-end=\"1937\">Korkea turvallisuus, jossa suodatetaan vain liikeradat mahdollisilta tunkeilijoilta<\/p>\n<\/li>\n<li data-start=\"1938\" data-end=\"2009\">\n<p data-start=\"1940\" data-end=\"2009\">HDO-peilioptiikka useampiin ja leve\u00e4mpiin verhoihin ilman peilin koon kasvattamista<\/p>\n<\/li>\n<li data-start=\"2010\" data-end=\"2079\">\n<p data-start=\"2012\" data-end=\"2079\">90 asteen peili ja 11 verhoa tehokkaaseen ja tarkkaan havaitsemiseen<\/p>\n<\/li>\n<\/ul>\n<p data-start=\"2081\" data-end=\"2112\"><strong data-start=\"2081\" data-end=\"2110\">Tekniset tiedot:<\/strong><\/p>\n<ul data-start=\"2113\" data-end=\"2416\">\n<li data-start=\"2113\" data-end=\"2171\">\n<p data-start=\"2115\" data-end=\"2171\">Peittoalue: 20 metrin kulma tai 60 metri\u00e4 pitk\u00e4 s\u00e4de<\/p>\n<\/li>\n<li data-start=\"2172\" data-end=\"2214\">\n<p data-start=\"2174\" data-end=\"2214\">Kattavuus: 90 astetta 11 verholla<\/p>\n<\/li>\n<li data-start=\"2215\" data-end=\"2272\">\n<p data-start=\"2217\" data-end=\"2272\">Teknologia: Patentoitu pyroelementti ja DSP-ilmaisu<\/p>\n<\/li>\n<li data-start=\"2273\" data-end=\"2313\">\n<p data-start=\"2275\" data-end=\"2313\">HDO-peilioptiikka maksimaalisen peiton saavuttamiseksi<\/p>\n<\/li>\n<li data-start=\"2314\" data-end=\"2346\">\n<p data-start=\"2316\" data-end=\"2346\">Sp\u00e4nningsmatning: 9 &#8211; 15 VDC<\/p>\n<\/li>\n<li data-start=\"2347\" data-end=\"2374\">\n<p data-start=\"2349\" data-end=\"2374\">Virrankulutus: 10 mA<\/p>\n<\/li>\n<li data-start=\"2375\" data-end=\"2416\">\n<p data-start=\"2377\" data-end=\"2416\">Mitat: PIR-ilmaisimien vakiomitat<\/p>\n<\/li>\n<\/ul>","protected":false},"excerpt":{"rendered":"<p>PIR-ilmaisin, jonka kantama on 20 metri\u00e4 tai pitk\u00e4 kantama 60 metri\u00e4.<\/p>\n<p>Patentoidut pyroelementti- ja DSP-algoritmit moniulotteiseen havaitsemiseen ja korkeaan turvallisuuteen.<\/p>","protected":false},"featured_media":142331,"template":"","meta":{"_acf_changed":false},"product_brand":[],"product_cat":[1325],"product_tag":[2145,2465],"class_list":{"0":"post-142333","1":"product","2":"type-product","3":"status-publish","4":"has-post-thumbnail","6":"product_cat-larmgivare-skalskydd","7":"product_tag-rorelsedetektor-ir-detektorer","8":"product_tag-sbsc-larmklass2","9":"product_shipping_class-tunga-paket","10":"pa_brands-aritech","11":"tm-no-options","13":"first","14":"instock","15":"sale","16":"taxable","17":"shipping-taxable","18":"purchasable","19":"product-type-simple"},"acf":[],"_links":{"self":[{"href":"https:\/\/secureus.se\/fi\/wp-json\/wp\/v2\/product\/142333","targetHints":{"allow":["GET"]}}],"collection":[{"href":"https:\/\/secureus.se\/fi\/wp-json\/wp\/v2\/product"}],"about":[{"href":"https:\/\/secureus.se\/fi\/wp-json\/wp\/v2\/types\/product"}],"wp:featuredmedia":[{"embeddable":true,"href":"https:\/\/secureus.se\/fi\/wp-json\/wp\/v2\/media\/142331"}],"wp:attachment":[{"href":"https:\/\/secureus.se\/fi\/wp-json\/wp\/v2\/media?parent=142333"}],"wp:term":[{"taxonomy":"product_brand","embeddable":true,"href":"https:\/\/secureus.se\/fi\/wp-json\/wp\/v2\/product_brand?post=142333"},{"taxonomy":"product_cat","embeddable":true,"href":"https:\/\/secureus.se\/fi\/wp-json\/wp\/v2\/product_cat?post=142333"},{"taxonomy":"product_tag","embeddable":true,"href":"https:\/\/secureus.se\/fi\/wp-json\/wp\/v2\/product_tag?post=142333"}],"curies":[{"name":"wp","href":"https:\/\/api.w.org\/{rel}","templated":true}]}}