{"id":142353,"date":"2022-07-04T10:37:12","date_gmt":"2022-07-04T08:37:12","guid":{"rendered":"https:\/\/secureus.se\/monteringsstolpe-sa45\/"},"modified":"2026-01-12T13:15:22","modified_gmt":"2026-01-12T12:15:22","slug":"monteringsstolpe-sa45","status":"publish","type":"product","link":"https:\/\/secureus.se\/fi\/monteringsstolpe-sa45\/","title":{"rendered":"Safetron Asennustolppa SA45"},"content":{"rendered":"<p>Ruostumattomasta ter\u00e4ksest\u00e4 valmistettu litte\u00e4 asennustolppa SAFETRONin s\u00e4hk\u00f6isille p\u00e4\u00e4tylevyille vakiosarjassa: ES17 \/ ES19. Mukautettu SCH\u00dcCO-profiilij\u00e4rjestelm\u00e4\u00e4n ADS 50.NI, k\u00e4ytet\u00e4\u00e4n yhdess\u00e4 kaksois- tai yksipudotuslukkojen kanssa, jotka ovat tyyppi\u00e4 connect\/evolution tai module.<\/p>\n<p>\u2022 Mukautettu SCH\u00dcCO ADS 50.NI:lle<br \/>\n<br \/>\n\u2022 Vastaa ST 4040:t\u00e4<br \/>\n<br \/>\n\u2022 Kielekkeen koko: 8 mm<br \/>\n<br \/>\n\u2022 Mitat: (kxl) 245\u00d734,3 mm<\/p>","protected":false},"excerpt":{"rendered":"<p>Ruostumattomasta ter\u00e4ksest\u00e4 valmistettu litte\u00e4 asennustolppa SAFETRONin s\u00e4hk\u00f6isille p\u00e4\u00e4tylevyille vakiosarjassa: ES17 \/ ES19. Mukautettu SCH\u00dcCO-profiilij\u00e4rjestelm\u00e4\u00e4n ADS 50.NI, k\u00e4ytet\u00e4\u00e4n yhdess\u00e4 kaksois- tai yksipudotuslukkojen kanssa, jotka ovat tyyppi\u00e4 connect\/evolution tai module.<\/p>","protected":false},"featured_media":142352,"template":"","meta":{"_acf_changed":false},"product_brand":[],"product_cat":[4735],"product_tag":[4440,4866],"class_list":{"0":"post-142353","1":"product","2":"type-product","3":"status-publish","4":"has-post-thumbnail","6":"product_cat-monteringsstolpe","7":"product_tag-safetron-montagestolpar-es17-es19-sa-modell","8":"product_tag-safetron-20","9":"product_shipping_class-tunga-paket","10":"pa_brands-7safetron","11":"tm-has-options","13":"first","14":"instock","15":"featured","16":"taxable","17":"shipping-taxable","18":"purchasable","19":"product-type-simple"},"acf":[],"_links":{"self":[{"href":"https:\/\/secureus.se\/fi\/wp-json\/wp\/v2\/product\/142353","targetHints":{"allow":["GET"]}}],"collection":[{"href":"https:\/\/secureus.se\/fi\/wp-json\/wp\/v2\/product"}],"about":[{"href":"https:\/\/secureus.se\/fi\/wp-json\/wp\/v2\/types\/product"}],"wp:featuredmedia":[{"embeddable":true,"href":"https:\/\/secureus.se\/fi\/wp-json\/wp\/v2\/media\/142352"}],"wp:attachment":[{"href":"https:\/\/secureus.se\/fi\/wp-json\/wp\/v2\/media?parent=142353"}],"wp:term":[{"taxonomy":"product_brand","embeddable":true,"href":"https:\/\/secureus.se\/fi\/wp-json\/wp\/v2\/product_brand?post=142353"},{"taxonomy":"product_cat","embeddable":true,"href":"https:\/\/secureus.se\/fi\/wp-json\/wp\/v2\/product_cat?post=142353"},{"taxonomy":"product_tag","embeddable":true,"href":"https:\/\/secureus.se\/fi\/wp-json\/wp\/v2\/product_tag?post=142353"}],"curies":[{"name":"wp","href":"https:\/\/api.w.org\/{rel}","templated":true}]}}