{"id":142542,"date":"2022-06-29T12:46:31","date_gmt":"2022-06-29T10:46:31","guid":{"rendered":"https:\/\/secureus.se\/ir-detektor-tak-ir261\/"},"modified":"2026-04-08T16:52:42","modified_gmt":"2026-04-08T14:52:42","slug":"ir-detektor-tak-ir261","status":"publish","type":"product","link":"https:\/\/secureus.se\/fi\/ir-detektor-tak-ir261\/","title":{"rendered":"IR-ilmaisin katto IR261 \u2013 360 astetta 4,2-18,2 metri\u00e4 asennuskorkeudesta riippuen"},"content":{"rendered":"<h1>IR-ilmaisin katto IR261 \u2013 360 astetta 4,2-18,2 metri\u00e4 asennuskorkeudesta riippuen<\/h1>\n<p data-start=\"316\" data-end=\"1255\">IR-kattoilmaisin IR261 on luotettava ja helppo asentaa ilmaisin, jonka 360 asteen peittoalue on suunniteltu tarjoamaan tarkkaa tunnistustoimintoa suurissa huoneissa, avotoimistoissa, v\u00e4hitt\u00e4ismyyntitiloissa, k\u00e4yt\u00e4vien risteyksiss\u00e4 ja varastoissa.<\/p>\n<p data-start=\"316\" data-end=\"1255\">IR261:n kantama on jopa 18,2 metri\u00e4 asennuskorkeudesta riippuen, joten se tarjoaa joustavuutta erilaisten ymp\u00e4rist\u00f6jen tarpeisiin.<br data-start=\"708\" data-end=\"711\" \/>Siin\u00e4 on nelj\u00e4 herkkyyss\u00e4\u00e4t\u00f6tasoa ja k\u00e4velytestin LED-merkkivalo, joten ilmaisimen mukauttaminen tiettyihin asennusvaatimuksiin on helppoa.<\/p>\n<p data-start=\"316\" data-end=\"1255\">IR261:n virrankulutus on 25 mA (35 mA h\u00e4lytyksen sattuessa) ja j\u00e4nnitesy\u00f6tt\u00f6 10,5\u201318 V DC.<br data-start=\"976\" data-end=\"979\" \/>Turvallisuuden lis\u00e4\u00e4miseksi se on varustettu sabotaasil\u00e4hd\u00f6ll\u00e4 (NC \/ 30 V DC, 50 mA).<\/p>\n<p data-start=\"316\" data-end=\"1255\">Se on my\u00f6s hyv\u00e4ksytty k\u00e4ytett\u00e4v\u00e4ksi l\u00e4mp\u00f6tila-alueella -15 \u00b0C - +55 \u00b0C ja sen kotelointiluokka on IP41 standardin IEC529 mukaisesti, joten se on riitt\u00e4v\u00e4n kest\u00e4v\u00e4 k\u00e4ytett\u00e4v\u00e4ksi monissa eri ymp\u00e4rist\u00f6iss\u00e4.<\/p>\n<p data-start=\"1257\" data-end=\"1287\"><strong data-start=\"1257\" data-end=\"1285\">Ominaisuudet ja edut:<\/strong><\/p>\n<ul data-start=\"1288\" data-end=\"1728\">\n<li data-start=\"1288\" data-end=\"1336\">\n<p data-start=\"1290\" data-end=\"1336\">360 asteen valvonta kattavan kattavuuden takaamiseksi<\/p>\n<\/li>\n<li data-start=\"1337\" data-end=\"1399\">\n<p data-start=\"1339\" data-end=\"1399\">Kantama jopa 18,2 metri\u00e4 asennuskorkeudesta riippuen<\/p>\n<\/li>\n<li data-start=\"1400\" data-end=\"1465\">\n<p data-start=\"1402\" data-end=\"1465\">Sopii suuriin huoneisiin, avokonttoreihin ja varastoihin<\/p>\n<\/li>\n<li data-start=\"1466\" data-end=\"1532\">\n<p data-start=\"1468\" data-end=\"1532\">Nelj\u00e4 herkkyysasetusta mukautettavaa tunnistusta varten<\/p>\n<\/li>\n<li data-start=\"1533\" data-end=\"1587\">\n<p data-start=\"1535\" data-end=\"1587\">LED-merkkivalo k\u00e4velytesti\u00e4 ja nopeaa asennusta varten<\/p>\n<\/li>\n<li data-start=\"1588\" data-end=\"1647\">\n<p data-start=\"1590\" data-end=\"1647\">Kansisuojausulostulo (NC \/ 30 V DC, 50 mA) lis\u00e4turvallisuutta varten<\/p>\n<\/li>\n<li data-start=\"1648\" data-end=\"1685\">\n<p data-start=\"1650\" data-end=\"1685\">L\u00e4mp\u00f6tilankesto: -15 \u00b0C - +55 \u00b0C<\/p>\n<\/li>\n<li data-start=\"1686\" data-end=\"1728\">\n<p data-start=\"1688\" data-end=\"1728\">IP41-suojausluokka takaa kest\u00e4v\u00e4n suorituskyvyn<\/p>\n<\/li>\n<\/ul>\n<p data-start=\"1730\" data-end=\"1761\"><strong data-start=\"1730\" data-end=\"1759\">Tekniset tiedot:<\/strong><\/p>\n<ul data-start=\"1762\" data-end=\"2153\">\n<li data-start=\"1762\" data-end=\"1827\">\n<p data-start=\"1764\" data-end=\"1827\">Kantama: Halkaisija 18,2 metri\u00e4 (asennuskorkeudesta riippuen)<\/p>\n<\/li>\n<li data-start=\"1828\" data-end=\"1864\">\n<p data-start=\"1830\" data-end=\"1864\">Virtal\u00e4hde: 10,5\u201318 V DC<\/p>\n<\/li>\n<li data-start=\"1865\" data-end=\"1909\">\n<p data-start=\"1867\" data-end=\"1909\">Virrankulutus: 25 mA (35 mA h\u00e4lytyksess\u00e4)<\/p>\n<\/li>\n<li data-start=\"1910\" data-end=\"1962\">\n<p data-start=\"1912\" data-end=\"1962\">H\u00e4lytysl\u00e4ht\u00f6: Kansisuojausl\u00e4ht\u00f6 (NC \/ 30 V DC, 50 mA)<\/p>\n<\/li>\n<li data-start=\"1963\" data-end=\"1990\">\n<p data-start=\"1965\" data-end=\"1990\">K\u00e4velytesti-ilmaisin: LED<\/p>\n<\/li>\n<li data-start=\"1991\" data-end=\"2027\">\n<p data-start=\"1993\" data-end=\"2027\">Herkkyysasetus: 4 tasoa<\/p>\n<\/li>\n<li data-start=\"2028\" data-end=\"2066\">\n<p data-start=\"2030\" data-end=\"2066\">K\u00e4ytt\u00f6l\u00e4mp\u00f6tila: -15 \u00b0C - +55 \u00b0C<\/p>\n<\/li>\n<li data-start=\"2067\" data-end=\"2100\">\n<p data-start=\"2069\" data-end=\"2100\">Kotelointiluokka (IEC529): IP41<\/p>\n<\/li>\n<li data-start=\"2101\" data-end=\"2153\">\n<p data-start=\"2103\" data-end=\"2153\">Mitat: Kattoon asennettavien PIR-ilmaisimien vakiomitat<\/p>\n<\/li>\n<\/ul>","protected":false},"excerpt":{"rendered":"<p>IR-ilmaisin, jonka peittoalue on 360 astetta ja kantama jopa 18,2 metri\u00e4.<\/p>\n<p>Joustava asennus suuriin huoneisiin, toimistotiloihin ja varastoihin.<\/p>","protected":false},"featured_media":142541,"template":"","meta":{"_acf_changed":false},"product_brand":[],"product_cat":[1325],"product_tag":[2145],"class_list":{"0":"post-142542","1":"product","2":"type-product","3":"status-publish","4":"has-post-thumbnail","6":"product_cat-larmgivare-skalskydd","7":"product_tag-rorelsedetektor-ir-detektorer","8":"product_shipping_class-tunga-paket","9":"pa_brands-6vanderbilt","10":"tm-no-options","12":"first","13":"instock","14":"sale","15":"taxable","16":"shipping-taxable","17":"purchasable","18":"product-type-simple"},"acf":[],"_links":{"self":[{"href":"https:\/\/secureus.se\/fi\/wp-json\/wp\/v2\/product\/142542","targetHints":{"allow":["GET"]}}],"collection":[{"href":"https:\/\/secureus.se\/fi\/wp-json\/wp\/v2\/product"}],"about":[{"href":"https:\/\/secureus.se\/fi\/wp-json\/wp\/v2\/types\/product"}],"wp:featuredmedia":[{"embeddable":true,"href":"https:\/\/secureus.se\/fi\/wp-json\/wp\/v2\/media\/142541"}],"wp:attachment":[{"href":"https:\/\/secureus.se\/fi\/wp-json\/wp\/v2\/media?parent=142542"}],"wp:term":[{"taxonomy":"product_brand","embeddable":true,"href":"https:\/\/secureus.se\/fi\/wp-json\/wp\/v2\/product_brand?post=142542"},{"taxonomy":"product_cat","embeddable":true,"href":"https:\/\/secureus.se\/fi\/wp-json\/wp\/v2\/product_cat?post=142542"},{"taxonomy":"product_tag","embeddable":true,"href":"https:\/\/secureus.se\/fi\/wp-json\/wp\/v2\/product_tag?post=142542"}],"curies":[{"name":"wp","href":"https:\/\/api.w.org\/{rel}","templated":true}]}}