{"id":142723,"date":"2022-07-04T10:43:24","date_gmt":"2022-07-04T08:43:24","guid":{"rendered":"https:\/\/secureus.se\/monteringsstolpe-sa51v\/"},"modified":"2026-01-12T13:10:07","modified_gmt":"2026-01-12T12:10:07","slug":"monteringsstolpe-sa51v","status":"publish","type":"product","link":"https:\/\/secureus.se\/fi\/monteringsstolpe-sa51v\/","title":{"rendered":"Safetron Asennustolppa SA51V"},"content":{"rendered":"<p>Ruostumattomasta ter\u00e4ksest\u00e4 valmistettu kulmikas asennustolppa SAFETRON-s\u00e4hk\u00f6p\u00e4\u00e4tylevyille vakiosarjassa: ES17 \/ ES19. Mukautettu puu- ja metallirungoille, k\u00e4ytet\u00e4\u00e4n yhdess\u00e4 kaksois- tai yksipudotuslukkojen kanssa, jotka ovat tyyppi\u00e4 connect\/evolution tai module. <\/p>\n<p>\u2022 Vasen saranoituihin oviin<br \/>\n<br \/>\n\u2022 Vastaava turvap\u00e4\u00e4tylevymoduuli 1887-1<br \/>\n<br \/>\n\u2022 Vastaa ST 4006H\/V:t\u00e4<br \/>\n<br \/>\n\u2022 Kielekkeen koko: 12 mm<br \/>\n<br \/>\n\u2022 Mitat: (kxl) 200x40x15 mm<\/p>","protected":false},"excerpt":{"rendered":"<p>Kulmainen ruostumattomasta ter\u00e4ksest\u00e4 valmistettu kiinnitystolppa SAFETRON-s\u00e4hk\u00f6isille vastaraudoille vakiosarjassa ES17 \/ ES19. Soveltuu puu- ja metallikehyksiin, k\u00e4ytet\u00e4\u00e4n yhdess\u00e4 connect\/evolution- tai moduulityyppisten kaksi- tai yksipulttisten lukkojen kanssa. \u2022<\/p>","protected":false},"featured_media":142722,"template":"","meta":{"_acf_changed":false},"product_brand":[],"product_cat":[4735],"product_tag":[4440,4866],"class_list":{"0":"post-142723","1":"product","2":"type-product","3":"status-publish","4":"has-post-thumbnail","6":"product_cat-monteringsstolpe","7":"product_tag-safetron-montagestolpar-es17-es19-sa-modell","8":"product_tag-safetron-20","9":"product_shipping_class-tunga-paket","10":"pa_brands-7safetron","11":"tm-has-options","13":"first","14":"instock","15":"sale","16":"featured","17":"taxable","18":"shipping-taxable","19":"purchasable","20":"product-type-simple"},"acf":[],"_links":{"self":[{"href":"https:\/\/secureus.se\/fi\/wp-json\/wp\/v2\/product\/142723","targetHints":{"allow":["GET"]}}],"collection":[{"href":"https:\/\/secureus.se\/fi\/wp-json\/wp\/v2\/product"}],"about":[{"href":"https:\/\/secureus.se\/fi\/wp-json\/wp\/v2\/types\/product"}],"wp:featuredmedia":[{"embeddable":true,"href":"https:\/\/secureus.se\/fi\/wp-json\/wp\/v2\/media\/142722"}],"wp:attachment":[{"href":"https:\/\/secureus.se\/fi\/wp-json\/wp\/v2\/media?parent=142723"}],"wp:term":[{"taxonomy":"product_brand","embeddable":true,"href":"https:\/\/secureus.se\/fi\/wp-json\/wp\/v2\/product_brand?post=142723"},{"taxonomy":"product_cat","embeddable":true,"href":"https:\/\/secureus.se\/fi\/wp-json\/wp\/v2\/product_cat?post=142723"},{"taxonomy":"product_tag","embeddable":true,"href":"https:\/\/secureus.se\/fi\/wp-json\/wp\/v2\/product_tag?post=142723"}],"curies":[{"name":"wp","href":"https:\/\/api.w.org\/{rel}","templated":true}]}}