{"id":143873,"date":"2022-06-28T12:49:24","date_gmt":"2022-06-28T10:49:24","guid":{"rendered":"https:\/\/secureus.se\/magnetkontakt-mc-340-s32-10\/"},"modified":"2026-04-23T11:34:05","modified_gmt":"2026-04-23T09:34:05","slug":"magnetkontakt-mc-340-s32-10","status":"publish","type":"product","link":"https:\/\/secureus.se\/fi\/magnetkontakt-mc-340-s32-10\/","title":{"rendered":"Magneettinen kosketin Mc 340-S32-10"},"content":{"rendered":"<p>Magneettinen kosketin NC-toiminnolla t\u00e4ydellisen\u00e4 sarjana, joka sis\u00e4lt\u00e4\u00e4 muovisovittimen MC 300-S32 eritt\u00e4in vahvalla magneetilla asennettavaksi oviin ja ikkunoihin magneettiseen materiaaliin tai pidemm\u00e4lle ty\u00f6skentelyet\u00e4isyydelle asennettaessa ei-magneettiseen materiaaliin. Adapterissa on snap-in-toiminto ja se on sovitettu kahdelle eri materiaalipaksuudelle: 1 mm ja 1,5 mm. Sek\u00e4 kosketin- ett\u00e4 magneettiosa ovat vedenpit\u00e4v\u00e4ss\u00e4 (IP 67) valkoisessa muovikotelossa. Poralle, jonka halkaisija on 19 mm.<\/p>","protected":false},"excerpt":{"rendered":"<p>Magneettinen kosketin MC340-S32-10<\/p>","protected":false},"featured_media":143871,"template":"","meta":{"_acf_changed":false},"product_brand":[],"product_cat":[3086],"product_tag":[2465],"class_list":{"0":"post-143873","1":"product","2":"type-product","3":"status-publish","4":"has-post-thumbnail","6":"product_cat-magnetkontakter","7":"product_tag-sbsc-larmklass2","8":"product_shipping_class-postnord-varubrev","9":"pa_brands-alarmtech","10":"pa_farg-vit","11":"tm-no-options","13":"first","14":"instock","15":"sale","16":"taxable","17":"shipping-taxable","18":"purchasable","19":"product-type-simple"},"acf":[],"_links":{"self":[{"href":"https:\/\/secureus.se\/fi\/wp-json\/wp\/v2\/product\/143873","targetHints":{"allow":["GET"]}}],"collection":[{"href":"https:\/\/secureus.se\/fi\/wp-json\/wp\/v2\/product"}],"about":[{"href":"https:\/\/secureus.se\/fi\/wp-json\/wp\/v2\/types\/product"}],"wp:featuredmedia":[{"embeddable":true,"href":"https:\/\/secureus.se\/fi\/wp-json\/wp\/v2\/media\/143871"}],"wp:attachment":[{"href":"https:\/\/secureus.se\/fi\/wp-json\/wp\/v2\/media?parent=143873"}],"wp:term":[{"taxonomy":"product_brand","embeddable":true,"href":"https:\/\/secureus.se\/fi\/wp-json\/wp\/v2\/product_brand?post=143873"},{"taxonomy":"product_cat","embeddable":true,"href":"https:\/\/secureus.se\/fi\/wp-json\/wp\/v2\/product_cat?post=143873"},{"taxonomy":"product_tag","embeddable":true,"href":"https:\/\/secureus.se\/fi\/wp-json\/wp\/v2\/product_tag?post=143873"}],"curies":[{"name":"wp","href":"https:\/\/api.w.org\/{rel}","templated":true}]}}