{"id":145145,"date":"2022-03-10T15:47:00","date_gmt":"2022-03-10T14:47:00","guid":{"rendered":"https:\/\/secureus.se\/vibrationsdetektor-cd400-alarmtech\/"},"modified":"2025-12-31T19:43:46","modified_gmt":"2025-12-31T18:43:46","slug":"vibrationsdetektor-cd400-alarmtech","status":"publish","type":"product","link":"https:\/\/secureus.se\/fi\/vibrationsdetektor-cd400-alarmtech\/","title":{"rendered":"T\u00e4rin\u00e4tunnistin CD400 Alarmtech"},"content":{"rendered":"<p>Iskuntunnistin CD 400 tarjoaa luotettavan suojan pehme\u00e4mmist\u00e4 materiaaleista valmistettuja ikkunoita, ovia ja seini\u00e4 vastaan murtautuvia ty\u00f6kaluja vastaan. Siin\u00e4 on digitaalinen signaalink\u00e4sittely edistyneell\u00e4 tunnistusalgoritmilla. T\u00e4m\u00e4 tarkoittaa, ett\u00e4 ilmaisimella on korkea tunnistuskyky ja korkea sietokyky ymp\u00e4rist\u00f6n h\u00e4iri\u00f6it\u00e4 vastaan. Ilmaisimen CD 400 herkkyys on helposti s\u00e4\u00e4dett\u00e4viss\u00e4 potentiometrill\u00e4.<\/p>\n<p>Kontaktitiedot 100 mA max, 50 V max, Rs 30 Ohm<\/p>\n<p>PeukalointisuojaKyll\u00e4 Liit\u00e4nt\u00e4 Ruuviliitin Kotelo ABS-muovia V\u00e4ri Valkoinen<\/p>\n<p>K\u00e4ytt\u00f6l\u00e4mp\u00f6tila -10 - +70\u00b0C<\/p>\n<p>Suojausluokka IP 42 Koko (PxLxK) mm91x31x23<\/p>\n<p>Paino kg0,051<\/p>\n<p>Lepotilan virrankulutus 9 mA Virrankulutus h\u00e4lytyksen aikana 11 mA<\/p>\n<p>H\u00e4lytysl\u00e4ht\u00f6 Rele, NC H\u00e4lytyksen merkkivalo<\/p>","protected":false},"excerpt":{"rendered":"<p>Ammattimarkkinoiden tuotteet - Alarmtech - Aina halpa hinta<\/p>","protected":false},"featured_media":145143,"template":"","meta":{"_acf_changed":false},"product_brand":[],"product_cat":[3085],"product_tag":[2418],"class_list":{"0":"post-145145","1":"product","2":"type-product","3":"status-publish","4":"has-post-thumbnail","6":"product_cat-vibationsdetektorer-glaskrossdetektorer","7":"product_tag-rel-larmgivare","8":"product_shipping_class-postnord-varubrev","9":"pa_brands-alarmtech","10":"tm-no-options","12":"first","13":"instock","14":"featured","15":"taxable","16":"shipping-taxable","17":"purchasable","18":"product-type-simple"},"acf":[],"_links":{"self":[{"href":"https:\/\/secureus.se\/fi\/wp-json\/wp\/v2\/product\/145145","targetHints":{"allow":["GET"]}}],"collection":[{"href":"https:\/\/secureus.se\/fi\/wp-json\/wp\/v2\/product"}],"about":[{"href":"https:\/\/secureus.se\/fi\/wp-json\/wp\/v2\/types\/product"}],"wp:featuredmedia":[{"embeddable":true,"href":"https:\/\/secureus.se\/fi\/wp-json\/wp\/v2\/media\/145143"}],"wp:attachment":[{"href":"https:\/\/secureus.se\/fi\/wp-json\/wp\/v2\/media?parent=145145"}],"wp:term":[{"taxonomy":"product_brand","embeddable":true,"href":"https:\/\/secureus.se\/fi\/wp-json\/wp\/v2\/product_brand?post=145145"},{"taxonomy":"product_cat","embeddable":true,"href":"https:\/\/secureus.se\/fi\/wp-json\/wp\/v2\/product_cat?post=145145"},{"taxonomy":"product_tag","embeddable":true,"href":"https:\/\/secureus.se\/fi\/wp-json\/wp\/v2\/product_tag?post=145145"}],"curies":[{"name":"wp","href":"https:\/\/api.w.org\/{rel}","templated":true}]}}