{"id":145566,"date":"2022-03-10T15:26:00","date_gmt":"2022-03-10T14:26:00","guid":{"rendered":"https:\/\/secureus.se\/stor-pase-170x230-aterforslutningsbarskrivfalt-25-pack\/"},"modified":"2025-12-31T19:37:09","modified_gmt":"2025-12-31T18:37:09","slug":"stor-pase-170x230-aterforslutningsbarskrivfalt-25-pack","status":"publish","type":"product","link":"https:\/\/secureus.se\/fi\/stor-pase-170x230-aterforslutningsbarskrivfalt-25-pack\/","title":{"rendered":"Iso laukku 25 kpl 170\u00d7230 uudelleensuljettava+kirjoitettava kentt\u00e4 ("},"content":{"rendered":"<div>\n<p>Vetoketjupussit ovat hyvi\u00e4, kun haluat helposti sulkea, avata ja sulkea pussin uudelleen.<\/p>\n<ul>\n<li>Vetoketjukassit on valmistettu ymp\u00e4rist\u00f6yst\u00e4v\u00e4llisest\u00e4 polyeteenist\u00e4 ja ne on varustettu vetoketjulla.<\/li>\n<li>Toimitetaan rei&#039;itetyll\u00e4 rei\u00e4ll\u00e4, 6 mm, sulkimen yl\u00e4puolella.<\/li>\n<li>Mukana kirjoituskentt\u00e4, johon voit t\u00e4ytt\u00e4\u00e4 mit\u00e4 sis\u00e4lt\u00e4\u00e4.<\/li>\n<li>Toimitetaan 25 pakkauksessa&nbsp;<\/li>\n<\/ul>\n<\/div>","protected":false},"excerpt":{"rendered":"<p>Blixl&aring;sp&aring;sar &auml;r bra n&auml;r du enkelt vill f&ouml;rsluta, &ouml;ppna och &aring;terf&ouml;rsluta en p&aring;se. Blixtl&aring;sp&aring;sarna &auml;r tillverkad av milj&ouml;v&auml;nlig polyeten och f&ouml;rsedda med blixtl&aring;s. Levereras med utstansat h&aring;l, 6 mm, &ouml;ver<\/p>","protected":false},"featured_media":145565,"template":"","meta":{"_acf_changed":false},"product_brand":[],"product_cat":[1692],"product_tag":[],"class_list":{"0":"post-145566","1":"product","2":"type-product","3":"status-publish","4":"has-post-thumbnail","6":"product_cat-kortklamma-montering","7":"product_shipping_class-postnord-varubrev","8":"pa_brands-stonehouse-security","9":"pa_rfid-tillbehor-clips-montering","10":"tm-no-options","12":"first","13":"instock","14":"featured","15":"taxable","16":"shipping-taxable","17":"purchasable","18":"product-type-simple"},"acf":[],"_links":{"self":[{"href":"https:\/\/secureus.se\/fi\/wp-json\/wp\/v2\/product\/145566","targetHints":{"allow":["GET"]}}],"collection":[{"href":"https:\/\/secureus.se\/fi\/wp-json\/wp\/v2\/product"}],"about":[{"href":"https:\/\/secureus.se\/fi\/wp-json\/wp\/v2\/types\/product"}],"wp:featuredmedia":[{"embeddable":true,"href":"https:\/\/secureus.se\/fi\/wp-json\/wp\/v2\/media\/145565"}],"wp:attachment":[{"href":"https:\/\/secureus.se\/fi\/wp-json\/wp\/v2\/media?parent=145566"}],"wp:term":[{"taxonomy":"product_brand","embeddable":true,"href":"https:\/\/secureus.se\/fi\/wp-json\/wp\/v2\/product_brand?post=145566"},{"taxonomy":"product_cat","embeddable":true,"href":"https:\/\/secureus.se\/fi\/wp-json\/wp\/v2\/product_cat?post=145566"},{"taxonomy":"product_tag","embeddable":true,"href":"https:\/\/secureus.se\/fi\/wp-json\/wp\/v2\/product_tag?post=145566"}],"curies":[{"name":"wp","href":"https:\/\/api.w.org\/{rel}","templated":true}]}}