{"id":145723,"date":"2024-12-09T13:08:43","date_gmt":"2024-12-09T12:08:43","guid":{"rendered":"https:\/\/secureus.se\/fargband-evolis-r5f208e100-ymcko-colour-ribbon-300-utskrifter\/"},"modified":"2026-05-06T09:49:25","modified_gmt":"2026-05-06T07:49:25","slug":"fargband-evolis-r5f208e100-ymcko-colour-ribbon-300-utskrifter","status":"publish","type":"product","link":"https:\/\/secureus.se\/fi\/fargband-evolis-r5f208e100-ymcko-colour-ribbon-300-utskrifter\/","title":{"rendered":"Evolis R5F208E100 YMCKO -v\u00e4rinauha (300 tulostetta)"},"content":{"rendered":"<h1>Nauha<br \/>\n  Evolis YMCKO \u2013 300<\/h1>\n<p>Evolis YMCKO \u2013 300 -v\u00e4rinauha on mustenauha tulostukseen<br \/>\n  Muovikortit, joissa on ter\u00e4v\u00e4t v\u00e4rit, selke\u00e4 teksti ja hyv\u00e4 yksityiskohtien toisto. Nauhatyyppinen<br \/>\n  YMCKO tarjoaa oikean yhdistelm\u00e4n v\u00e4ripaneeleja ja suojap\u00e4\u00e4llystett\u00e4<br \/>\n  ammattimainen korttien painatus.<\/p>\n<p>Sopii henkil\u00f6korteille, kulkukorteille, j\u00e4senkorteille ja muille<br \/>\n  muovikortteja, joissa vaaditaan korkeaa tulostuslaatua ja luotettavuutta<br \/>\n  t\u00e4rke\u00e4.<\/p>\n<ul>\n<li>Kapasiteetti: jopa 300 tulostetta<\/li>\n<li>Nauhan tyyppi: YMCKO<\/li>\n<li>Tuotenumero: R5F208E100<\/li>\n<\/ul>\n<p><strong>Yhteensopiva Evolis Primacy 2 -korttitulostimen kanssa<br \/>\n  vain.<\/strong><\/p>\n<p><strong>Tuotteen paino:<\/strong> 0,20 kg<\/p>","protected":false},"excerpt":{"rendered":"<p>F\u00e4rgband Evolis YMCKO &#8211; 300 F\u00e4rgband Evolis YMCKO &#8211; 300 \u00e4r ett f\u00e4rgband f\u00f6r utskrift av plastkort med skarpa f\u00e4rger, tydlig text och bra detalj\u00e5tergivning. Bandtypen YMCKO ger r\u00e4tt kombination<\/p>","protected":false},"featured_media":145722,"template":"","meta":{"_acf_changed":false},"product_brand":[],"product_cat":[3213,4859],"product_tag":[],"class_list":{"0":"post-145723","1":"product","2":"type-product","3":"status-publish","4":"has-post-thumbnail","6":"product_cat-evolis-fargband-retransfer","7":"product_cat-primacy-2","8":"pa_brands-evolis","9":"tm-has-options","11":"first","12":"instock","13":"sale","14":"taxable","15":"shipping-taxable","16":"purchasable","17":"product-type-simple"},"acf":[],"_links":{"self":[{"href":"https:\/\/secureus.se\/fi\/wp-json\/wp\/v2\/product\/145723","targetHints":{"allow":["GET"]}}],"collection":[{"href":"https:\/\/secureus.se\/fi\/wp-json\/wp\/v2\/product"}],"about":[{"href":"https:\/\/secureus.se\/fi\/wp-json\/wp\/v2\/types\/product"}],"wp:featuredmedia":[{"embeddable":true,"href":"https:\/\/secureus.se\/fi\/wp-json\/wp\/v2\/media\/145722"}],"wp:attachment":[{"href":"https:\/\/secureus.se\/fi\/wp-json\/wp\/v2\/media?parent=145723"}],"wp:term":[{"taxonomy":"product_brand","embeddable":true,"href":"https:\/\/secureus.se\/fi\/wp-json\/wp\/v2\/product_brand?post=145723"},{"taxonomy":"product_cat","embeddable":true,"href":"https:\/\/secureus.se\/fi\/wp-json\/wp\/v2\/product_cat?post=145723"},{"taxonomy":"product_tag","embeddable":true,"href":"https:\/\/secureus.se\/fi\/wp-json\/wp\/v2\/product_tag?post=145723"}],"curies":[{"name":"wp","href":"https:\/\/api.w.org\/{rel}","templated":true}]}}