{"id":145765,"date":"2024-12-10T12:09:33","date_gmt":"2024-12-10T11:09:33","guid":{"rendered":"https:\/\/secureus.se\/?post_type=product&#038;p=145765"},"modified":"2026-03-23T14:51:16","modified_gmt":"2026-03-23T13:51:16","slug":"ajax-larmpaket-start-ethernet","status":"publish","type":"product","link":"https:\/\/secureus.se\/fi\/ajax-larmpaket-start-ethernet\/","title":{"rendered":"Ajax Alarm -paketti K\u00e4ynnist\u00e4 Ethernet"},"content":{"rendered":"<p><strong>Ajax Alarm Package Start Ethernet \u2013 luotettava suoja kotiin ja yrityksille<\/strong><\/p>\n<p>Suojaa kotisi tai yrityksesi Ajax Alarm Package Start Ethernetill\u00e4, langattomalla h\u00e4lytysj\u00e4rjestelm\u00e4ll\u00e4, joka on suunniteltu antamaan sinulle mielenrauhaa ja joustavuutta. Ethernetin kautta yhdistett\u00e4v\u00e4ll\u00e4 keskusyksik\u00f6ll\u00e4 ja kehittyneill\u00e4 ilmaisimilla, joita voidaan laajentaa tarpeen mukaan, t\u00e4m\u00e4 paketti on ihanteellinen aloitus kaikille tietoturvaratkaisuille.<\/p>\n<hr \/>\n<h4><strong>Paketin sis\u00e4lt\u00f6:<\/strong><\/h4>\n<ol>\n<li><strong>Ajax Hub 2 -keskusyksikk\u00f6 (Ethernet + 2G)<\/strong>\n<ul>\n<li>Yhdist\u00e4 Ethernetin kautta nopeaa ja vakaata viestint\u00e4\u00e4 varten.<\/li>\n<li>Hallitse jopa 100 laitetta ja 50 k\u00e4ytt\u00e4j\u00e4\u00e4.<\/li>\n<li>Automaatioskenaariot, esim. Kytke valaistus p\u00e4\u00e4lle h\u00e4lytyksen sattuessa.<\/li>\n<\/ul>\n<\/li>\n<li><strong>1 kpl Liiketunnistin, jossa lemmikkikosketus<\/strong>\n<ul>\n<li>Havaitsee liikkeen reagoimatta jopa 20 kg painaviin lemmikkeihin.<\/li>\n<\/ul>\n<\/li>\n<li><strong>1 kpl Ovianturi\/magneettinen kosketin<\/strong>\n<ul>\n<li>Valvoo ovia ja ikkunoita tunkeutumisen havaitsemiseksi.<\/li>\n<\/ul>\n<\/li>\n<li><strong>1 kpl Sis\u00e4sireeni<\/strong>\n<ul>\n<li>Pelottaa ja auttaa pysym\u00e4\u00e4n raiteilla<\/li>\n<\/ul>\n<\/li>\n<li><strong>1 kpl Kaukos\u00e4\u00e4din<\/strong>\n<ul>\n<li>H\u00e4lyttimen sujuva ohjaus suoraan k\u00e4dest\u00e4si.<\/li>\n<\/ul>\n<\/li>\n<li><strong>3 kpl h\u00e4lytystarroja<\/strong>\n<ul>\n<li>Itsekiinnittyv\u00e4t tarrat tunkeilijoiden est\u00e4miseksi.<\/li>\n<\/ul>\n<\/li>\n<\/ol>\n<hr \/>\n<h4><strong>T\u00e4rkeimm\u00e4t ominaisuudet:<\/strong><\/h4>\n<ul>\n<li><strong>Joustava ohjaus:<\/strong> Hallitse j\u00e4rjestelm\u00e4\u00e4 Ajax-sovelluksen kautta mobiililaitteella tai tietokoneella.<\/li>\n<li><strong>Laajennettava ratkaisu:<\/strong> Lis\u00e4\u00e4 lis\u00e4\u00e4 laitteita, kuten palovaroittimia, sireenej\u00e4, kameroita tai vesivaroittimia.<\/li>\n<li><strong>Vakaa viestint\u00e4:<\/strong> Ethernet-yhteys ja varmuuskopiointi 2G-verkon kautta jatkuvaan k\u00e4ytt\u00f6\u00f6n.<\/li>\n<li><strong>Automaatio:<\/strong> Luo skenaarioita turvallisuuden ja mukavuuden optimoimiseksi.<\/li>\n<\/ul>\n<p><strong>Ilmaisimet ja anturit<\/strong><\/p>\n<ul>\n<li><strong>Liiketunnistin:<\/strong> Lemmikki immuuni 20 kg asti<\/li>\n<li><strong>Oven anturi:<\/strong> Valvoo ovia ja ikkunoita<\/li>\n<li><strong>H\u00e4lytystarrat:<\/strong> Turvallisuuden ja pelotteen lis\u00e4\u00e4miseksi<\/li>\n<\/ul>\n<hr \/>\n<h4><strong>Ajax Alarm Package Start Ethernetin edut:<\/strong><\/h4>\n<ol>\n<li><strong>K\u00e4ytt\u00e4j\u00e4yst\u00e4v\u00e4llinen:<\/strong> Helppo asennus ja ohjaus sovelluksen kautta.<\/li>\n<li><strong>Joustavuus:<\/strong> Laajenna j\u00e4rjestelm\u00e4\u00e4 lis\u00e4\u00e4m\u00e4ll\u00e4 Ajax-yksik\u00f6it\u00e4 tarvittaessa.<\/li>\n<li><strong>Turvallinen viestint\u00e4:<\/strong> Ensisijainen viestint\u00e4 Ethernetin kautta ja varmuuskopiointi 2G:ll\u00e4.<\/li>\n<li><strong>Edullinen:<\/strong> T\u00e4ydellinen ratkaisu, joka voi kasvaa tarpeidesi mukaan.<\/li>\n<\/ol>\n<hr \/>\n<p><strong>Suojaa kotisi tai yrityksesi Ajax Alarm Package Start Ethernetill\u00e4 \u2013 \u00e4lykk\u00e4\u00e4ll\u00e4 ja joustavalla tietoturvaratkaisulla!<\/strong><br \/>\nOta yhteytt\u00e4 saadaksesi lis\u00e4tietoja ja neuvoja.<\/p>","protected":false},"excerpt":{"rendered":"<p>Ajax Alarm Package Start Ethernet on t\u00e4ydellinen valinta niille, jotka etsiv\u00e4t luotettavaa ja joustavaa tietoturvaratkaisua. Paketti sis\u00e4lt\u00e4\u00e4 Hub 2:n Ethernet-liit\u00e4nn\u00e4ll\u00e4, liiketunnistimen, ovitunnistimen, kaukos\u00e4\u00e4timen ja h\u00e4lytystarrat \u2013 kaiken mit\u00e4 tarvitset aloittamiseen. Laajenna helposti lis\u00e4\u00e4 yksik\u00f6it\u00e4 Ajaxin laajasta valikoimasta tarvittaessa.<\/p>","protected":false},"featured_media":152074,"template":"","meta":{"_acf_changed":false},"product_brand":[],"product_cat":[1319,3166],"product_tag":[],"class_list":{"0":"post-145765","1":"product","2":"type-product","3":"status-publish","4":"has-post-thumbnail","6":"product_cat-ajax-larm","7":"product_cat-larmpaket","8":"pa_brands-ajax-systems","9":"tm-no-options","11":"first","12":"instock","13":"sale","14":"taxable","15":"shipping-taxable","16":"purchasable","17":"product-type-woosb"},"acf":[],"_links":{"self":[{"href":"https:\/\/secureus.se\/fi\/wp-json\/wp\/v2\/product\/145765","targetHints":{"allow":["GET"]}}],"collection":[{"href":"https:\/\/secureus.se\/fi\/wp-json\/wp\/v2\/product"}],"about":[{"href":"https:\/\/secureus.se\/fi\/wp-json\/wp\/v2\/types\/product"}],"wp:featuredmedia":[{"embeddable":true,"href":"https:\/\/secureus.se\/fi\/wp-json\/wp\/v2\/media\/152074"}],"wp:attachment":[{"href":"https:\/\/secureus.se\/fi\/wp-json\/wp\/v2\/media?parent=145765"}],"wp:term":[{"taxonomy":"product_brand","embeddable":true,"href":"https:\/\/secureus.se\/fi\/wp-json\/wp\/v2\/product_brand?post=145765"},{"taxonomy":"product_cat","embeddable":true,"href":"https:\/\/secureus.se\/fi\/wp-json\/wp\/v2\/product_cat?post=145765"},{"taxonomy":"product_tag","embeddable":true,"href":"https:\/\/secureus.se\/fi\/wp-json\/wp\/v2\/product_tag?post=145765"}],"curies":[{"name":"wp","href":"https:\/\/api.w.org\/{rel}","templated":true}]}}